{"id":2413,"date":"2025-10-15T13:52:47","date_gmt":"2025-10-15T11:52:47","guid":{"rendered":"https:\/\/mibooko.com\/privacy-statement-uk\/"},"modified":"2025-11-22T13:15:07","modified_gmt":"2025-11-22T12:15:07","slug":"privacy-statement-uk","status":"publish","type":"page","link":"https:\/\/mibooko.com\/de\/privacy-statement-uk\/","title":{"rendered":"Datenschutzerkl\u00e4rung (UK)"},"content":{"rendered":"<!-- Legal document generated by Complianz | GDPR\/CCPA Cookie Consent https:\/\/wordpress.org\/plugins\/complianz-gdpr -->\n<div id=\"cmplz-document\" class=\"cmplz-document privacy-statement cmplz-document-uk\"><p><i>This privacy statement was last updated on 2026-03-18 and applies to citizens and legal permanent residents of the United Kingdom.<\/i><br><br><\/p><p>In dieser Datenschutzerkl\u00e4rung erl\u00e4utern wir, was wir mit den Daten tun, die wir \u00fcber Sie erhalten durch <a href=\"https:\/\/mibooko.com\/de\/\">https:\/\/mibooko.com\/de\/<\/a>. Wir empfehlen Ihnen, diese Erkl\u00e4rung sorgf\u00e4ltig zu lesen. Bei der Datenverarbeitung halten wir uns an die Vorgaben der Datenschutzgesetze. Das bedeutet unter anderem Folgendes:<\/p><ul>\n                <li>Wir legen die Zwecke, zu denen wir personenbezogene Daten verarbeiten, klar dar. Dies tun wir mit dieser Datenschutzerkl\u00e4rung;<\/li>\n                <li>Wir sind bestrebt, die Erhebung personenbezogener Daten auf diejenigen personenbezogenen Daten zu beschr\u00e4nken, die f\u00fcr legitime Zwecke erforderlich sind;<\/li>\n                <li>Wir bitten Sie im Voraus um Ihre ausdr\u00fcckliche Einwilligung zur Verarbeitung Ihrer personenbezogenen Daten, sofern Ihre Einwilligung erforderlich ist.;<\/li>\n                <li>Wir ergreifen angemessene Sicherheitsma\u00dfnahmen zum Schutz Ihrer personenbezogenen Daten und fordern dies auch von Parteien, die personenbezogene Daten in unserem Auftrag verarbeiten.;<\/li>\n                <li>Wir respektieren Ihr Recht, auf Ihre personenbezogenen Daten zuzugreifen, diese zu berichtigen oder auf Ihren Wunsch hin l\u00f6schen zu lassen.<\/li>\n            <\/ul><p>Wenn Sie Fragen haben oder genau wissen m\u00f6chten, welche Daten wir \u00fcber Sie speichern, kontaktieren Sie uns bitte.<\/p><h2>1. Zweck, Daten und Aufbewahrungsfrist<\/h2>Wir k\u00f6nnen personenbezogene Daten f\u00fcr eine Reihe von Zwecken im Zusammenhang mit unserer Gesch\u00e4ftst\u00e4tigkeit sammeln oder erhalten, darunter die folgenden: (zum Vergr\u00f6\u00dfern anklicken)<details class=\"cmplz-dropdown dropdown-privacy-statement\"><summary><div><h3>1.1 Verkauf oder Weitergabe von Daten an Dritte<\/h3><\/div><\/summary><p class=\"cmplz-subtitle\">Zu diesem Zweck verwenden wir die folgenden Daten:<\/p><p><ul><li>Ein Vor- und Nachname<\/li><li>Eine E-Mail-Adresse<\/li><li>Geolokalisierungsdaten<\/li><\/ul><\/p><p class=\"cmplz-subtitle\">Die Grundlage, auf der wir diese Daten verarbeiten k\u00f6nnen, ist:<\/p><p class=\"cmplz-subtitle\">Bewahrungsfrist<\/p><p>Wir speichern diese Daten bei Beendigung des Dienstes f\u00fcr die folgenden Monate: 36<\/p><\/details><details class=\"cmplz-dropdown dropdown-privacy-statement\"><summary><div><h3>1.2 Lieferungen<\/h3><\/div><\/summary><p class=\"cmplz-subtitle\">Zu diesem Zweck verwenden wir die folgenden Daten:<\/p><p><ul><li>Ein Vor- und Nachname<\/li><li>Ein Zuhause oder andere physische Adresse, einschlie\u00dflich Stra\u00dfenname und Name der Stadt\/Ort<\/li><li>Eine E-Mail-Adresse<\/li><li>Eine Telefonnummer<\/li><\/ul><\/p><p class=\"cmplz-subtitle\">Die Grundlage, auf der wir diese Daten verarbeiten k\u00f6nnen, ist:<\/p><p class=\"cmplz-subtitle\">Bewahrungsfrist<\/p><p>Wir speichern diese Daten bei Beendigung des Dienstes f\u00fcr die folgenden Monate: 36<\/p><\/details><details class=\"cmplz-dropdown dropdown-privacy-statement\"><summary><div><h3>1.3 Erstellung und Analyse von Statistiken zur Verbesserung der Website.<\/h3><\/div><\/summary><p class=\"cmplz-subtitle\">Zu diesem Zweck verwenden wir die folgenden Daten:<\/p><p><ul><li>Geolokalisierungsdaten<\/li><li>IP-Adresse<\/li><li>Informationen \u00fcber Internetaktivit\u00e4ten, einschlie\u00dflich, aber nicht ausschlie\u00dflich, Browserverlauf, Suchverlauf und Informationen \u00fcber die Interaktionen des Kunden mit einer Internetseite, einem Programm oder einer Werbung<\/li><\/ul><\/p><p class=\"cmplz-subtitle\">Die Grundlage, auf der wir diese Daten verarbeiten k\u00f6nnen, ist:<\/p><p class=\"cmplz-subtitle\">Bewahrungsfrist<\/p><p>Wir speichern diese Daten bei Beendigung des Dienstes f\u00fcr die folgenden Monate: 36<\/p><\/details><details class=\"cmplz-dropdown dropdown-privacy-statement\"><summary><div><h3>1.4 Zur Unterst\u00fctzung von Dienstleistungen oder Produkten, die ein Kunde kaufen m\u00f6chte oder gekauft hat<\/h3><\/div><\/summary><p class=\"cmplz-subtitle\">Zu diesem Zweck verwenden wir die folgenden Daten:<\/p><p><ul><li>Ein Vor- und Nachname<\/li><li>Name oder Pseudonym des Kontos<\/li><li>Eine E-Mail-Adresse<\/li><li>IP-Adresse<\/li><li>Informationen \u00fcber Internetaktivit\u00e4ten, einschlie\u00dflich, aber nicht ausschlie\u00dflich, Browserverlauf, Suchverlauf und Informationen \u00fcber die Interaktionen des Kunden mit einer Internetseite, einem Programm oder einer Werbung<\/li><li>Geolokalisierungsdaten<\/li><\/ul><\/p><p class=\"cmplz-subtitle\">Die Grundlage, auf der wir diese Daten verarbeiten k\u00f6nnen, ist:<\/p><p class=\"cmplz-subtitle\">Bewahrungsfrist<\/p><p>Wir speichern diese Daten bei Beendigung des Dienstes f\u00fcr die folgenden Monate: 36<\/p><\/details><details class=\"cmplz-dropdown dropdown-privacy-statement\"><summary><div><h3>1,5<\/h3><\/div><\/summary><p class=\"cmplz-subtitle\">Zu diesem Zweck verwenden wir die folgenden Daten:<\/p><p><ul><li>Ein Vor- und Nachname<\/li><li>Eine E-Mail-Adresse<\/li><li>IP-Adresse<\/li><li>Name oder Pseudonym des Kontos<\/li><\/ul><\/p><p class=\"cmplz-subtitle\">Die Grundlage, auf der wir diese Daten verarbeiten k\u00f6nnen, ist:<\/p><p class=\"cmplz-subtitle\">Bewahrungsfrist<\/p><p>Wir speichern diese Daten bis zur Beendigung des Dienstes.<\/p><\/details><details class=\"cmplz-dropdown dropdown-privacy-statement\"><summary><div><h3>1.6 Kontakt \u2013 per Telefon, Post, E-Mail und\/oder Webformate<\/h3><\/div><\/summary><p class=\"cmplz-subtitle\">Zu diesem Zweck verwenden wir die folgenden Daten:<\/p><p><ul><li>Eine E-Mail-Adresse<\/li><li>Ein Vor- und Nachname<\/li><li>IP-Adresse<\/li><li>Geolokalisierungsdaten<\/li><li>Informationen \u00fcber Internetaktivit\u00e4ten, einschlie\u00dflich, aber nicht ausschlie\u00dflich, Browserverlauf, Suchverlauf und Informationen \u00fcber die Interaktionen des Kunden mit einer Internetseite, einem Programm oder einer Werbung<\/li><\/ul><\/p><p class=\"cmplz-subtitle\">Die Grundlage, auf der wir diese Daten verarbeiten k\u00f6nnen, ist:<\/p><p class=\"cmplz-subtitle\">Bewahrungsfrist<\/p><p>Wir speichern diese Daten bei Beendigung des Dienstes f\u00fcr die folgenden Monate: 36<\/p><\/details><details class=\"cmplz-dropdown dropdown-privacy-statement\"><summary><div><h3>1.7 Registrierung eines Kontos<\/h3><\/div><\/summary><p class=\"cmplz-subtitle\">Zu diesem Zweck verwenden wir die folgenden Daten:<\/p><p><ul><li>Ein Vor- und Nachname<\/li><li>Ein Zuhause oder andere physische Adresse, einschlie\u00dflich Stra\u00dfenname und Name der Stadt\/Ort<\/li><li>Eine E-Mail-Adresse<\/li><li>Eine Telefonnummer<\/li><li>IP-Adresse<\/li><li>Geolokalisierungsdaten<\/li><li>Name oder Pseudonym des Kontos<\/li><\/ul><\/p><p class=\"cmplz-subtitle\">Die Grundlage, auf der wir diese Daten verarbeiten k\u00f6nnen, ist:<\/p><p class=\"cmplz-subtitle\">Bewahrungsfrist<\/p><p>Wir speichern diese Daten bei Beendigung des Dienstes f\u00fcr die folgenden Monate: 36<\/p><\/details><h2>2. Weitergabe an Dritte<\/h2><p>Wir geben diese Daten nur zu folgenden Zwecken an Auftragsverarbeiter weiter:<\/p><p class=\"cmplz-subtitle\">Prozessoren<\/p><p><b>Name:<\/b>&nbsp;Stripe Payments Europe Ltd<br>\n                <b>Land:<\/b>&nbsp;Irland<br>\n                <b>Zweck:<\/b>&nbsp;Zahlungsabwicklung f\u00fcr Online-Bestellungen<br><\/p><h2>3. Cookies<\/h2><p>Unsere Website verwendet Cookies. Weitere Informationen zu Cookies finden Sie in unserer Cookie-Richtlinie. <a href=\"https:\/\/mibooko.com\/de\/cookie-policy-uk\/\">Cookie-Richtlinie<\/a>.&nbsp;<\/p><h2>4. Offenlegungspraktiken<\/h2><p><p>Wir geben personenbezogene Daten weiter, wenn wir gesetzlich oder durch eine gerichtliche Anordnung dazu verpflichtet sind, auf Anfrage einer Strafverfolgungsbeh\u00f6rde, soweit dies nach anderen gesetzlichen Bestimmungen zul\u00e4ssig ist, oder f\u00fcr eine Untersuchung in einer Angelegenheit, die die \u00f6ffentliche Sicherheit betrifft.<\/p><p>Im Falle einer \u00dcbernahme, eines Verkaufs oder einer Beteiligung an einer Fusion oder einem Unternehmenskauf unserer Website oder Organisation k\u00f6nnen Ihre Daten an unsere Berater und potenzielle K\u00e4ufer weitergegeben und an die neuen Eigent\u00fcmer \u00fcbermittelt werden.<\/p><\/p><p>Wir haben mit Google eine Vereinbarung zur Datenverarbeitung abgeschlossen.<\/p><p>Google darf die Daten nicht f\u00fcr andere Google-Dienste verwenden.<\/p><p>Die Angabe vollst\u00e4ndiger IP-Adressen ist von uns untersagt.<\/p><h2>5. Sicherheit<\/h2><p>Wir legen gro\u00dfen Wert auf die Sicherheit Ihrer personenbezogenen Daten. Wir ergreifen geeignete Sicherheitsma\u00dfnahmen, um Missbrauch und unbefugten Zugriff auf Ihre personenbezogenen Daten zu verhindern. Dadurch stellen wir sicher, dass nur die notwendigen Personen Zugriff auf Ihre Daten haben, dass dieser Zugriff gesch\u00fctzt ist und dass unsere Sicherheitsma\u00dfnahmen regelm\u00e4\u00dfig \u00fcberpr\u00fcft werden.<\/p><h2>6. Websites von Drittanbietern<\/h2><p>Diese Datenschutzerkl\u00e4rung gilt nicht f\u00fcr Websites Dritter, die \u00fcber Links auf unserer Website erreichbar sind. Wir k\u00f6nnen nicht garantieren, dass diese Dritten Ihre personenbezogenen Daten zuverl\u00e4ssig und sicher verarbeiten. Wir empfehlen Ihnen, die Datenschutzerkl\u00e4rungen dieser Websites zu lesen, bevor Sie diese nutzen.<\/p><h2>7. \u00c4nderungen dieser Datenschutzerkl\u00e4rung<\/h2><p>Wir behalten uns das Recht vor, diese Datenschutzerkl\u00e4rung zu \u00e4ndern. Wir empfehlen Ihnen, diese Datenschutzerkl\u00e4rung regelm\u00e4\u00dfig einzusehen, um \u00fcber etwaige \u00c4nderungen informiert zu sein. Dar\u00fcber hinaus werden wir Sie, soweit m\u00f6glich, aktiv informieren.<\/p><h2>8. Zugriff auf und \u00c4nderung Ihrer Daten<\/h2><p>Wenn Sie Fragen haben oder wissen m\u00f6chten, welche personenbezogenen Daten wir \u00fcber Sie gespeichert haben, kontaktieren Sie uns bitte. Sie erreichen uns \u00fcber die unten stehenden Kontaktdaten. Sie haben folgende Rechte:<\/p><ul>\n                <li>Sie haben das Recht zu erfahren, warum Ihre personenbezogenen Daten ben\u00f6tigt werden, was mit ihnen geschieht und wie lange sie aufbewahrt werden.<\/li>\n                <li>Auskunftsrecht: Sie haben das Recht, Auskunft \u00fcber Ihre uns bekannten personenbezogenen Daten zu erhalten.<\/li>\n                <li>Recht auf Berichtigung: Sie haben das Recht, Ihre personenbezogenen Daten jederzeit zu erg\u00e4nzen, zu berichtigen, l\u00f6schen oder sperren zu lassen.<\/li>\n                <li>Wenn Sie uns Ihre Einwilligung zur Verarbeitung Ihrer Daten erteilen, haben Sie das Recht, diese Einwilligung zu widerrufen und Ihre personenbezogenen Daten l\u00f6schen zu lassen.<\/li>\n                <li>Recht auf Daten\u00fcbertragbarkeit: Sie haben das Recht, alle Ihre personenbezogenen Daten vom Verantwortlichen anzufordern und diese vollst\u00e4ndig an einen anderen Verantwortlichen zu \u00fcbertragen.<\/li>\n                <li>Widerspruchsrecht: Sie k\u00f6nnen der Verarbeitung Ihrer Daten widersprechen. Wir respektieren diesen Widerspruch, es sei denn, es liegen berechtigte Gr\u00fcnde f\u00fcr die Verarbeitung vor.<\/li>\n            <\/ul><p>Bitte geben Sie stets klar an, wer Sie sind, damit wir sicherstellen k\u00f6nnen, dass wir keine Daten der falschen Person \u00e4ndern oder l\u00f6schen.<\/p><h2>9. Einreichen einer Beschwerde<\/h2><p>Wenn Sie mit der Art und Weise, wie wir Ihre Beschwerde bez\u00fcglich der Verarbeitung Ihrer personenbezogenen Daten bearbeiten, nicht zufrieden sind, haben Sie das Recht, eine Beschwerde beim Information Commissioner&#039;s Office einzureichen:<\/p><p><br>Wycliffe House<br>\n                        Wasserstra\u00dfe<br>\n                        Wilmslow<br>\n                        Cheshire<br>\n                        SK9 5AF<\/p><h2>10. Kinder<\/h2><p>Unsere Website richtet sich nicht an Kinder, und es ist nicht unsere Absicht, personenbezogene Daten von Kindern unter dem in ihrem Wohnsitzland geltenden Einwilligungsalter zu erheben. Wir bitten daher Kinder unter dem Einwilligungsalter, uns keine personenbezogenen Daten zu \u00fcbermitteln.<\/p><h2>11. Kontaktdaten<\/h2><p>Mibooko Sp. z oo.<br>\n        Zolnierzy I AWP 8, 81-380 Gdynia<br>\n        Polen<br>\n        Webseite: <a href=\"https:\/\/mibooko.com\/de\/\">https:\/\/mibooko.com\/de\/<\/a> <br>\n        E-Mail: <span class=\"cmplz-obfuscate\">privacy@<span class=\"cmplz-fmail-domain\">ex.com<\/span>mibooko.com<\/span> <br>\n        Telefonnummer: +48660977702<\/p><h2>12. Datenanfragen<\/h2><p>F\u00fcr die am h\u00e4ufigsten gestellten Anfragen bieten wir Ihnen auch die M\u00f6glichkeit, unser Datenanforderungsformular zu verwenden.<br>\t\t\t<div class=\"cmplz-datarequest cmplz-alert\">\n\t\t\t\t<span class=\"cmplz-close\">\u00d7<\/span>\n\t\t\t\t<span id=\"cmplz-message\"><\/span>\n\t\t\t<\/div>\n\t\t\t<form id=\"cmplz-datarequest-form\" action=\"\">\n\t\t\t\t<input type=\"hidden\" required value=\"uk\" name=\"cmplz_datarequest_region\" id=\"cmplz_datarequest_region\">\n\n\t\t\t\t<label for=\"cmplz_datarequest_firstname\" class=\"cmplz-first-name\">Name\t\t\t\t\t<input type=\"search\" class=\"datarequest-firstname\" value=\"\" placeholder=\"Vorname\" id=\"cmplz_datarequest_firstname\" name=\"cmplz_datarequest_firstname\">\n\t\t\t\t<\/label>\n\t\t\t\t<div>\n\t\t\t\t\t<label for=\"cmplz_datarequest_name\">Name<\/label>\n\t\t\t\t\t<input type=\"text\" required value=\"\" placeholder=\"Dein Name\" id=\"cmplz_datarequest_name\" name=\"cmplz_datarequest_name\">\n\t\t\t\t<\/div>\n\t\t\t\t<div>\n\t\t\t\t\t<label for=\"cmplz_datarequest_email\">E-Mail<\/label>\n\t\t\t\t\t<input type=\"email\" required value=\"\" placeholder=\"email@email.com\" id=\"cmplz_datarequest_email\" name=\"cmplz_datarequest_email\">\n\t\t\t\t<\/div>\n\t\t\t\t\t\t\t\t\t\t<div class=\"cmplz_datarequest cmplz_datarequest_request_for_access\">\n\t\t\t\t\t\t\t<label for=\"cmplz_datarequest_request_for_access\">\n\t\t\t\t\t\t\t\t<input type=\"checkbox\" value=\"1\" name=\"cmplz_datarequest_request_for_access\" id=\"cmplz_datarequest_request_for_access\" \/>\n\t\t\t\t\t\t\t\tStelle einen Antrag auf Zugang zu den Daten, die wir \u00fcber dich verarbeiten.\t\t\t\t\t\t\t<\/label>\n\t\t\t\t\t\t<\/div>\n\t\t\t\t\t\t\t\t\t\t<div class=\"cmplz_datarequest cmplz_datarequest_right_to_be_forgotten\">\n\t\t\t\t\t\t\t<label for=\"cmplz_datarequest_right_to_be_forgotten\">\n\t\t\t\t\t\t\t\t<input type=\"checkbox\" value=\"1\" name=\"cmplz_datarequest_right_to_be_forgotten\" id=\"cmplz_datarequest_right_to_be_forgotten\" \/>\n\t\t\t\t\t\t\t\tStelle einen Antrag auf L\u00f6schung der Daten, wenn sie nicht mehr relevant sind.\t\t\t\t\t\t\t<\/label>\n\t\t\t\t\t\t<\/div>\n\t\t\t\t\t\t\t\t\t\t<div class=\"cmplz_datarequest cmplz_datarequest_right_to_data_portability\">\n\t\t\t\t\t\t\t<label for=\"cmplz_datarequest_right_to_data_portability\">\n\t\t\t\t\t\t\t\t<input type=\"checkbox\" value=\"1\" name=\"cmplz_datarequest_right_to_data_portability\" id=\"cmplz_datarequest_right_to_data_portability\" \/>\n\t\t\t\t\t\t\t\tStelle einen Antrag auf eine Exportdatei der Daten, die wir \u00fcber dich verarbeiten.\t\t\t\t\t\t\t<\/label>\n\t\t\t\t\t\t<\/div>\n\t\t\t\t\t\t\t\t<input type=\"button\" id=\"cmplz-datarequest-submit\" value=\"Senden\">\n\t\t\t<input type=\"hidden\" name=\"trp-form-language\" value=\"de\"\/><\/form>\n\n\t\t\t<style>\n\t\t\t\t\/* first-name is honeypot *\/\n\t\t\t\t.cmplz-first-name {\n\t\t\t\t\tposition: absolute !important;\n\t\t\t\t\tleft: -5000px !important;\n\t\t\t\t}\n\t\t\t<\/style>\n\t\t\t<\/p><\/div>","protected":false},"excerpt":{"rendered":"","protected":false},"author":3,"featured_media":0,"parent":0,"menu_order":0,"comment_status":"closed","ping_status":"closed","template":"","meta":{"_acf_changed":false,"site-sidebar-layout":"default","site-content-layout":"","ast-site-content-layout":"default","site-content-style":"default","site-sidebar-style":"default","ast-global-header-display":"","ast-banner-title-visibility":"","ast-main-header-display":"","ast-hfb-above-header-display":"","ast-hfb-below-header-display":"","ast-hfb-mobile-header-display":"","site-post-title":"","ast-breadcrumbs-content":"","ast-featured-img":"","footer-sml-layout":"","theme-transparent-header-meta":"","adv-header-id-meta":"","stick-header-meta":"","header-above-stick-meta":"","header-main-stick-meta":"","header-below-stick-meta":"","astra-migrate-meta-layouts":"default","ast-page-background-enabled":"default","ast-page-background-meta":{"desktop":{"background-color":"var(--ast-global-color-5)","background-image":"","background-repeat":"repeat","background-position":"center center","background-size":"auto","background-attachment":"scroll","background-type":"","background-media":"","overlay-type":"","overlay-color":"","overlay-opacity":"","overlay-gradient":""},"tablet":{"background-color":"","background-image":"","background-repeat":"repeat","background-position":"center center","background-size":"auto","background-attachment":"scroll","background-type":"","background-media":"","overlay-type":"","overlay-color":"","overlay-opacity":"","overlay-gradient":""},"mobile":{"background-color":"","background-image":"","background-repeat":"repeat","background-position":"center center","background-size":"auto","background-attachment":"scroll","background-type":"","background-media":"","overlay-type":"","overlay-color":"","overlay-opacity":"","overlay-gradient":""}},"ast-content-background-meta":{"desktop":{"background-color":"var(--ast-global-color-4)","background-image":"","background-repeat":"repeat","background-position":"center center","background-size":"auto","background-attachment":"scroll","background-type":"","background-media":"","overlay-type":"","overlay-color":"","overlay-opacity":"","overlay-gradient":""},"tablet":{"background-color":"var(--ast-global-color-4)","background-image":"","background-repeat":"repeat","background-position":"center center","background-size":"auto","background-attachment":"scroll","background-type":"","background-media":"","overlay-type":"","overlay-color":"","overlay-opacity":"","overlay-gradient":""},"mobile":{"background-color":"var(--ast-global-color-4)","background-image":"","background-repeat":"repeat","background-position":"center center","background-size":"auto","background-attachment":"scroll","background-type":"","background-media":"","overlay-type":"","overlay-color":"","overlay-opacity":"","overlay-gradient":""}},"_glsr_average":0,"_glsr_ranking":0,"_glsr_reviews":0,"footnotes":""},"folder":[],"class_list":["post-2413","page","type-page","status-publish","hentry"],"acf":[],"_links":{"self":[{"href":"https:\/\/mibooko.com\/de\/wp-json\/wp\/v2\/pages\/2413","targetHints":{"allow":["GET"]}}],"collection":[{"href":"https:\/\/mibooko.com\/de\/wp-json\/wp\/v2\/pages"}],"about":[{"href":"https:\/\/mibooko.com\/de\/wp-json\/wp\/v2\/types\/page"}],"author":[{"embeddable":true,"href":"https:\/\/mibooko.com\/de\/wp-json\/wp\/v2\/users\/3"}],"replies":[{"embeddable":true,"href":"https:\/\/mibooko.com\/de\/wp-json\/wp\/v2\/comments?post=2413"}],"version-history":[{"count":0,"href":"https:\/\/mibooko.com\/de\/wp-json\/wp\/v2\/pages\/2413\/revisions"}],"wp:attachment":[{"href":"https:\/\/mibooko.com\/de\/wp-json\/wp\/v2\/media?parent=2413"}],"wp:term":[{"taxonomy":"folder","embeddable":true,"href":"https:\/\/mibooko.com\/de\/wp-json\/wp\/v2\/folder?post=2413"}],"curies":[{"name":"wp","href":"https:\/\/api.w.org\/{rel}","templated":true}]}}