{"id":8403,"date":"2025-12-28T23:06:22","date_gmt":"2025-12-28T22:06:22","guid":{"rendered":"https:\/\/mibooko.com\/?page_id=8403"},"modified":"2026-03-18T22:13:10","modified_gmt":"2026-03-18T21:13:10","slug":"mibooko-refund-guarantee","status":"publish","type":"page","link":"https:\/\/mibooko.com\/de\/mibooko-refund-guarantee\/","title":{"rendered":"100% L\u00e4cheln-Garantie"},"content":{"rendered":"<div data-elementor-type=\"wp-page\" data-elementor-id=\"8403\" class=\"elementor elementor-8403\" data-elementor-post-type=\"page\">\n\t\t\t\t<div class=\"elementor-element elementor-element-af152fe e-flex e-con-boxed e-con e-parent\" data-id=\"af152fe\" data-element_type=\"container\" data-e-type=\"container\">\n\t\t\t\t\t<div class=\"e-con-inner\">\n\t\t\t\t<div class=\"elementor-element elementor-element-9283911 elementor-widget elementor-widget-heading\" data-id=\"9283911\" data-element_type=\"widget\" data-e-type=\"widget\" data-widget_type=\"heading.default\">\n\t\t\t\t\t<h1 class=\"elementor-heading-title elementor-size-default\">100% L\u00e4cheln-Garantie (Digitale eBooks)<\/h1>\t\t\t\t<\/div>\n\t\t<div class=\"elementor-element elementor-element-c35308b e-con-full e-flex e-con e-child\" data-id=\"c35308b\" data-element_type=\"container\" data-e-type=\"container\">\n\t\t<div class=\"elementor-element elementor-element-19788e7 e-con-full e-flex e-con e-child\" data-id=\"19788e7\" data-element_type=\"container\" data-e-type=\"container\">\n\t\t\t\t<div class=\"elementor-element elementor-element-0fc8b5d elementor-widget elementor-widget-text-editor\" data-id=\"0fc8b5d\" data-element_type=\"widget\" data-e-type=\"widget\" data-widget_type=\"text-editor.default\">\n\t\t\t\t\t\t\t\t\t<p data-start=\"262\" data-end=\"340\">Das Erstellen einer personalisierten Geschichte f\u00fcr Ihr Kind sollte sich aufregend anf\u00fchlen \u2013 nicht riskant.<\/p><p data-start=\"342\" data-end=\"555\">Deshalb erhalten Sie zu jedem digitalen eBook von MIBOOKO (PDF + EPUB) unsere 100%-Zufriedenheitsgarantie:<br data-start=\"438\" data-end=\"441\" \/>Wenn es Ihnen kein L\u00e4cheln ins Gesicht zaubert, k\u00fcmmern wir uns darum. Und wenn Sie es dann immer noch nicht lieben, erhalten Sie Ihr Geld zur\u00fcck.<\/p>\t\t\t\t\t\t\t\t<\/div>\n\t\t\t\t<\/div>\n\t\t<div class=\"elementor-element elementor-element-0d3700e e-con-full e-flex e-con e-child\" data-id=\"0d3700e\" data-element_type=\"container\" data-e-type=\"container\">\n\t\t\t\t<div class=\"elementor-element elementor-element-574fb26 elementor-widget elementor-widget-image\" data-id=\"574fb26\" data-element_type=\"widget\" data-e-type=\"widget\" data-widget_type=\"image.default\">\n\t\t\t\t\t\t\t\t\t\t\t\t\t\t\t<img fetchpriority=\"high\" decoding=\"async\" width=\"300\" height=\"300\" src=\"https:\/\/mibooko.com\/wp-content\/uploads\/2025\/12\/100satisfactionbadge-small-300x300.png\" class=\"attachment-woocommerce_thumbnail size-woocommerce_thumbnail wp-image-8372\" alt=\"\" srcset=\"https:\/\/mibooko.com\/wp-content\/uploads\/2025\/12\/100satisfactionbadge-small-300x300.png 300w, https:\/\/mibooko.com\/wp-content\/uploads\/2025\/12\/100satisfactionbadge-small-150x150.png 150w, https:\/\/mibooko.com\/wp-content\/uploads\/2025\/12\/100satisfactionbadge-small-12x12.png 12w, https:\/\/mibooko.com\/wp-content\/uploads\/2025\/12\/100satisfactionbadge-small-100x100.png 100w\" sizes=\"(max-width: 300px) 100vw, 300px\" \/>\t\t\t\t\t\t\t\t\t\t\t\t\t\t\t<\/div>\n\t\t\t\t<\/div>\n\t\t\t\t<\/div>\n\t\t\t\t\t<\/div>\n\t\t\t\t<\/div>\n\t\t<div class=\"elementor-element elementor-element-8d65058 e-flex e-con-boxed e-con e-parent\" data-id=\"8d65058\" data-element_type=\"container\" data-e-type=\"container\">\n\t\t\t\t\t<div class=\"e-con-inner\">\n\t\t\t\t<div class=\"elementor-element elementor-element-9f4ce88 elementor-widget elementor-widget-heading\" data-id=\"9f4ce88\" data-element_type=\"widget\" data-e-type=\"widget\" data-widget_type=\"heading.default\">\n\t\t\t\t\t<h3 class=\"elementor-heading-title elementor-size-default\">Was wird behandelt<\/h3>\t\t\t\t<\/div>\n\t\t\t\t<div class=\"elementor-element elementor-element-af0f128 elementor-widget elementor-widget-text-editor\" data-id=\"af0f128\" data-element_type=\"widget\" data-e-type=\"widget\" data-widget_type=\"text-editor.default\">\n\t\t\t\t\t\t\t\t\t<p data-start=\"581\" data-end=\"621\">Abgedeckt durch die 100% Smile-Garantie:<\/p><ul data-start=\"622\" data-end=\"706\"><li data-start=\"622\" data-end=\"670\"><p data-start=\"624\" data-end=\"670\">Digitale eBooks werden als PDF + EPUB geliefert<\/p><\/li><li data-start=\"671\" data-end=\"706\"><p data-start=\"673\" data-end=\"706\">K\u00e4ufe, die auf mibooko.com get\u00e4tigt wurden<\/p><\/li><\/ul><p data-start=\"708\" data-end=\"742\">Nicht von dieser Garantie abgedeckt:<\/p><ul data-start=\"743\" data-end=\"803\"><li data-start=\"743\" data-end=\"759\"><p data-start=\"745\" data-end=\"759\">H\u00f6rb\u00fccher<\/p><\/li><li data-start=\"760\" data-end=\"803\"><p data-start=\"762\" data-end=\"803\">Gedruckte B\u00fccher (Taschenbuch \/ Hardcover)<\/p><\/li><\/ul>\t\t\t\t\t\t\t\t<\/div>\n\t\t\t\t\t<\/div>\n\t\t\t\t<\/div>\n\t\t<div class=\"elementor-element elementor-element-7e95191 e-flex e-con-boxed e-con e-parent\" data-id=\"7e95191\" data-element_type=\"container\" data-e-type=\"container\">\n\t\t\t\t\t<div class=\"e-con-inner\">\n\t\t\t\t<div class=\"elementor-element elementor-element-65f02c4 elementor-widget elementor-widget-heading\" data-id=\"65f02c4\" data-element_type=\"widget\" data-e-type=\"widget\" data-widget_type=\"heading.default\">\n\t\t\t\t\t<h3 class=\"elementor-heading-title elementor-size-default\">So funktioniert es (3 einfache Schritte)<\/h3>\t\t\t\t<\/div>\n\t\t\t\t<div class=\"elementor-element elementor-element-2bc8746 elementor-widget elementor-widget-text-editor\" data-id=\"2bc8746\" data-element_type=\"widget\" data-e-type=\"widget\" data-widget_type=\"text-editor.default\">\n\t\t\t\t\t\t\t\t\t<h3 data-start=\"844\" data-end=\"865\">1) \u00d6ffne dein Buch<\/h3><p data-start=\"866\" data-end=\"921\">Laden Sie Ihre Dateien herunter und genie\u00dfen Sie das erste gemeinsame Leseerlebnis.<\/p><h3 data-start=\"923\" data-end=\"959\">2) Wenn Sie nicht zufrieden sind, schreiben Sie uns eine E-Mail.<\/h3><p data-start=\"960\" data-end=\"1046\">Antworten Sie auf Ihre Bestellbest\u00e4tigungs-E-Mail mit dem Betreff oder der ersten Zeile: R\u00dcCKERSTATTUNG<br data-start=\"1028\" data-end=\"1031\" \/>Optional k\u00f6nnen Sie einen kurzen Satz dar\u00fcber hinzuf\u00fcgen, was sich f\u00fcr Sie nicht richtig angef\u00fchlt hat (dies hilft uns, uns zu verbessern).\u00a0<\/p><h3 data-start=\"1150\" data-end=\"1189\">3) Wir k\u00fcmmern uns um Sie \u2013 schnell.<\/h3><p data-start=\"1190\" data-end=\"1205\">Wir erstatten Ihnen den Kaufpreis innerhalb von 2 Werktagen!<\/p>\t\t\t\t\t\t\t\t<\/div>\n\t\t\t\t\t<\/div>\n\t\t\t\t<\/div>\n\t\t<div class=\"elementor-element elementor-element-93017a8 e-flex e-con-boxed e-con e-parent\" data-id=\"93017a8\" data-element_type=\"container\" data-e-type=\"container\">\n\t\t\t\t\t<div class=\"e-con-inner\">\n\t\t\t\t<div class=\"elementor-element elementor-element-b2ac1c1 elementor-widget elementor-widget-heading\" data-id=\"b2ac1c1\" data-element_type=\"widget\" data-e-type=\"widget\" data-widget_type=\"heading.default\">\n\t\t\t\t\t<h3 class=\"elementor-heading-title elementor-size-default\">Zeitrahmen<\/h3>\t\t\t\t<\/div>\n\t\t\t\t<div class=\"elementor-element elementor-element-c920ebd elementor-widget elementor-widget-text-editor\" data-id=\"c920ebd\" data-element_type=\"widget\" data-e-type=\"widget\" data-widget_type=\"text-editor.default\">\n\t\t\t\t\t\t\t\t\t<p data-start=\"1341\" data-end=\"1415\">Kontaktieren Sie uns innerhalb von 7 Tagen nach dem Kauf, um die 100%-Zufriedenheitsgarantie in Anspruch zu nehmen.<\/p>\t\t\t\t\t\t\t\t<\/div>\n\t\t\t\t\t<\/div>\n\t\t\t\t<\/div>\n\t\t<div class=\"elementor-element elementor-element-30cc768 e-flex e-con-boxed e-con e-parent\" data-id=\"30cc768\" data-element_type=\"container\" data-e-type=\"container\">\n\t\t\t\t\t<div class=\"e-con-inner\">\n\t\t\t\t<div class=\"elementor-element elementor-element-a807336 elementor-widget elementor-widget-heading\" data-id=\"a807336\" data-element_type=\"widget\" data-e-type=\"widget\" data-widget_type=\"heading.default\">\n\t\t\t\t\t<h3 class=\"elementor-heading-title elementor-size-default\">Was bedeutet \u201cR\u00fcckerstattung\u201d?<\/h3>\t\t\t\t<\/div>\n\t\t\t\t<div class=\"elementor-element elementor-element-6f55c5e elementor-widget elementor-widget-text-editor\" data-id=\"6f55c5e\" data-element_type=\"widget\" data-e-type=\"widget\" data-widget_type=\"text-editor.default\">\n\t\t\t\t\t\t\t\t\t<p data-start=\"1341\" data-end=\"1415\">Wird Ihr Antrag im Rahmen der 100% Smile-Garantie genehmigt, erstatten wir Ihnen den f\u00fcr das digitale eBook gezahlten Preis \u00fcber Ihre urspr\u00fcngliche Zahlungsmethode zur\u00fcck.<\/p>\t\t\t\t\t\t\t\t<\/div>\n\t\t\t\t\t<\/div>\n\t\t\t\t<\/div>\n\t\t<div class=\"elementor-element elementor-element-8da1981 e-flex e-con-boxed e-con e-parent\" data-id=\"8da1981\" data-element_type=\"container\" data-e-type=\"container\">\n\t\t\t\t\t<div class=\"e-con-inner\">\n\t\t\t\t<div class=\"elementor-element elementor-element-901b7d4 elementor-widget elementor-widget-heading\" data-id=\"901b7d4\" data-element_type=\"widget\" data-e-type=\"widget\" data-widget_type=\"heading.default\">\n\t\t\t\t\t<h3 class=\"elementor-heading-title elementor-size-default\">Brauchen Sie sofort Hilfe?<\/h3>\t\t\t\t<\/div>\n\t\t\t\t<div class=\"elementor-element elementor-element-6d6c82e elementor-widget elementor-widget-text-editor\" data-id=\"6d6c82e\" data-element_type=\"widget\" data-e-type=\"widget\" data-widget_type=\"text-editor.default\">\n\t\t\t\t\t\t\t\t\t<p data-start=\"1341\" data-end=\"1415\">Senden Sie uns eine E-Mail an: <a class=\"decorated-link cursor-pointer\" rel=\"noopener\" data-start=\"2062\" data-end=\"2079\"><span class=\"notranslate\" data-no-translation=\"\"><span class=\"notranslate\" data-no-translation=\"\"><span class=\"notranslate\" data-no-translation=\"\">hello@mibooko.com<\/span><\/span><\/span><\/a><br data-start=\"2081\" data-end=\"2084\" \/>Wir antworten in der Regel innerhalb von 24 Stunden (Mo\u2013Fr, MEZ).<\/p>\t\t\t\t\t\t\t\t<\/div>\n\t\t\t\t\t<\/div>\n\t\t\t\t<\/div>\n\t\t<div class=\"elementor-element elementor-element-79e7a99 e-flex e-con-boxed e-con e-parent\" data-id=\"79e7a99\" data-element_type=\"container\" data-e-type=\"container\">\n\t\t\t\t\t<div class=\"e-con-inner\">\n\t\t\t\t<div class=\"elementor-element elementor-element-7d47ee1 elementor-widget elementor-widget-heading\" data-id=\"7d47ee1\" data-element_type=\"widget\" data-e-type=\"widget\" data-widget_type=\"heading.default\">\n\t\t\t\t\t<h3 class=\"elementor-heading-title elementor-size-default\">Bereit, Ihr eigenes zu erstellen?<\/h3>\t\t\t\t<\/div>\n\t\t\t\t<div class=\"elementor-element elementor-element-0d88d41 elementor-widget elementor-widget-text-editor\" data-id=\"0d88d41\" data-element_type=\"widget\" data-e-type=\"widget\" data-widget_type=\"text-editor.default\">\n\t\t\t\t\t\t\t\t\t<p data-start=\"2172\" data-end=\"2227\">Eine pers\u00f6nliche, bedeutungsvolle Geschichte \u2013 in wenigen Minuten geliefert. Mit 100%-L\u00e4chelngarantie.<\/p>\t\t\t\t\t\t\t\t<\/div>\n\t\t\t\t<div class=\"elementor-element elementor-element-7c7af36 elementor-widget elementor-widget-button\" data-id=\"7c7af36\" data-element_type=\"widget\" data-e-type=\"widget\" data-widget_type=\"button.default\">\n\t\t\t\t\t\t\t\t\t\t<a class=\"elementor-button elementor-button-link elementor-size-sm\" href=\"https:\/\/mibooko.com\/de\/create-personalized-book\/\">\n\t\t\t\t\t\t<span class=\"elementor-button-content-wrapper\">\n\t\t\t\t\t\t\t\t\t<span class=\"elementor-button-text\">Erstelle dein Buch<\/span>\n\t\t\t\t\t<\/span>\n\t\t\t\t\t<\/a>\n\t\t\t\t\t\t\t\t<\/div>\n\t\t\t\t\t<\/div>\n\t\t\t\t<\/div>\n\t\t<div class=\"elementor-element elementor-element-7e0799e e-flex e-con-boxed e-con e-parent\" data-id=\"7e0799e\" data-element_type=\"container\" data-e-type=\"container\">\n\t\t\t\t\t<div class=\"e-con-inner\">\n\t\t\t\t<div class=\"elementor-element elementor-element-8172776 elementor-widget elementor-widget-heading\" data-id=\"8172776\" data-element_type=\"widget\" data-e-type=\"widget\" data-widget_type=\"heading.default\">\n\t\t\t\t\t<h4 class=\"elementor-heading-title elementor-size-default\">Ein Hinweis zur Fairness: Wir haben diese Garantie entwickelt, um Familien zu sch\u00fctzen und MIBOOKO langfristig zu sichern. Bei wiederholtem Missbrauch der R\u00fcckerstattungsrichtlinie behalten wir uns vor, zuk\u00fcnftige K\u00e4ufe \u00fcber dasselbe Konto einzuschr\u00e4nken.<\/h4>\t\t\t\t<\/div>\n\t\t\t\t\t<\/div>\n\t\t\t\t<\/div>\n\t\t\t\t<\/div>","protected":false},"excerpt":{"rendered":"<p>100% Smile Guarantee (Digital eBooks) Creating a personalized story for your child should feel exciting \u2014 not risky. That\u2019s why [&hellip;]<\/p>\n","protected":false},"author":3,"featured_media":0,"parent":0,"menu_order":0,"comment_status":"closed","ping_status":"closed","template":"","meta":{"_acf_changed":false,"site-sidebar-layout":"no-sidebar","site-content-layout":"","ast-site-content-layout":"full-width-container","site-content-style":"default","site-sidebar-style":"default","ast-global-header-display":"","ast-banner-title-visibility":"","ast-main-header-display":"","ast-hfb-above-header-display":"","ast-hfb-below-header-display":"","ast-hfb-mobile-header-display":"","site-post-title":"disabled","ast-breadcrumbs-content":"","ast-featured-img":"disabled","footer-sml-layout":"","theme-transparent-header-meta":"","adv-header-id-meta":"","stick-header-meta":"","header-above-stick-meta":"","header-main-stick-meta":"","header-below-stick-meta":"","astra-migrate-meta-layouts":"default","ast-page-background-enabled":"default","ast-page-background-meta":{"desktop":{"background-color":"var(--ast-global-color-5)","background-image":"","background-repeat":"repeat","background-position":"center center","background-size":"auto","background-attachment":"scroll","background-type":"","background-media":"","overlay-type":"","overlay-color":"","overlay-opacity":"","overlay-gradient":""},"tablet":{"background-color":"","background-image":"","background-repeat":"repeat","background-position":"center center","background-size":"auto","background-attachment":"scroll","background-type":"","background-media":"","overlay-type":"","overlay-color":"","overlay-opacity":"","overlay-gradient":""},"mobile":{"background-color":"","background-image":"","background-repeat":"repeat","background-position":"center center","background-size":"auto","background-attachment":"scroll","background-type":"","background-media":"","overlay-type":"","overlay-color":"","overlay-opacity":"","overlay-gradient":""}},"ast-content-background-meta":{"desktop":{"background-color":"var(--ast-global-color-4)","background-image":"","background-repeat":"repeat","background-position":"center center","background-size":"auto","background-attachment":"scroll","background-type":"","background-media":"","overlay-type":"","overlay-color":"","overlay-opacity":"","overlay-gradient":""},"tablet":{"background-color":"var(--ast-global-color-4)","background-image":"","background-repeat":"repeat","background-position":"center center","background-size":"auto","background-attachment":"scroll","background-type":"","background-media":"","overlay-type":"","overlay-color":"","overlay-opacity":"","overlay-gradient":""},"mobile":{"background-color":"var(--ast-global-color-4)","background-image":"","background-repeat":"repeat","background-position":"center center","background-size":"auto","background-attachment":"scroll","background-type":"","background-media":"","overlay-type":"","overlay-color":"","overlay-opacity":"","overlay-gradient":""}},"_glsr_average":0,"_glsr_ranking":0,"_glsr_reviews":0,"footnotes":""},"folder":[],"class_list":["post-8403","page","type-page","status-publish","hentry"],"acf":[],"_links":{"self":[{"href":"https:\/\/mibooko.com\/de\/wp-json\/wp\/v2\/pages\/8403","targetHints":{"allow":["GET"]}}],"collection":[{"href":"https:\/\/mibooko.com\/de\/wp-json\/wp\/v2\/pages"}],"about":[{"href":"https:\/\/mibooko.com\/de\/wp-json\/wp\/v2\/types\/page"}],"author":[{"embeddable":true,"href":"https:\/\/mibooko.com\/de\/wp-json\/wp\/v2\/users\/3"}],"replies":[{"embeddable":true,"href":"https:\/\/mibooko.com\/de\/wp-json\/wp\/v2\/comments?post=8403"}],"version-history":[{"count":0,"href":"https:\/\/mibooko.com\/de\/wp-json\/wp\/v2\/pages\/8403\/revisions"}],"wp:attachment":[{"href":"https:\/\/mibooko.com\/de\/wp-json\/wp\/v2\/media?parent=8403"}],"wp:term":[{"taxonomy":"folder","embeddable":true,"href":"https:\/\/mibooko.com\/de\/wp-json\/wp\/v2\/folder?post=8403"}],"curies":[{"name":"wp","href":"https:\/\/api.w.org\/{rel}","templated":true}]}}