{"id":3549,"date":"2025-10-23T18:33:57","date_gmt":"2025-10-23T16:33:57","guid":{"rendered":"https:\/\/mibooko.com\/product\/12-book-subscription\/"},"modified":"2026-03-18T19:56:06","modified_gmt":"2026-03-18T18:56:06","slug":"personalized-book-subscription-for-children","status":"publish","type":"product","link":"https:\/\/mibooko.com\/de\/product\/personalized-book-subscription-for-children\/","title":{"rendered":"Personalisiertes Buchabonnement f\u00fcr Kinder"},"content":{"rendered":"<p data-start=\"1947\" data-end=\"2170\">Machen Sie Lesen mit dem <strong data-start=\"2019\" data-end=\"2053\">Personalisiertes Buchabonnement<\/strong> \u2014 eine Reihe von <strong data-start=\"2068\" data-end=\"2099\">12 vollst\u00e4ndig personalisierte B\u00fccher<\/strong> Lieferung nach Ihrem Zeitplan:<br data-start=\"2127\" data-end=\"2130\" \/><strong data-start=\"2130\" data-end=\"2169\">w\u00f6chentlich, alle zwei Wochen oder monatlich<\/strong>.<\/p>\n<p data-start=\"2172\" data-end=\"2212\">Jede Geschichte ist auf Ihr Kind zugeschnitten:<\/p>\n<ul data-start=\"2213\" data-end=\"2367\">\n<li data-start=\"2213\" data-end=\"2236\">\n<p data-start=\"2215\" data-end=\"2236\">Name und Aussehen<\/p>\n<\/li>\n<li data-start=\"2237\" data-end=\"2262\">\n<p data-start=\"2239\" data-end=\"2262\">Alter und Lesekompetenz<\/p>\n<\/li>\n<li data-start=\"2263\" data-end=\"2285\">\n<p data-start=\"2265\" data-end=\"2285\">Pers\u00f6nlichkeitsmerkmale<\/p>\n<\/li>\n<li data-start=\"2286\" data-end=\"2305\">\n<p data-start=\"2288\" data-end=\"2305\">emotionale Bed\u00fcrfnisse<\/p>\n<\/li>\n<li data-start=\"2306\" data-end=\"2328\">\n<p data-start=\"2308\" data-end=\"2328\">aktuelle Herausforderungen<\/p>\n<\/li>\n<li data-start=\"2329\" data-end=\"2367\">\n<p data-start=\"2331\" data-end=\"2367\">Interessen und Entwicklungsf\u00e4higkeiten<\/p>\n<\/li>\n<\/ul>\n<p data-start=\"2369\" data-end=\"2530\">Dieses Abonnement ist daf\u00fcr konzipiert, <strong data-start=\"2402\" data-end=\"2424\">Kindern beim Wachsen helfen<\/strong>, sie nicht nur unterhalten.<br data-start=\"2450\" data-end=\"2453\" \/>In den 12 B\u00fcchern \u00fcbt und festigt Ihr Kind wichtige F\u00e4higkeiten wie zum Beispiel:<\/p>\n<ul data-start=\"2531\" data-end=\"2697\">\n<li data-start=\"2531\" data-end=\"2555\">\n<p data-start=\"2533\" data-end=\"2555\">Emotionsregulation<\/p>\n<\/li>\n<li data-start=\"2556\" data-end=\"2570\">\n<p data-start=\"2558\" data-end=\"2570\">Vertrauen<\/p>\n<\/li>\n<li data-start=\"2571\" data-end=\"2590\">\n<p data-start=\"2573\" data-end=\"2590\">Probleml\u00f6sung<\/p>\n<\/li>\n<li data-start=\"2591\" data-end=\"2615\">\n<p data-start=\"2593\" data-end=\"2615\">soziales Verst\u00e4ndnis<\/p>\n<\/li>\n<li data-start=\"2616\" data-end=\"2642\">\n<p data-start=\"2618\" data-end=\"2642\">Mut und Widerstandsf\u00e4higkeit<\/p>\n<\/li>\n<li data-start=\"2643\" data-end=\"2672\">\n<p data-start=\"2645\" data-end=\"2672\">Neugier und Fantasie<\/p>\n<\/li>\n<li data-start=\"2673\" data-end=\"2697\">\n<p data-start=\"2675\" data-end=\"2697\">Empathie und Freundlichkeit<\/p>\n<\/li>\n<\/ul>\n<p data-start=\"2699\" data-end=\"2955\">Jedes Buch spiegelt eine bedeutsame, reale Herausforderung oder einen Wachstumsmoment wider \u2013 vom Kn\u00fcpfen von Freundschaften und dem Ausprobieren neuer Dinge bis hin zum Umgang mit starken Gef\u00fchlen oder dem Aufbau von Selbstvertrauen.<br data-start=\"2862\" data-end=\"2865\" \/>Weil Ihr Kind der Held ist, f\u00fchlen sich diese Lektionen so an <strong data-start=\"2916\" data-end=\"2954\">pers\u00f6nlich, relevant und best\u00e4rkend<\/strong>.<\/p>\n<p data-start=\"2957\" data-end=\"3056\">Alle B\u00fccher zeichnen sich durch professionelle, kindgerechte Illustrationen und eine warmherzige, faktenbasierte Erz\u00e4hlweise aus.<\/p>\n<p data-start=\"3058\" data-end=\"3256\">Sie erhalten <strong data-start=\"3070\" data-end=\"3096\">sofortiger digitaler Zugriff<\/strong> f\u00fcr jedes Buch in dem Moment, in dem es erscheint.<br data-start=\"3136\" data-end=\"3139\" \/>Ihr Abonnement kann eintreffen <strong data-start=\"3168\" data-end=\"3178\">w\u00f6chentlich<\/strong>, <strong data-start=\"3180\" data-end=\"3193\">zweiw\u00f6chentlich<\/strong>, oder <strong data-start=\"3198\" data-end=\"3209\">monatlich<\/strong>, je nachdem, was f\u00fcr Ihre Familie am besten funktioniert.<\/p>\n<p data-start=\"3258\" data-end=\"3488\">Schenken Sie Ihrem Kind ein ganzes Jahr lang personalisierte Geschichten, die es auf seinem Weg unterst\u00fctzen \u2013 ein Buch, eine F\u00e4higkeit, ein Abenteuer nach dem anderen.<br data-start=\"3384\" data-end=\"3387\" \/>Schaffen Sie ein Leseritual, das sie zum Wachsen anregt \u2013 denn in diesen Geschichten, <strong data-start=\"3466\" data-end=\"3474\">Sie<\/strong> sind die Helden.<\/p>","protected":false},"excerpt":{"rendered":"<p>Schenken Sie Ihrem Kind ein Jahr voller Entwicklung und Freude mit einem personalisierten Abonnement von 12 B\u00fcchern. In jedem Buch schl\u00fcpft Ihr Kind in die Rolle des Helden in Geschichten, die seine F\u00e4higkeiten verbessern, sein Selbstvertrauen st\u00e4rken, seine emotionale Widerstandsf\u00e4higkeit f\u00f6rdern und ihm helfen, allt\u00e4gliche Herausforderungen zu meistern. W\u00e4hlen Sie zwischen w\u00f6chentlicher, zweiw\u00f6chentlicher oder monatlicher Lieferung. Sofortiger digitaler Zugriff inklusive.<\/p>","protected":false},"featured_media":0,"comment_status":"open","ping_status":"closed","template":"","meta":{"_acf_changed":false,"site-sidebar-layout":"default","site-content-layout":"","ast-site-content-layout":"default","site-content-style":"default","site-sidebar-style":"default","ast-global-header-display":"","ast-banner-title-visibility":"","ast-main-header-display":"","ast-hfb-above-header-display":"","ast-hfb-below-header-display":"","ast-hfb-mobile-header-display":"","site-post-title":"","ast-breadcrumbs-content":"","ast-featured-img":"","footer-sml-layout":"","theme-transparent-header-meta":"default","adv-header-id-meta":"","stick-header-meta":"","header-above-stick-meta":"","header-main-stick-meta":"","header-below-stick-meta":"","astra-migrate-meta-layouts":"set","ast-page-background-enabled":"default","ast-page-background-meta":{"desktop":{"background-color":"var(--ast-global-color-5)","background-image":"","background-repeat":"repeat","background-position":"center center","background-size":"auto","background-attachment":"scroll","background-type":"","background-media":"","overlay-type":"","overlay-color":"","overlay-opacity":"","overlay-gradient":""},"tablet":{"background-color":"","background-image":"","background-repeat":"repeat","background-position":"center center","background-size":"auto","background-attachment":"scroll","background-type":"","background-media":"","overlay-type":"","overlay-color":"","overlay-opacity":"","overlay-gradient":""},"mobile":{"background-color":"","background-image":"","background-repeat":"repeat","background-position":"center center","background-size":"auto","background-attachment":"scroll","background-type":"","background-media":"","overlay-type":"","overlay-color":"","overlay-opacity":"","overlay-gradient":""}},"ast-content-background-meta":{"desktop":{"background-color":"var(--ast-global-color-4)","background-image":"","background-repeat":"repeat","background-position":"center center","background-size":"auto","background-attachment":"scroll","background-type":"","background-media":"","overlay-type":"","overlay-color":"","overlay-opacity":"","overlay-gradient":""},"tablet":{"background-color":"var(--ast-global-color-4)","background-image":"","background-repeat":"repeat","background-position":"center center","background-size":"auto","background-attachment":"scroll","background-type":"","background-media":"","overlay-type":"","overlay-color":"","overlay-opacity":"","overlay-gradient":""},"mobile":{"background-color":"var(--ast-global-color-4)","background-image":"","background-repeat":"repeat","background-position":"center center","background-size":"auto","background-attachment":"scroll","background-type":"","background-media":"","overlay-type":"","overlay-color":"","overlay-opacity":"","overlay-gradient":""}},"_glsr_average":0,"_glsr_ranking":0,"_glsr_reviews":0},"product_brand":[],"product_cat":[168,18],"product_tag":[],"class_list":{"0":"post-3549","1":"product","2":"type-product","3":"status-publish","5":"product_cat-digital-book","6":"product_cat-uncategorized","7":"desktop-align-left","8":"tablet-align-left","9":"mobile-align-left","11":"first","12":"instock","13":"taxable","14":"shipping-taxable","15":"purchasable","16":"product-type-variable","17":"has-default-attributes"},"acf":[],"_links":{"self":[{"href":"https:\/\/mibooko.com\/de\/wp-json\/wp\/v2\/product\/3549","targetHints":{"allow":["GET"]}}],"collection":[{"href":"https:\/\/mibooko.com\/de\/wp-json\/wp\/v2\/product"}],"about":[{"href":"https:\/\/mibooko.com\/de\/wp-json\/wp\/v2\/types\/product"}],"replies":[{"embeddable":true,"href":"https:\/\/mibooko.com\/de\/wp-json\/wp\/v2\/comments?post=3549"}],"wp:attachment":[{"href":"https:\/\/mibooko.com\/de\/wp-json\/wp\/v2\/media?parent=3549"}],"wp:term":[{"taxonomy":"product_brand","embeddable":true,"href":"https:\/\/mibooko.com\/de\/wp-json\/wp\/v2\/product_brand?post=3549"},{"taxonomy":"product_cat","embeddable":true,"href":"https:\/\/mibooko.com\/de\/wp-json\/wp\/v2\/product_cat?post=3549"},{"taxonomy":"product_tag","embeddable":true,"href":"https:\/\/mibooko.com\/de\/wp-json\/wp\/v2\/product_tag?post=3549"}],"curies":[{"name":"wp","href":"https:\/\/api.w.org\/{rel}","templated":true}]}}