{"id":3551,"date":"2025-10-23T18:40:27","date_gmt":"2025-10-23T16:40:27","guid":{"rendered":"https:\/\/mibooko.com\/?post_type=product&#038;p=3551"},"modified":"2026-03-18T19:55:53","modified_gmt":"2026-03-18T18:55:53","slug":"mystery-book-box-3-personalized-books","status":"publish","type":"product","link":"https:\/\/mibooko.com\/de\/product\/mystery-book-box-3-personalized-books\/","title":{"rendered":"Mystery Book Box \u2013 3 personalisierte B\u00fccher f\u00fcr Kinder"},"content":{"rendered":"<p data-start=\"1352\" data-end=\"1549\">Verwandle die Lesezeit mit dem\/der <strong data-start=\"1405\" data-end=\"1425\">Mystery Book Box<\/strong> \u2014 eine \u00fcberraschende Reihe von <strong data-start=\"1446\" data-end=\"1480\">drei vollst\u00e4ndig personalisierte B\u00fccher<\/strong>, Jedes einzelne wird individuell auf den Namen, das Aussehen und die Pers\u00f6nlichkeit Ihres Kindes zugeschnitten.<\/p>\n<p data-start=\"1551\" data-end=\"1631\">Jede Geschichte bietet ein anderes Thema und Abenteuer, wodurch diese Box perfekt geeignet ist f\u00fcr:<\/p>\n<ul data-start=\"1632\" data-end=\"1755\">\n<li data-start=\"1632\" data-end=\"1656\">\n<p data-start=\"1634\" data-end=\"1656\">die Fantasie anregen<\/p>\n<\/li>\n<li data-start=\"1657\" data-end=\"1685\">\n<p data-start=\"1659\" data-end=\"1685\">mehr Lesen f\u00f6rdern<\/p>\n<\/li>\n<li data-start=\"1686\" data-end=\"1719\">\n<p data-start=\"1688\" data-end=\"1719\">Aufbau von emotionalem Selbstvertrauen<\/p>\n<\/li>\n<li data-start=\"1720\" data-end=\"1755\">\n<p data-start=\"1722\" data-end=\"1755\">Freudevolle Schlafenszeitrituale gestalten<\/p>\n<\/li>\n<\/ul>\n<p data-start=\"1757\" data-end=\"2081\">Dieses Mystery Book Box ist Teil eines <strong data-start=\"1792\" data-end=\"1819\">gr\u00f6\u00dfere 7-teilige Kollektion<\/strong>, wobei jedes Set enth\u00e4lt <strong data-start=\"1841\" data-end=\"1872\">3 einzigartige personalisierte B\u00fccher<\/strong>.<br data-start=\"1873\" data-end=\"1876\" \/>Zusammen bilden sie die <strong data-start=\"1900\" data-end=\"1940\">Krimi-Buchreihe mit 21 Abenteuern<\/strong> (7 Sets \u00d7 3 B\u00fccher).<br data-start=\"1960\" data-end=\"1963\" \/>Ihr Kind kann in der gesamten Reihe neue Welten, Charaktere, Emotionen und Herausforderungen entdecken \u2013 und dabei immer die Rolle des Helden einnehmen.<\/p>\n<p data-start=\"2083\" data-end=\"2196\">Jedes Buch ist von professionellen Kinderbuchillustratoren illustriert und basiert auf Erz\u00e4hlprinzipien, die Folgendes unterst\u00fctzen:<\/p>\n<ul data-start=\"2197\" data-end=\"2269\">\n<li data-start=\"2197\" data-end=\"2215\">\n<p data-start=\"2199\" data-end=\"2215\">fr\u00fche Alphabetisierung<\/p>\n<\/li>\n<li data-start=\"2216\" data-end=\"2227\">\n<p data-start=\"2218\" data-end=\"2227\">Empathie<\/p>\n<\/li>\n<li data-start=\"2228\" data-end=\"2241\">\n<p data-start=\"2230\" data-end=\"2241\">Neugier<\/p>\n<\/li>\n<li data-start=\"2242\" data-end=\"2269\">\n<p data-start=\"2244\" data-end=\"2269\">emotionales Verst\u00e4ndnis<\/p>\n<\/li>\n<\/ul>\n<p data-start=\"2271\" data-end=\"2406\">Sie erhalten <strong data-start=\"2283\" data-end=\"2309\">sofortiger digitaler Zugriff<\/strong> Alle drei B\u00fccher \u2013 ohne Wartezeit, ohne Verz\u00f6gerungen.<br data-start=\"2353\" data-end=\"2356\" \/>Ihr Kind kann sofort mit seinen Abenteuern beginnen.<\/p>\n<p data-start=\"2408\" data-end=\"2497\">Bereiten Sie ihnen eine unvergessliche \u00dcberraschung \u2013 drei Geschichten, in denen <strong data-start=\"2472\" data-end=\"2480\">Sie<\/strong> werde zum Helden<\/p>","protected":false},"excerpt":{"rendered":"<p>Entdecken Sie die Magie von Mystery Book Box \u2013 ein \u00dcberraschungsset mit drei wundersch\u00f6n illustrierten, personalisierten B\u00fcchern, in denen Ihr Kind zum Helden wird. Jedes Buch bietet ein anderes Abenteuer, das auf Namen, Aussehen und Pers\u00f6nlichkeit Ihres Kindes zugeschnitten ist. Diese Box ist Teil einer gr\u00f6\u00dferen Kollektion mit 7 B\u00fcchern (insgesamt 21) und bietet sofortigen Zugriff auf drei einzigartige Geschichten, die Fantasie, Selbstvertrauen und Lesefreude wecken. Digitaler Sofortzugriff inklusive.<\/p>","protected":false},"featured_media":0,"comment_status":"open","ping_status":"closed","template":"","meta":{"_acf_changed":false,"site-sidebar-layout":"default","site-content-layout":"","ast-site-content-layout":"default","site-content-style":"default","site-sidebar-style":"default","ast-global-header-display":"","ast-banner-title-visibility":"","ast-main-header-display":"","ast-hfb-above-header-display":"","ast-hfb-below-header-display":"","ast-hfb-mobile-header-display":"","site-post-title":"","ast-breadcrumbs-content":"","ast-featured-img":"","footer-sml-layout":"","theme-transparent-header-meta":"default","adv-header-id-meta":"","stick-header-meta":"","header-above-stick-meta":"","header-main-stick-meta":"","header-below-stick-meta":"","astra-migrate-meta-layouts":"set","ast-page-background-enabled":"default","ast-page-background-meta":{"desktop":{"background-color":"var(--ast-global-color-5)","background-image":"","background-repeat":"repeat","background-position":"center center","background-size":"auto","background-attachment":"scroll","background-type":"","background-media":"","overlay-type":"","overlay-color":"","overlay-opacity":"","overlay-gradient":""},"tablet":{"background-color":"","background-image":"","background-repeat":"repeat","background-position":"center center","background-size":"auto","background-attachment":"scroll","background-type":"","background-media":"","overlay-type":"","overlay-color":"","overlay-opacity":"","overlay-gradient":""},"mobile":{"background-color":"","background-image":"","background-repeat":"repeat","background-position":"center center","background-size":"auto","background-attachment":"scroll","background-type":"","background-media":"","overlay-type":"","overlay-color":"","overlay-opacity":"","overlay-gradient":""}},"ast-content-background-meta":{"desktop":{"background-color":"var(--ast-global-color-4)","background-image":"","background-repeat":"repeat","background-position":"center center","background-size":"auto","background-attachment":"scroll","background-type":"","background-media":"","overlay-type":"","overlay-color":"","overlay-opacity":"","overlay-gradient":""},"tablet":{"background-color":"var(--ast-global-color-4)","background-image":"","background-repeat":"repeat","background-position":"center center","background-size":"auto","background-attachment":"scroll","background-type":"","background-media":"","overlay-type":"","overlay-color":"","overlay-opacity":"","overlay-gradient":""},"mobile":{"background-color":"var(--ast-global-color-4)","background-image":"","background-repeat":"repeat","background-position":"center center","background-size":"auto","background-attachment":"scroll","background-type":"","background-media":"","overlay-type":"","overlay-color":"","overlay-opacity":"","overlay-gradient":""}},"_glsr_average":0,"_glsr_ranking":0,"_glsr_reviews":0},"product_brand":[],"product_cat":[168,18],"product_tag":[],"class_list":{"0":"post-3551","1":"product","2":"type-product","3":"status-publish","5":"product_cat-digital-book","6":"product_cat-uncategorized","7":"desktop-align-left","8":"tablet-align-left","9":"mobile-align-left","11":"first","12":"instock","13":"downloadable","14":"taxable","15":"shipping-taxable","16":"purchasable","17":"product-type-simple"},"acf":[],"_links":{"self":[{"href":"https:\/\/mibooko.com\/de\/wp-json\/wp\/v2\/product\/3551","targetHints":{"allow":["GET"]}}],"collection":[{"href":"https:\/\/mibooko.com\/de\/wp-json\/wp\/v2\/product"}],"about":[{"href":"https:\/\/mibooko.com\/de\/wp-json\/wp\/v2\/types\/product"}],"replies":[{"embeddable":true,"href":"https:\/\/mibooko.com\/de\/wp-json\/wp\/v2\/comments?post=3551"}],"wp:attachment":[{"href":"https:\/\/mibooko.com\/de\/wp-json\/wp\/v2\/media?parent=3551"}],"wp:term":[{"taxonomy":"product_brand","embeddable":true,"href":"https:\/\/mibooko.com\/de\/wp-json\/wp\/v2\/product_brand?post=3551"},{"taxonomy":"product_cat","embeddable":true,"href":"https:\/\/mibooko.com\/de\/wp-json\/wp\/v2\/product_cat?post=3551"},{"taxonomy":"product_tag","embeddable":true,"href":"https:\/\/mibooko.com\/de\/wp-json\/wp\/v2\/product_tag?post=3551"}],"curies":[{"name":"wp","href":"https:\/\/api.w.org\/{rel}","templated":true}]}}