{"id":4395,"date":"2025-11-07T14:44:52","date_gmt":"2025-11-07T13:44:52","guid":{"rendered":"https:\/\/mibooko.com\/?post_type=product&#038;p=4395"},"modified":"2026-03-18T19:55:41","modified_gmt":"2026-03-18T18:55:41","slug":"personalized-book-for-children","status":"publish","type":"product","link":"https:\/\/mibooko.com\/de\/product\/personalized-book-for-children\/","title":{"rendered":"Personalisiertes Buch f\u00fcr Kinder"},"content":{"rendered":"<p data-start=\"1495\" data-end=\"1736\">Schenken Sie Ihrem Kind ein magisches Leseerlebnis mit einem vollst\u00e4ndig personalisierten Kinderbuch, das speziell f\u00fcr es angefertigt wurde.<br data-start=\"1597\" data-end=\"1600\" \/>Ihr Name, ihr Aussehen und ihre Pers\u00f6nlichkeit pr\u00e4gen jede Seite und machen die Geschichte zu einem warmherzigen, bedeutungsvollen Abenteuer, das sie gerne wieder erleben m\u00f6chten.<\/p>\n<p data-start=\"1738\" data-end=\"1761\">Dieses Buch ist ideal f\u00fcr:<\/p>\n<ul data-start=\"1762\" data-end=\"1887\">\n<li data-start=\"1762\" data-end=\"1781\">\n<p data-start=\"1764\" data-end=\"1781\">Gute-Nacht-Lekt\u00fcre<\/p>\n<\/li>\n<li data-start=\"1782\" data-end=\"1802\">\n<p data-start=\"1784\" data-end=\"1802\">j\u00fcngere Kinder<\/p>\n<\/li>\n<li data-start=\"1803\" data-end=\"1841\">\n<p data-start=\"1805\" data-end=\"1841\">kurze, freudige Erz\u00e4hlmomente<\/p>\n<\/li>\n<li data-start=\"1842\" data-end=\"1887\">\n<p data-start=\"1844\" data-end=\"1887\">Familien, die sich ein pers\u00f6nliches t\u00e4gliches Ritual w\u00fcnschen<\/p>\n<\/li>\n<\/ul>\n<p data-start=\"1889\" data-end=\"1954\">Jedes MIBOOKO-Buch verwendet forschungsbasierte Erz\u00e4hltechniken, die Folgendes unterst\u00fctzen:<\/p>\n<ul data-start=\"1955\" data-end=\"2046\">\n<li data-start=\"1955\" data-end=\"1969\">\n<p data-start=\"1957\" data-end=\"1969\">Vertrauen<\/p>\n<\/li>\n<li data-start=\"1970\" data-end=\"1985\">\n<p data-start=\"1972\" data-end=\"1985\">Vorstellung<\/p>\n<\/li>\n<li data-start=\"1986\" data-end=\"2013\">\n<p data-start=\"1988\" data-end=\"2013\">emotionales Verst\u00e4ndnis<\/p>\n<\/li>\n<li data-start=\"2014\" data-end=\"2046\">\n<p data-start=\"2016\" data-end=\"2046\">Fr\u00fches Lernen und Neugier<\/p>\n<\/li>\n<\/ul>\n<p data-start=\"2048\" data-end=\"2178\">Sie erhalten sofortigen digitalen Zugriff, sodass Ihr Kind gleich mit dem Lesen beginnen kann.<br data-start=\"2130\" data-end=\"2133\" \/>Eine gedruckte Ausgabe ist weltweit erh\u00e4ltlich.<\/p>\n<p data-start=\"2180\" data-end=\"2257\">Erschaffe eine Geschichte, an die sie sich erinnern werden \u2013 denn dieses Mal sind sie die Helden.<\/p>","protected":false},"excerpt":{"rendered":"<p>Ein wundersch\u00f6n illustriertes, personalisiertes Buch, in dem Ihr Kind zum Helden wird. Individuell gestaltet nach Name, Aussehen und Pers\u00f6nlichkeit. Sofortiger digitaler Zugriff; gedruckte Ausgabe erh\u00e4ltlich.<\/p>","protected":false},"featured_media":6418,"comment_status":"open","ping_status":"closed","template":"","meta":{"_acf_changed":false,"site-sidebar-layout":"default","site-content-layout":"","ast-site-content-layout":"default","site-content-style":"default","site-sidebar-style":"default","ast-global-header-display":"","ast-banner-title-visibility":"","ast-main-header-display":"","ast-hfb-above-header-display":"","ast-hfb-below-header-display":"","ast-hfb-mobile-header-display":"","site-post-title":"","ast-breadcrumbs-content":"","ast-featured-img":"","footer-sml-layout":"","theme-transparent-header-meta":"default","adv-header-id-meta":"","stick-header-meta":"","header-above-stick-meta":"","header-main-stick-meta":"","header-below-stick-meta":"","astra-migrate-meta-layouts":"set","ast-page-background-enabled":"default","ast-page-background-meta":{"desktop":{"background-color":"var(--ast-global-color-5)","background-image":"","background-repeat":"repeat","background-position":"center center","background-size":"auto","background-attachment":"scroll","background-type":"","background-media":"","overlay-type":"","overlay-color":"","overlay-opacity":"","overlay-gradient":""},"tablet":{"background-color":"","background-image":"","background-repeat":"repeat","background-position":"center center","background-size":"auto","background-attachment":"scroll","background-type":"","background-media":"","overlay-type":"","overlay-color":"","overlay-opacity":"","overlay-gradient":""},"mobile":{"background-color":"","background-image":"","background-repeat":"repeat","background-position":"center center","background-size":"auto","background-attachment":"scroll","background-type":"","background-media":"","overlay-type":"","overlay-color":"","overlay-opacity":"","overlay-gradient":""}},"ast-content-background-meta":{"desktop":{"background-color":"var(--ast-global-color-4)","background-image":"","background-repeat":"repeat","background-position":"center center","background-size":"auto","background-attachment":"scroll","background-type":"","background-media":"","overlay-type":"","overlay-color":"","overlay-opacity":"","overlay-gradient":""},"tablet":{"background-color":"var(--ast-global-color-4)","background-image":"","background-repeat":"repeat","background-position":"center center","background-size":"auto","background-attachment":"scroll","background-type":"","background-media":"","overlay-type":"","overlay-color":"","overlay-opacity":"","overlay-gradient":""},"mobile":{"background-color":"var(--ast-global-color-4)","background-image":"","background-repeat":"repeat","background-position":"center center","background-size":"auto","background-attachment":"scroll","background-type":"","background-media":"","overlay-type":"","overlay-color":"","overlay-opacity":"","overlay-gradient":""}},"_glsr_average":4.8,"_glsr_ranking":4.76875,"_glsr_reviews":406},"product_brand":[],"product_cat":[168,18],"product_tag":[],"class_list":{"0":"post-4395","1":"product","2":"type-product","3":"status-publish","4":"has-post-thumbnail","6":"product_cat-digital-book","7":"product_cat-uncategorized","8":"desktop-align-left","9":"tablet-align-left","10":"mobile-align-left","12":"first","13":"instock","14":"downloadable","15":"taxable","16":"shipping-taxable","17":"purchasable","18":"product-type-simple"},"acf":[],"_links":{"self":[{"href":"https:\/\/mibooko.com\/de\/wp-json\/wp\/v2\/product\/4395","targetHints":{"allow":["GET"]}}],"collection":[{"href":"https:\/\/mibooko.com\/de\/wp-json\/wp\/v2\/product"}],"about":[{"href":"https:\/\/mibooko.com\/de\/wp-json\/wp\/v2\/types\/product"}],"replies":[{"embeddable":true,"href":"https:\/\/mibooko.com\/de\/wp-json\/wp\/v2\/comments?post=4395"}],"wp:featuredmedia":[{"embeddable":true,"href":"https:\/\/mibooko.com\/de\/wp-json\/wp\/v2\/media\/6418"}],"wp:attachment":[{"href":"https:\/\/mibooko.com\/de\/wp-json\/wp\/v2\/media?parent=4395"}],"wp:term":[{"taxonomy":"product_brand","embeddable":true,"href":"https:\/\/mibooko.com\/de\/wp-json\/wp\/v2\/product_brand?post=4395"},{"taxonomy":"product_cat","embeddable":true,"href":"https:\/\/mibooko.com\/de\/wp-json\/wp\/v2\/product_cat?post=4395"},{"taxonomy":"product_tag","embeddable":true,"href":"https:\/\/mibooko.com\/de\/wp-json\/wp\/v2\/product_tag?post=4395"}],"curies":[{"name":"wp","href":"https:\/\/api.w.org\/{rel}","templated":true}]}}