{"id":4399,"date":"2025-11-07T15:05:56","date_gmt":"2025-11-07T14:05:56","guid":{"rendered":"https:\/\/mibooko.com\/?post_type=product&#038;p=4399"},"modified":"2026-03-18T19:55:13","modified_gmt":"2026-03-18T18:55:13","slug":"mystery-book-box-3-personalized-storybooks","status":"publish","type":"product","link":"https:\/\/mibooko.com\/de\/product\/mystery-book-box-3-personalized-storybooks\/","title":{"rendered":"Mystery Book Box \u2013 3 personalisierte Bilderb\u00fccher f\u00fcr Kinder"},"content":{"rendered":"<p data-start=\"2228\" data-end=\"2428\">Schenken Sie Ihrem Kind ein unvergessliches Leseerlebnis mit dem <strong data-start=\"2289\" data-end=\"2314\">Mystery Book Box<\/strong> \u2014 eine Premium-Kollektion <strong data-start=\"2341\" data-end=\"2380\">drei vollst\u00e4ndig personalisierte Bilderb\u00fccher<\/strong>, Jedes einzelne Produkt ist auf die einzigartige Welt Ihres Kindes zugeschnitten.<\/p>\n<p data-start=\"2430\" data-end=\"2453\">Jedes Bilderbuch bietet:<\/p>\n<ul data-start=\"2454\" data-end=\"2562\">\n<li data-start=\"2454\" data-end=\"2477\">\n<p data-start=\"2456\" data-end=\"2477\">reichhaltigeres Geschichtenerz\u00e4hlen<\/p>\n<\/li>\n<li data-start=\"2478\" data-end=\"2502\">\n<p data-start=\"2480\" data-end=\"2502\">detailliertere Szenen<\/p>\n<\/li>\n<li data-start=\"2503\" data-end=\"2531\">\n<p data-start=\"2505\" data-end=\"2531\">ausdrucksstarke Illustrationen<\/p>\n<\/li>\n<li data-start=\"2532\" data-end=\"2562\">\n<p data-start=\"2534\" data-end=\"2562\">tieferes emotionales Eintauchen<\/p>\n<\/li>\n<\/ul>\n<p data-start=\"2564\" data-end=\"2594\">Perfekt f\u00fcr Familien, die Folgendes lieben:<\/p>\n<ul data-start=\"2595\" data-end=\"2744\">\n<li data-start=\"2595\" data-end=\"2621\">\n<p data-start=\"2597\" data-end=\"2621\">l\u00e4ngeres Vorlesen vor dem Schlafengehen<\/p>\n<\/li>\n<li data-start=\"2622\" data-end=\"2654\">\n<p data-start=\"2624\" data-end=\"2654\">fesselnde, bedeutungsvolle Geschichten<\/p>\n<\/li>\n<li data-start=\"2655\" data-end=\"2693\">\n<p data-start=\"2657\" data-end=\"2693\">wundersch\u00f6n illustrierte Abenteuer<\/p>\n<\/li>\n<li data-start=\"2694\" data-end=\"2744\">\n<p data-start=\"2696\" data-end=\"2744\">F\u00f6rderung von emotionalem Selbstvertrauen und Vorstellungskraft<\/p>\n<\/li>\n<\/ul>\n<p data-start=\"2746\" data-end=\"3030\">Dieses Mystery Book Box ist Teil eines <strong data-start=\"2786\" data-end=\"2802\">7-teilige Serie<\/strong>, wobei jedes Set Folgendes enth\u00e4lt <strong data-start=\"2829\" data-end=\"2858\">3 personalisierte Bilderb\u00fccher<\/strong>, insgesamt <strong data-start=\"2879\" data-end=\"2903\">21 einzigartige Abenteuer<\/strong>.<br data-start=\"2904\" data-end=\"2907\" \/>Ihr Kind kann eine ganze Bibliothek an Themen, Emotionen, Charakteren und Herausforderungen entdecken \u2013 immer als Held der Geschichte.<\/p>\n<p data-start=\"3032\" data-end=\"3126\">Jedes MIBOOKO-Bilderbuch wird unter Anwendung entwicklungspsychologischer Erz\u00e4hlprinzipien erstellt, die Folgendes unterst\u00fctzen:<\/p>\n<ul data-start=\"3127\" data-end=\"3209\">\n<li data-start=\"3127\" data-end=\"3138\">\n<p data-start=\"3129\" data-end=\"3138\">Empathie<\/p>\n<\/li>\n<li data-start=\"3139\" data-end=\"3153\">\n<p data-start=\"3141\" data-end=\"3153\">Widerstandsf\u00e4higkeit<\/p>\n<\/li>\n<li data-start=\"3154\" data-end=\"3167\">\n<p data-start=\"3156\" data-end=\"3167\">Neugier<\/p>\n<\/li>\n<li data-start=\"3168\" data-end=\"3183\">\n<p data-start=\"3170\" data-end=\"3183\">Vorstellung<\/p>\n<\/li>\n<li data-start=\"3184\" data-end=\"3209\">\n<p data-start=\"3186\" data-end=\"3209\">Fr\u00fche Lese- und Schreibf\u00e4higkeiten<\/p>\n<\/li>\n<\/ul>\n<p data-start=\"3211\" data-end=\"3342\">Sie erhalten <strong data-start=\"3223\" data-end=\"3249\">sofortiger digitaler Zugriff<\/strong> zu allen drei Bilderb\u00fcchern.<br data-start=\"3274\" data-end=\"3277\" \/>Das Abenteuer Ihres Kindes beginnt in dem Moment, in dem Sie Ihre Bestellung abschlie\u00dfen.<\/p>\n<p data-start=\"3344\" data-end=\"3442\">Bieten Sie ihnen ein erstklassiges Leseerlebnis \u2013 drei kunstvoll gestaltete Geschichten, in denen <strong data-start=\"3420\" data-end=\"3428\">Sie<\/strong> sind die Helden.<\/p>","protected":false},"excerpt":{"rendered":"<p>Eine exklusive \u00dcberraschungsbox mit drei liebevoll illustrierten, personalisierten Bilderb\u00fcchern. Jede Geschichte entf\u00fchrt Ihr Kind in ein noch intensiveres Abenteuer, individuell auf seinen Namen, sein Aussehen und seine Pers\u00f6nlichkeit zugeschnitten. Als Teil einer 7-teiligen Reihe mit insgesamt 21 einzigartigen Bilderb\u00fcchern er\u00f6ffnet diese Box drei unvergessliche Reisen. Sofortiger digitaler Zugriff inklusive.<\/p>","protected":false},"featured_media":0,"comment_status":"open","ping_status":"closed","template":"","meta":{"_acf_changed":false,"site-sidebar-layout":"default","site-content-layout":"","ast-site-content-layout":"default","site-content-style":"default","site-sidebar-style":"default","ast-global-header-display":"","ast-banner-title-visibility":"","ast-main-header-display":"","ast-hfb-above-header-display":"","ast-hfb-below-header-display":"","ast-hfb-mobile-header-display":"","site-post-title":"","ast-breadcrumbs-content":"","ast-featured-img":"","footer-sml-layout":"","theme-transparent-header-meta":"default","adv-header-id-meta":"","stick-header-meta":"","header-above-stick-meta":"","header-main-stick-meta":"","header-below-stick-meta":"","astra-migrate-meta-layouts":"set","ast-page-background-enabled":"default","ast-page-background-meta":{"desktop":{"background-color":"var(--ast-global-color-5)","background-image":"","background-repeat":"repeat","background-position":"center center","background-size":"auto","background-attachment":"scroll","background-type":"","background-media":"","overlay-type":"","overlay-color":"","overlay-opacity":"","overlay-gradient":""},"tablet":{"background-color":"","background-image":"","background-repeat":"repeat","background-position":"center center","background-size":"auto","background-attachment":"scroll","background-type":"","background-media":"","overlay-type":"","overlay-color":"","overlay-opacity":"","overlay-gradient":""},"mobile":{"background-color":"","background-image":"","background-repeat":"repeat","background-position":"center center","background-size":"auto","background-attachment":"scroll","background-type":"","background-media":"","overlay-type":"","overlay-color":"","overlay-opacity":"","overlay-gradient":""}},"ast-content-background-meta":{"desktop":{"background-color":"var(--ast-global-color-4)","background-image":"","background-repeat":"repeat","background-position":"center center","background-size":"auto","background-attachment":"scroll","background-type":"","background-media":"","overlay-type":"","overlay-color":"","overlay-opacity":"","overlay-gradient":""},"tablet":{"background-color":"var(--ast-global-color-4)","background-image":"","background-repeat":"repeat","background-position":"center center","background-size":"auto","background-attachment":"scroll","background-type":"","background-media":"","overlay-type":"","overlay-color":"","overlay-opacity":"","overlay-gradient":""},"mobile":{"background-color":"var(--ast-global-color-4)","background-image":"","background-repeat":"repeat","background-position":"center center","background-size":"auto","background-attachment":"scroll","background-type":"","background-media":"","overlay-type":"","overlay-color":"","overlay-opacity":"","overlay-gradient":""}},"_glsr_average":0,"_glsr_ranking":0,"_glsr_reviews":0},"product_brand":[],"product_cat":[168,18],"product_tag":[],"class_list":{"0":"post-4399","1":"product","2":"type-product","3":"status-publish","5":"product_cat-digital-book","6":"product_cat-uncategorized","7":"desktop-align-left","8":"tablet-align-left","9":"mobile-align-left","11":"first","12":"instock","13":"downloadable","14":"taxable","15":"shipping-taxable","16":"purchasable","17":"product-type-simple"},"acf":[],"_links":{"self":[{"href":"https:\/\/mibooko.com\/de\/wp-json\/wp\/v2\/product\/4399","targetHints":{"allow":["GET"]}}],"collection":[{"href":"https:\/\/mibooko.com\/de\/wp-json\/wp\/v2\/product"}],"about":[{"href":"https:\/\/mibooko.com\/de\/wp-json\/wp\/v2\/types\/product"}],"replies":[{"embeddable":true,"href":"https:\/\/mibooko.com\/de\/wp-json\/wp\/v2\/comments?post=4399"}],"wp:attachment":[{"href":"https:\/\/mibooko.com\/de\/wp-json\/wp\/v2\/media?parent=4399"}],"wp:term":[{"taxonomy":"product_brand","embeddable":true,"href":"https:\/\/mibooko.com\/de\/wp-json\/wp\/v2\/product_brand?post=4399"},{"taxonomy":"product_cat","embeddable":true,"href":"https:\/\/mibooko.com\/de\/wp-json\/wp\/v2\/product_cat?post=4399"},{"taxonomy":"product_tag","embeddable":true,"href":"https:\/\/mibooko.com\/de\/wp-json\/wp\/v2\/product_tag?post=4399"}],"curies":[{"name":"wp","href":"https:\/\/api.w.org\/{rel}","templated":true}]}}