{"id":4400,"date":"2025-11-07T15:10:02","date_gmt":"2025-11-07T14:10:02","guid":{"rendered":"https:\/\/mibooko.com\/?post_type=product&#038;p=4400"},"modified":"2026-03-18T19:54:50","modified_gmt":"2026-03-18T18:54:50","slug":"personalized-storybook-subscription-for-children","status":"publish","type":"product","link":"https:\/\/mibooko.com\/de\/product\/personalized-storybook-subscription-for-children\/","title":{"rendered":"Personalisiertes Bilderbuch-Abonnement f\u00fcr Kinder"},"content":{"rendered":"<p data-start=\"2003\" data-end=\"2243\">Schenken Sie Ihrem Kind ein Jahr voller bedeutungsvoller, intensiver Leseerfahrung durch das <strong data-start=\"2080\" data-end=\"2119\">Personalisiertes Bilderbuch-Abonnement<\/strong> \u2014 eine Sammlung von <strong data-start=\"2138\" data-end=\"2174\">12 reich illustrierte Bilderb\u00fccher<\/strong>, Jede einzelne ist auf ihre Welt, Pers\u00f6nlichkeit und Entwicklungsbed\u00fcrfnisse zugeschnitten.<\/p>\n<p data-start=\"2245\" data-end=\"2303\">Anders als bei herk\u00f6mmlichen B\u00fcchern passt sich jede Geschichte Ihrem Kind an:<\/p>\n<ul data-start=\"2304\" data-end=\"2474\">\n<li data-start=\"2304\" data-end=\"2346\">\n<p data-start=\"2306\" data-end=\"2346\">Name, Aussehen und Familienstruktur<\/p>\n<\/li>\n<li data-start=\"2347\" data-end=\"2372\">\n<p data-start=\"2349\" data-end=\"2372\">Alter und Lesestufe<\/p>\n<\/li>\n<li data-start=\"2373\" data-end=\"2395\">\n<p data-start=\"2375\" data-end=\"2395\">Pers\u00f6nlichkeitsmerkmale<\/p>\n<\/li>\n<li data-start=\"2396\" data-end=\"2415\">\n<p data-start=\"2398\" data-end=\"2415\">emotionale Bed\u00fcrfnisse<\/p>\n<\/li>\n<li data-start=\"2416\" data-end=\"2438\">\n<p data-start=\"2418\" data-end=\"2438\">aktuelle Herausforderungen<\/p>\n<\/li>\n<li data-start=\"2439\" data-end=\"2474\">\n<p data-start=\"2441\" data-end=\"2474\">Interessen, \u00c4ngste und St\u00e4rken<\/p>\n<\/li>\n<\/ul>\n<p data-start=\"2476\" data-end=\"2602\">Dieses Abonnement konzentriert sich auf <strong data-start=\"2505\" data-end=\"2544\">tiefgreifendes emotionales und kognitives Wachstum<\/strong>, um Kindern dabei zu helfen, F\u00e4higkeiten wie die folgenden zu \u00fcben und zu festigen:<\/p>\n<ul data-start=\"2603\" data-end=\"2798\">\n<li data-start=\"2603\" data-end=\"2637\">\n<p data-start=\"2605\" data-end=\"2637\">Resilienz und Selbstvertrauen<\/p>\n<\/li>\n<li data-start=\"2638\" data-end=\"2662\">\n<p data-start=\"2640\" data-end=\"2662\">Emotionsregulation<\/p>\n<\/li>\n<li data-start=\"2663\" data-end=\"2687\">\n<p data-start=\"2665\" data-end=\"2687\">Empathie und Freundlichkeit<\/p>\n<\/li>\n<li data-start=\"2688\" data-end=\"2717\">\n<p data-start=\"2690\" data-end=\"2717\">Neugier und Fantasie<\/p>\n<\/li>\n<li data-start=\"2718\" data-end=\"2737\">\n<p data-start=\"2720\" data-end=\"2737\">Probleml\u00f6sung<\/p>\n<\/li>\n<li data-start=\"2738\" data-end=\"2773\">\n<p data-start=\"2740\" data-end=\"2773\">soziale Situationen verstehen<\/p>\n<\/li>\n<li data-start=\"2774\" data-end=\"2798\">\n<p data-start=\"2776\" data-end=\"2798\">Geduld und Mut<\/p>\n<\/li>\n<\/ul>\n<p data-start=\"2800\" data-end=\"2913\">Jedes Bilderbuch bietet eine <strong data-start=\"2824\" data-end=\"2859\">l\u00e4ngere, detailliertere Erz\u00e4hlung<\/strong> als die regul\u00e4re Buchausgabe und daher perfekt geeignet f\u00fcr:<\/p>\n<ul data-start=\"2914\" data-end=\"3028\">\n<li data-start=\"2914\" data-end=\"2946\">\n<p data-start=\"2916\" data-end=\"2946\">Gute-Nacht-Geschichten-Rituale<\/p>\n<\/li>\n<li data-start=\"2947\" data-end=\"2966\">\n<p data-start=\"2949\" data-end=\"2966\">engagierte Leser<\/p>\n<\/li>\n<li data-start=\"2967\" data-end=\"2992\">\n<p data-start=\"2969\" data-end=\"2992\">emotionale Entwicklung<\/p>\n<\/li>\n<li data-start=\"2993\" data-end=\"3028\">\n<p data-start=\"2995\" data-end=\"3028\">nachhaltige Lesegewohnheiten aufbauen<\/p>\n<\/li>\n<\/ul>\n<p data-start=\"3030\" data-end=\"3256\">Jeden Monat (oder jede Woche, oder alle zwei Wochen) betritt Ihr Kind eine neue Welt \u2013 immer als Held \u2013 und lernt durch warmherzige, evidenzbasierte Geschichten, Herausforderungen zu meistern, St\u00e4rken zu feiern und seine Emotionen zu verstehen.<\/p>\n<p data-start=\"3258\" data-end=\"3506\">Sie erhalten <strong data-start=\"3270\" data-end=\"3296\">sofortiger digitaler Zugriff<\/strong> f\u00fcr jedes Bilderbuch, sobald es erscheint, damit Ihr Kind sofort mit dem Entdecken beginnen kann.<br data-start=\"3388\" data-end=\"3391\" \/>Ihr Abonnement kann eintreffen <strong data-start=\"3420\" data-end=\"3430\">w\u00f6chentlich<\/strong>, <strong data-start=\"3432\" data-end=\"3445\">zweiw\u00f6chentlich<\/strong>, oder <strong data-start=\"3450\" data-end=\"3461\">monatlich<\/strong> je nachdem, was am besten zum Rhythmus Ihrer Familie passt.<\/p>\n<p data-start=\"3508\" data-end=\"3634\">Schenken Sie Ihrem Kind 12 eindrucksvolle Geschichten, die es in seiner Entwicklung unterst\u00fctzen \u2013 ein Abenteuer, eine Lektion, ein Heldenmoment nach dem anderen.<\/p>\n<p data-start=\"3636\" data-end=\"3682\">Denn in jeder Geschichte, <strong data-start=\"3660\" data-end=\"3668\">Sie<\/strong> sind die Helden.<\/p>","protected":false},"excerpt":{"rendered":"<p>Schenken Sie Ihrem Kind 12 liebevoll illustrierte, personalisierte Bilderb\u00fccher \u2013 w\u00f6chentlich, zweiw\u00f6chentlich oder monatlich. Jede fesselnde Geschichte f\u00f6rdert emotionale Kompetenzen, Selbstvertrauen, Resilienz und Fantasie \u2013 Ihr Kind steht dabei immer im Mittelpunkt. Ein wertvolles Leseritual, das mit Ihrem Kind mitw\u00e4chst.<\/p>","protected":false},"featured_media":0,"comment_status":"open","ping_status":"closed","template":"","meta":{"_acf_changed":false,"site-sidebar-layout":"default","site-content-layout":"","ast-site-content-layout":"default","site-content-style":"default","site-sidebar-style":"default","ast-global-header-display":"","ast-banner-title-visibility":"","ast-main-header-display":"","ast-hfb-above-header-display":"","ast-hfb-below-header-display":"","ast-hfb-mobile-header-display":"","site-post-title":"","ast-breadcrumbs-content":"","ast-featured-img":"","footer-sml-layout":"","theme-transparent-header-meta":"default","adv-header-id-meta":"","stick-header-meta":"","header-above-stick-meta":"","header-main-stick-meta":"","header-below-stick-meta":"","astra-migrate-meta-layouts":"set","ast-page-background-enabled":"default","ast-page-background-meta":{"desktop":{"background-color":"var(--ast-global-color-5)","background-image":"","background-repeat":"repeat","background-position":"center center","background-size":"auto","background-attachment":"scroll","background-type":"","background-media":"","overlay-type":"","overlay-color":"","overlay-opacity":"","overlay-gradient":""},"tablet":{"background-color":"","background-image":"","background-repeat":"repeat","background-position":"center center","background-size":"auto","background-attachment":"scroll","background-type":"","background-media":"","overlay-type":"","overlay-color":"","overlay-opacity":"","overlay-gradient":""},"mobile":{"background-color":"","background-image":"","background-repeat":"repeat","background-position":"center center","background-size":"auto","background-attachment":"scroll","background-type":"","background-media":"","overlay-type":"","overlay-color":"","overlay-opacity":"","overlay-gradient":""}},"ast-content-background-meta":{"desktop":{"background-color":"var(--ast-global-color-4)","background-image":"","background-repeat":"repeat","background-position":"center center","background-size":"auto","background-attachment":"scroll","background-type":"","background-media":"","overlay-type":"","overlay-color":"","overlay-opacity":"","overlay-gradient":""},"tablet":{"background-color":"var(--ast-global-color-4)","background-image":"","background-repeat":"repeat","background-position":"center center","background-size":"auto","background-attachment":"scroll","background-type":"","background-media":"","overlay-type":"","overlay-color":"","overlay-opacity":"","overlay-gradient":""},"mobile":{"background-color":"var(--ast-global-color-4)","background-image":"","background-repeat":"repeat","background-position":"center center","background-size":"auto","background-attachment":"scroll","background-type":"","background-media":"","overlay-type":"","overlay-color":"","overlay-opacity":"","overlay-gradient":""}},"_glsr_average":0,"_glsr_ranking":0,"_glsr_reviews":0},"product_brand":[],"product_cat":[168,18],"product_tag":[],"class_list":{"0":"post-4400","1":"product","2":"type-product","3":"status-publish","5":"product_cat-digital-book","6":"product_cat-uncategorized","7":"desktop-align-left","8":"tablet-align-left","9":"mobile-align-left","11":"first","12":"instock","13":"taxable","14":"shipping-taxable","15":"purchasable","16":"product-type-variable"},"acf":[],"_links":{"self":[{"href":"https:\/\/mibooko.com\/de\/wp-json\/wp\/v2\/product\/4400","targetHints":{"allow":["GET"]}}],"collection":[{"href":"https:\/\/mibooko.com\/de\/wp-json\/wp\/v2\/product"}],"about":[{"href":"https:\/\/mibooko.com\/de\/wp-json\/wp\/v2\/types\/product"}],"replies":[{"embeddable":true,"href":"https:\/\/mibooko.com\/de\/wp-json\/wp\/v2\/comments?post=4400"}],"wp:attachment":[{"href":"https:\/\/mibooko.com\/de\/wp-json\/wp\/v2\/media?parent=4400"}],"wp:term":[{"taxonomy":"product_brand","embeddable":true,"href":"https:\/\/mibooko.com\/de\/wp-json\/wp\/v2\/product_brand?post=4400"},{"taxonomy":"product_cat","embeddable":true,"href":"https:\/\/mibooko.com\/de\/wp-json\/wp\/v2\/product_cat?post=4400"},{"taxonomy":"product_tag","embeddable":true,"href":"https:\/\/mibooko.com\/de\/wp-json\/wp\/v2\/product_tag?post=4400"}],"curies":[{"name":"wp","href":"https:\/\/api.w.org\/{rel}","templated":true}]}}