{"id":6012,"date":"2025-11-27T00:45:27","date_gmt":"2025-11-26T23:45:27","guid":{"rendered":"https:\/\/mibooko.com\/?post_type=product&#038;p=6012"},"modified":"2026-03-18T19:54:26","modified_gmt":"2026-03-18T18:54:26","slug":"special-moment-personalized-book","status":"publish","type":"product","link":"https:\/\/mibooko.com\/de\/product\/special-moment-personalized-book\/","title":{"rendered":"Besonderer Moment \u2013 personalisiertes Buch"},"content":{"rendered":"<p>Das Buch \u201eBesondere Momente\u201c ist eine ganz pers\u00f6nliche Kindergeschichte, die geschaffen wurde, um die wichtigsten Momente im Leben zu feiern, zu w\u00fcrdigen oder ihnen besondere Bedeutung zu verleihen. Ob freudig, festlich, emotional oder besinnlich \u2013 dieses Buch verwandelt Ihren gew\u00e4hlten Anlass in ein wundersch\u00f6n illustriertes Abenteuer, in dem Ihr Kind die Hauptrolle spielt.<\/p>\n<p>Sie beginnen damit, den Namen und das Aussehen Ihres Kindes sowie die Familienmitglieder, die an seiner Seite erscheinen, individuell anzupassen. F\u00fcgen Sie eine pers\u00f6nliche Widmung hinzu, w\u00e4hlen Sie den passenden Tonfall und erleben Sie, wie sich die Geschichte sofort anpasst. Ihr fertiges Buch wird Ihnen anschlie\u00dfend in den benutzerfreundlichen Formaten PDF und EPUB zugestellt \u2013 ideal zum Lesen auf jedem Ger\u00e4t oder zum Ausdrucken zu Hause als Erinnerungsst\u00fcck. Je nach Sprache ist optional auch eine Vorlesefunktion verf\u00fcgbar.<\/p>\n<p>Diese Ausgabe ist ideal f\u00fcr Eltern, die eine kurze, herzliche Geschichte w\u00fcnschen, die dennoch die Essenz des Anlasses einf\u00e4ngt.<\/p>\n<p><strong>Anl\u00e4sse, f\u00fcr die man eine Geschichte erfinden kann<\/strong><\/p>\n<p>Unser Buch f\u00fcr besondere Momente unterst\u00fctzt derzeit eine breite Auswahl an Familien- und Kulturveranstaltungen, darunter:<\/p>\n<ul>\n<li>Geburtstag<\/li>\n<li>Weihnachten<\/li>\n<li>Neujahr<\/li>\n<li>Ostern<\/li>\n<li>Eid Mubarak<\/li>\n<li>Chag Sameach<\/li>\n<li>Namenstag<\/li>\n<li>Muttertag<\/li>\n<li>Vatertag<\/li>\n<li>Kindertag<\/li>\n<li>Neues Baby \/ Willkommen auf der Welt<\/li>\n<li>Halloween<\/li>\n<li>Diwali<\/li>\n<li>Valentinstag<\/li>\n<li>Mondneujahr (Feuerpferd-Thema)<\/li>\n<li>Beerdigung \/ Abschied \/ Gedenken \u2013 sanftes, tr\u00f6stendes Geschichtenerz\u00e4hlen<\/li>\n<\/ul>\n<p>Falls Ihr gew\u00fcnschter Anlass nicht aufgef\u00fchrt ist, k\u00f6nnen Sie bei der Personalisierung \u201cAnderer Anlass\u201d ausw\u00e4hlen und Ihre Situation beschreiben. Unser System passt die Geschichte dann respektvoll an die Bed\u00fcrfnisse Ihrer Familie an.<br \/>\n<strong>Warum Familien das Buch \u201eBesondere Momente\u201c lieben<\/strong><\/p>\n<ul>\n<li>Ein bedeutungsvolles Erinnerungsst\u00fcck f\u00fcr Meilensteine oder emotionale \u00dcberg\u00e4nge<\/li>\n<li>Personalisierter Held, Familie und Botschaft<\/li>\n<li>Sanfte Erz\u00e4hlt\u00f6ne, abgestimmt auf Ihren Anlass<\/li>\n<li>Sofortiger Zugriff \u2013 kein Versand erforderlich<\/li>\n<li>Perfekt f\u00fcr Familien, Verwandte und alle, die ein aufmerksames Geschenk suchen.<\/li>\n<\/ul>\n<p>Dieses Buch wird zu einer wertvollen Erinnerung, die mit Ihrem Kind mitw\u00e4chst \u2013 etwas, zu dem es Jahr f\u00fcr Jahr als Teil Ihrer famili\u00e4ren Erz\u00e4hltradition zur\u00fcckkehren wird.<\/p>","protected":false},"excerpt":{"rendered":"<p>Ein personalisiertes Kinderbuch f\u00fcr jeden besonderen Anlass \u2013 Geburtstage, Feiertage, Geburten oder Erinnerungen. Gestalten Sie das Buch individuell mit dem Namen Ihres Kindes, seinem Aussehen, Familienmitgliedern und einer Widmung. Sofortiger Download als PDF &amp; EPUB zum Ausdrucken zu Hause oder zum digitalen Lesen.<\/p>","protected":false},"featured_media":0,"comment_status":"open","ping_status":"closed","template":"","meta":{"_acf_changed":false,"site-sidebar-layout":"default","site-content-layout":"","ast-site-content-layout":"default","site-content-style":"default","site-sidebar-style":"default","ast-global-header-display":"","ast-banner-title-visibility":"","ast-main-header-display":"","ast-hfb-above-header-display":"","ast-hfb-below-header-display":"","ast-hfb-mobile-header-display":"","site-post-title":"","ast-breadcrumbs-content":"","ast-featured-img":"","footer-sml-layout":"","theme-transparent-header-meta":"default","adv-header-id-meta":"","stick-header-meta":"","header-above-stick-meta":"","header-main-stick-meta":"","header-below-stick-meta":"","astra-migrate-meta-layouts":"set","ast-page-background-enabled":"default","ast-page-background-meta":{"desktop":{"background-color":"var(--ast-global-color-5)","background-image":"","background-repeat":"repeat","background-position":"center center","background-size":"auto","background-attachment":"scroll","background-type":"","background-media":"","overlay-type":"","overlay-color":"","overlay-opacity":"","overlay-gradient":""},"tablet":{"background-color":"","background-image":"","background-repeat":"repeat","background-position":"center center","background-size":"auto","background-attachment":"scroll","background-type":"","background-media":"","overlay-type":"","overlay-color":"","overlay-opacity":"","overlay-gradient":""},"mobile":{"background-color":"","background-image":"","background-repeat":"repeat","background-position":"center center","background-size":"auto","background-attachment":"scroll","background-type":"","background-media":"","overlay-type":"","overlay-color":"","overlay-opacity":"","overlay-gradient":""}},"ast-content-background-meta":{"desktop":{"background-color":"var(--ast-global-color-4)","background-image":"","background-repeat":"repeat","background-position":"center center","background-size":"auto","background-attachment":"scroll","background-type":"","background-media":"","overlay-type":"","overlay-color":"","overlay-opacity":"","overlay-gradient":""},"tablet":{"background-color":"var(--ast-global-color-4)","background-image":"","background-repeat":"repeat","background-position":"center center","background-size":"auto","background-attachment":"scroll","background-type":"","background-media":"","overlay-type":"","overlay-color":"","overlay-opacity":"","overlay-gradient":""},"mobile":{"background-color":"var(--ast-global-color-4)","background-image":"","background-repeat":"repeat","background-position":"center center","background-size":"auto","background-attachment":"scroll","background-type":"","background-media":"","overlay-type":"","overlay-color":"","overlay-opacity":"","overlay-gradient":""}},"_glsr_average":0,"_glsr_ranking":0,"_glsr_reviews":0},"product_brand":[],"product_cat":[168,18],"product_tag":[],"class_list":{"0":"post-6012","1":"product","2":"type-product","3":"status-publish","5":"product_cat-digital-book","6":"product_cat-uncategorized","7":"desktop-align-left","8":"tablet-align-left","9":"mobile-align-left","11":"first","12":"instock","13":"downloadable","14":"taxable","15":"shipping-taxable","16":"purchasable","17":"product-type-simple"},"acf":[],"_links":{"self":[{"href":"https:\/\/mibooko.com\/de\/wp-json\/wp\/v2\/product\/6012","targetHints":{"allow":["GET"]}}],"collection":[{"href":"https:\/\/mibooko.com\/de\/wp-json\/wp\/v2\/product"}],"about":[{"href":"https:\/\/mibooko.com\/de\/wp-json\/wp\/v2\/types\/product"}],"replies":[{"embeddable":true,"href":"https:\/\/mibooko.com\/de\/wp-json\/wp\/v2\/comments?post=6012"}],"wp:attachment":[{"href":"https:\/\/mibooko.com\/de\/wp-json\/wp\/v2\/media?parent=6012"}],"wp:term":[{"taxonomy":"product_brand","embeddable":true,"href":"https:\/\/mibooko.com\/de\/wp-json\/wp\/v2\/product_brand?post=6012"},{"taxonomy":"product_cat","embeddable":true,"href":"https:\/\/mibooko.com\/de\/wp-json\/wp\/v2\/product_cat?post=6012"},{"taxonomy":"product_tag","embeddable":true,"href":"https:\/\/mibooko.com\/de\/wp-json\/wp\/v2\/product_tag?post=6012"}],"curies":[{"name":"wp","href":"https:\/\/api.w.org\/{rel}","templated":true}]}}