{"id":6013,"date":"2025-11-27T00:56:33","date_gmt":"2025-11-26T23:56:33","guid":{"rendered":"https:\/\/mibooko.com\/?post_type=product&#038;p=6013"},"modified":"2026-03-18T19:54:06","modified_gmt":"2026-03-18T18:54:06","slug":"special-moment-personalized-storybook","status":"publish","type":"product","link":"https:\/\/mibooko.com\/de\/product\/special-moment-personalized-storybook\/","title":{"rendered":"Besonderer Moment \u2013 personalisiertes Bilderbuch"},"content":{"rendered":"<p data-start=\"2842\" data-end=\"3189\">Der <strong data-start=\"2846\" data-end=\"2874\">Besonderer Moment \u2013 Bilderbuch<\/strong> Diese erweiterte, reich illustrierte Kindergeschichte ist ideal f\u00fcr Familien, die sich eine tiefgr\u00fcndigere und ausdrucksst\u00e4rkere Erz\u00e4hlung zu einem bedeutsamen Ereignis w\u00fcnschen. Mit mehr Szenen, fein abgestimmten emotionalen \u00dcberg\u00e4ngen und detailreichen Illustrationen bietet dieses Bilderbuch ein fesselndes Leseerlebnis, in dem Ihr Kind die Hauptrolle spielt.<\/p>\n<p data-start=\"3191\" data-end=\"3644\">Personalisieren Sie den Namen, das Aussehen und die Familienmitglieder Ihres Kindes und f\u00fcgen Sie eine herzliche Widmung hinzu, um die emotionale Stimmung zu erzeugen. Die Geschichte passt sich dem gew\u00e4hlten Moment an, ob fr\u00f6hlich und festlich oder sanft und tr\u00f6stlich. Nach Fertigstellung erhalten Sie Ihr personalisiertes Bilderbuch umgehend per E-Mail. <strong data-start=\"3486\" data-end=\"3510\">PDF- und EPUB-Formate<\/strong>, Bereit zum digitalen Lesen oder f\u00fcr den Premium-Druck zu Hause. Optional <strong data-start=\"3573\" data-end=\"3590\">TTS-Erz\u00e4hlung<\/strong> wird ebenfalls angeboten.<\/p>\n<p data-start=\"3646\" data-end=\"3803\">Dieses Bilderbuch ist ideal f\u00fcr Familien, die eine tiefere Verbindung zueinander aufbauen, das emotionale Verst\u00e4ndnis f\u00f6rdern oder einen bedeutsamen Lebensmoment sorgsam festhalten m\u00f6chten.<\/p>\n<h3 data-start=\"3805\" data-end=\"3832\"><strong data-start=\"3809\" data-end=\"3832\">Unterst\u00fctzte Anl\u00e4sse<\/strong><\/h3>\n<p data-start=\"3833\" data-end=\"3939\">Sie k\u00f6nnen ein personalisiertes Erinnerungsbuch f\u00fcr alle wichtigen famili\u00e4ren, kulturellen und sentimentalen Ereignisse erstellen, darunter:<\/p>\n<ul data-start=\"3941\" data-end=\"4335\">\n<li data-start=\"3941\" data-end=\"3957\">\n<p data-start=\"3943\" data-end=\"3957\">Geburtstag<\/p>\n<\/li>\n<li data-start=\"3958\" data-end=\"3975\">\n<p data-start=\"3960\" data-end=\"3975\">Weihnachten<\/p>\n<\/li>\n<li data-start=\"3976\" data-end=\"3992\">\n<p data-start=\"3978\" data-end=\"3992\">Neujahr<\/p>\n<\/li>\n<li data-start=\"3993\" data-end=\"4007\">\n<p data-start=\"3995\" data-end=\"4007\">Ostern<\/p>\n<\/li>\n<li data-start=\"4008\" data-end=\"4027\">\n<p data-start=\"4010\" data-end=\"4027\">Eid Mubarak<\/p>\n<\/li>\n<li data-start=\"4028\" data-end=\"4048\">\n<p data-start=\"4030\" data-end=\"4048\">Chag Sameach<\/p>\n<\/li>\n<li data-start=\"4049\" data-end=\"4065\">\n<p data-start=\"4051\" data-end=\"4065\">Namenstag<\/p>\n<\/li>\n<li data-start=\"4066\" data-end=\"4086\">\n<p data-start=\"4068\" data-end=\"4086\">Muttertag<\/p>\n<\/li>\n<li data-start=\"4087\" data-end=\"4107\">\n<p data-start=\"4089\" data-end=\"4107\">Vatertag<\/p>\n<\/li>\n<li data-start=\"4108\" data-end=\"4130\">\n<p data-start=\"4110\" data-end=\"4130\">Kindertag<\/p>\n<\/li>\n<li data-start=\"4131\" data-end=\"4155\">\n<p data-start=\"4133\" data-end=\"4155\">Ein neues Baby ist da!<\/p>\n<\/li>\n<li data-start=\"4156\" data-end=\"4173\">\n<p data-start=\"4158\" data-end=\"4173\">Halloween<\/p>\n<\/li>\n<li data-start=\"4174\" data-end=\"4188\">\n<p data-start=\"4176\" data-end=\"4188\">Diwali<\/p>\n<\/li>\n<li data-start=\"4189\" data-end=\"4212\">\n<p data-start=\"4191\" data-end=\"4212\">Valentinstag<\/p>\n<\/li>\n<li data-start=\"4213\" data-end=\"4248\">\n<p data-start=\"4215\" data-end=\"4248\">Mondneujahr (Feuerpferd)<\/p>\n<\/li>\n<li data-start=\"4249\" data-end=\"4335\">\n<p data-start=\"4251\" data-end=\"4335\">Trauer-\/Abschieds-\/Erinnerungsbuch \u2013 einf\u00fchlsam gestaltet f\u00fcr junge Leser<\/p>\n<\/li>\n<\/ul>\n<p data-start=\"4337\" data-end=\"4449\">Sie k\u00f6nnen auch ausw\u00e4hlen <strong data-start=\"4357\" data-end=\"4377\">\u201cSonstiger Anlass\u201d<\/strong> Wenn Sie eine Geschichte w\u00fcnschen, die sich um einen besonderen Meilenstein in der Familiengeschichte dreht, wie zum Beispiel:<\/p>\n<ul data-start=\"4450\" data-end=\"4589\">\n<li data-start=\"4450\" data-end=\"4473\">\n<p data-start=\"4452\" data-end=\"4473\">Erster Schultag<\/p>\n<\/li>\n<li data-start=\"4474\" data-end=\"4500\">\n<p data-start=\"4476\" data-end=\"4500\">Genesung nach einer Krankheit<\/p>\n<\/li>\n<li data-start=\"4501\" data-end=\"4516\">\n<p data-start=\"4503\" data-end=\"4516\">Umzug<\/p>\n<\/li>\n<li data-start=\"4517\" data-end=\"4533\">\n<p data-start=\"4519\" data-end=\"4533\">Tag der Adoption<\/p>\n<\/li>\n<li data-start=\"4534\" data-end=\"4558\">\n<p data-start=\"4536\" data-end=\"4558\">Besondere Leistungen<\/p>\n<\/li>\n<li data-start=\"4559\" data-end=\"4589\">\n<p data-start=\"4561\" data-end=\"4589\">Familientreffen oder Reisen<\/p>\n<\/li>\n<\/ul>\n<h3 data-start=\"4591\" data-end=\"4636\">Warum Familien die Bilderbuchausgabe w\u00e4hlen<\/h3>\n<ul data-start=\"4637\" data-end=\"4977\">\n<li data-start=\"4637\" data-end=\"4689\">\n<p data-start=\"4639\" data-end=\"4689\">Tieferes Erz\u00e4hlerlebnis durch erweiterte Szenen<\/p>\n<\/li>\n<li data-start=\"4690\" data-end=\"4746\">\n<p data-start=\"4692\" data-end=\"4746\">Zus\u00e4tzliche Illustrationen f\u00fcr eine st\u00e4rkere emotionale Wirkung<\/p>\n<\/li>\n<li data-start=\"4747\" data-end=\"4796\">\n<p data-start=\"4749\" data-end=\"4796\">Ideal f\u00fcr Erinnerungsmomente, Rituale und Zeremonien<\/p>\n<\/li>\n<li data-start=\"4797\" data-end=\"4847\">\n<p data-start=\"4799\" data-end=\"4847\">Personalisierter Held, Familienbesetzung und Hingabe<\/p>\n<\/li>\n<li data-start=\"4848\" data-end=\"4903\">\n<p data-start=\"4850\" data-end=\"4903\">Sofortiger digitaler Zugriff \u2013 heute lesen, f\u00fcr immer sparen<\/p>\n<\/li>\n<li data-start=\"4904\" data-end=\"4977\">\n<p data-start=\"4906\" data-end=\"4977\">Ein bleibendes Andenken f\u00fcr Feierlichkeiten, \u00dcberg\u00e4nge und Momente der Heilung.<\/p>\n<\/li>\n<\/ul>\n<p data-start=\"4979\" data-end=\"5140\">Das Bilderbuch \u201eBesondere Momente\u201c wird mehr als nur eine Geschichte \u2013 es wird zu einem Familienerbst\u00fcck, das von Jahr zu Jahr weitergegeben wird und Teil eurer gemeinsamen emotionalen Reise ist.<\/p>","protected":false},"excerpt":{"rendered":"<p>Ein liebevoll illustriertes, personalisiertes Kinderbuch f\u00fcr die sch\u00f6nsten Momente im Leben. F\u00fcgen Sie den Namen Ihres Kindes, sein Aussehen, seine Familie und eine herzliche Widmung hinzu, um die Geschichte unvergesslich zu machen.<\/p>","protected":false},"featured_media":0,"comment_status":"open","ping_status":"closed","template":"","meta":{"_acf_changed":false,"site-sidebar-layout":"default","site-content-layout":"","ast-site-content-layout":"default","site-content-style":"default","site-sidebar-style":"default","ast-global-header-display":"","ast-banner-title-visibility":"","ast-main-header-display":"","ast-hfb-above-header-display":"","ast-hfb-below-header-display":"","ast-hfb-mobile-header-display":"","site-post-title":"","ast-breadcrumbs-content":"","ast-featured-img":"","footer-sml-layout":"","theme-transparent-header-meta":"default","adv-header-id-meta":"","stick-header-meta":"","header-above-stick-meta":"","header-main-stick-meta":"","header-below-stick-meta":"","astra-migrate-meta-layouts":"set","ast-page-background-enabled":"default","ast-page-background-meta":{"desktop":{"background-color":"var(--ast-global-color-5)","background-image":"","background-repeat":"repeat","background-position":"center center","background-size":"auto","background-attachment":"scroll","background-type":"","background-media":"","overlay-type":"","overlay-color":"","overlay-opacity":"","overlay-gradient":""},"tablet":{"background-color":"","background-image":"","background-repeat":"repeat","background-position":"center center","background-size":"auto","background-attachment":"scroll","background-type":"","background-media":"","overlay-type":"","overlay-color":"","overlay-opacity":"","overlay-gradient":""},"mobile":{"background-color":"","background-image":"","background-repeat":"repeat","background-position":"center center","background-size":"auto","background-attachment":"scroll","background-type":"","background-media":"","overlay-type":"","overlay-color":"","overlay-opacity":"","overlay-gradient":""}},"ast-content-background-meta":{"desktop":{"background-color":"var(--ast-global-color-4)","background-image":"","background-repeat":"repeat","background-position":"center center","background-size":"auto","background-attachment":"scroll","background-type":"","background-media":"","overlay-type":"","overlay-color":"","overlay-opacity":"","overlay-gradient":""},"tablet":{"background-color":"var(--ast-global-color-4)","background-image":"","background-repeat":"repeat","background-position":"center center","background-size":"auto","background-attachment":"scroll","background-type":"","background-media":"","overlay-type":"","overlay-color":"","overlay-opacity":"","overlay-gradient":""},"mobile":{"background-color":"var(--ast-global-color-4)","background-image":"","background-repeat":"repeat","background-position":"center center","background-size":"auto","background-attachment":"scroll","background-type":"","background-media":"","overlay-type":"","overlay-color":"","overlay-opacity":"","overlay-gradient":""}},"_glsr_average":0,"_glsr_ranking":0,"_glsr_reviews":0},"product_brand":[],"product_cat":[168,18],"product_tag":[],"class_list":{"0":"post-6013","1":"product","2":"type-product","3":"status-publish","5":"product_cat-digital-book","6":"product_cat-uncategorized","7":"desktop-align-left","8":"tablet-align-left","9":"mobile-align-left","11":"first","12":"instock","13":"downloadable","14":"taxable","15":"shipping-taxable","16":"purchasable","17":"product-type-simple"},"acf":[],"_links":{"self":[{"href":"https:\/\/mibooko.com\/de\/wp-json\/wp\/v2\/product\/6013","targetHints":{"allow":["GET"]}}],"collection":[{"href":"https:\/\/mibooko.com\/de\/wp-json\/wp\/v2\/product"}],"about":[{"href":"https:\/\/mibooko.com\/de\/wp-json\/wp\/v2\/types\/product"}],"replies":[{"embeddable":true,"href":"https:\/\/mibooko.com\/de\/wp-json\/wp\/v2\/comments?post=6013"}],"wp:attachment":[{"href":"https:\/\/mibooko.com\/de\/wp-json\/wp\/v2\/media?parent=6013"}],"wp:term":[{"taxonomy":"product_brand","embeddable":true,"href":"https:\/\/mibooko.com\/de\/wp-json\/wp\/v2\/product_brand?post=6013"},{"taxonomy":"product_cat","embeddable":true,"href":"https:\/\/mibooko.com\/de\/wp-json\/wp\/v2\/product_cat?post=6013"},{"taxonomy":"product_tag","embeddable":true,"href":"https:\/\/mibooko.com\/de\/wp-json\/wp\/v2\/product_tag?post=6013"}],"curies":[{"name":"wp","href":"https:\/\/api.w.org\/{rel}","templated":true}]}}