{"id":8521,"date":"2025-12-30T04:06:32","date_gmt":"2025-12-30T03:06:32","guid":{"rendered":"https:\/\/mibooko.com\/?page_id=8521"},"modified":"2026-03-18T21:51:13","modified_gmt":"2026-03-18T20:51:13","slug":"continuous-stories-build-child-resilience","status":"publish","type":"page","link":"https:\/\/mibooko.com\/es\/podcast\/continuous-stories-build-child-resilience\/","title":{"rendered":"C\u00f3mo las historias continuas desarrollan la resiliencia emocional en los ni\u00f1os"},"content":{"rendered":"<div data-elementor-type=\"wp-page\" data-elementor-id=\"8521\" class=\"elementor elementor-8521\" data-elementor-post-type=\"page\">\n\t\t\t\t<div class=\"elementor-element elementor-element-5baccab1 e-flex e-con-boxed e-con e-parent\" data-id=\"5baccab1\" data-element_type=\"container\" data-e-type=\"container\">\n\t\t\t\t\t<div class=\"e-con-inner\">\n\t\t\t\t<div class=\"elementor-element elementor-element-46a227d0 elementor-widget elementor-widget-text-editor\" data-id=\"46a227d0\" data-element_type=\"widget\" data-e-type=\"widget\" data-widget_type=\"text-editor.default\">\n\t\t\t\t\t\t\t\t\t<h1><strong>C\u00f3mo las historias continuas desarrollan la resiliencia emocional en los ni\u00f1os<\/strong><\/h1>\n<p><!-- \/wp:paragraph --><!-- wp:separator --><\/p>\n<hr class=\"wp-block-separator has-alpha-channel-opacity\" \/>\n<p><!-- \/wp:separator --><!-- wp:heading {\"level\":3} --><\/p>\n<p><!-- \/wp:heading --><!-- wp:paragraph --><\/p>\n<p>En este episodio del podcast de investigaci\u00f3n MIBOOKO, exploramos por qu\u00e9 los ni\u00f1os responden con tanta fuerza a las historias continuas y familiares, y c\u00f3mo las narraciones continuas pueden apoyar la resiliencia emocional, la calma y la confianza.<\/p>\n<p><!-- \/wp:paragraph --><!-- wp:paragraph --><\/p>\n<p>Los padres suelen notar que los ni\u00f1os piden el mismo cuento noche tras noche. Esto no es una repetici\u00f3n por s\u00ed misma. Es una se\u00f1al de que los ni\u00f1os usan historias conocidas para sentirse seguros, comprender las experiencias y regular sus emociones. En este episodio, explicamos qu\u00e9 sucede bajo la superficie y por qu\u00e9 las historias continuas se sienten fundamentalmente diferentes del contenido aleatorio.<\/p>\n<p><!-- \/wp:paragraph --><!-- wp:paragraph --><\/p>\n<p>\ud83c\udfa7<a href=\"#podcast4\"> <em>Escucha el episodio a continuaci\u00f3n -&gt;<\/em><\/a><\/p>\n<p><!-- \/wp:paragraph --><!-- wp:separator --><\/p>\n<hr class=\"wp-block-separator has-alpha-channel-opacity\" \/>\n<p><!-- \/wp:separator --><!-- wp:heading {\"level\":3} --><\/p>\n<h2 class=\"wp-block-heading\">De qu\u00e9 trata este episodio<\/h2>\n<p><!-- \/wp:heading --><!-- wp:paragraph --><\/p>\n<p>En este episodio, discutimos:<\/p>\n<p><!-- \/wp:paragraph --><!-- wp:list --><\/p>\n<ul class=\"wp-block-list\">\n<li style=\"list-style-type: none;\">\n<ul class=\"wp-block-list\"><!-- wp:list-item --><\/ul>\n<\/li>\n<\/ul>\n<ul class=\"wp-block-list\">\n<li style=\"list-style-type: none;\">\n<ul class=\"wp-block-list\">\n<li>Por qu\u00e9 los personajes familiares y los mundos narrativos coherentes ayudan a los ni\u00f1os a sentirse emocionalmente seguros<\/li>\n<\/ul>\n<\/li>\n<\/ul>\n<p><!-- \/wp:list-item --><!-- wp:list-item --><\/p>\n<ul class=\"wp-block-list\">\n<li style=\"list-style-type: none;\">\n<ul class=\"wp-block-list\">\n<li>C\u00f3mo una estructura narrativa predecible reduce el estr\u00e9s y favorece la concentraci\u00f3n<\/li>\n<\/ul>\n<\/li>\n<\/ul>\n<p><!-- \/wp:list-item --><!-- wp:list-item --><\/p>\n<ul class=\"wp-block-list\">\n<li style=\"list-style-type: none;\">\n<ul class=\"wp-block-list\">\n<li>El papel de la lectura compartida como tiempo de calidad entre padres e hijos<\/li>\n<\/ul>\n<\/li>\n<\/ul>\n<p><!-- \/wp:list-item --><!-- wp:list-item --><\/p>\n<ul class=\"wp-block-list\">\n<li style=\"list-style-type: none;\">\n<ul class=\"wp-block-list\">\n<li>Por qu\u00e9 decidir juntos qu\u00e9 suceder\u00e1 a continuaci\u00f3n genera confianza y autonom\u00eda<\/li>\n<\/ul>\n<\/li>\n<\/ul>\n<p><!-- \/wp:list-item --><!-- wp:list-item --><\/p>\n<ul class=\"wp-block-list\">\n<li style=\"list-style-type: none;\">\n<ul class=\"wp-block-list\">\n<li>C\u00f3mo las historias continuas se integran de forma natural en las rutinas tranquilas para la hora de dormir<\/li>\n<\/ul>\n<\/li>\n<\/ul>\n<p><!-- \/wp:list-item --><\/p>\n<p><!-- \/wp:list --><!-- wp:paragraph --><\/p>\n<p>Todos los ejemplos y explicaciones se basan en investigaciones sobre el desarrollo infantil y en la experiencia cotidiana de los padres.<\/p>\n<p><!-- \/wp:paragraph --><!-- wp:separator --><\/p>\n<hr class=\"wp-block-separator has-alpha-channel-opacity\" \/>\n<p><!-- \/wp:separator --><!-- wp:heading {\"level\":3} --><\/p>\n<h2 class=\"wp-block-heading\">Por qu\u00e9 son importantes las historias continuas<\/h2>\n<p><!-- \/wp:heading --><!-- wp:paragraph --><\/p>\n<p>Los ni\u00f1os no viven las historias como entretenimiento aislado, sino como entornos emocionales.<\/p>\n<p><!-- \/wp:paragraph --><!-- wp:paragraph --><\/p>\n<p>Cuando una historia contin\u00faa de un cap\u00edtulo al siguiente, los ni\u00f1os:<\/p>\n<p><!-- \/wp:paragraph --><!-- wp:list --><\/p>\n<ul class=\"wp-block-list\">\n<li style=\"list-style-type: none;\">\n<ul class=\"wp-block-list\"><!-- wp:list-item --><\/ul>\n<\/li>\n<\/ul>\n<ul class=\"wp-block-list\">\n<li style=\"list-style-type: none;\">\n<ul class=\"wp-block-list\">\n<li>saber qu\u00e9 esperar<\/li>\n<\/ul>\n<\/li>\n<\/ul>\n<p><!-- \/wp:list-item --><!-- wp:list-item --><\/p>\n<ul class=\"wp-block-list\">\n<li style=\"list-style-type: none;\">\n<ul class=\"wp-block-list\">\n<li>reconocer caracteres y patrones<\/li>\n<\/ul>\n<\/li>\n<\/ul>\n<p><!-- \/wp:list-item --><!-- wp:list-item --><\/p>\n<ul class=\"wp-block-list\">\n<li style=\"list-style-type: none;\">\n<ul class=\"wp-block-list\">\n<li>Sentirse lo suficientemente seguro para explorar nuevas emociones<\/li>\n<\/ul>\n<\/li>\n<\/ul>\n<p><!-- \/wp:list-item --><\/p>\n<p><!-- \/wp:list --><!-- wp:paragraph --><\/p>\n<p>Esta sensaci\u00f3n de continuidad ayuda a los ni\u00f1os a procesar experiencias, recordar detalles y desarrollar resiliencia emocional a lo largo del tiempo, especialmente cuando comparten historias con un padre o cuidador.<\/p>\n<p><!-- \/wp:paragraph --><!-- wp:separator --><\/p>\n<hr class=\"wp-block-separator has-alpha-channel-opacity\" \/>\n<p><!-- \/wp:separator --><!-- wp:heading {\"level\":3} --><\/p>\n<h2 class=\"wp-block-heading\">Lecturas relacionadas<\/h2>\n<p><!-- \/wp:heading --><!-- wp:paragraph --><\/p>\n<p>Si desea explorar este tema m\u00e1s a fondo, tambi\u00e9n pueden resultarle \u00fatiles estos recursos:<\/p>\n<p><!-- \/wp:paragraph --><!-- wp:list --><\/p>\n<ul class=\"wp-block-list\">\n<li style=\"list-style-type: none;\">\n<ul class=\"wp-block-list\"><!-- wp:list-item --><\/ul>\n<\/li>\n<\/ul>\n<ul class=\"wp-block-list\">\n<li style=\"list-style-type: none;\">\n<ul class=\"wp-block-list\">\n<li><a href=\"\/es\/mibooko-storybook\/\">\u00bfQu\u00e9 es un libro de cuentos MIBOOKO? -&gt;<\/a><\/li>\n<\/ul>\n<\/li>\n<\/ul>\n<p><!-- \/wp:list-item --><!-- wp:list-item --><\/p>\n<ul class=\"wp-block-list\">\n<li style=\"list-style-type: none;\">\n<ul class=\"wp-block-list\">\n<li><a href=\"https:\/\/mibooko.com\/es\/never-ending-bedtime-stories-calm\/\">Por qu\u00e9 las historias predecibles calman a los ni\u00f1os a la hora de dormir -&gt;<\/a><\/li>\n<\/ul>\n<\/li>\n<\/ul>\n<p><!-- \/wp:list-item --><!-- wp:list-item --><\/p>\n<ul class=\"wp-block-list\">\n<li style=\"list-style-type: none;\">\n<ul class=\"wp-block-list\">\n<li><a href=\"\/es\/story-choices-build-confidence\/\">C\u00f3mo las peque\u00f1as decisiones generan una gran confianza -&gt;<\/a><\/li>\n<\/ul>\n<\/li>\n<\/ul>\n<p><!-- \/wp:list-item --><\/p>\n<p><!-- \/wp:list --><!-- wp:separator --><\/p>\n<p><!-- \/wp:heading --><!-- wp:paragraph --><\/p>\n<p>Este episodio es parte del podcast de investigaci\u00f3n MIBOOKO, donde exploramos la narraci\u00f3n de historias, el desarrollo infantil y las rutinas de lectura familiar a trav\u00e9s de una lente tranquila y basada en evidencia.<\/p>\n<p><!-- \/wp:paragraph --><!-- wp:paragraph --><\/p>\n<p>Los nuevos episodios se centran en ayudar a los padres a comprender por qu\u00e9 funcionan ciertas pr\u00e1cticas, no solo qu\u00e9 hacer.<\/p>\n<p><!-- \/wp:paragraph --><\/p>\t\t\t\t\t\t\t\t<\/div>\n\t\t\t\t\t<\/div>\n\t\t\t\t<\/div>\n\t\t<div class=\"elementor-element elementor-element-d243fd7 e-flex e-con-boxed e-con e-parent\" data-id=\"d243fd7\" data-element_type=\"container\" data-e-type=\"container\" id=\"podcast4\">\n\t\t\t\t\t<div class=\"e-con-inner\">\n\t\t\t\t<div class=\"elementor-element elementor-element-afc66f8 elementor-widget elementor-widget-html\" data-id=\"afc66f8\" data-element_type=\"widget\" data-e-type=\"widget\" data-widget_type=\"html.default\">\n\t\t\t\t\t<audio controls preload=\"none\" style=\"width:100%;\">\r\n  <source src=\"https:\/\/mibooko.com\/wp-content\/uploads\/2025\/12\/Story_Structure_Builds_Brain_Security.mp3\" type=\"audio\/mpeg\">\r\n  Su navegador no soporta el elemento de audio.\r\n<\/audio>\r\n\t\t\t\t<\/div>\n\t\t\t\t\t<\/div>\n\t\t\t\t<\/div>\n\t\t\t\t<\/div>","protected":false},"excerpt":{"rendered":"<p>How Continuous Stories Build Emotional Resilience in Children In this episode of the MIBOOKO Research Podcast, we explore why children [&hellip;]<\/p>\n","protected":false},"author":3,"featured_media":0,"parent":8519,"menu_order":0,"comment_status":"closed","ping_status":"closed","template":"","meta":{"_acf_changed":false,"site-sidebar-layout":"default","site-content-layout":"","ast-site-content-layout":"default","site-content-style":"default","site-sidebar-style":"default","ast-global-header-display":"","ast-banner-title-visibility":"","ast-main-header-display":"","ast-hfb-above-header-display":"","ast-hfb-below-header-display":"","ast-hfb-mobile-header-display":"","site-post-title":"disabled","ast-breadcrumbs-content":"","ast-featured-img":"","footer-sml-layout":"","theme-transparent-header-meta":"","adv-header-id-meta":"","stick-header-meta":"","header-above-stick-meta":"","header-main-stick-meta":"","header-below-stick-meta":"","astra-migrate-meta-layouts":"default","ast-page-background-enabled":"default","ast-page-background-meta":{"desktop":{"background-color":"var(--ast-global-color-5)","background-image":"","background-repeat":"repeat","background-position":"center center","background-size":"auto","background-attachment":"scroll","background-type":"","background-media":"","overlay-type":"","overlay-color":"","overlay-opacity":"","overlay-gradient":""},"tablet":{"background-color":"","background-image":"","background-repeat":"repeat","background-position":"center center","background-size":"auto","background-attachment":"scroll","background-type":"","background-media":"","overlay-type":"","overlay-color":"","overlay-opacity":"","overlay-gradient":""},"mobile":{"background-color":"","background-image":"","background-repeat":"repeat","background-position":"center center","background-size":"auto","background-attachment":"scroll","background-type":"","background-media":"","overlay-type":"","overlay-color":"","overlay-opacity":"","overlay-gradient":""}},"ast-content-background-meta":{"desktop":{"background-color":"var(--ast-global-color-4)","background-image":"","background-repeat":"repeat","background-position":"center center","background-size":"auto","background-attachment":"scroll","background-type":"","background-media":"","overlay-type":"","overlay-color":"","overlay-opacity":"","overlay-gradient":""},"tablet":{"background-color":"var(--ast-global-color-4)","background-image":"","background-repeat":"repeat","background-position":"center center","background-size":"auto","background-attachment":"scroll","background-type":"","background-media":"","overlay-type":"","overlay-color":"","overlay-opacity":"","overlay-gradient":""},"mobile":{"background-color":"var(--ast-global-color-4)","background-image":"","background-repeat":"repeat","background-position":"center center","background-size":"auto","background-attachment":"scroll","background-type":"","background-media":"","overlay-type":"","overlay-color":"","overlay-opacity":"","overlay-gradient":""}},"_glsr_average":0,"_glsr_ranking":0,"_glsr_reviews":0,"footnotes":""},"folder":[],"class_list":["post-8521","page","type-page","status-publish","hentry"],"acf":[],"_links":{"self":[{"href":"https:\/\/mibooko.com\/es\/wp-json\/wp\/v2\/pages\/8521","targetHints":{"allow":["GET"]}}],"collection":[{"href":"https:\/\/mibooko.com\/es\/wp-json\/wp\/v2\/pages"}],"about":[{"href":"https:\/\/mibooko.com\/es\/wp-json\/wp\/v2\/types\/page"}],"author":[{"embeddable":true,"href":"https:\/\/mibooko.com\/es\/wp-json\/wp\/v2\/users\/3"}],"replies":[{"embeddable":true,"href":"https:\/\/mibooko.com\/es\/wp-json\/wp\/v2\/comments?post=8521"}],"version-history":[{"count":0,"href":"https:\/\/mibooko.com\/es\/wp-json\/wp\/v2\/pages\/8521\/revisions"}],"up":[{"embeddable":true,"href":"https:\/\/mibooko.com\/es\/wp-json\/wp\/v2\/pages\/8519"}],"wp:attachment":[{"href":"https:\/\/mibooko.com\/es\/wp-json\/wp\/v2\/media?parent=8521"}],"wp:term":[{"taxonomy":"folder","embeddable":true,"href":"https:\/\/mibooko.com\/es\/wp-json\/wp\/v2\/folder?post=8521"}],"curies":[{"name":"wp","href":"https:\/\/api.w.org\/{rel}","templated":true}]}}