{"id":4395,"date":"2025-11-07T14:44:52","date_gmt":"2025-11-07T13:44:52","guid":{"rendered":"https:\/\/mibooko.com\/?post_type=product&#038;p=4395"},"modified":"2026-03-18T19:55:41","modified_gmt":"2026-03-18T18:55:41","slug":"personalized-book-for-children","status":"publish","type":"product","link":"https:\/\/mibooko.com\/es\/product\/personalized-book-for-children\/","title":{"rendered":"Libro personalizado para ni\u00f1os"},"content":{"rendered":"<p data-start=\"1495\" data-end=\"1736\">Reg\u00e1lele a su hijo una experiencia de lectura m\u00e1gica con un libro totalmente personalizado para ni\u00f1os creado especialmente para ellos.<br data-start=\"1597\" data-end=\"1600\" \/>Su nombre, apariencia y personalidad dan forma a cada p\u00e1gina, convirtiendo la historia en una aventura c\u00e1lida y significativa que querr\u00e1n volver a visitar.<\/p>\n<p data-start=\"1738\" data-end=\"1761\">Este libro es ideal para:<\/p>\n<ul data-start=\"1762\" data-end=\"1887\">\n<li data-start=\"1762\" data-end=\"1781\">\n<p data-start=\"1764\" data-end=\"1781\">lectura antes de dormir<\/p>\n<\/li>\n<li data-start=\"1782\" data-end=\"1802\">\n<p data-start=\"1784\" data-end=\"1802\">ni\u00f1os m\u00e1s peque\u00f1os<\/p>\n<\/li>\n<li data-start=\"1803\" data-end=\"1841\">\n<p data-start=\"1805\" data-end=\"1841\">momentos narrativos r\u00e1pidos y alegres<\/p>\n<\/li>\n<li data-start=\"1842\" data-end=\"1887\">\n<p data-start=\"1844\" data-end=\"1887\">Familias que desean un ritual diario personal<\/p>\n<\/li>\n<\/ul>\n<p data-start=\"1889\" data-end=\"1954\">Cada libro de MIBOOKO utiliza una narraci\u00f3n basada en investigaciones que respalda:<\/p>\n<ul data-start=\"1955\" data-end=\"2046\">\n<li data-start=\"1955\" data-end=\"1969\">\n<p data-start=\"1957\" data-end=\"1969\">confianza<\/p>\n<\/li>\n<li data-start=\"1970\" data-end=\"1985\">\n<p data-start=\"1972\" data-end=\"1985\">imaginaci\u00f3n<\/p>\n<\/li>\n<li data-start=\"1986\" data-end=\"2013\">\n<p data-start=\"1988\" data-end=\"2013\">comprensi\u00f3n emocional<\/p>\n<\/li>\n<li data-start=\"2014\" data-end=\"2046\">\n<p data-start=\"2016\" data-end=\"2046\">aprendizaje temprano y curiosidad<\/p>\n<\/li>\n<\/ul>\n<p data-start=\"2048\" data-end=\"2178\">Recibir\u00e1 acceso digital instant\u00e1neo para que su hijo pueda comenzar a leer de inmediato.<br data-start=\"2130\" data-end=\"2133\" \/>Una edici\u00f3n impresa est\u00e1 disponible para entrega en todo el mundo.<\/p>\n<p data-start=\"2180\" data-end=\"2257\">Crea una historia que recordar\u00e1n, porque esta vez, ellos son los h\u00e9roes.<\/p>","protected":false},"excerpt":{"rendered":"<p>Un libro personalizado con bellas ilustraciones donde tu hijo se convierte en el h\u00e9roe. Adaptado a su nombre, apariencia y personalidad. Acceso digital instant\u00e1neo; edici\u00f3n impresa disponible.<\/p>","protected":false},"featured_media":6418,"comment_status":"open","ping_status":"closed","template":"","meta":{"_acf_changed":false,"site-sidebar-layout":"default","site-content-layout":"","ast-site-content-layout":"default","site-content-style":"default","site-sidebar-style":"default","ast-global-header-display":"","ast-banner-title-visibility":"","ast-main-header-display":"","ast-hfb-above-header-display":"","ast-hfb-below-header-display":"","ast-hfb-mobile-header-display":"","site-post-title":"","ast-breadcrumbs-content":"","ast-featured-img":"","footer-sml-layout":"","theme-transparent-header-meta":"default","adv-header-id-meta":"","stick-header-meta":"","header-above-stick-meta":"","header-main-stick-meta":"","header-below-stick-meta":"","astra-migrate-meta-layouts":"set","ast-page-background-enabled":"default","ast-page-background-meta":{"desktop":{"background-color":"var(--ast-global-color-5)","background-image":"","background-repeat":"repeat","background-position":"center center","background-size":"auto","background-attachment":"scroll","background-type":"","background-media":"","overlay-type":"","overlay-color":"","overlay-opacity":"","overlay-gradient":""},"tablet":{"background-color":"","background-image":"","background-repeat":"repeat","background-position":"center center","background-size":"auto","background-attachment":"scroll","background-type":"","background-media":"","overlay-type":"","overlay-color":"","overlay-opacity":"","overlay-gradient":""},"mobile":{"background-color":"","background-image":"","background-repeat":"repeat","background-position":"center center","background-size":"auto","background-attachment":"scroll","background-type":"","background-media":"","overlay-type":"","overlay-color":"","overlay-opacity":"","overlay-gradient":""}},"ast-content-background-meta":{"desktop":{"background-color":"var(--ast-global-color-4)","background-image":"","background-repeat":"repeat","background-position":"center center","background-size":"auto","background-attachment":"scroll","background-type":"","background-media":"","overlay-type":"","overlay-color":"","overlay-opacity":"","overlay-gradient":""},"tablet":{"background-color":"var(--ast-global-color-4)","background-image":"","background-repeat":"repeat","background-position":"center center","background-size":"auto","background-attachment":"scroll","background-type":"","background-media":"","overlay-type":"","overlay-color":"","overlay-opacity":"","overlay-gradient":""},"mobile":{"background-color":"var(--ast-global-color-4)","background-image":"","background-repeat":"repeat","background-position":"center center","background-size":"auto","background-attachment":"scroll","background-type":"","background-media":"","overlay-type":"","overlay-color":"","overlay-opacity":"","overlay-gradient":""}},"_glsr_average":4.8,"_glsr_ranking":4.76875,"_glsr_reviews":406},"product_brand":[],"product_cat":[168,18],"product_tag":[],"class_list":{"0":"post-4395","1":"product","2":"type-product","3":"status-publish","4":"has-post-thumbnail","6":"product_cat-digital-book","7":"product_cat-uncategorized","8":"desktop-align-left","9":"tablet-align-left","10":"mobile-align-left","12":"first","13":"instock","14":"downloadable","15":"taxable","16":"shipping-taxable","17":"purchasable","18":"product-type-simple"},"acf":[],"_links":{"self":[{"href":"https:\/\/mibooko.com\/es\/wp-json\/wp\/v2\/product\/4395","targetHints":{"allow":["GET"]}}],"collection":[{"href":"https:\/\/mibooko.com\/es\/wp-json\/wp\/v2\/product"}],"about":[{"href":"https:\/\/mibooko.com\/es\/wp-json\/wp\/v2\/types\/product"}],"replies":[{"embeddable":true,"href":"https:\/\/mibooko.com\/es\/wp-json\/wp\/v2\/comments?post=4395"}],"wp:featuredmedia":[{"embeddable":true,"href":"https:\/\/mibooko.com\/es\/wp-json\/wp\/v2\/media\/6418"}],"wp:attachment":[{"href":"https:\/\/mibooko.com\/es\/wp-json\/wp\/v2\/media?parent=4395"}],"wp:term":[{"taxonomy":"product_brand","embeddable":true,"href":"https:\/\/mibooko.com\/es\/wp-json\/wp\/v2\/product_brand?post=4395"},{"taxonomy":"product_cat","embeddable":true,"href":"https:\/\/mibooko.com\/es\/wp-json\/wp\/v2\/product_cat?post=4395"},{"taxonomy":"product_tag","embeddable":true,"href":"https:\/\/mibooko.com\/es\/wp-json\/wp\/v2\/product_tag?post=4395"}],"curies":[{"name":"wp","href":"https:\/\/api.w.org\/{rel}","templated":true}]}}