{"id":4400,"date":"2025-11-07T15:10:02","date_gmt":"2025-11-07T14:10:02","guid":{"rendered":"https:\/\/mibooko.com\/?post_type=product&#038;p=4400"},"modified":"2026-03-18T19:54:50","modified_gmt":"2026-03-18T18:54:50","slug":"personalized-storybook-subscription-for-children","status":"publish","type":"product","link":"https:\/\/mibooko.com\/es\/product\/personalized-storybook-subscription-for-children\/","title":{"rendered":"Suscripci\u00f3n de cuentos personalizados para ni\u00f1os"},"content":{"rendered":"<p data-start=\"2003\" data-end=\"2243\">Reg\u00e1lele a su hijo un a\u00f1o lleno de lectura significativa e inmersiva a trav\u00e9s de <strong data-start=\"2080\" data-end=\"2119\">Suscripci\u00f3n a cuentos personalizados<\/strong> \u2014 una colecci\u00f3n de <strong data-start=\"2138\" data-end=\"2174\">12 libros de cuentos ricamente ilustrados<\/strong>, cada uno adaptado a su mundo, personalidad y necesidades de desarrollo.<\/p>\n<p data-start=\"2245\" data-end=\"2303\">A diferencia de los libros est\u00e1ndar, cada historia se adapta a las necesidades de tu hijo:<\/p>\n<ul data-start=\"2304\" data-end=\"2474\">\n<li data-start=\"2304\" data-end=\"2346\">\n<p data-start=\"2306\" data-end=\"2346\">nombre, apariencia y estructura familiar<\/p>\n<\/li>\n<li data-start=\"2347\" data-end=\"2372\">\n<p data-start=\"2349\" data-end=\"2372\">edad y etapa de lectura<\/p>\n<\/li>\n<li data-start=\"2373\" data-end=\"2395\">\n<p data-start=\"2375\" data-end=\"2395\">rasgos de personalidad<\/p>\n<\/li>\n<li data-start=\"2396\" data-end=\"2415\">\n<p data-start=\"2398\" data-end=\"2415\">necesidades emocionales<\/p>\n<\/li>\n<li data-start=\"2416\" data-end=\"2438\">\n<p data-start=\"2418\" data-end=\"2438\">desaf\u00edos actuales<\/p>\n<\/li>\n<li data-start=\"2439\" data-end=\"2474\">\n<p data-start=\"2441\" data-end=\"2474\">intereses, miedos y fortalezas<\/p>\n<\/li>\n<\/ul>\n<p data-start=\"2476\" data-end=\"2602\">Esta suscripci\u00f3n se centra en <strong data-start=\"2505\" data-end=\"2544\">crecimiento emocional y cognitivo profundo<\/strong>, ayudando a los ni\u00f1os a practicar y fortalecer habilidades como:<\/p>\n<ul data-start=\"2603\" data-end=\"2798\">\n<li data-start=\"2603\" data-end=\"2637\">\n<p data-start=\"2605\" data-end=\"2637\">resiliencia y confianza en s\u00ed mismo<\/p>\n<\/li>\n<li data-start=\"2638\" data-end=\"2662\">\n<p data-start=\"2640\" data-end=\"2662\">regulaci\u00f3n emocional<\/p>\n<\/li>\n<li data-start=\"2663\" data-end=\"2687\">\n<p data-start=\"2665\" data-end=\"2687\">empat\u00eda y amabilidad<\/p>\n<\/li>\n<li data-start=\"2688\" data-end=\"2717\">\n<p data-start=\"2690\" data-end=\"2717\">curiosidad e imaginaci\u00f3n<\/p>\n<\/li>\n<li data-start=\"2718\" data-end=\"2737\">\n<p data-start=\"2720\" data-end=\"2737\">resoluci\u00f3n de problemas<\/p>\n<\/li>\n<li data-start=\"2738\" data-end=\"2773\">\n<p data-start=\"2740\" data-end=\"2773\">comprender situaciones sociales<\/p>\n<\/li>\n<li data-start=\"2774\" data-end=\"2798\">\n<p data-start=\"2776\" data-end=\"2798\">paciencia y coraje<\/p>\n<\/li>\n<\/ul>\n<p data-start=\"2800\" data-end=\"2913\">Cada libro de cuentos ofrece una <strong data-start=\"2824\" data-end=\"2859\">una narrativa m\u00e1s larga y detallada<\/strong> que la edici\u00f3n de libro normal, lo que la hace perfecta para:<\/p>\n<ul data-start=\"2914\" data-end=\"3028\">\n<li data-start=\"2914\" data-end=\"2946\">\n<p data-start=\"2916\" data-end=\"2946\">rituales de contar cuentos antes de dormir<\/p>\n<\/li>\n<li data-start=\"2947\" data-end=\"2966\">\n<p data-start=\"2949\" data-end=\"2966\">lectores comprometidos<\/p>\n<\/li>\n<li data-start=\"2967\" data-end=\"2992\">\n<p data-start=\"2969\" data-end=\"2992\">desarrollo emocional<\/p>\n<\/li>\n<li data-start=\"2993\" data-end=\"3028\">\n<p data-start=\"2995\" data-end=\"3028\">Construir h\u00e1bitos de lectura duraderos<\/p>\n<\/li>\n<\/ul>\n<p data-start=\"3030\" data-end=\"3256\">Cada mes (o semana, o cada dos semanas), su hijo ingresa a un nuevo mundo, siempre como el h\u00e9roe, y aprende a enfrentar desaf\u00edos, celebrar sus fortalezas y comprender sus emociones a trav\u00e9s de historias c\u00e1lidas y basadas en evidencia.<\/p>\n<p data-start=\"3258\" data-end=\"3506\">Recibes <strong data-start=\"3270\" data-end=\"3296\">acceso digital instant\u00e1neo<\/strong> para cada libro de cuentos tan pronto como se publique, para que su hijo pueda comenzar a explorar de inmediato.<br data-start=\"3388\" data-end=\"3391\" \/>Tu suscripci\u00f3n puede llegar <strong data-start=\"3420\" data-end=\"3430\">semanalmente<\/strong>, <strong data-start=\"3432\" data-end=\"3445\">quincenal<\/strong>, o <strong data-start=\"3450\" data-end=\"3461\">mensual<\/strong> dependiendo de lo que se ajuste al ritmo de tu familia.<\/p>\n<p data-start=\"3508\" data-end=\"3634\">Dale a tu hijo 12 historias poderosas que respalden en qui\u00e9n se est\u00e1 convirtiendo: una aventura, una lecci\u00f3n, un momento de h\u00e9roe a la vez.<\/p>\n<p data-start=\"3636\" data-end=\"3682\">Porque en cada historia, <strong data-start=\"3660\" data-end=\"3668\">ellos<\/strong> son el heroe.<\/p>","protected":false},"excerpt":{"rendered":"<p>Regale a su hijo 12 cuentos personalizados, ricamente ilustrados, que se entregan semanal, quincenal o mensualmente. Cada cuento inmersivo ayuda a desarrollar habilidades emocionales, confianza, resiliencia e imaginaci\u00f3n, siempre con su hijo como protagonista. Un ritual de lectura significativo que crece con \u00e9l.<\/p>","protected":false},"featured_media":0,"comment_status":"open","ping_status":"closed","template":"","meta":{"_acf_changed":false,"site-sidebar-layout":"default","site-content-layout":"","ast-site-content-layout":"default","site-content-style":"default","site-sidebar-style":"default","ast-global-header-display":"","ast-banner-title-visibility":"","ast-main-header-display":"","ast-hfb-above-header-display":"","ast-hfb-below-header-display":"","ast-hfb-mobile-header-display":"","site-post-title":"","ast-breadcrumbs-content":"","ast-featured-img":"","footer-sml-layout":"","theme-transparent-header-meta":"default","adv-header-id-meta":"","stick-header-meta":"","header-above-stick-meta":"","header-main-stick-meta":"","header-below-stick-meta":"","astra-migrate-meta-layouts":"set","ast-page-background-enabled":"default","ast-page-background-meta":{"desktop":{"background-color":"var(--ast-global-color-5)","background-image":"","background-repeat":"repeat","background-position":"center center","background-size":"auto","background-attachment":"scroll","background-type":"","background-media":"","overlay-type":"","overlay-color":"","overlay-opacity":"","overlay-gradient":""},"tablet":{"background-color":"","background-image":"","background-repeat":"repeat","background-position":"center center","background-size":"auto","background-attachment":"scroll","background-type":"","background-media":"","overlay-type":"","overlay-color":"","overlay-opacity":"","overlay-gradient":""},"mobile":{"background-color":"","background-image":"","background-repeat":"repeat","background-position":"center center","background-size":"auto","background-attachment":"scroll","background-type":"","background-media":"","overlay-type":"","overlay-color":"","overlay-opacity":"","overlay-gradient":""}},"ast-content-background-meta":{"desktop":{"background-color":"var(--ast-global-color-4)","background-image":"","background-repeat":"repeat","background-position":"center center","background-size":"auto","background-attachment":"scroll","background-type":"","background-media":"","overlay-type":"","overlay-color":"","overlay-opacity":"","overlay-gradient":""},"tablet":{"background-color":"var(--ast-global-color-4)","background-image":"","background-repeat":"repeat","background-position":"center center","background-size":"auto","background-attachment":"scroll","background-type":"","background-media":"","overlay-type":"","overlay-color":"","overlay-opacity":"","overlay-gradient":""},"mobile":{"background-color":"var(--ast-global-color-4)","background-image":"","background-repeat":"repeat","background-position":"center center","background-size":"auto","background-attachment":"scroll","background-type":"","background-media":"","overlay-type":"","overlay-color":"","overlay-opacity":"","overlay-gradient":""}},"_glsr_average":0,"_glsr_ranking":0,"_glsr_reviews":0},"product_brand":[],"product_cat":[168,18],"product_tag":[],"class_list":{"0":"post-4400","1":"product","2":"type-product","3":"status-publish","5":"product_cat-digital-book","6":"product_cat-uncategorized","7":"desktop-align-left","8":"tablet-align-left","9":"mobile-align-left","11":"first","12":"instock","13":"taxable","14":"shipping-taxable","15":"purchasable","16":"product-type-variable"},"acf":[],"_links":{"self":[{"href":"https:\/\/mibooko.com\/es\/wp-json\/wp\/v2\/product\/4400","targetHints":{"allow":["GET"]}}],"collection":[{"href":"https:\/\/mibooko.com\/es\/wp-json\/wp\/v2\/product"}],"about":[{"href":"https:\/\/mibooko.com\/es\/wp-json\/wp\/v2\/types\/product"}],"replies":[{"embeddable":true,"href":"https:\/\/mibooko.com\/es\/wp-json\/wp\/v2\/comments?post=4400"}],"wp:attachment":[{"href":"https:\/\/mibooko.com\/es\/wp-json\/wp\/v2\/media?parent=4400"}],"wp:term":[{"taxonomy":"product_brand","embeddable":true,"href":"https:\/\/mibooko.com\/es\/wp-json\/wp\/v2\/product_brand?post=4400"},{"taxonomy":"product_cat","embeddable":true,"href":"https:\/\/mibooko.com\/es\/wp-json\/wp\/v2\/product_cat?post=4400"},{"taxonomy":"product_tag","embeddable":true,"href":"https:\/\/mibooko.com\/es\/wp-json\/wp\/v2\/product_tag?post=4400"}],"curies":[{"name":"wp","href":"https:\/\/api.w.org\/{rel}","templated":true}]}}