{"id":9667,"date":"2026-02-27T23:04:40","date_gmt":"2026-02-27T22:04:40","guid":{"rendered":"https:\/\/mibooko.com\/?post_type=product&#038;p=9667"},"modified":"2026-03-18T19:51:09","modified_gmt":"2026-03-18T18:51:09","slug":"free-personalized-book-for-children","status":"publish","type":"product","link":"https:\/\/mibooko.com\/es\/product\/free-personalized-book-for-children\/","title":{"rendered":"Libro personalizado gratuito para ni\u00f1os"},"content":{"rendered":"<p data-start=\"45\" data-end=\"161\">Libro personalizado gratuito para ni\u00f1os: regale a su hijo una experiencia de lectura m\u00e1gica con un primer cap\u00edtulo gratuito de 8 p\u00e1ginas de un libro de cuentos totalmente personalizado.<\/p>\n<p data-start=\"163\" data-end=\"386\">Este cap\u00edtulo presenta a su hijo como el h\u00e9roe y prepara el terreno para la aventura, para que pueda probar la experiencia en minutos antes de decidir continuar la historia como un Libro sin fin (cap\u00edtulo por cap\u00edtulo) o un libro completo.<\/p>\n<h3 data-start=\"388\" data-end=\"403\">Perfecto para<\/h3>\n<ul data-start=\"404\" data-end=\"567\">\n<li data-start=\"404\" data-end=\"428\">\n<p data-start=\"406\" data-end=\"428\">una lectura r\u00e1pida antes de dormir<\/p>\n<\/li>\n<li data-start=\"429\" data-end=\"469\">\n<p data-start=\"431\" data-end=\"469\">Probar la personalizaci\u00f3n antes de comprar<\/p>\n<\/li>\n<li data-start=\"470\" data-end=\"515\">\n<p data-start=\"472\" data-end=\"515\">ni\u00f1os m\u00e1s peque\u00f1os con per\u00edodos de atenci\u00f3n m\u00e1s cortos<\/p>\n<\/li>\n<li data-start=\"516\" data-end=\"567\">\n<p data-start=\"518\" data-end=\"567\">Familias que desean un ritual de lectura diario sencillo.<\/p>\n<\/li>\n<\/ul>\n<h3 data-start=\"569\" data-end=\"597\">Lo que puedes personalizar<\/h3>\n<ul data-start=\"598\" data-end=\"819\">\n<li data-start=\"598\" data-end=\"637\">\n<p data-start=\"600\" data-end=\"637\">nombre y apariencia del ni\u00f1o<\/p>\n<\/li>\n<li data-start=\"638\" data-end=\"673\">\n<p data-start=\"640\" data-end=\"673\">edad (para que coincida con la sensaci\u00f3n de lectura)<\/p>\n<\/li>\n<li data-start=\"674\" data-end=\"700\">\n<p data-start=\"676\" data-end=\"700\">estilo de ilustraci\u00f3n<\/p>\n<\/li>\n<li data-start=\"701\" data-end=\"723\">\n<p data-start=\"703\" data-end=\"723\">lenguaje de la historia<\/p>\n<\/li>\n<li data-start=\"724\" data-end=\"750\">\n<p data-start=\"726\" data-end=\"750\">una breve dedicatoria<\/p>\n<\/li>\n<li data-start=\"751\" data-end=\"819\">\n<p data-start=\"753\" data-end=\"819\">H\u00e9roes adicionales opcionales y objetos especiales (cuando est\u00e9n disponibles)<\/p>\n<\/li>\n<\/ul>\n<h3 data-start=\"821\" data-end=\"846\">Enfoque narrativo<\/h3>\n<p data-start=\"847\" data-end=\"1009\">Las historias de MIBOOKO est\u00e1n basadas en investigaciones y dise\u00f1adas para estimular la imaginaci\u00f3n, la confianza, el vocabulario emocional y la curiosidad, sin parecer una lecci\u00f3n.<\/p>\n<h3 data-start=\"1011\" data-end=\"1031\">Lo que recibes<\/h3>\n<ul data-start=\"1032\" data-end=\"1209\">\n<li data-start=\"1032\" data-end=\"1092\">\n<p data-start=\"1034\" data-end=\"1092\">Acceso digital instant\u00e1neo al cap\u00edtulo gratuito (8 p\u00e1ginas)<\/p>\n<\/li>\n<li data-start=\"1093\" data-end=\"1145\">\n<p data-start=\"1095\" data-end=\"1145\">Una experiencia de lectura fluida para compartir juntos<\/p>\n<\/li>\n<li data-start=\"1146\" data-end=\"1209\">\n<p data-start=\"1148\" data-end=\"1209\">Un camino f\u00e1cil para continuar la historia si a tu hijo le encanta.<\/p>\n<\/li>\n<\/ul>\n<p data-start=\"1211\" data-end=\"1310\">Empieza el primer cap\u00edtulo ahora, porque las mejores historias son aquellas en las que tu hijo es el h\u00e9roe.<\/p>","protected":false},"excerpt":{"rendered":"<p data-start=\"1477\" data-end=\"1685\">Cap\u00edtulo personalizado de 8 p\u00e1ginas gratis, protagonizado por tu hijo. Personaliza el nombre, la apariencia, la edad, el idioma y el estilo de la ilustraci\u00f3n. Acceso digital instant\u00e1neo: contin\u00faa cuando quieras como un Libro Infinito o como una historia completa.<\/p>","protected":false},"featured_media":6418,"comment_status":"open","ping_status":"closed","template":"","meta":{"_acf_changed":false,"site-sidebar-layout":"default","site-content-layout":"","ast-site-content-layout":"default","site-content-style":"default","site-sidebar-style":"default","ast-global-header-display":"","ast-banner-title-visibility":"","ast-main-header-display":"","ast-hfb-above-header-display":"","ast-hfb-below-header-display":"","ast-hfb-mobile-header-display":"","site-post-title":"","ast-breadcrumbs-content":"","ast-featured-img":"","footer-sml-layout":"","theme-transparent-header-meta":"default","adv-header-id-meta":"","stick-header-meta":"","header-above-stick-meta":"","header-main-stick-meta":"","header-below-stick-meta":"","astra-migrate-meta-layouts":"set","ast-page-background-enabled":"default","ast-page-background-meta":{"desktop":{"background-color":"var(--ast-global-color-5)","background-image":"","background-repeat":"repeat","background-position":"center center","background-size":"auto","background-attachment":"scroll","background-type":"","background-media":"","overlay-type":"","overlay-color":"","overlay-opacity":"","overlay-gradient":""},"tablet":{"background-color":"","background-image":"","background-repeat":"repeat","background-position":"center center","background-size":"auto","background-attachment":"scroll","background-type":"","background-media":"","overlay-type":"","overlay-color":"","overlay-opacity":"","overlay-gradient":""},"mobile":{"background-color":"","background-image":"","background-repeat":"repeat","background-position":"center center","background-size":"auto","background-attachment":"scroll","background-type":"","background-media":"","overlay-type":"","overlay-color":"","overlay-opacity":"","overlay-gradient":""}},"ast-content-background-meta":{"desktop":{"background-color":"var(--ast-global-color-4)","background-image":"","background-repeat":"repeat","background-position":"center center","background-size":"auto","background-attachment":"scroll","background-type":"","background-media":"","overlay-type":"","overlay-color":"","overlay-opacity":"","overlay-gradient":""},"tablet":{"background-color":"var(--ast-global-color-4)","background-image":"","background-repeat":"repeat","background-position":"center center","background-size":"auto","background-attachment":"scroll","background-type":"","background-media":"","overlay-type":"","overlay-color":"","overlay-opacity":"","overlay-gradient":""},"mobile":{"background-color":"var(--ast-global-color-4)","background-image":"","background-repeat":"repeat","background-position":"center center","background-size":"auto","background-attachment":"scroll","background-type":"","background-media":"","overlay-type":"","overlay-color":"","overlay-opacity":"","overlay-gradient":""}},"_glsr_average":0,"_glsr_ranking":0,"_glsr_reviews":0},"product_brand":[],"product_cat":[168,18],"product_tag":[],"class_list":{"0":"post-9667","1":"product","2":"type-product","3":"status-publish","4":"has-post-thumbnail","6":"product_cat-digital-book","7":"product_cat-uncategorized","8":"desktop-align-left","9":"tablet-align-left","10":"mobile-align-left","12":"first","13":"instock","14":"downloadable","15":"taxable","16":"shipping-taxable","17":"purchasable","18":"product-type-simple"},"acf":[],"_links":{"self":[{"href":"https:\/\/mibooko.com\/es\/wp-json\/wp\/v2\/product\/9667","targetHints":{"allow":["GET"]}}],"collection":[{"href":"https:\/\/mibooko.com\/es\/wp-json\/wp\/v2\/product"}],"about":[{"href":"https:\/\/mibooko.com\/es\/wp-json\/wp\/v2\/types\/product"}],"replies":[{"embeddable":true,"href":"https:\/\/mibooko.com\/es\/wp-json\/wp\/v2\/comments?post=9667"}],"wp:featuredmedia":[{"embeddable":true,"href":"https:\/\/mibooko.com\/es\/wp-json\/wp\/v2\/media\/6418"}],"wp:attachment":[{"href":"https:\/\/mibooko.com\/es\/wp-json\/wp\/v2\/media?parent=9667"}],"wp:term":[{"taxonomy":"product_brand","embeddable":true,"href":"https:\/\/mibooko.com\/es\/wp-json\/wp\/v2\/product_brand?post=9667"},{"taxonomy":"product_cat","embeddable":true,"href":"https:\/\/mibooko.com\/es\/wp-json\/wp\/v2\/product_cat?post=9667"},{"taxonomy":"product_tag","embeddable":true,"href":"https:\/\/mibooko.com\/es\/wp-json\/wp\/v2\/product_tag?post=9667"}],"curies":[{"name":"wp","href":"https:\/\/api.w.org\/{rel}","templated":true}]}}