{"id":2423,"date":"2025-10-15T13:52:53","date_gmt":"2025-10-15T11:52:53","guid":{"rendered":"https:\/\/mibooko.com\/privacy-statement-br\/"},"modified":"2025-11-22T13:13:39","modified_gmt":"2025-11-22T12:13:39","slug":"privacy-statement-br","status":"publish","type":"page","link":"https:\/\/mibooko.com\/es_mx\/privacy-statement-br\/","title":{"rendered":"Declaraci\u00f3n de privacidad (BR)"},"content":{"rendered":"<!-- Legal document generated by Complianz | GDPR\/CCPA Cookie Consent https:\/\/wordpress.org\/plugins\/complianz-gdpr -->\n<div id=\"cmplz-document\" class=\"cmplz-document privacy-statement cmplz-document-br\"><p><i>Esta declaraci\u00f3n de privacidad se actualiz\u00f3 por \u00faltima vez el 18 de marzo de 2026 y se aplica a los ciudadanos y residentes permanentes legales de Brasil.<\/i><br \/><br \/><\/p><p>En esta declaraci\u00f3n de privacidad, explicamos qu\u00e9 hacemos con los datos que obtenemos sobre usted a trav\u00e9s de <a href=\"https:\/\/mibooko.com\/es_mx\/\">https:\/\/mibooko.com\/es_mx\/<\/a>. Le recomendamos que lea atentamente esta declaraci\u00f3n. En nuestro procesamiento de datos, cumplimos con los requisitos de la legislaci\u00f3n de privacidad. Esto significa, entre otras cosas, que:<\/p><ul>\n                <li>Indicamos claramente los fines para los que tratamos los datos personales. Lo hacemos mediante esta declaraci\u00f3n de privacidad;<\/li>\n                <li>Nuestro objetivo es limitar la recopilaci\u00f3n de datos personales \u00fanicamente a aquellos necesarios para fines leg\u00edtimos;<\/li>\n                <li>En primer lugar, le solicitamos su consentimiento expl\u00edcito para procesar sus datos personales en los casos que lo requieran;<\/li>\n                <li>Adoptamos las medidas de seguridad adecuadas para proteger sus datos personales y tambi\u00e9n exigimos lo mismo a las partes que procesan datos personales en nuestro nombre;<\/li>\n                <li>Respetamos su derecho a acceder a sus datos personales, as\u00ed como a solicitar su correcci\u00f3n o eliminaci\u00f3n.<\/li>\n            <\/ul><p>Si tiene alguna pregunta o desea saber exactamente qu\u00e9 datos suyos conservamos, p\u00f3ngase en contacto con nosotros.<\/p><h2>1. Finalidad, datos y per\u00edodo de retenci\u00f3n<\/h2>Podemos recopilar o recibir informaci\u00f3n personal para diversos fines relacionados con nuestras operaciones comerciales, que pueden incluir los siguientes: (haga clic para expandir)<details class=\"cmplz-dropdown dropdown-privacy-statement\"><summary><div><h3>1.1 Vender o compartir datos con un tercero.<\/h3><\/div><\/summary><p class=\"cmplz-subtitle\">Para ello utilizamos los siguientes datos:<\/p><p><ul><li>Un nombre y un apellido<\/li><li>Una direcci\u00f3n de correo electr\u00f3nico<\/li><li>datos de geolocalizaci\u00f3n<\/li><\/ul><\/p><p class=\"cmplz-subtitle\">La base sobre la que podemos procesar estos datos es:<\/p><p class=\"cmplz-subtitle\">Per\u00edodo de retenci\u00f3n<\/p><p>Conservamos estos datos tras la finalizaci\u00f3n del servicio durante el siguiente n\u00famero de meses: 36<\/p><\/details><details class=\"cmplz-dropdown dropdown-privacy-statement\"><summary><div><h3>1.2 Entregas<\/h3><\/div><\/summary><p class=\"cmplz-subtitle\">Para ello utilizamos los siguientes datos:<\/p><p><ul><li>Un nombre y un apellido<\/li><li>Una casa u otra direcci\u00f3n f\u00edsica, incluyendo el nombre de la calle y el nombre de la ciudad o pueblo.<\/li><li>Una direcci\u00f3n de correo electr\u00f3nico<\/li><li>Un n\u00famero de tel\u00e9fono<\/li><\/ul><\/p><p class=\"cmplz-subtitle\">La base sobre la que podemos procesar estos datos es:<\/p><p class=\"cmplz-subtitle\">Per\u00edodo de retenci\u00f3n<\/p><p>Conservamos estos datos tras la finalizaci\u00f3n del servicio durante el siguiente n\u00famero de meses: 36<\/p><\/details><details class=\"cmplz-dropdown dropdown-privacy-statement\"><summary><div><h3>1.3 Recopilaci\u00f3n y an\u00e1lisis de estad\u00edsticas para la mejora del sitio web.<\/h3><\/div><\/summary><p class=\"cmplz-subtitle\">Para ello utilizamos los siguientes datos:<\/p><p><ul><li>datos de geolocalizaci\u00f3n<\/li><li>Direcci\u00f3n IP<\/li><li>Informaci\u00f3n sobre la actividad en Internet, incluyendo, entre otros, el historial de navegaci\u00f3n, el historial de b\u00fasqueda e informaci\u00f3n relativa a la interacci\u00f3n de un consumidor con un sitio web, aplicaci\u00f3n o anuncio de Internet.<\/li><\/ul><\/p><p class=\"cmplz-subtitle\">La base sobre la que podemos procesar estos datos es:<\/p><p class=\"cmplz-subtitle\">Per\u00edodo de retenci\u00f3n<\/p><p>Conservamos estos datos tras la finalizaci\u00f3n del servicio durante el siguiente n\u00famero de meses: 36<\/p><\/details><details class=\"cmplz-dropdown dropdown-privacy-statement\"><summary><div><h3>1.4 Para brindar soporte a los servicios o productos que un cliente desea comprar o ha comprado.<\/h3><\/div><\/summary><p class=\"cmplz-subtitle\">Para ello utilizamos los siguientes datos:<\/p><p><ul><li>Un nombre y un apellido<\/li><li>Nombre de cuenta o alias<\/li><li>Una direcci\u00f3n de correo electr\u00f3nico<\/li><li>Direcci\u00f3n IP<\/li><li>Informaci\u00f3n sobre la actividad en Internet, incluyendo, entre otros, el historial de navegaci\u00f3n, el historial de b\u00fasqueda e informaci\u00f3n relativa a la interacci\u00f3n de un consumidor con un sitio web, aplicaci\u00f3n o anuncio de Internet.<\/li><li>datos de geolocalizaci\u00f3n<\/li><\/ul><\/p><p class=\"cmplz-subtitle\">La base sobre la que podemos procesar estos datos es:<\/p><p class=\"cmplz-subtitle\">Per\u00edodo de retenci\u00f3n<\/p><p>Conservamos estos datos tras la finalizaci\u00f3n del servicio durante el siguiente n\u00famero de meses: 36<\/p><\/details><details class=\"cmplz-dropdown dropdown-privacy-statement\"><summary><div><h3>1.5 Pagos<\/h3><\/div><\/summary><p class=\"cmplz-subtitle\">Para ello utilizamos los siguientes datos:<\/p><p><ul><li>Un nombre y un apellido<\/li><li>Una direcci\u00f3n de correo electr\u00f3nico<\/li><li>Direcci\u00f3n IP<\/li><li>Nombre de cuenta o alias<\/li><\/ul><\/p><p class=\"cmplz-subtitle\">La base sobre la que podemos procesar estos datos es:<\/p><p class=\"cmplz-subtitle\">Per\u00edodo de retenci\u00f3n<\/p><p>Conservamos estos datos hasta que se finalice el servicio.<\/p><\/details><details class=\"cmplz-dropdown dropdown-privacy-statement\"><summary><div><h3>1.6 Contacto - Por tel\u00e9fono, correo postal, correo electr\u00f3nico y\/o formularios web<\/h3><\/div><\/summary><p class=\"cmplz-subtitle\">Para ello utilizamos los siguientes datos:<\/p><p><ul><li>Una direcci\u00f3n de correo electr\u00f3nico<\/li><li>Un nombre y un apellido<\/li><li>Direcci\u00f3n IP<\/li><li>datos de geolocalizaci\u00f3n<\/li><li>Informaci\u00f3n sobre la actividad en Internet, incluyendo, entre otros, el historial de navegaci\u00f3n, el historial de b\u00fasqueda e informaci\u00f3n relativa a la interacci\u00f3n de un consumidor con un sitio web, aplicaci\u00f3n o anuncio de Internet.<\/li><\/ul><\/p><p class=\"cmplz-subtitle\">La base sobre la que podemos procesar estos datos es:<\/p><p class=\"cmplz-subtitle\">Per\u00edodo de retenci\u00f3n<\/p><p>Conservamos estos datos tras la finalizaci\u00f3n del servicio durante el siguiente n\u00famero de meses: 36<\/p><\/details><details class=\"cmplz-dropdown dropdown-privacy-statement\"><summary><div><h3>1.7 Registro de una cuenta<\/h3><\/div><\/summary><p class=\"cmplz-subtitle\">Para ello utilizamos los siguientes datos:<\/p><p><ul><li>Un nombre y un apellido<\/li><li>Una casa u otra direcci\u00f3n f\u00edsica, incluyendo el nombre de la calle y el nombre de la ciudad o pueblo.<\/li><li>Una direcci\u00f3n de correo electr\u00f3nico<\/li><li>Un n\u00famero de tel\u00e9fono<\/li><li>Direcci\u00f3n IP<\/li><li>datos de geolocalizaci\u00f3n<\/li><li>Nombre de cuenta o alias<\/li><\/ul><\/p><p class=\"cmplz-subtitle\">La base sobre la que podemos procesar estos datos es:<\/p><p class=\"cmplz-subtitle\">Per\u00edodo de retenci\u00f3n<\/p><p>Conservamos estos datos tras la finalizaci\u00f3n del servicio durante el siguiente n\u00famero de meses: 36<\/p><\/details><h2>2. \u00bfQu\u00e9 ocurre si no nos proporciona su informaci\u00f3n personal?<\/h2><p>Si no nos facilita su informaci\u00f3n personal, es posible que no podamos proporcionarle la informaci\u00f3n, los productos o la asistencia que busca.<\/p><h2>3. Compartir con otras partes<\/h2><p>Solo compartimos o divulgamos estos datos a los operadores para los siguientes fines:<\/p><p class=\"cmplz-subtitle\">Operadores<\/p><p><b>Nombre:<\/b>&nbsp;Stripe Payments Europe Ltd<br \/>\n             <b>Pa\u00eds:<\/b>&nbsp;Irlanda<br \/>\n             <b>Objetivo:<\/b>&nbsp;Procesamiento de pagos para pedidos en l\u00ednea<br \/><\/p><h2>4. Galletas<\/h2><p>Nuestro sitio web utiliza cookies. Para obtener m\u00e1s informaci\u00f3n sobre las cookies, consulte nuestra <a href=\"https:\/\/mibooko.com\/es_mx\/cookie-policy-br\/\">Pol\u00edtica de cookies<\/a>.&nbsp;<\/p><h2>5. Pr\u00e1cticas de divulgaci\u00f3n<\/h2><p><p>Divulgamos informaci\u00f3n personal si as\u00ed lo exige la ley o una orden judicial, en respuesta a una solicitud de un organismo encargado de hacer cumplir la ley, en la medida permitida por otras disposiciones legales, para proporcionar informaci\u00f3n o para una investigaci\u00f3n sobre un asunto relacionado con la seguridad p\u00fablica.<\/p><p>Si nuestro sitio web u organizaci\u00f3n es adquirido, vendido o involucrado en una fusi\u00f3n o adquisici\u00f3n, sus datos podr\u00e1n ser revelados a nuestros asesores y a cualquier comprador potencial, y se transmitir\u00e1n a los nuevos propietarios.<\/p><\/p><p>Hemos suscrito un acuerdo de procesamiento de datos con Google.<\/p><p>Google no podr\u00e1 utilizar los datos para ning\u00fan otro servicio de Google.<\/p><p>La inclusi\u00f3n de direcciones IP completas est\u00e1 bloqueada por nuestra parte.<\/p><h2>6. Seguridad<\/h2><p>Nos comprometemos a proteger la seguridad de los datos personales. Adoptamos las medidas de seguridad adecuadas para limitar el uso indebido y el acceso no autorizado a los datos personales. Esto garantiza que solo las personas necesarias tengan acceso a sus datos, que dicho acceso est\u00e9 protegido y que nuestras medidas de seguridad se revisen peri\u00f3dicamente.<\/p><h2>7. Sitios web de terceros<\/h2><p>Esta declaraci\u00f3n de privacidad no se aplica a los sitios web de terceros a los que se accede mediante enlaces en nuestro sitio web. No podemos garantizar que estos terceros traten sus datos personales de forma fiable o segura. Le recomendamos que lea las declaraciones de privacidad de estos sitios web antes de utilizarlos.<\/p><h2>8. Modificaciones a esta declaraci\u00f3n de privacidad<\/h2><p>Nos reservamos el derecho de modificar esta declaraci\u00f3n de privacidad. Le recomendamos consultarla peri\u00f3dicamente para estar al tanto de cualquier cambio. Asimismo, le informaremos de cualquier modificaci\u00f3n siempre que sea posible.<\/p><h2>9. Acceso y modificaci\u00f3n de sus datos<\/h2><p>Si tiene alguna pregunta o desea saber qu\u00e9 datos personales tenemos sobre usted, p\u00f3ngase en contacto con nosotros. Puede contactarnos utilizando la informaci\u00f3n que aparece a continuaci\u00f3n. Sus derechos con respecto a los datos personales:<\/p><ul>\n                <li>confirmaci\u00f3n de la existencia de procesamiento;<\/li>\n                <li>acceso a los datos;<\/li>\n                <li>Correcci\u00f3n de datos incompletos, inexactos o desactualizados;<\/li>\n                <li>anonimizaci\u00f3n, bloqueo o eliminaci\u00f3n de datos innecesarios, excesivos o procesados en contravenci\u00f3n de las disposiciones de la Ley General de Protecci\u00f3n de Datos Personales (LGPD);<\/li>\n                <li>portabilidad de datos a otro proveedor de servicios o productos, previa solicitud expresa, de conformidad con la normativa de la autoridad nacional, respetando los secretos comerciales e industriales;<\/li>\n                <li>supresi\u00f3n de los datos personales tratados con el consentimiento del titular, salvo en los casos previstos en el art. 16 de la Ley General de Protecci\u00f3n de Datos Personales (LGPD);<\/li>\n                <li>informaci\u00f3n sobre las entidades p\u00fablicas y privadas con las que el responsable del tratamiento comparti\u00f3 datos;<\/li>\n                <li>Informaci\u00f3n sobre la posibilidad de no dar el consentimiento y sobre las consecuencias de la negativa.<\/li>\n            <\/ul><p>Para ejercer estos derechos, p\u00f3ngase en contacto con nosotros. Encontrar\u00e1 nuestros datos de contacto al final de esta Declaraci\u00f3n de Privacidad.<\/p>\n            <p>Por favor, aseg\u00farese de indicar siempre claramente qui\u00e9n es usted, para que podamos estar seguros de no modificar ni eliminar ning\u00fan dato de la persona equivocada.<\/p><h2>10. Presentar una queja<\/h2><p>Si no est\u00e1 satisfecho con la forma en que gestionamos (una queja sobre) el tratamiento de sus datos personales, tiene derecho a presentar una queja ante la Autoridad Nacional de Protecci\u00f3n de Datos (ANPD):<\/p><p><br \/>Autoridad Nacional de Protecci\u00f3n de Dados\n\t\t\t\t\t\t<br \/>\n\t\t\t\t\t\t<br \/>Esplanada dos Minist\u00e9rios,\n\t\t\t\t\t\t<br \/>Bloque C,\n\t\t\t\t\t\t<br \/>2\u00ba andar,\n\t\t\t\t\t\t<br \/>CEP 70297-400 - Brasilia \u2013 DF.\n\t\t\t\t\t\t<br \/><a href=\"https:\/\/www.gov.br\/anpd\/pt-br\/canais_atendimento\/\" target=\"_blank\" rel=\"noopener\">Sitio web<\/a><\/p><h2>11. Ni\u00f1os<\/h2><p>Nuestro sitio web no est\u00e1 dise\u00f1ado para atraer a menores de edad y no tenemos intenci\u00f3n de recopilar datos personales de ni\u00f1os menores de la edad legal de consentimiento en su pa\u00eds de residencia. Por lo tanto, solicitamos a los menores de edad que no nos env\u00eden ning\u00fan dato personal.<\/p><h2>12. Datos de contacto<\/h2><p>Mibooko Sp. z oo.<br \/>\n        Zolnierzy I AWP 8, 81-380 Gdynia<br \/>\n        Polonia<br \/>\n        Sitio web: <a href=\"https:\/\/mibooko.com\/es_mx\/\">https:\/\/mibooko.com\/es_mx\/<\/a> <br \/>\n        Correo electr\u00f3nico: <span class=\"cmplz-obfuscate\">privacidad@<span class=\"cmplz-fmail-domain\">ex.com<\/span>m&#105;book&#111;&#046;c&#111;m<\/span> <br \/>\n        N\u00famero de tel\u00e9fono: +48660977702<\/p><h2>13. Solicitudes de datos<\/h2><p>Para las solicitudes m\u00e1s frecuentes, tambi\u00e9n le ofrecemos la posibilidad de utilizar nuestro formulario de solicitud de datos.<br \/>\t\t\t<div class=\"cmplz-datarequest cmplz-alert\">\n\t\t\t\t<span class=\"cmplz-close\">\u00d7<\/span>\n\t\t\t\t<span id=\"cmplz-message\"><\/span>\n\t\t\t<\/div>\n\t\t\t<form id=\"cmplz-datarequest-form\" action=\"\">\n\t\t\t\t<input type=\"hidden\" required value=\"br\" name=\"cmplz_datarequest_region\" id=\"cmplz_datarequest_region\">\n\n\t\t\t\t<label for=\"cmplz_datarequest_firstname\" class=\"cmplz-first-name\">Nombre\t\t\t\t\t<input type=\"search\" class=\"datarequest-firstname\" value=\"\" placeholder=\"tu nombre\" id=\"cmplz_datarequest_firstname\" name=\"cmplz_datarequest_firstname\">\n\t\t\t\t<\/label>\n\t\t\t\t<div>\n\t\t\t\t\t<label for=\"cmplz_datarequest_name\">Nombre<\/label>\n\t\t\t\t\t<input type=\"text\" required value=\"\" placeholder=\"Your name\" id=\"cmplz_datarequest_name\" name=\"cmplz_datarequest_name\">\n\t\t\t\t<\/div>\n\t\t\t\t<div>\n\t\t\t\t\t<label for=\"cmplz_datarequest_email\">Correo electr\u00f3nico<\/label>\n\t\t\t\t\t<input type=\"email\" required value=\"\" placeholder=\"email@email.com\" id=\"cmplz_datarequest_email\" name=\"cmplz_datarequest_email\">\n\t\t\t\t<\/div>\n\t\t\t\t\t\t\t\t\t\t<div class=\"cmplz_datarequest cmplz_datarequest_request_for_access\">\n\t\t\t\t\t\t\t<label for=\"cmplz_datarequest_request_for_access\">\n\t\t\t\t\t\t\t\t<input type=\"checkbox\" value=\"1\" name=\"cmplz_datarequest_request_for_access\" id=\"cmplz_datarequest_request_for_access\" \/>\n\t\t\t\t\t\t\t\tSubmit a request for access to the data we process about you.\t\t\t\t\t\t\t<\/label>\n\t\t\t\t\t\t<\/div>\n\t\t\t\t\t\t\t\t\t\t<div class=\"cmplz_datarequest cmplz_datarequest_right_to_be_forgotten\">\n\t\t\t\t\t\t\t<label for=\"cmplz_datarequest_right_to_be_forgotten\">\n\t\t\t\t\t\t\t\t<input type=\"checkbox\" value=\"1\" name=\"cmplz_datarequest_right_to_be_forgotten\" id=\"cmplz_datarequest_right_to_be_forgotten\" \/>\n\t\t\t\t\t\t\t\tSubmit a request for deletion of the data if it is no longer relevant.\t\t\t\t\t\t\t<\/label>\n\t\t\t\t\t\t<\/div>\n\t\t\t\t\t\t\t\t\t\t<div class=\"cmplz_datarequest cmplz_datarequest_right_to_data_portability\">\n\t\t\t\t\t\t\t<label for=\"cmplz_datarequest_right_to_data_portability\">\n\t\t\t\t\t\t\t\t<input type=\"checkbox\" value=\"1\" name=\"cmplz_datarequest_right_to_data_portability\" id=\"cmplz_datarequest_right_to_data_portability\" \/>\n\t\t\t\t\t\t\t\tSubmit a request to receive an export file of the data we process about you.\t\t\t\t\t\t\t<\/label>\n\t\t\t\t\t\t<\/div>\n\t\t\t\t\t\t\t\t<input type=\"button\" id=\"cmplz-datarequest-submit\" value=\"Enviar\">\n\t\t\t<input type=\"hidden\" name=\"trp-form-language\" value=\"es_mx\"\/><\/form>\n\n\t\t\t<style>\n\t\t\t\t\/* first-name is honeypot *\/\n\t\t\t\t.cmplz-first-name {\n\t\t\t\t\tposition: absolute !important;\n\t\t\t\t\tleft: -5000px !important;\n\t\t\t\t}\n\t\t\t<\/style>\n\t\t\t<\/p><\/div>","protected":false},"excerpt":{"rendered":"","protected":false},"author":3,"featured_media":0,"parent":0,"menu_order":0,"comment_status":"closed","ping_status":"closed","template":"","meta":{"_acf_changed":false,"site-sidebar-layout":"default","site-content-layout":"","ast-site-content-layout":"default","site-content-style":"default","site-sidebar-style":"default","ast-global-header-display":"","ast-banner-title-visibility":"","ast-main-header-display":"","ast-hfb-above-header-display":"","ast-hfb-below-header-display":"","ast-hfb-mobile-header-display":"","site-post-title":"","ast-breadcrumbs-content":"","ast-featured-img":"","footer-sml-layout":"","theme-transparent-header-meta":"","adv-header-id-meta":"","stick-header-meta":"","header-above-stick-meta":"","header-main-stick-meta":"","header-below-stick-meta":"","astra-migrate-meta-layouts":"default","ast-page-background-enabled":"default","ast-page-background-meta":{"desktop":{"background-color":"var(--ast-global-color-5)","background-image":"","background-repeat":"repeat","background-position":"center center","background-size":"auto","background-attachment":"scroll","background-type":"","background-media":"","overlay-type":"","overlay-color":"","overlay-opacity":"","overlay-gradient":""},"tablet":{"background-color":"","background-image":"","background-repeat":"repeat","background-position":"center center","background-size":"auto","background-attachment":"scroll","background-type":"","background-media":"","overlay-type":"","overlay-color":"","overlay-opacity":"","overlay-gradient":""},"mobile":{"background-color":"","background-image":"","background-repeat":"repeat","background-position":"center center","background-size":"auto","background-attachment":"scroll","background-type":"","background-media":"","overlay-type":"","overlay-color":"","overlay-opacity":"","overlay-gradient":""}},"ast-content-background-meta":{"desktop":{"background-color":"var(--ast-global-color-4)","background-image":"","background-repeat":"repeat","background-position":"center center","background-size":"auto","background-attachment":"scroll","background-type":"","background-media":"","overlay-type":"","overlay-color":"","overlay-opacity":"","overlay-gradient":""},"tablet":{"background-color":"var(--ast-global-color-4)","background-image":"","background-repeat":"repeat","background-position":"center center","background-size":"auto","background-attachment":"scroll","background-type":"","background-media":"","overlay-type":"","overlay-color":"","overlay-opacity":"","overlay-gradient":""},"mobile":{"background-color":"var(--ast-global-color-4)","background-image":"","background-repeat":"repeat","background-position":"center center","background-size":"auto","background-attachment":"scroll","background-type":"","background-media":"","overlay-type":"","overlay-color":"","overlay-opacity":"","overlay-gradient":""}},"_glsr_average":0,"_glsr_ranking":0,"_glsr_reviews":0,"footnotes":""},"folder":[],"class_list":["post-2423","page","type-page","status-publish","hentry"],"acf":[],"_links":{"self":[{"href":"https:\/\/mibooko.com\/es_mx\/wp-json\/wp\/v2\/pages\/2423","targetHints":{"allow":["GET"]}}],"collection":[{"href":"https:\/\/mibooko.com\/es_mx\/wp-json\/wp\/v2\/pages"}],"about":[{"href":"https:\/\/mibooko.com\/es_mx\/wp-json\/wp\/v2\/types\/page"}],"author":[{"embeddable":true,"href":"https:\/\/mibooko.com\/es_mx\/wp-json\/wp\/v2\/users\/3"}],"replies":[{"embeddable":true,"href":"https:\/\/mibooko.com\/es_mx\/wp-json\/wp\/v2\/comments?post=2423"}],"version-history":[{"count":0,"href":"https:\/\/mibooko.com\/es_mx\/wp-json\/wp\/v2\/pages\/2423\/revisions"}],"wp:attachment":[{"href":"https:\/\/mibooko.com\/es_mx\/wp-json\/wp\/v2\/media?parent=2423"}],"wp:term":[{"taxonomy":"folder","embeddable":true,"href":"https:\/\/mibooko.com\/es_mx\/wp-json\/wp\/v2\/folder?post=2423"}],"curies":[{"name":"wp","href":"https:\/\/api.w.org\/{rel}","templated":true}]}}