{"id":2425,"date":"2025-10-15T13:52:54","date_gmt":"2025-10-15T11:52:54","guid":{"rendered":"https:\/\/mibooko.com\/disclaimer\/"},"modified":"2026-03-18T17:03:55","modified_gmt":"2026-03-18T16:03:55","slug":"disclaimer","status":"publish","type":"page","link":"https:\/\/mibooko.com\/es_mx\/disclaimer\/","title":{"rendered":"Descargo de responsabilidad"},"content":{"rendered":"<!-- Legal document generated by Complianz | GDPR\/CCPA Cookie Consent https:\/\/wordpress.org\/plugins\/complianz-gdpr -->\n<div id=\"cmplz-document\" class=\"cmplz-document disclaimer cmplz-document-all\"><p>Mibooko Sp. z oo se compromete a mantener este sitio web actualizado y preciso. Si, a pesar de ello, encuentra alguna informaci\u00f3n incorrecta o desactualizada, le agradecer\u00edamos que nos lo comunicara. Indique en qu\u00e9 parte del sitio web ley\u00f3 la informaci\u00f3n. Lo revisaremos lo antes posible. Env\u00ede su respuesta por correo electr\u00f3nico a: <span class=\"cmplz-obfuscate\">&#112;&#114;&#105;&#118;&#097;&#099;y@<span class=\"cmplz-fmail-domain\">ex.com<\/span>&#109;&#105;b&#111;oko&#046;co&#109;<\/span>.<\/p><p>No nos hacemos responsables de las p\u00e9rdidas derivadas de inexactitudes o informaci\u00f3n incompleta, ni de las p\u00e9rdidas resultantes de problemas causados por la difusi\u00f3n de informaci\u00f3n a trav\u00e9s de internet, como interrupciones o fallos en el servicio. Al utilizar formularios web, procuramos limitar al m\u00ednimo el n\u00famero de campos obligatorios. Mibooko Sp. z oo no se responsabiliza de las p\u00e9rdidas sufridas como consecuencia del uso de datos, consejos o ideas proporcionados por o en nombre de Mibooko Sp. z oo a trav\u00e9s de este sitio web.<\/p><p>Todos los derechos de propiedad intelectual sobre el contenido de este sitio web pertenecen a Mibooko Sp. z oo o a terceros que han publicado el contenido o de quienes Mibooko Sp. z oo ha obtenido una licencia de uso.<\/p><p>Queda prohibida la copia, difusi\u00f3n y cualquier otro uso de estos materiales sin la autorizaci\u00f3n por escrito de Mibooko Sp. z oo, salvo y \u00fanicamente en la medida en que se estipule lo contrario en la normativa de obligado cumplimiento (como el derecho de cita), a menos que el contenido espec\u00edfico dicte lo contrario.<\/p><p>Si tiene alguna pregunta o problema con la accesibilidad del sitio web, no dude en ponerse en contacto con nosotros.<\/p><\/div>","protected":false},"excerpt":{"rendered":"","protected":false},"author":3,"featured_media":0,"parent":0,"menu_order":0,"comment_status":"closed","ping_status":"closed","template":"","meta":{"_acf_changed":false,"site-sidebar-layout":"default","site-content-layout":"","ast-site-content-layout":"default","site-content-style":"default","site-sidebar-style":"default","ast-global-header-display":"","ast-banner-title-visibility":"","ast-main-header-display":"","ast-hfb-above-header-display":"","ast-hfb-below-header-display":"","ast-hfb-mobile-header-display":"","site-post-title":"","ast-breadcrumbs-content":"","ast-featured-img":"","footer-sml-layout":"","theme-transparent-header-meta":"","adv-header-id-meta":"","stick-header-meta":"","header-above-stick-meta":"","header-main-stick-meta":"","header-below-stick-meta":"","astra-migrate-meta-layouts":"default","ast-page-background-enabled":"default","ast-page-background-meta":{"desktop":{"background-color":"var(--ast-global-color-5)","background-image":"","background-repeat":"repeat","background-position":"center center","background-size":"auto","background-attachment":"scroll","background-type":"","background-media":"","overlay-type":"","overlay-color":"","overlay-opacity":"","overlay-gradient":""},"tablet":{"background-color":"","background-image":"","background-repeat":"repeat","background-position":"center center","background-size":"auto","background-attachment":"scroll","background-type":"","background-media":"","overlay-type":"","overlay-color":"","overlay-opacity":"","overlay-gradient":""},"mobile":{"background-color":"","background-image":"","background-repeat":"repeat","background-position":"center center","background-size":"auto","background-attachment":"scroll","background-type":"","background-media":"","overlay-type":"","overlay-color":"","overlay-opacity":"","overlay-gradient":""}},"ast-content-background-meta":{"desktop":{"background-color":"var(--ast-global-color-4)","background-image":"","background-repeat":"repeat","background-position":"center center","background-size":"auto","background-attachment":"scroll","background-type":"","background-media":"","overlay-type":"","overlay-color":"","overlay-opacity":"","overlay-gradient":""},"tablet":{"background-color":"var(--ast-global-color-4)","background-image":"","background-repeat":"repeat","background-position":"center center","background-size":"auto","background-attachment":"scroll","background-type":"","background-media":"","overlay-type":"","overlay-color":"","overlay-opacity":"","overlay-gradient":""},"mobile":{"background-color":"var(--ast-global-color-4)","background-image":"","background-repeat":"repeat","background-position":"center center","background-size":"auto","background-attachment":"scroll","background-type":"","background-media":"","overlay-type":"","overlay-color":"","overlay-opacity":"","overlay-gradient":""}},"_glsr_average":0,"_glsr_ranking":0,"_glsr_reviews":0,"footnotes":""},"folder":[],"class_list":["post-2425","page","type-page","status-publish","hentry"],"acf":[],"_links":{"self":[{"href":"https:\/\/mibooko.com\/es_mx\/wp-json\/wp\/v2\/pages\/2425","targetHints":{"allow":["GET"]}}],"collection":[{"href":"https:\/\/mibooko.com\/es_mx\/wp-json\/wp\/v2\/pages"}],"about":[{"href":"https:\/\/mibooko.com\/es_mx\/wp-json\/wp\/v2\/types\/page"}],"author":[{"embeddable":true,"href":"https:\/\/mibooko.com\/es_mx\/wp-json\/wp\/v2\/users\/3"}],"replies":[{"embeddable":true,"href":"https:\/\/mibooko.com\/es_mx\/wp-json\/wp\/v2\/comments?post=2425"}],"version-history":[{"count":1,"href":"https:\/\/mibooko.com\/es_mx\/wp-json\/wp\/v2\/pages\/2425\/revisions"}],"predecessor-version":[{"id":10389,"href":"https:\/\/mibooko.com\/es_mx\/wp-json\/wp\/v2\/pages\/2425\/revisions\/10389"}],"wp:attachment":[{"href":"https:\/\/mibooko.com\/es_mx\/wp-json\/wp\/v2\/media?parent=2425"}],"wp:term":[{"taxonomy":"folder","embeddable":true,"href":"https:\/\/mibooko.com\/es_mx\/wp-json\/wp\/v2\/folder?post=2425"}],"curies":[{"name":"wp","href":"https:\/\/api.w.org\/{rel}","templated":true}]}}