{"id":3549,"date":"2025-10-23T18:33:57","date_gmt":"2025-10-23T16:33:57","guid":{"rendered":"https:\/\/mibooko.com\/product\/12-book-subscription\/"},"modified":"2026-03-18T19:56:06","modified_gmt":"2026-03-18T18:56:06","slug":"personalized-book-subscription-for-children","status":"publish","type":"product","link":"https:\/\/mibooko.com\/es_mx\/product\/personalized-book-subscription-for-children\/","title":{"rendered":"Suscripci\u00f3n personalizada de libros para ni\u00f1os"},"content":{"rendered":"<p data-start=\"1947\" data-end=\"2170\">Convierta la lectura en una poderosa herramienta para el desarrollo de su hijo con la <strong data-start=\"2019\" data-end=\"2053\">Suscripci\u00f3n personalizada a libros<\/strong> \u2014 una serie de <strong data-start=\"2068\" data-end=\"2099\">12 libros totalmente personalizados<\/strong> Entregado seg\u00fan su horario:<br data-start=\"2127\" data-end=\"2130\" \/><strong data-start=\"2130\" data-end=\"2169\">semanalmente, cada dos semanas o mensualmente<\/strong>.<\/p>\n<p data-start=\"2172\" data-end=\"2212\">Cada cuento est\u00e1 adaptado a las necesidades de su hijo:<\/p>\n<ul data-start=\"2213\" data-end=\"2367\">\n<li data-start=\"2213\" data-end=\"2236\">\n<p data-start=\"2215\" data-end=\"2236\">nombre y apariencia<\/p>\n<\/li>\n<li data-start=\"2237\" data-end=\"2262\">\n<p data-start=\"2239\" data-end=\"2262\">edad y nivel de lectura<\/p>\n<\/li>\n<li data-start=\"2263\" data-end=\"2285\">\n<p data-start=\"2265\" data-end=\"2285\">rasgos de personalidad<\/p>\n<\/li>\n<li data-start=\"2286\" data-end=\"2305\">\n<p data-start=\"2288\" data-end=\"2305\">necesidades emocionales<\/p>\n<\/li>\n<li data-start=\"2306\" data-end=\"2328\">\n<p data-start=\"2308\" data-end=\"2328\">desaf\u00edos actuales<\/p>\n<\/li>\n<li data-start=\"2329\" data-end=\"2367\">\n<p data-start=\"2331\" data-end=\"2367\">intereses y habilidades de desarrollo<\/p>\n<\/li>\n<\/ul>\n<p data-start=\"2369\" data-end=\"2530\">Esta suscripci\u00f3n est\u00e1 dise\u00f1ada para <strong data-start=\"2402\" data-end=\"2424\">ayudar a los ni\u00f1os a crecer<\/strong>, no solo entretenerlos.<br data-start=\"2450\" data-end=\"2453\" \/>A lo largo de los 12 libros, su hijo\/a practica y fortalece habilidades clave como:<\/p>\n<ul data-start=\"2531\" data-end=\"2697\">\n<li data-start=\"2531\" data-end=\"2555\">\n<p data-start=\"2533\" data-end=\"2555\">regulaci\u00f3n emocional<\/p>\n<\/li>\n<li data-start=\"2556\" data-end=\"2570\">\n<p data-start=\"2558\" data-end=\"2570\">confianza<\/p>\n<\/li>\n<li data-start=\"2571\" data-end=\"2590\">\n<p data-start=\"2573\" data-end=\"2590\">resoluci\u00f3n de problemas<\/p>\n<\/li>\n<li data-start=\"2591\" data-end=\"2615\">\n<p data-start=\"2593\" data-end=\"2615\">comprensi\u00f3n social<\/p>\n<\/li>\n<li data-start=\"2616\" data-end=\"2642\">\n<p data-start=\"2618\" data-end=\"2642\">coraje y resiliencia<\/p>\n<\/li>\n<li data-start=\"2643\" data-end=\"2672\">\n<p data-start=\"2645\" data-end=\"2672\">curiosidad e imaginaci\u00f3n<\/p>\n<\/li>\n<li data-start=\"2673\" data-end=\"2697\">\n<p data-start=\"2675\" data-end=\"2697\">empat\u00eda y bondad<\/p>\n<\/li>\n<\/ul>\n<p data-start=\"2699\" data-end=\"2955\">Cada libro refleja un desaf\u00edo o un momento de crecimiento significativo de la vida real, desde hacer amigos y probar cosas nuevas hasta lidiar con emociones intensas o desarrollar la autoconfianza.<br data-start=\"2862\" data-end=\"2865\" \/>Porque tu hijo es el h\u00e9roe, estas lecciones se sienten <strong data-start=\"2916\" data-end=\"2954\">Personal, relevante y empoderador.<\/strong>.<\/p>\n<p data-start=\"2957\" data-end=\"3056\">Todos los libros incluyen ilustraciones profesionales y aptas para ni\u00f1os, as\u00ed como narraciones c\u00e1lidas y basadas en hechos reales.<\/p>\n<p data-start=\"3058\" data-end=\"3256\">Usted recibe <strong data-start=\"3070\" data-end=\"3096\">acceso digital instant\u00e1neo<\/strong> para cada libro en el momento de su lanzamiento.<br data-start=\"3136\" data-end=\"3139\" \/>Tu suscripci\u00f3n puede llegar <strong data-start=\"3168\" data-end=\"3178\">semanalmente<\/strong>, <strong data-start=\"3180\" data-end=\"3193\">quincenal<\/strong>, o <strong data-start=\"3198\" data-end=\"3209\">mensual<\/strong>, dependiendo de lo que mejor funcione para su familia.<\/p>\n<p data-start=\"3258\" data-end=\"3488\">Ofrezca a su hijo un a\u00f1o completo de historias personalizadas que apoyen su desarrollo: un libro, una habilidad, una aventura a la vez.<br data-start=\"3384\" data-end=\"3387\" \/>Crea un ritual de lectura que los inspire a crecer, porque en estas historias, <strong data-start=\"3466\" data-end=\"3474\">ellos<\/strong> son el h\u00e9roe.<\/p>","protected":false},"excerpt":{"rendered":"<p>Reg\u00e1lale a tu hijo un a\u00f1o lleno de crecimiento y alegr\u00eda con una suscripci\u00f3n personalizada de 12 libros. Cada libro presenta a tu hijo como protagonista en historias dise\u00f1adas para mejorar sus habilidades, fortalecer su confianza, fomentar su resiliencia emocional y ayudarle a superar los retos cotidianos. Elige la entrega semanal, quincenal o mensual. Acceso digital instant\u00e1neo incluido.<\/p>","protected":false},"featured_media":0,"comment_status":"open","ping_status":"closed","template":"","meta":{"_acf_changed":false,"site-sidebar-layout":"default","site-content-layout":"","ast-site-content-layout":"default","site-content-style":"default","site-sidebar-style":"default","ast-global-header-display":"","ast-banner-title-visibility":"","ast-main-header-display":"","ast-hfb-above-header-display":"","ast-hfb-below-header-display":"","ast-hfb-mobile-header-display":"","site-post-title":"","ast-breadcrumbs-content":"","ast-featured-img":"","footer-sml-layout":"","theme-transparent-header-meta":"default","adv-header-id-meta":"","stick-header-meta":"","header-above-stick-meta":"","header-main-stick-meta":"","header-below-stick-meta":"","astra-migrate-meta-layouts":"set","ast-page-background-enabled":"default","ast-page-background-meta":{"desktop":{"background-color":"var(--ast-global-color-5)","background-image":"","background-repeat":"repeat","background-position":"center center","background-size":"auto","background-attachment":"scroll","background-type":"","background-media":"","overlay-type":"","overlay-color":"","overlay-opacity":"","overlay-gradient":""},"tablet":{"background-color":"","background-image":"","background-repeat":"repeat","background-position":"center center","background-size":"auto","background-attachment":"scroll","background-type":"","background-media":"","overlay-type":"","overlay-color":"","overlay-opacity":"","overlay-gradient":""},"mobile":{"background-color":"","background-image":"","background-repeat":"repeat","background-position":"center center","background-size":"auto","background-attachment":"scroll","background-type":"","background-media":"","overlay-type":"","overlay-color":"","overlay-opacity":"","overlay-gradient":""}},"ast-content-background-meta":{"desktop":{"background-color":"var(--ast-global-color-4)","background-image":"","background-repeat":"repeat","background-position":"center center","background-size":"auto","background-attachment":"scroll","background-type":"","background-media":"","overlay-type":"","overlay-color":"","overlay-opacity":"","overlay-gradient":""},"tablet":{"background-color":"var(--ast-global-color-4)","background-image":"","background-repeat":"repeat","background-position":"center center","background-size":"auto","background-attachment":"scroll","background-type":"","background-media":"","overlay-type":"","overlay-color":"","overlay-opacity":"","overlay-gradient":""},"mobile":{"background-color":"var(--ast-global-color-4)","background-image":"","background-repeat":"repeat","background-position":"center center","background-size":"auto","background-attachment":"scroll","background-type":"","background-media":"","overlay-type":"","overlay-color":"","overlay-opacity":"","overlay-gradient":""}},"_glsr_average":0,"_glsr_ranking":0,"_glsr_reviews":0},"product_brand":[],"product_cat":[168,18],"product_tag":[],"class_list":{"0":"post-3549","1":"product","2":"type-product","3":"status-publish","5":"product_cat-digital-book","6":"product_cat-uncategorized","7":"desktop-align-left","8":"tablet-align-left","9":"mobile-align-left","11":"first","12":"instock","13":"taxable","14":"shipping-taxable","15":"purchasable","16":"product-type-variable","17":"has-default-attributes"},"acf":[],"_links":{"self":[{"href":"https:\/\/mibooko.com\/es_mx\/wp-json\/wp\/v2\/product\/3549","targetHints":{"allow":["GET"]}}],"collection":[{"href":"https:\/\/mibooko.com\/es_mx\/wp-json\/wp\/v2\/product"}],"about":[{"href":"https:\/\/mibooko.com\/es_mx\/wp-json\/wp\/v2\/types\/product"}],"replies":[{"embeddable":true,"href":"https:\/\/mibooko.com\/es_mx\/wp-json\/wp\/v2\/comments?post=3549"}],"wp:attachment":[{"href":"https:\/\/mibooko.com\/es_mx\/wp-json\/wp\/v2\/media?parent=3549"}],"wp:term":[{"taxonomy":"product_brand","embeddable":true,"href":"https:\/\/mibooko.com\/es_mx\/wp-json\/wp\/v2\/product_brand?post=3549"},{"taxonomy":"product_cat","embeddable":true,"href":"https:\/\/mibooko.com\/es_mx\/wp-json\/wp\/v2\/product_cat?post=3549"},{"taxonomy":"product_tag","embeddable":true,"href":"https:\/\/mibooko.com\/es_mx\/wp-json\/wp\/v2\/product_tag?post=3549"}],"curies":[{"name":"wp","href":"https:\/\/api.w.org\/{rel}","templated":true}]}}