{"id":3551,"date":"2025-10-23T18:40:27","date_gmt":"2025-10-23T16:40:27","guid":{"rendered":"https:\/\/mibooko.com\/?post_type=product&#038;p=3551"},"modified":"2026-03-18T19:55:53","modified_gmt":"2026-03-18T18:55:53","slug":"mystery-book-box-3-personalized-books","status":"publish","type":"product","link":"https:\/\/mibooko.com\/es_mx\/product\/mystery-book-box-3-personalized-books\/","title":{"rendered":"Mystery Book Box \u2013 3 libros personalizados para ni\u00f1os"},"content":{"rendered":"<p data-start=\"1352\" data-end=\"1549\">Convierte el tiempo de lectura en una experiencia m\u00e1gica con el <strong data-start=\"1405\" data-end=\"1425\">Mystery Book Box<\/strong> \u2014 un conjunto sorpresa de <strong data-start=\"1446\" data-end=\"1480\">tres libros totalmente personalizados<\/strong>, Cada una dise\u00f1ada en funci\u00f3n del nombre, la apariencia y la personalidad de su hijo.<\/p>\n<p data-start=\"1551\" data-end=\"1631\">Cada historia trae consigo un tema y una aventura diferentes, lo que hace que esta caja sea perfecta para:<\/p>\n<ul data-start=\"1632\" data-end=\"1755\">\n<li data-start=\"1632\" data-end=\"1656\">\n<p data-start=\"1634\" data-end=\"1656\">despertando la imaginaci\u00f3n<\/p>\n<\/li>\n<li data-start=\"1657\" data-end=\"1685\">\n<p data-start=\"1659\" data-end=\"1685\">fomentar una mayor lectura<\/p>\n<\/li>\n<li data-start=\"1686\" data-end=\"1719\">\n<p data-start=\"1688\" data-end=\"1719\">desarrollar la confianza emocional<\/p>\n<\/li>\n<li data-start=\"1720\" data-end=\"1755\">\n<p data-start=\"1722\" data-end=\"1755\">crear rituales alegres para la hora de dormir<\/p>\n<\/li>\n<\/ul>\n<p data-start=\"1757\" data-end=\"2081\">Este Mystery Book Box es parte de un <strong data-start=\"1792\" data-end=\"1819\">Colecci\u00f3n m\u00e1s grande de 7 juegos<\/strong>, cada conjunto contiene <strong data-start=\"1841\" data-end=\"1872\">3 libros personalizados \u00fanicos<\/strong>.<br data-start=\"1873\" data-end=\"1876\" \/>Juntos, forman el <strong data-start=\"1900\" data-end=\"1940\">Serie de libros de misterio con 21 aventuras.<\/strong> (7 juegos \u00d7 3 libros).<br data-start=\"1960\" data-end=\"1963\" \/>Tu hijo podr\u00e1 explorar nuevos mundos, personajes, emociones y desaf\u00edos a lo largo de toda la serie, siempre en el papel del h\u00e9roe.<\/p>\n<p data-start=\"2083\" data-end=\"2196\">Cada libro est\u00e1 ilustrado por artistas infantiles profesionales y construido utilizando principios narrativos que apoyan:<\/p>\n<ul data-start=\"2197\" data-end=\"2269\">\n<li data-start=\"2197\" data-end=\"2215\">\n<p data-start=\"2199\" data-end=\"2215\">alfabetizaci\u00f3n temprana<\/p>\n<\/li>\n<li data-start=\"2216\" data-end=\"2227\">\n<p data-start=\"2218\" data-end=\"2227\">empat\u00eda<\/p>\n<\/li>\n<li data-start=\"2228\" data-end=\"2241\">\n<p data-start=\"2230\" data-end=\"2241\">curiosidad<\/p>\n<\/li>\n<li data-start=\"2242\" data-end=\"2269\">\n<p data-start=\"2244\" data-end=\"2269\">comprensi\u00f3n emocional<\/p>\n<\/li>\n<\/ul>\n<p data-start=\"2271\" data-end=\"2406\">Usted recibe <strong data-start=\"2283\" data-end=\"2309\">acceso digital instant\u00e1neo<\/strong> Los tres libros, sin esperas ni demoras.<br data-start=\"2353\" data-end=\"2356\" \/>Tu hijo\/a podr\u00e1 comenzar sus aventuras de inmediato.<\/p>\n<p data-start=\"2408\" data-end=\"2497\">Dales una sorpresa que nunca olvidar\u00e1n: tres historias donde <strong data-start=\"2472\" data-end=\"2480\">ellos<\/strong> convi\u00e9rtete en el h\u00e9roe<\/p>","protected":false},"excerpt":{"rendered":"<p>Descubre la magia de Mystery Book Box: un set sorpresa de tres libros personalizados con preciosas ilustraciones donde tu hijo\/a se convierte en el\/la protagonista. Cada libro ofrece una aventura diferente, adaptada a su nombre, apariencia y personalidad. Esta caja, que forma parte de una colecci\u00f3n de 7 sets (21 libros en total), te brinda acceso instant\u00e1neo a tres historias \u00fanicas que despertar\u00e1n tu imaginaci\u00f3n, tu confianza y te permitir\u00e1n disfrutar de momentos de lectura inolvidables. Incluye acceso digital inmediato.<\/p>","protected":false},"featured_media":0,"comment_status":"open","ping_status":"closed","template":"","meta":{"_acf_changed":false,"site-sidebar-layout":"default","site-content-layout":"","ast-site-content-layout":"default","site-content-style":"default","site-sidebar-style":"default","ast-global-header-display":"","ast-banner-title-visibility":"","ast-main-header-display":"","ast-hfb-above-header-display":"","ast-hfb-below-header-display":"","ast-hfb-mobile-header-display":"","site-post-title":"","ast-breadcrumbs-content":"","ast-featured-img":"","footer-sml-layout":"","theme-transparent-header-meta":"default","adv-header-id-meta":"","stick-header-meta":"","header-above-stick-meta":"","header-main-stick-meta":"","header-below-stick-meta":"","astra-migrate-meta-layouts":"set","ast-page-background-enabled":"default","ast-page-background-meta":{"desktop":{"background-color":"var(--ast-global-color-5)","background-image":"","background-repeat":"repeat","background-position":"center center","background-size":"auto","background-attachment":"scroll","background-type":"","background-media":"","overlay-type":"","overlay-color":"","overlay-opacity":"","overlay-gradient":""},"tablet":{"background-color":"","background-image":"","background-repeat":"repeat","background-position":"center center","background-size":"auto","background-attachment":"scroll","background-type":"","background-media":"","overlay-type":"","overlay-color":"","overlay-opacity":"","overlay-gradient":""},"mobile":{"background-color":"","background-image":"","background-repeat":"repeat","background-position":"center center","background-size":"auto","background-attachment":"scroll","background-type":"","background-media":"","overlay-type":"","overlay-color":"","overlay-opacity":"","overlay-gradient":""}},"ast-content-background-meta":{"desktop":{"background-color":"var(--ast-global-color-4)","background-image":"","background-repeat":"repeat","background-position":"center center","background-size":"auto","background-attachment":"scroll","background-type":"","background-media":"","overlay-type":"","overlay-color":"","overlay-opacity":"","overlay-gradient":""},"tablet":{"background-color":"var(--ast-global-color-4)","background-image":"","background-repeat":"repeat","background-position":"center center","background-size":"auto","background-attachment":"scroll","background-type":"","background-media":"","overlay-type":"","overlay-color":"","overlay-opacity":"","overlay-gradient":""},"mobile":{"background-color":"var(--ast-global-color-4)","background-image":"","background-repeat":"repeat","background-position":"center center","background-size":"auto","background-attachment":"scroll","background-type":"","background-media":"","overlay-type":"","overlay-color":"","overlay-opacity":"","overlay-gradient":""}},"_glsr_average":0,"_glsr_ranking":0,"_glsr_reviews":0},"product_brand":[],"product_cat":[168,18],"product_tag":[],"class_list":{"0":"post-3551","1":"product","2":"type-product","3":"status-publish","5":"product_cat-digital-book","6":"product_cat-uncategorized","7":"desktop-align-left","8":"tablet-align-left","9":"mobile-align-left","11":"first","12":"instock","13":"downloadable","14":"taxable","15":"shipping-taxable","16":"purchasable","17":"product-type-simple"},"acf":[],"_links":{"self":[{"href":"https:\/\/mibooko.com\/es_mx\/wp-json\/wp\/v2\/product\/3551","targetHints":{"allow":["GET"]}}],"collection":[{"href":"https:\/\/mibooko.com\/es_mx\/wp-json\/wp\/v2\/product"}],"about":[{"href":"https:\/\/mibooko.com\/es_mx\/wp-json\/wp\/v2\/types\/product"}],"replies":[{"embeddable":true,"href":"https:\/\/mibooko.com\/es_mx\/wp-json\/wp\/v2\/comments?post=3551"}],"wp:attachment":[{"href":"https:\/\/mibooko.com\/es_mx\/wp-json\/wp\/v2\/media?parent=3551"}],"wp:term":[{"taxonomy":"product_brand","embeddable":true,"href":"https:\/\/mibooko.com\/es_mx\/wp-json\/wp\/v2\/product_brand?post=3551"},{"taxonomy":"product_cat","embeddable":true,"href":"https:\/\/mibooko.com\/es_mx\/wp-json\/wp\/v2\/product_cat?post=3551"},{"taxonomy":"product_tag","embeddable":true,"href":"https:\/\/mibooko.com\/es_mx\/wp-json\/wp\/v2\/product_tag?post=3551"}],"curies":[{"name":"wp","href":"https:\/\/api.w.org\/{rel}","templated":true}]}}