{"id":4396,"date":"2025-11-07T14:45:43","date_gmt":"2025-11-07T13:45:43","guid":{"rendered":"https:\/\/mibooko.com\/?post_type=product&#038;p=4396"},"modified":"2026-03-18T19:55:27","modified_gmt":"2026-03-18T18:55:27","slug":"personalized-storybook-for-children","status":"publish","type":"product","link":"https:\/\/mibooko.com\/es_mx\/product\/personalized-storybook-for-children\/","title":{"rendered":"Libro de cuentos personalizado para ni\u00f1os"},"content":{"rendered":"<p data-start=\"1732\" data-end=\"2040\">Br\u00edndele a su hijo una experiencia de lectura inmersiva con un <strong data-start=\"1787\" data-end=\"1819\">Libro de cuentos totalmente personalizado<\/strong> Dise\u00f1ado en funci\u00f3n de su edad, personalidad y mundo emocional.<br data-start=\"1880\" data-end=\"1883\" \/>Esta edici\u00f3n, ricamente desarrollada, incluye una narraci\u00f3n m\u00e1s profunda, escenas m\u00e1s detalladas e ilustraciones expresivas que sumergen a tu hijo en su propia aventura.<\/p>\n<p data-start=\"2042\" data-end=\"2054\">Ideal para:<\/p>\n<ul data-start=\"2055\" data-end=\"2221\">\n<li data-start=\"2055\" data-end=\"2086\">\n<p data-start=\"2057\" data-end=\"2086\">rutinas significativas antes de ir a dormir<\/p>\n<\/li>\n<li data-start=\"2087\" data-end=\"2113\">\n<p data-start=\"2089\" data-end=\"2113\">momentos de lectura compartida<\/p>\n<\/li>\n<li data-start=\"2114\" data-end=\"2161\">\n<p data-start=\"2116\" data-end=\"2161\">ni\u00f1os que disfrutan de historias m\u00e1s largas y atractivas<\/p>\n<\/li>\n<li data-start=\"2162\" data-end=\"2221\">\n<p data-start=\"2164\" data-end=\"2221\">Desarrollar la imaginaci\u00f3n, la empat\u00eda y la confianza emocional.<\/p>\n<\/li>\n<\/ul>\n<p data-start=\"2223\" data-end=\"2312\">Cada historia de MIBOOKO se crea utilizando principios narrativos basados en la investigaci\u00f3n que respaldan:<\/p>\n<ul data-start=\"2313\" data-end=\"2403\">\n<li data-start=\"2313\" data-end=\"2337\">\n<p data-start=\"2315\" data-end=\"2337\">resiliencia emocional<\/p>\n<\/li>\n<li data-start=\"2338\" data-end=\"2351\">\n<p data-start=\"2340\" data-end=\"2351\">curiosidad<\/p>\n<\/li>\n<li data-start=\"2352\" data-end=\"2366\">\n<p data-start=\"2354\" data-end=\"2366\">confianza<\/p>\n<\/li>\n<li data-start=\"2367\" data-end=\"2403\">\n<p data-start=\"2369\" data-end=\"2403\">alfabetizaci\u00f3n y comprensi\u00f3n temprana<\/p>\n<\/li>\n<\/ul>\n<p data-start=\"2405\" data-end=\"2548\">Usted recibe <strong data-start=\"2417\" data-end=\"2443\">acceso digital instant\u00e1neo<\/strong> para que su hijo pueda empezar a leer de inmediato.<br data-start=\"2487\" data-end=\"2490\" \/>A <strong data-start=\"2492\" data-end=\"2547\">La edici\u00f3n impresa est\u00e1 disponible para env\u00edos a todo el mundo.<\/strong>.<\/p>\n<p data-start=\"2550\" data-end=\"2627\">Crea una historia que recordar\u00e1n, porque esta vez, <strong data-start=\"2605\" data-end=\"2613\">ellos<\/strong> son el h\u00e9roe.<\/p>","protected":false},"excerpt":{"rendered":"<p>Un libro de cuentos personalizado con magn\u00edficas ilustraciones donde tu hijo\/a se convierte en el\/la protagonista. Con una narrativa profunda y vibrantes ilustraciones. Acceso digital instant\u00e1neo; edici\u00f3n impresa disponible en todo el mundo.<\/p>","protected":false},"featured_media":10244,"comment_status":"open","ping_status":"closed","template":"","meta":{"_acf_changed":false,"site-sidebar-layout":"default","site-content-layout":"","ast-site-content-layout":"default","site-content-style":"default","site-sidebar-style":"default","ast-global-header-display":"","ast-banner-title-visibility":"","ast-main-header-display":"","ast-hfb-above-header-display":"","ast-hfb-below-header-display":"","ast-hfb-mobile-header-display":"","site-post-title":"","ast-breadcrumbs-content":"","ast-featured-img":"","footer-sml-layout":"","theme-transparent-header-meta":"default","adv-header-id-meta":"","stick-header-meta":"","header-above-stick-meta":"","header-main-stick-meta":"","header-below-stick-meta":"","astra-migrate-meta-layouts":"set","ast-page-background-enabled":"default","ast-page-background-meta":{"desktop":{"background-color":"var(--ast-global-color-5)","background-image":"","background-repeat":"repeat","background-position":"center center","background-size":"auto","background-attachment":"scroll","background-type":"","background-media":"","overlay-type":"","overlay-color":"","overlay-opacity":"","overlay-gradient":""},"tablet":{"background-color":"","background-image":"","background-repeat":"repeat","background-position":"center center","background-size":"auto","background-attachment":"scroll","background-type":"","background-media":"","overlay-type":"","overlay-color":"","overlay-opacity":"","overlay-gradient":""},"mobile":{"background-color":"","background-image":"","background-repeat":"repeat","background-position":"center center","background-size":"auto","background-attachment":"scroll","background-type":"","background-media":"","overlay-type":"","overlay-color":"","overlay-opacity":"","overlay-gradient":""}},"ast-content-background-meta":{"desktop":{"background-color":"var(--ast-global-color-4)","background-image":"","background-repeat":"repeat","background-position":"center center","background-size":"auto","background-attachment":"scroll","background-type":"","background-media":"","overlay-type":"","overlay-color":"","overlay-opacity":"","overlay-gradient":""},"tablet":{"background-color":"var(--ast-global-color-4)","background-image":"","background-repeat":"repeat","background-position":"center center","background-size":"auto","background-attachment":"scroll","background-type":"","background-media":"","overlay-type":"","overlay-color":"","overlay-opacity":"","overlay-gradient":""},"mobile":{"background-color":"var(--ast-global-color-4)","background-image":"","background-repeat":"repeat","background-position":"center center","background-size":"auto","background-attachment":"scroll","background-type":"","background-media":"","overlay-type":"","overlay-color":"","overlay-opacity":"","overlay-gradient":""}},"_glsr_average":0,"_glsr_ranking":0,"_glsr_reviews":0},"product_brand":[],"product_cat":[168,18],"product_tag":[],"class_list":{"0":"post-4396","1":"product","2":"type-product","3":"status-publish","4":"has-post-thumbnail","6":"product_cat-digital-book","7":"product_cat-uncategorized","8":"desktop-align-left","9":"tablet-align-left","10":"mobile-align-left","12":"first","13":"instock","14":"downloadable","15":"taxable","16":"shipping-taxable","17":"purchasable","18":"product-type-simple"},"acf":[],"_links":{"self":[{"href":"https:\/\/mibooko.com\/es_mx\/wp-json\/wp\/v2\/product\/4396","targetHints":{"allow":["GET"]}}],"collection":[{"href":"https:\/\/mibooko.com\/es_mx\/wp-json\/wp\/v2\/product"}],"about":[{"href":"https:\/\/mibooko.com\/es_mx\/wp-json\/wp\/v2\/types\/product"}],"replies":[{"embeddable":true,"href":"https:\/\/mibooko.com\/es_mx\/wp-json\/wp\/v2\/comments?post=4396"}],"wp:featuredmedia":[{"embeddable":true,"href":"https:\/\/mibooko.com\/es_mx\/wp-json\/wp\/v2\/media\/10244"}],"wp:attachment":[{"href":"https:\/\/mibooko.com\/es_mx\/wp-json\/wp\/v2\/media?parent=4396"}],"wp:term":[{"taxonomy":"product_brand","embeddable":true,"href":"https:\/\/mibooko.com\/es_mx\/wp-json\/wp\/v2\/product_brand?post=4396"},{"taxonomy":"product_cat","embeddable":true,"href":"https:\/\/mibooko.com\/es_mx\/wp-json\/wp\/v2\/product_cat?post=4396"},{"taxonomy":"product_tag","embeddable":true,"href":"https:\/\/mibooko.com\/es_mx\/wp-json\/wp\/v2\/product_tag?post=4396"}],"curies":[{"name":"wp","href":"https:\/\/api.w.org\/{rel}","templated":true}]}}