{"id":6012,"date":"2025-11-27T00:45:27","date_gmt":"2025-11-26T23:45:27","guid":{"rendered":"https:\/\/mibooko.com\/?post_type=product&#038;p=6012"},"modified":"2026-03-18T19:54:26","modified_gmt":"2026-03-18T18:54:26","slug":"special-moment-personalized-book","status":"publish","type":"product","link":"https:\/\/mibooko.com\/es_mx\/product\/special-moment-personalized-book\/","title":{"rendered":"Libro personalizado para momentos especiales"},"content":{"rendered":"<p>El Libro de Momentos Especiales es un cuento infantil totalmente personalizado, creado para celebrar, honrar o conmemorar los momentos m\u00e1s importantes. Ya sea alegre, festivo, emotivo o reflexivo, este libro transforma la ocasi\u00f3n elegida en una aventura bellamente ilustrada donde tu hijo\/a se convierte en el\/la protagonista.<\/p>\n<p>Para empezar, personaliza el nombre y la apariencia de tu hijo\/a, as\u00ed como los familiares que aparecen junto a \u00e9l\/ella. A\u00f1ade una dedicatoria personal, elige el tono del momento y observa c\u00f3mo la historia se adapta al instante. Una vez listo, tu libro se entrega en formato PDF y EPUB, f\u00e1ciles de usar, ideales para leer en cualquier dispositivo o imprimir en casa como recuerdo. Tambi\u00e9n puedes optar por la narraci\u00f3n de texto a voz, seg\u00fan el idioma.<\/p>\n<p>Esta edici\u00f3n es ideal para padres que desean una historia breve y conmovedora que capture la esencia de la ocasi\u00f3n.<\/p>\n<p><strong>Ocasiones para las que puedes crear una historia<\/strong><\/p>\n<p>Nuestro Libro de Momentos Especiales actualmente apoya una amplia selecci\u00f3n de eventos familiares y culturales, entre los que se incluyen:<\/p>\n<ul>\n<li>Cumplea\u00f1os<\/li>\n<li>Navidad<\/li>\n<li>A\u00f1o Nuevo<\/li>\n<li>Pascua de Resurrecci\u00f3n<\/li>\n<li>Eid Mubarak<\/li>\n<li>Chag Sameaj<\/li>\n<li>D\u00eda del santo<\/li>\n<li>D\u00eda de la Madre<\/li>\n<li>D\u00eda del Padre<\/li>\n<li>D\u00eda del Ni\u00f1o<\/li>\n<li>Nuevo beb\u00e9 \/ Bienvenido al mundo<\/li>\n<li>V\u00edspera de Todos los Santos<\/li>\n<li>Diwali<\/li>\n<li>D\u00eda de San Valent\u00edn<\/li>\n<li>A\u00f1o Nuevo Lunar (Tema del Caballo de Fuego)<\/li>\n<li>Funeral \/ Despedida \/ Recuerdo: narraci\u00f3n suave y reconfortante.<\/li>\n<\/ul>\n<p>Si tu momento no aparece en la lista, puedes seleccionar \u201cOtra ocasi\u00f3n\u201d durante la personalizaci\u00f3n y describir tu situaci\u00f3n. Nuestro sistema adaptar\u00e1 la historia a las necesidades de tu familia.<br \/>\n<strong>Por qu\u00e9 a las familias les encanta el libro &quot;Momentos especiales&quot;<\/strong><\/p>\n<ul>\n<li>Un recuerdo significativo para momentos importantes o transiciones emocionales.<\/li>\n<li>H\u00e9roe, familia y mensaje personalizados<\/li>\n<li>Tonos suaves y narrativos adaptados a su ocasi\u00f3n.<\/li>\n<li>Acceso instant\u00e1neo: no se requiere env\u00edo.<\/li>\n<li>Perfecto para familias, parientes y personas que buscan el regalo perfecto.<\/li>\n<\/ul>\n<p>Este libro se convierte en un recuerdo entra\u00f1able que crece con tu hijo, algo a lo que volver\u00e1 a\u00f1o tras a\u00f1o como parte de la tradici\u00f3n familiar de contar cuentos.<\/p>","protected":false},"excerpt":{"rendered":"<p>Un libro infantil personalizado para cualquier ocasi\u00f3n especial: cumplea\u00f1os, fiestas, nacimientos o recuerdos. Personaliza el nombre, la imagen, los miembros de la familia y la dedicatoria de tu hijo\/a. Disponible al instante en formato PDF y EPUB para imprimir en casa o leer en formato digital.<\/p>","protected":false},"featured_media":0,"comment_status":"open","ping_status":"closed","template":"","meta":{"_acf_changed":false,"site-sidebar-layout":"default","site-content-layout":"","ast-site-content-layout":"default","site-content-style":"default","site-sidebar-style":"default","ast-global-header-display":"","ast-banner-title-visibility":"","ast-main-header-display":"","ast-hfb-above-header-display":"","ast-hfb-below-header-display":"","ast-hfb-mobile-header-display":"","site-post-title":"","ast-breadcrumbs-content":"","ast-featured-img":"","footer-sml-layout":"","theme-transparent-header-meta":"default","adv-header-id-meta":"","stick-header-meta":"","header-above-stick-meta":"","header-main-stick-meta":"","header-below-stick-meta":"","astra-migrate-meta-layouts":"set","ast-page-background-enabled":"default","ast-page-background-meta":{"desktop":{"background-color":"var(--ast-global-color-5)","background-image":"","background-repeat":"repeat","background-position":"center center","background-size":"auto","background-attachment":"scroll","background-type":"","background-media":"","overlay-type":"","overlay-color":"","overlay-opacity":"","overlay-gradient":""},"tablet":{"background-color":"","background-image":"","background-repeat":"repeat","background-position":"center center","background-size":"auto","background-attachment":"scroll","background-type":"","background-media":"","overlay-type":"","overlay-color":"","overlay-opacity":"","overlay-gradient":""},"mobile":{"background-color":"","background-image":"","background-repeat":"repeat","background-position":"center center","background-size":"auto","background-attachment":"scroll","background-type":"","background-media":"","overlay-type":"","overlay-color":"","overlay-opacity":"","overlay-gradient":""}},"ast-content-background-meta":{"desktop":{"background-color":"var(--ast-global-color-4)","background-image":"","background-repeat":"repeat","background-position":"center center","background-size":"auto","background-attachment":"scroll","background-type":"","background-media":"","overlay-type":"","overlay-color":"","overlay-opacity":"","overlay-gradient":""},"tablet":{"background-color":"var(--ast-global-color-4)","background-image":"","background-repeat":"repeat","background-position":"center center","background-size":"auto","background-attachment":"scroll","background-type":"","background-media":"","overlay-type":"","overlay-color":"","overlay-opacity":"","overlay-gradient":""},"mobile":{"background-color":"var(--ast-global-color-4)","background-image":"","background-repeat":"repeat","background-position":"center center","background-size":"auto","background-attachment":"scroll","background-type":"","background-media":"","overlay-type":"","overlay-color":"","overlay-opacity":"","overlay-gradient":""}},"_glsr_average":0,"_glsr_ranking":0,"_glsr_reviews":0},"product_brand":[],"product_cat":[168,18],"product_tag":[],"class_list":{"0":"post-6012","1":"product","2":"type-product","3":"status-publish","5":"product_cat-digital-book","6":"product_cat-uncategorized","7":"desktop-align-left","8":"tablet-align-left","9":"mobile-align-left","11":"first","12":"instock","13":"downloadable","14":"taxable","15":"shipping-taxable","16":"purchasable","17":"product-type-simple"},"acf":[],"_links":{"self":[{"href":"https:\/\/mibooko.com\/es_mx\/wp-json\/wp\/v2\/product\/6012","targetHints":{"allow":["GET"]}}],"collection":[{"href":"https:\/\/mibooko.com\/es_mx\/wp-json\/wp\/v2\/product"}],"about":[{"href":"https:\/\/mibooko.com\/es_mx\/wp-json\/wp\/v2\/types\/product"}],"replies":[{"embeddable":true,"href":"https:\/\/mibooko.com\/es_mx\/wp-json\/wp\/v2\/comments?post=6012"}],"wp:attachment":[{"href":"https:\/\/mibooko.com\/es_mx\/wp-json\/wp\/v2\/media?parent=6012"}],"wp:term":[{"taxonomy":"product_brand","embeddable":true,"href":"https:\/\/mibooko.com\/es_mx\/wp-json\/wp\/v2\/product_brand?post=6012"},{"taxonomy":"product_cat","embeddable":true,"href":"https:\/\/mibooko.com\/es_mx\/wp-json\/wp\/v2\/product_cat?post=6012"},{"taxonomy":"product_tag","embeddable":true,"href":"https:\/\/mibooko.com\/es_mx\/wp-json\/wp\/v2\/product_tag?post=6012"}],"curies":[{"name":"wp","href":"https:\/\/api.w.org\/{rel}","templated":true}]}}