{"id":8403,"date":"2025-12-28T23:06:22","date_gmt":"2025-12-28T22:06:22","guid":{"rendered":"https:\/\/mibooko.com\/?page_id=8403"},"modified":"2026-03-18T22:13:10","modified_gmt":"2026-03-18T21:13:10","slug":"mibooko-refund-guarantee","status":"publish","type":"page","link":"https:\/\/mibooko.com\/fr\/mibooko-refund-guarantee\/","title":{"rendered":"Garantie Sourire 100%"},"content":{"rendered":"<div data-elementor-type=\"wp-page\" data-elementor-id=\"8403\" class=\"elementor elementor-8403\" data-elementor-post-type=\"page\">\n\t\t\t\t<div class=\"elementor-element elementor-element-af152fe e-flex e-con-boxed e-con e-parent\" data-id=\"af152fe\" data-element_type=\"container\" data-e-type=\"container\">\n\t\t\t\t\t<div class=\"e-con-inner\">\n\t\t\t\t<div class=\"elementor-element elementor-element-9283911 elementor-widget elementor-widget-heading\" data-id=\"9283911\" data-element_type=\"widget\" data-e-type=\"widget\" data-widget_type=\"heading.default\">\n\t\t\t\t\t<h1 class=\"elementor-heading-title elementor-size-default\">Garantie Sourire 100% (Livres num\u00e9riques)<\/h1>\t\t\t\t<\/div>\n\t\t<div class=\"elementor-element elementor-element-c35308b e-con-full e-flex e-con e-child\" data-id=\"c35308b\" data-element_type=\"container\" data-e-type=\"container\">\n\t\t<div class=\"elementor-element elementor-element-19788e7 e-con-full e-flex e-con e-child\" data-id=\"19788e7\" data-element_type=\"container\" data-e-type=\"container\">\n\t\t\t\t<div class=\"elementor-element elementor-element-0fc8b5d elementor-widget elementor-widget-text-editor\" data-id=\"0fc8b5d\" data-element_type=\"widget\" data-e-type=\"widget\" data-widget_type=\"text-editor.default\">\n\t\t\t\t\t\t\t\t\t<p data-start=\"262\" data-end=\"340\">Cr\u00e9er une histoire personnalis\u00e9e pour votre enfant devrait \u00eatre une exp\u00e9rience excitante, et non risqu\u00e9e.<\/p><p data-start=\"342\" data-end=\"555\">C\u2019est pourquoi chaque livre num\u00e9rique MIBOOKO (PDF + EPUB) est accompagn\u00e9 de notre garantie sourire 100%\u00a0:<br data-start=\"438\" data-end=\"441\" \/>Si cela ne vous donne pas le sourire, nous trouverons une solution. Et si vous n&#039;\u00eates toujours pas satisfait, vous serez rembours\u00e9.<\/p>\t\t\t\t\t\t\t\t<\/div>\n\t\t\t\t<\/div>\n\t\t<div class=\"elementor-element elementor-element-0d3700e e-con-full e-flex e-con e-child\" data-id=\"0d3700e\" data-element_type=\"container\" data-e-type=\"container\">\n\t\t\t\t<div class=\"elementor-element elementor-element-574fb26 elementor-widget elementor-widget-image\" data-id=\"574fb26\" data-element_type=\"widget\" data-e-type=\"widget\" data-widget_type=\"image.default\">\n\t\t\t\t\t\t\t\t\t\t\t\t\t\t\t<img fetchpriority=\"high\" decoding=\"async\" width=\"300\" height=\"300\" src=\"https:\/\/mibooko.com\/wp-content\/uploads\/2025\/12\/100satisfactionbadge-small-300x300.png\" class=\"attachment-woocommerce_thumbnail size-woocommerce_thumbnail wp-image-8372\" alt=\"\" srcset=\"https:\/\/mibooko.com\/wp-content\/uploads\/2025\/12\/100satisfactionbadge-small-300x300.png 300w, https:\/\/mibooko.com\/wp-content\/uploads\/2025\/12\/100satisfactionbadge-small-150x150.png 150w, https:\/\/mibooko.com\/wp-content\/uploads\/2025\/12\/100satisfactionbadge-small-12x12.png 12w, https:\/\/mibooko.com\/wp-content\/uploads\/2025\/12\/100satisfactionbadge-small-100x100.png 100w\" sizes=\"(max-width: 300px) 100vw, 300px\" \/>\t\t\t\t\t\t\t\t\t\t\t\t\t\t\t<\/div>\n\t\t\t\t<\/div>\n\t\t\t\t<\/div>\n\t\t\t\t\t<\/div>\n\t\t\t\t<\/div>\n\t\t<div class=\"elementor-element elementor-element-8d65058 e-flex e-con-boxed e-con e-parent\" data-id=\"8d65058\" data-element_type=\"container\" data-e-type=\"container\">\n\t\t\t\t\t<div class=\"e-con-inner\">\n\t\t\t\t<div class=\"elementor-element elementor-element-9f4ce88 elementor-widget elementor-widget-heading\" data-id=\"9f4ce88\" data-element_type=\"widget\" data-e-type=\"widget\" data-widget_type=\"heading.default\">\n\t\t\t\t\t<h3 class=\"elementor-heading-title elementor-size-default\">Ce qui est inclus<\/h3>\t\t\t\t<\/div>\n\t\t\t\t<div class=\"elementor-element elementor-element-af0f128 elementor-widget elementor-widget-text-editor\" data-id=\"af0f128\" data-element_type=\"widget\" data-e-type=\"widget\" data-widget_type=\"text-editor.default\">\n\t\t\t\t\t\t\t\t\t<p data-start=\"581\" data-end=\"621\">Couvert par la garantie sourire 100%\u00a0:<\/p><ul data-start=\"622\" data-end=\"706\"><li data-start=\"622\" data-end=\"670\"><p data-start=\"624\" data-end=\"670\">Livres num\u00e9riques livr\u00e9s aux formats PDF et EPUB<\/p><\/li><li data-start=\"671\" data-end=\"706\"><p data-start=\"673\" data-end=\"706\">Achats effectu\u00e9s sur mibooko.com<\/p><\/li><\/ul><p data-start=\"708\" data-end=\"742\">Non couvert par cette garantie\u00a0:<\/p><ul data-start=\"743\" data-end=\"803\"><li data-start=\"743\" data-end=\"759\"><p data-start=\"745\" data-end=\"759\">Livres audio<\/p><\/li><li data-start=\"760\" data-end=\"803\"><p data-start=\"762\" data-end=\"803\">Livres imprim\u00e9s (broch\u00e9 \/ reli\u00e9)<\/p><\/li><\/ul>\t\t\t\t\t\t\t\t<\/div>\n\t\t\t\t\t<\/div>\n\t\t\t\t<\/div>\n\t\t<div class=\"elementor-element elementor-element-7e95191 e-flex e-con-boxed e-con e-parent\" data-id=\"7e95191\" data-element_type=\"container\" data-e-type=\"container\">\n\t\t\t\t\t<div class=\"e-con-inner\">\n\t\t\t\t<div class=\"elementor-element elementor-element-65f02c4 elementor-widget elementor-widget-heading\" data-id=\"65f02c4\" data-element_type=\"widget\" data-e-type=\"widget\" data-widget_type=\"heading.default\">\n\t\t\t\t\t<h3 class=\"elementor-heading-title elementor-size-default\">Comment \u00e7a marche (3 \u00e9tapes simples)<\/h3>\t\t\t\t<\/div>\n\t\t\t\t<div class=\"elementor-element elementor-element-2bc8746 elementor-widget elementor-widget-text-editor\" data-id=\"2bc8746\" data-element_type=\"widget\" data-e-type=\"widget\" data-widget_type=\"text-editor.default\">\n\t\t\t\t\t\t\t\t\t<h3 data-start=\"844\" data-end=\"865\">1) Ouvrez votre livre<\/h3><p data-start=\"866\" data-end=\"921\">T\u00e9l\u00e9chargez vos fichiers et profitez ensemble de cette premi\u00e8re lecture.<\/p><h3 data-start=\"923\" data-end=\"959\">2) Si vous n&#039;\u00eates pas satisfait, envoyez-nous un courriel.<\/h3><p data-start=\"960\" data-end=\"1046\">R\u00e9pondez \u00e0 l&#039;e-mail de confirmation de votre commande en indiquant comme objet ou premi\u00e8re ligne\u00a0: REMBOURSEMENT<br data-start=\"1028\" data-end=\"1031\" \/>Vous pouvez \u00e9galement inclure une courte phrase expliquant ce qui vous a d\u00e9plu (cela nous aide \u00e0 nous am\u00e9liorer).\u00a0<\/p><h3 data-start=\"1150\" data-end=\"1189\">3) Nous prendrons soin de vous \u2014 rapidement<\/h3><p data-start=\"1190\" data-end=\"1205\">Nous vous rembourserons votre achat sous 2 jours ouvrables !<\/p>\t\t\t\t\t\t\t\t<\/div>\n\t\t\t\t\t<\/div>\n\t\t\t\t<\/div>\n\t\t<div class=\"elementor-element elementor-element-93017a8 e-flex e-con-boxed e-con e-parent\" data-id=\"93017a8\" data-element_type=\"container\" data-e-type=\"container\">\n\t\t\t\t\t<div class=\"e-con-inner\">\n\t\t\t\t<div class=\"elementor-element elementor-element-b2ac1c1 elementor-widget elementor-widget-heading\" data-id=\"b2ac1c1\" data-element_type=\"widget\" data-e-type=\"widget\" data-widget_type=\"heading.default\">\n\t\t\t\t\t<h3 class=\"elementor-heading-title elementor-size-default\">Laps de temps<\/h3>\t\t\t\t<\/div>\n\t\t\t\t<div class=\"elementor-element elementor-element-c920ebd elementor-widget elementor-widget-text-editor\" data-id=\"c920ebd\" data-element_type=\"widget\" data-e-type=\"widget\" data-widget_type=\"text-editor.default\">\n\t\t\t\t\t\t\t\t\t<p data-start=\"1341\" data-end=\"1415\">Contactez-nous dans les 7 jours suivant votre achat pour b\u00e9n\u00e9ficier de la garantie sourire 100%.<\/p>\t\t\t\t\t\t\t\t<\/div>\n\t\t\t\t\t<\/div>\n\t\t\t\t<\/div>\n\t\t<div class=\"elementor-element elementor-element-30cc768 e-flex e-con-boxed e-con e-parent\" data-id=\"30cc768\" data-element_type=\"container\" data-e-type=\"container\">\n\t\t\t\t\t<div class=\"e-con-inner\">\n\t\t\t\t<div class=\"elementor-element elementor-element-a807336 elementor-widget elementor-widget-heading\" data-id=\"a807336\" data-element_type=\"widget\" data-e-type=\"widget\" data-widget_type=\"heading.default\">\n\t\t\t\t\t<h3 class=\"elementor-heading-title elementor-size-default\">Que signifie \u201c remboursement \u201d ?<\/h3>\t\t\t\t<\/div>\n\t\t\t\t<div class=\"elementor-element elementor-element-6f55c5e elementor-widget elementor-widget-text-editor\" data-id=\"6f55c5e\" data-element_type=\"widget\" data-e-type=\"widget\" data-widget_type=\"text-editor.default\">\n\t\t\t\t\t\t\t\t\t<p data-start=\"1341\" data-end=\"1415\">Si votre demande est approuv\u00e9e dans le cadre de la garantie \u00ab Sourire \u00bb 100%, nous vous rembourserons le prix que vous avez pay\u00e9 pour le livre num\u00e9rique selon votre mode de paiement initial.<\/p>\t\t\t\t\t\t\t\t<\/div>\n\t\t\t\t\t<\/div>\n\t\t\t\t<\/div>\n\t\t<div class=\"elementor-element elementor-element-8da1981 e-flex e-con-boxed e-con e-parent\" data-id=\"8da1981\" data-element_type=\"container\" data-e-type=\"container\">\n\t\t\t\t\t<div class=\"e-con-inner\">\n\t\t\t\t<div class=\"elementor-element elementor-element-901b7d4 elementor-widget elementor-widget-heading\" data-id=\"901b7d4\" data-element_type=\"widget\" data-e-type=\"widget\" data-widget_type=\"heading.default\">\n\t\t\t\t\t<h3 class=\"elementor-heading-title elementor-size-default\">Besoin d&#039;aide imm\u00e9diatement ?<\/h3>\t\t\t\t<\/div>\n\t\t\t\t<div class=\"elementor-element elementor-element-6d6c82e elementor-widget elementor-widget-text-editor\" data-id=\"6d6c82e\" data-element_type=\"widget\" data-e-type=\"widget\" data-widget_type=\"text-editor.default\">\n\t\t\t\t\t\t\t\t\t<p data-start=\"1341\" data-end=\"1415\">Envoyez-nous un courriel \u00e0\u00a0: <a class=\"decorated-link cursor-pointer\" rel=\"noopener\" data-start=\"2062\" data-end=\"2079\"><span class=\"notranslate\" data-no-translation=\"\"><span class=\"notranslate\" data-no-translation=\"\"><span class=\"notranslate\" data-no-translation=\"\">hello@mibooko.com<\/span><\/span><\/span><\/a><br data-start=\"2081\" data-end=\"2084\" \/>Nous r\u00e9pondons g\u00e9n\u00e9ralement dans les 24 heures (du lundi au vendredi, heure d&#039;Europe centrale).<\/p>\t\t\t\t\t\t\t\t<\/div>\n\t\t\t\t\t<\/div>\n\t\t\t\t<\/div>\n\t\t<div class=\"elementor-element elementor-element-79e7a99 e-flex e-con-boxed e-con e-parent\" data-id=\"79e7a99\" data-element_type=\"container\" data-e-type=\"container\">\n\t\t\t\t\t<div class=\"e-con-inner\">\n\t\t\t\t<div class=\"elementor-element elementor-element-7d47ee1 elementor-widget elementor-widget-heading\" data-id=\"7d47ee1\" data-element_type=\"widget\" data-e-type=\"widget\" data-widget_type=\"heading.default\">\n\t\t\t\t\t<h3 class=\"elementor-heading-title elementor-size-default\">Pr\u00eat \u00e0 cr\u00e9er le v\u00f4tre ?<\/h3>\t\t\t\t<\/div>\n\t\t\t\t<div class=\"elementor-element elementor-element-0d88d41 elementor-widget elementor-widget-text-editor\" data-id=\"0d88d41\" data-element_type=\"widget\" data-e-type=\"widget\" data-widget_type=\"text-editor.default\">\n\t\t\t\t\t\t\t\t\t<p data-start=\"2172\" data-end=\"2227\">Une histoire touchante et personnalis\u00e9e, livr\u00e9e en quelques minutes. Avec la garantie sourire 100%.<\/p>\t\t\t\t\t\t\t\t<\/div>\n\t\t\t\t<div class=\"elementor-element elementor-element-7c7af36 elementor-widget elementor-widget-button\" data-id=\"7c7af36\" data-element_type=\"widget\" data-e-type=\"widget\" data-widget_type=\"button.default\">\n\t\t\t\t\t\t\t\t\t\t<a class=\"elementor-button elementor-button-link elementor-size-sm\" href=\"https:\/\/mibooko.com\/fr\/create-personalized-book\/\">\n\t\t\t\t\t\t<span class=\"elementor-button-content-wrapper\">\n\t\t\t\t\t\t\t\t\t<span class=\"elementor-button-text\">Cr\u00e9ez votre livre<\/span>\n\t\t\t\t\t<\/span>\n\t\t\t\t\t<\/a>\n\t\t\t\t\t\t\t\t<\/div>\n\t\t\t\t\t<\/div>\n\t\t\t\t<\/div>\n\t\t<div class=\"elementor-element elementor-element-7e0799e e-flex e-con-boxed e-con e-parent\" data-id=\"7e0799e\" data-element_type=\"container\" data-e-type=\"container\">\n\t\t\t\t\t<div class=\"e-con-inner\">\n\t\t\t\t<div class=\"elementor-element elementor-element-8172776 elementor-widget elementor-widget-heading\" data-id=\"8172776\" data-element_type=\"widget\" data-e-type=\"widget\" data-widget_type=\"heading.default\">\n\t\t\t\t\t<h4 class=\"elementor-heading-title elementor-size-default\">Note concernant l&#039;\u00e9quit\u00e9\u00a0: nous avons con\u00e7u cette garantie pour prot\u00e9ger les familles et assurer la p\u00e9rennit\u00e9 de MIBOOKO. En cas d&#039;abus r\u00e9p\u00e9t\u00e9s des remboursements, nous pourrions limiter les achats futurs effectu\u00e9s depuis le m\u00eame compte.<\/h4>\t\t\t\t<\/div>\n\t\t\t\t\t<\/div>\n\t\t\t\t<\/div>\n\t\t\t\t<\/div>","protected":false},"excerpt":{"rendered":"<p>100% Smile Guarantee (Digital eBooks) Creating a personalized story for your child should feel exciting \u2014 not risky. That\u2019s why [&hellip;]<\/p>\n","protected":false},"author":3,"featured_media":0,"parent":0,"menu_order":0,"comment_status":"closed","ping_status":"closed","template":"","meta":{"_acf_changed":false,"site-sidebar-layout":"no-sidebar","site-content-layout":"","ast-site-content-layout":"full-width-container","site-content-style":"default","site-sidebar-style":"default","ast-global-header-display":"","ast-banner-title-visibility":"","ast-main-header-display":"","ast-hfb-above-header-display":"","ast-hfb-below-header-display":"","ast-hfb-mobile-header-display":"","site-post-title":"disabled","ast-breadcrumbs-content":"","ast-featured-img":"disabled","footer-sml-layout":"","theme-transparent-header-meta":"","adv-header-id-meta":"","stick-header-meta":"","header-above-stick-meta":"","header-main-stick-meta":"","header-below-stick-meta":"","astra-migrate-meta-layouts":"default","ast-page-background-enabled":"default","ast-page-background-meta":{"desktop":{"background-color":"var(--ast-global-color-5)","background-image":"","background-repeat":"repeat","background-position":"center center","background-size":"auto","background-attachment":"scroll","background-type":"","background-media":"","overlay-type":"","overlay-color":"","overlay-opacity":"","overlay-gradient":""},"tablet":{"background-color":"","background-image":"","background-repeat":"repeat","background-position":"center center","background-size":"auto","background-attachment":"scroll","background-type":"","background-media":"","overlay-type":"","overlay-color":"","overlay-opacity":"","overlay-gradient":""},"mobile":{"background-color":"","background-image":"","background-repeat":"repeat","background-position":"center center","background-size":"auto","background-attachment":"scroll","background-type":"","background-media":"","overlay-type":"","overlay-color":"","overlay-opacity":"","overlay-gradient":""}},"ast-content-background-meta":{"desktop":{"background-color":"var(--ast-global-color-4)","background-image":"","background-repeat":"repeat","background-position":"center center","background-size":"auto","background-attachment":"scroll","background-type":"","background-media":"","overlay-type":"","overlay-color":"","overlay-opacity":"","overlay-gradient":""},"tablet":{"background-color":"var(--ast-global-color-4)","background-image":"","background-repeat":"repeat","background-position":"center center","background-size":"auto","background-attachment":"scroll","background-type":"","background-media":"","overlay-type":"","overlay-color":"","overlay-opacity":"","overlay-gradient":""},"mobile":{"background-color":"var(--ast-global-color-4)","background-image":"","background-repeat":"repeat","background-position":"center center","background-size":"auto","background-attachment":"scroll","background-type":"","background-media":"","overlay-type":"","overlay-color":"","overlay-opacity":"","overlay-gradient":""}},"_glsr_average":0,"_glsr_ranking":0,"_glsr_reviews":0,"footnotes":""},"folder":[],"class_list":["post-8403","page","type-page","status-publish","hentry"],"acf":[],"_links":{"self":[{"href":"https:\/\/mibooko.com\/fr\/wp-json\/wp\/v2\/pages\/8403","targetHints":{"allow":["GET"]}}],"collection":[{"href":"https:\/\/mibooko.com\/fr\/wp-json\/wp\/v2\/pages"}],"about":[{"href":"https:\/\/mibooko.com\/fr\/wp-json\/wp\/v2\/types\/page"}],"author":[{"embeddable":true,"href":"https:\/\/mibooko.com\/fr\/wp-json\/wp\/v2\/users\/3"}],"replies":[{"embeddable":true,"href":"https:\/\/mibooko.com\/fr\/wp-json\/wp\/v2\/comments?post=8403"}],"version-history":[{"count":0,"href":"https:\/\/mibooko.com\/fr\/wp-json\/wp\/v2\/pages\/8403\/revisions"}],"wp:attachment":[{"href":"https:\/\/mibooko.com\/fr\/wp-json\/wp\/v2\/media?parent=8403"}],"wp:term":[{"taxonomy":"folder","embeddable":true,"href":"https:\/\/mibooko.com\/fr\/wp-json\/wp\/v2\/folder?post=8403"}],"curies":[{"name":"wp","href":"https:\/\/api.w.org\/{rel}","templated":true}]}}