{"id":3549,"date":"2025-10-23T18:33:57","date_gmt":"2025-10-23T16:33:57","guid":{"rendered":"https:\/\/mibooko.com\/product\/12-book-subscription\/"},"modified":"2026-03-18T19:56:06","modified_gmt":"2026-03-18T18:56:06","slug":"personalized-book-subscription-for-children","status":"publish","type":"product","link":"https:\/\/mibooko.com\/fr\/product\/personalized-book-subscription-for-children\/","title":{"rendered":"Abonnement de livres personnalis\u00e9s pour enfants"},"content":{"rendered":"<p data-start=\"1947\" data-end=\"2170\">Faites de la lecture un outil puissant pour le d\u00e9veloppement de votre enfant gr\u00e2ce \u00e0 <strong data-start=\"2019\" data-end=\"2053\">Abonnement personnalis\u00e9 aux livres<\/strong> \u2014 une s\u00e9rie de <strong data-start=\"2068\" data-end=\"2099\">12 livres enti\u00e8rement personnalis\u00e9s<\/strong> livr\u00e9 selon votre horaire :<br data-start=\"2127\" data-end=\"2130\" \/><strong data-start=\"2130\" data-end=\"2169\">hebdomadaire, bimensuelle ou mensuelle<\/strong>.<\/p>\n<p data-start=\"2172\" data-end=\"2212\">Chaque histoire est adapt\u00e9e \u00e0 votre enfant\u00a0:<\/p>\n<ul data-start=\"2213\" data-end=\"2367\">\n<li data-start=\"2213\" data-end=\"2236\">\n<p data-start=\"2215\" data-end=\"2236\">nom et apparence<\/p>\n<\/li>\n<li data-start=\"2237\" data-end=\"2262\">\n<p data-start=\"2239\" data-end=\"2262\">\u00e2ge et niveau de lecture<\/p>\n<\/li>\n<li data-start=\"2263\" data-end=\"2285\">\n<p data-start=\"2265\" data-end=\"2285\">traits de personnalit\u00e9<\/p>\n<\/li>\n<li data-start=\"2286\" data-end=\"2305\">\n<p data-start=\"2288\" data-end=\"2305\">besoins \u00e9motionnels<\/p>\n<\/li>\n<li data-start=\"2306\" data-end=\"2328\">\n<p data-start=\"2308\" data-end=\"2328\">d\u00e9fis actuels<\/p>\n<\/li>\n<li data-start=\"2329\" data-end=\"2367\">\n<p data-start=\"2331\" data-end=\"2367\">int\u00e9r\u00eats et comp\u00e9tences en d\u00e9veloppement<\/p>\n<\/li>\n<\/ul>\n<p data-start=\"2369\" data-end=\"2530\">Cet abonnement est con\u00e7u pour <strong data-start=\"2402\" data-end=\"2424\">aider les enfants \u00e0 grandir<\/strong>, et pas seulement les divertir.<br data-start=\"2450\" data-end=\"2453\" \/>\u00c0 travers les 12 livres, votre enfant pratique et renforce des comp\u00e9tences cl\u00e9s telles que\u00a0:<\/p>\n<ul data-start=\"2531\" data-end=\"2697\">\n<li data-start=\"2531\" data-end=\"2555\">\n<p data-start=\"2533\" data-end=\"2555\">r\u00e9gulation \u00e9motionnelle<\/p>\n<\/li>\n<li data-start=\"2556\" data-end=\"2570\">\n<p data-start=\"2558\" data-end=\"2570\">confiance<\/p>\n<\/li>\n<li data-start=\"2571\" data-end=\"2590\">\n<p data-start=\"2573\" data-end=\"2590\">r\u00e9solution de probl\u00e8mes<\/p>\n<\/li>\n<li data-start=\"2591\" data-end=\"2615\">\n<p data-start=\"2593\" data-end=\"2615\">compr\u00e9hension sociale<\/p>\n<\/li>\n<li data-start=\"2616\" data-end=\"2642\">\n<p data-start=\"2618\" data-end=\"2642\">courage et r\u00e9silience<\/p>\n<\/li>\n<li data-start=\"2643\" data-end=\"2672\">\n<p data-start=\"2645\" data-end=\"2672\">curiosit\u00e9 et imagination<\/p>\n<\/li>\n<li data-start=\"2673\" data-end=\"2697\">\n<p data-start=\"2675\" data-end=\"2697\">empathie et gentillesse<\/p>\n<\/li>\n<\/ul>\n<p data-start=\"2699\" data-end=\"2955\">Chaque livre refl\u00e8te un d\u00e9fi ou un moment de croissance significatif et concret \u2013 qu\u2019il s\u2019agisse de se faire des amis, d\u2019essayer de nouvelles choses, de g\u00e9rer des \u00e9motions fortes ou de d\u00e9velopper la confiance en soi.<br data-start=\"2862\" data-end=\"2865\" \/>Parce que votre enfant est le h\u00e9ros, ces le\u00e7ons prennent tout leur sens. <strong data-start=\"2916\" data-end=\"2954\">personnel, pertinent et valorisant<\/strong>.<\/p>\n<p data-start=\"2957\" data-end=\"3056\">Tous les livres proposent des illustrations professionnelles et adapt\u00e9es aux enfants, ainsi qu&#039;une narration chaleureuse et \u00e9tay\u00e9e par des preuves.<\/p>\n<p data-start=\"3058\" data-end=\"3256\">Vous recevez <strong data-start=\"3070\" data-end=\"3096\">acc\u00e8s num\u00e9rique instantan\u00e9<\/strong> pour chaque livre d\u00e8s sa sortie.<br data-start=\"3136\" data-end=\"3139\" \/>Votre abonnement peut arriver <strong data-start=\"3168\" data-end=\"3178\">hebdomadaire<\/strong>, <strong data-start=\"3180\" data-end=\"3193\">bihebdomadaire<\/strong>, ou <strong data-start=\"3198\" data-end=\"3209\">mensuel<\/strong>, selon ce qui convient le mieux \u00e0 votre famille.<\/p>\n<p data-start=\"3258\" data-end=\"3488\">Offrez \u00e0 votre enfant une ann\u00e9e compl\u00e8te d&#039;histoires personnalis\u00e9es qui l&#039;accompagnent dans son parcours \u2014 un livre, une comp\u00e9tence, une aventure \u00e0 la fois.<br data-start=\"3384\" data-end=\"3387\" \/>Cr\u00e9ez un rituel de lecture qui les inspire \u00e0 grandir \u2014 car dans ces histoires, <strong data-start=\"3466\" data-end=\"3474\">ils<\/strong> sont le h\u00e9ros.<\/p>","protected":false},"excerpt":{"rendered":"<p>Offrez \u00e0 votre enfant une ann\u00e9e d&#039;\u00e9panouissement et de joie gr\u00e2ce \u00e0 un abonnement personnalis\u00e9 de 12 livres. Chaque livre met en sc\u00e8ne votre enfant comme h\u00e9ros dans des histoires con\u00e7ues pour d\u00e9velopper ses comp\u00e9tences, renforcer sa confiance en soi, favoriser sa r\u00e9silience \u00e9motionnelle et l&#039;aider \u00e0 surmonter les d\u00e9fis du quotidien. Choisissez une livraison hebdomadaire, bimensuelle ou mensuelle. Acc\u00e8s num\u00e9rique imm\u00e9diat inclus.<\/p>","protected":false},"featured_media":0,"comment_status":"open","ping_status":"closed","template":"","meta":{"_acf_changed":false,"site-sidebar-layout":"default","site-content-layout":"","ast-site-content-layout":"default","site-content-style":"default","site-sidebar-style":"default","ast-global-header-display":"","ast-banner-title-visibility":"","ast-main-header-display":"","ast-hfb-above-header-display":"","ast-hfb-below-header-display":"","ast-hfb-mobile-header-display":"","site-post-title":"","ast-breadcrumbs-content":"","ast-featured-img":"","footer-sml-layout":"","theme-transparent-header-meta":"default","adv-header-id-meta":"","stick-header-meta":"","header-above-stick-meta":"","header-main-stick-meta":"","header-below-stick-meta":"","astra-migrate-meta-layouts":"set","ast-page-background-enabled":"default","ast-page-background-meta":{"desktop":{"background-color":"var(--ast-global-color-5)","background-image":"","background-repeat":"repeat","background-position":"center center","background-size":"auto","background-attachment":"scroll","background-type":"","background-media":"","overlay-type":"","overlay-color":"","overlay-opacity":"","overlay-gradient":""},"tablet":{"background-color":"","background-image":"","background-repeat":"repeat","background-position":"center center","background-size":"auto","background-attachment":"scroll","background-type":"","background-media":"","overlay-type":"","overlay-color":"","overlay-opacity":"","overlay-gradient":""},"mobile":{"background-color":"","background-image":"","background-repeat":"repeat","background-position":"center center","background-size":"auto","background-attachment":"scroll","background-type":"","background-media":"","overlay-type":"","overlay-color":"","overlay-opacity":"","overlay-gradient":""}},"ast-content-background-meta":{"desktop":{"background-color":"var(--ast-global-color-4)","background-image":"","background-repeat":"repeat","background-position":"center center","background-size":"auto","background-attachment":"scroll","background-type":"","background-media":"","overlay-type":"","overlay-color":"","overlay-opacity":"","overlay-gradient":""},"tablet":{"background-color":"var(--ast-global-color-4)","background-image":"","background-repeat":"repeat","background-position":"center center","background-size":"auto","background-attachment":"scroll","background-type":"","background-media":"","overlay-type":"","overlay-color":"","overlay-opacity":"","overlay-gradient":""},"mobile":{"background-color":"var(--ast-global-color-4)","background-image":"","background-repeat":"repeat","background-position":"center center","background-size":"auto","background-attachment":"scroll","background-type":"","background-media":"","overlay-type":"","overlay-color":"","overlay-opacity":"","overlay-gradient":""}},"_glsr_average":0,"_glsr_ranking":0,"_glsr_reviews":0},"product_brand":[],"product_cat":[168,18],"product_tag":[],"class_list":{"0":"post-3549","1":"product","2":"type-product","3":"status-publish","5":"product_cat-digital-book","6":"product_cat-uncategorized","7":"desktop-align-left","8":"tablet-align-left","9":"mobile-align-left","11":"first","12":"instock","13":"taxable","14":"shipping-taxable","15":"purchasable","16":"product-type-variable","17":"has-default-attributes"},"acf":[],"_links":{"self":[{"href":"https:\/\/mibooko.com\/fr\/wp-json\/wp\/v2\/product\/3549","targetHints":{"allow":["GET"]}}],"collection":[{"href":"https:\/\/mibooko.com\/fr\/wp-json\/wp\/v2\/product"}],"about":[{"href":"https:\/\/mibooko.com\/fr\/wp-json\/wp\/v2\/types\/product"}],"replies":[{"embeddable":true,"href":"https:\/\/mibooko.com\/fr\/wp-json\/wp\/v2\/comments?post=3549"}],"wp:attachment":[{"href":"https:\/\/mibooko.com\/fr\/wp-json\/wp\/v2\/media?parent=3549"}],"wp:term":[{"taxonomy":"product_brand","embeddable":true,"href":"https:\/\/mibooko.com\/fr\/wp-json\/wp\/v2\/product_brand?post=3549"},{"taxonomy":"product_cat","embeddable":true,"href":"https:\/\/mibooko.com\/fr\/wp-json\/wp\/v2\/product_cat?post=3549"},{"taxonomy":"product_tag","embeddable":true,"href":"https:\/\/mibooko.com\/fr\/wp-json\/wp\/v2\/product_tag?post=3549"}],"curies":[{"name":"wp","href":"https:\/\/api.w.org\/{rel}","templated":true}]}}