{"id":3551,"date":"2025-10-23T18:40:27","date_gmt":"2025-10-23T16:40:27","guid":{"rendered":"https:\/\/mibooko.com\/?post_type=product&#038;p=3551"},"modified":"2026-03-18T19:55:53","modified_gmt":"2026-03-18T18:55:53","slug":"mystery-book-box-3-personalized-books","status":"publish","type":"product","link":"https:\/\/mibooko.com\/fr\/product\/mystery-book-box-3-personalized-books\/","title":{"rendered":"Mystery Book Box \u2013 3 livres personnalis\u00e9s pour enfants"},"content":{"rendered":"<p data-start=\"1352\" data-end=\"1549\">Transformez le moment de lecture en une exp\u00e9rience magique avec <strong data-start=\"1405\" data-end=\"1425\">Mystery Book Box<\/strong> \u2014 un ensemble surprise de <strong data-start=\"1446\" data-end=\"1480\">trois livres enti\u00e8rement personnalis\u00e9s<\/strong>, chacun \u00e9tant con\u00e7u sur mesure autour du nom, de l&#039;apparence et de la personnalit\u00e9 de votre enfant.<\/p>\n<p data-start=\"1551\" data-end=\"1631\">Chaque histoire propose un th\u00e8me et une aventure diff\u00e9rents, ce qui rend cette bo\u00eete id\u00e9ale pour :<\/p>\n<ul data-start=\"1632\" data-end=\"1755\">\n<li data-start=\"1632\" data-end=\"1656\">\n<p data-start=\"1634\" data-end=\"1656\">stimuler l&#039;imagination<\/p>\n<\/li>\n<li data-start=\"1657\" data-end=\"1685\">\n<p data-start=\"1659\" data-end=\"1685\">encourager la lecture<\/p>\n<\/li>\n<li data-start=\"1686\" data-end=\"1719\">\n<p data-start=\"1688\" data-end=\"1719\">d\u00e9velopper la confiance \u00e9motionnelle<\/p>\n<\/li>\n<li data-start=\"1720\" data-end=\"1755\">\n<p data-start=\"1722\" data-end=\"1755\">cr\u00e9er des rituels du coucher joyeux<\/p>\n<\/li>\n<\/ul>\n<p data-start=\"1757\" data-end=\"2081\">Ce Mystery Book Box fait partie d&#039;un <strong data-start=\"1792\" data-end=\"1819\">collection plus grande de 7 ensembles<\/strong>, chaque ensemble contenant <strong data-start=\"1841\" data-end=\"1872\">3 livres personnalis\u00e9s uniques<\/strong>.<br data-start=\"1873\" data-end=\"1876\" \/>Ensemble, ils forment le <strong data-start=\"1900\" data-end=\"1940\">S\u00e9rie de romans policiers comprenant 21 aventures<\/strong> (7 ensembles \u00d7 3 livres).<br data-start=\"1960\" data-end=\"1963\" \/>Tout au long de la s\u00e9rie, votre enfant pourra explorer de nouveaux mondes, personnages, \u00e9motions et d\u00e9fis, toujours dans la peau du h\u00e9ros.<\/p>\n<p data-start=\"2083\" data-end=\"2196\">Chaque livre est illustr\u00e9 par des artistes professionnels sp\u00e9cialis\u00e9s dans l&#039;illustration jeunesse et con\u00e7u selon des principes narratifs qui favorisent\u00a0:<\/p>\n<ul data-start=\"2197\" data-end=\"2269\">\n<li data-start=\"2197\" data-end=\"2215\">\n<p data-start=\"2199\" data-end=\"2215\">l&#039;alphab\u00e9tisation pr\u00e9coce<\/p>\n<\/li>\n<li data-start=\"2216\" data-end=\"2227\">\n<p data-start=\"2218\" data-end=\"2227\">empathie<\/p>\n<\/li>\n<li data-start=\"2228\" data-end=\"2241\">\n<p data-start=\"2230\" data-end=\"2241\">curiosit\u00e9<\/p>\n<\/li>\n<li data-start=\"2242\" data-end=\"2269\">\n<p data-start=\"2244\" data-end=\"2269\">compr\u00e9hension \u00e9motionnelle<\/p>\n<\/li>\n<\/ul>\n<p data-start=\"2271\" data-end=\"2406\">Vous recevez <strong data-start=\"2283\" data-end=\"2309\">acc\u00e8s num\u00e9rique instantan\u00e9<\/strong> Pour les trois livres \u2014 sans attente, sans retard.<br data-start=\"2353\" data-end=\"2356\" \/>Votre enfant peut commencer ses aventures imm\u00e9diatement.<\/p>\n<p data-start=\"2408\" data-end=\"2497\">Offrez-leur une surprise inoubliable : trois histoires o\u00f9 <strong data-start=\"2472\" data-end=\"2480\">ils<\/strong> devenir le h\u00e9ros<\/p>","protected":false},"excerpt":{"rendered":"<p>D\u00e9couvrez la magie de Mystery Book Box\u00a0: un coffret surprise de trois livres personnalis\u00e9s et magnifiquement illustr\u00e9s o\u00f9 votre enfant devient le h\u00e9ros. Chaque livre propose une aventure diff\u00e9rente, adapt\u00e9e \u00e0 son nom, son apparence et sa personnalit\u00e9. Faisant partie d&#039;une collection plus vaste de 7 coffrets (21 livres au total), ce coffret ouvre instantan\u00e9ment trois histoires uniques pour stimuler l&#039;imagination, la confiance en soi et offrir de joyeux moments de lecture. Acc\u00e8s num\u00e9rique imm\u00e9diat inclus.<\/p>","protected":false},"featured_media":0,"comment_status":"open","ping_status":"closed","template":"","meta":{"_acf_changed":false,"site-sidebar-layout":"default","site-content-layout":"","ast-site-content-layout":"default","site-content-style":"default","site-sidebar-style":"default","ast-global-header-display":"","ast-banner-title-visibility":"","ast-main-header-display":"","ast-hfb-above-header-display":"","ast-hfb-below-header-display":"","ast-hfb-mobile-header-display":"","site-post-title":"","ast-breadcrumbs-content":"","ast-featured-img":"","footer-sml-layout":"","theme-transparent-header-meta":"default","adv-header-id-meta":"","stick-header-meta":"","header-above-stick-meta":"","header-main-stick-meta":"","header-below-stick-meta":"","astra-migrate-meta-layouts":"set","ast-page-background-enabled":"default","ast-page-background-meta":{"desktop":{"background-color":"var(--ast-global-color-5)","background-image":"","background-repeat":"repeat","background-position":"center center","background-size":"auto","background-attachment":"scroll","background-type":"","background-media":"","overlay-type":"","overlay-color":"","overlay-opacity":"","overlay-gradient":""},"tablet":{"background-color":"","background-image":"","background-repeat":"repeat","background-position":"center center","background-size":"auto","background-attachment":"scroll","background-type":"","background-media":"","overlay-type":"","overlay-color":"","overlay-opacity":"","overlay-gradient":""},"mobile":{"background-color":"","background-image":"","background-repeat":"repeat","background-position":"center center","background-size":"auto","background-attachment":"scroll","background-type":"","background-media":"","overlay-type":"","overlay-color":"","overlay-opacity":"","overlay-gradient":""}},"ast-content-background-meta":{"desktop":{"background-color":"var(--ast-global-color-4)","background-image":"","background-repeat":"repeat","background-position":"center center","background-size":"auto","background-attachment":"scroll","background-type":"","background-media":"","overlay-type":"","overlay-color":"","overlay-opacity":"","overlay-gradient":""},"tablet":{"background-color":"var(--ast-global-color-4)","background-image":"","background-repeat":"repeat","background-position":"center center","background-size":"auto","background-attachment":"scroll","background-type":"","background-media":"","overlay-type":"","overlay-color":"","overlay-opacity":"","overlay-gradient":""},"mobile":{"background-color":"var(--ast-global-color-4)","background-image":"","background-repeat":"repeat","background-position":"center center","background-size":"auto","background-attachment":"scroll","background-type":"","background-media":"","overlay-type":"","overlay-color":"","overlay-opacity":"","overlay-gradient":""}},"_glsr_average":0,"_glsr_ranking":0,"_glsr_reviews":0},"product_brand":[],"product_cat":[168,18],"product_tag":[],"class_list":{"0":"post-3551","1":"product","2":"type-product","3":"status-publish","5":"product_cat-digital-book","6":"product_cat-uncategorized","7":"desktop-align-left","8":"tablet-align-left","9":"mobile-align-left","11":"first","12":"instock","13":"downloadable","14":"taxable","15":"shipping-taxable","16":"purchasable","17":"product-type-simple"},"acf":[],"_links":{"self":[{"href":"https:\/\/mibooko.com\/fr\/wp-json\/wp\/v2\/product\/3551","targetHints":{"allow":["GET"]}}],"collection":[{"href":"https:\/\/mibooko.com\/fr\/wp-json\/wp\/v2\/product"}],"about":[{"href":"https:\/\/mibooko.com\/fr\/wp-json\/wp\/v2\/types\/product"}],"replies":[{"embeddable":true,"href":"https:\/\/mibooko.com\/fr\/wp-json\/wp\/v2\/comments?post=3551"}],"wp:attachment":[{"href":"https:\/\/mibooko.com\/fr\/wp-json\/wp\/v2\/media?parent=3551"}],"wp:term":[{"taxonomy":"product_brand","embeddable":true,"href":"https:\/\/mibooko.com\/fr\/wp-json\/wp\/v2\/product_brand?post=3551"},{"taxonomy":"product_cat","embeddable":true,"href":"https:\/\/mibooko.com\/fr\/wp-json\/wp\/v2\/product_cat?post=3551"},{"taxonomy":"product_tag","embeddable":true,"href":"https:\/\/mibooko.com\/fr\/wp-json\/wp\/v2\/product_tag?post=3551"}],"curies":[{"name":"wp","href":"https:\/\/api.w.org\/{rel}","templated":true}]}}