{"id":4396,"date":"2025-11-07T14:45:43","date_gmt":"2025-11-07T13:45:43","guid":{"rendered":"https:\/\/mibooko.com\/?post_type=product&#038;p=4396"},"modified":"2026-03-18T19:55:27","modified_gmt":"2026-03-18T18:55:27","slug":"personalized-storybook-for-children","status":"publish","type":"product","link":"https:\/\/mibooko.com\/fr\/product\/personalized-storybook-for-children\/","title":{"rendered":"Livre d&#039;histoires personnalis\u00e9 pour enfants"},"content":{"rendered":"<p data-start=\"1732\" data-end=\"2040\">Offrez \u00e0 votre enfant une exp\u00e9rience de lecture immersive avec un <strong data-start=\"1787\" data-end=\"1819\">livre d&#039;histoires enti\u00e8rement personnalis\u00e9<\/strong> con\u00e7us en fonction de leur \u00e2ge, de leur personnalit\u00e9 et de leur univers \u00e9motionnel.<br data-start=\"1880\" data-end=\"1883\" \/>Cette \u00e9dition enrichie propose une narration plus profonde, des sc\u00e8nes plus d\u00e9taill\u00e9es et des illustrations expressives qui plongent votre enfant au c\u0153ur de sa propre aventure.<\/p>\n<p data-start=\"2042\" data-end=\"2054\">Id\u00e9al pour :<\/p>\n<ul data-start=\"2055\" data-end=\"2221\">\n<li data-start=\"2055\" data-end=\"2086\">\n<p data-start=\"2057\" data-end=\"2086\">routines du coucher significatives<\/p>\n<\/li>\n<li data-start=\"2087\" data-end=\"2113\">\n<p data-start=\"2089\" data-end=\"2113\">moments de lecture partag\u00e9e<\/p>\n<\/li>\n<li data-start=\"2114\" data-end=\"2161\">\n<p data-start=\"2116\" data-end=\"2161\">enfants qui appr\u00e9cient les histoires longues et captivantes<\/p>\n<\/li>\n<li data-start=\"2162\" data-end=\"2221\">\n<p data-start=\"2164\" data-end=\"2221\">d\u00e9velopper l&#039;imagination, l&#039;empathie et la confiance \u00e9motionnelle<\/p>\n<\/li>\n<\/ul>\n<p data-start=\"2223\" data-end=\"2312\">Chaque histoire MIBOOKO est cr\u00e9\u00e9e selon des principes narratifs fond\u00e9s sur la recherche qui soutiennent\u00a0:<\/p>\n<ul data-start=\"2313\" data-end=\"2403\">\n<li data-start=\"2313\" data-end=\"2337\">\n<p data-start=\"2315\" data-end=\"2337\">r\u00e9silience \u00e9motionnelle<\/p>\n<\/li>\n<li data-start=\"2338\" data-end=\"2351\">\n<p data-start=\"2340\" data-end=\"2351\">curiosit\u00e9<\/p>\n<\/li>\n<li data-start=\"2352\" data-end=\"2366\">\n<p data-start=\"2354\" data-end=\"2366\">confiance<\/p>\n<\/li>\n<li data-start=\"2367\" data-end=\"2403\">\n<p data-start=\"2369\" data-end=\"2403\">apprentissage pr\u00e9coce de la lecture et de l&#039;\u00e9criture<\/p>\n<\/li>\n<\/ul>\n<p data-start=\"2405\" data-end=\"2548\">Vous recevez <strong data-start=\"2417\" data-end=\"2443\">acc\u00e8s num\u00e9rique instantan\u00e9<\/strong> pour que votre enfant puisse commencer \u00e0 lire imm\u00e9diatement.<br data-start=\"2487\" data-end=\"2490\" \/>A <strong data-start=\"2492\" data-end=\"2547\">L&#039;\u00e9dition imprim\u00e9e est disponible pour une livraison dans le monde entier.<\/strong>.<\/p>\n<p data-start=\"2550\" data-end=\"2627\">Cr\u00e9ez une histoire dont ils se souviendront \u2014 car cette fois, <strong data-start=\"2605\" data-end=\"2613\">ils<\/strong> sont le h\u00e9ros.<\/p>","protected":false},"excerpt":{"rendered":"<p>Un livre illustr\u00e9 et personnalis\u00e9 o\u00f9 votre enfant devient le h\u00e9ros. Un r\u00e9cit plus profond et des illustrations \u00e9clatantes. Acc\u00e8s num\u00e9rique imm\u00e9diat\u00a0; version imprim\u00e9e disponible dans le monde entier.<\/p>","protected":false},"featured_media":10244,"comment_status":"open","ping_status":"closed","template":"","meta":{"_acf_changed":false,"site-sidebar-layout":"default","site-content-layout":"","ast-site-content-layout":"default","site-content-style":"default","site-sidebar-style":"default","ast-global-header-display":"","ast-banner-title-visibility":"","ast-main-header-display":"","ast-hfb-above-header-display":"","ast-hfb-below-header-display":"","ast-hfb-mobile-header-display":"","site-post-title":"","ast-breadcrumbs-content":"","ast-featured-img":"","footer-sml-layout":"","theme-transparent-header-meta":"default","adv-header-id-meta":"","stick-header-meta":"","header-above-stick-meta":"","header-main-stick-meta":"","header-below-stick-meta":"","astra-migrate-meta-layouts":"set","ast-page-background-enabled":"default","ast-page-background-meta":{"desktop":{"background-color":"var(--ast-global-color-5)","background-image":"","background-repeat":"repeat","background-position":"center center","background-size":"auto","background-attachment":"scroll","background-type":"","background-media":"","overlay-type":"","overlay-color":"","overlay-opacity":"","overlay-gradient":""},"tablet":{"background-color":"","background-image":"","background-repeat":"repeat","background-position":"center center","background-size":"auto","background-attachment":"scroll","background-type":"","background-media":"","overlay-type":"","overlay-color":"","overlay-opacity":"","overlay-gradient":""},"mobile":{"background-color":"","background-image":"","background-repeat":"repeat","background-position":"center center","background-size":"auto","background-attachment":"scroll","background-type":"","background-media":"","overlay-type":"","overlay-color":"","overlay-opacity":"","overlay-gradient":""}},"ast-content-background-meta":{"desktop":{"background-color":"var(--ast-global-color-4)","background-image":"","background-repeat":"repeat","background-position":"center center","background-size":"auto","background-attachment":"scroll","background-type":"","background-media":"","overlay-type":"","overlay-color":"","overlay-opacity":"","overlay-gradient":""},"tablet":{"background-color":"var(--ast-global-color-4)","background-image":"","background-repeat":"repeat","background-position":"center center","background-size":"auto","background-attachment":"scroll","background-type":"","background-media":"","overlay-type":"","overlay-color":"","overlay-opacity":"","overlay-gradient":""},"mobile":{"background-color":"var(--ast-global-color-4)","background-image":"","background-repeat":"repeat","background-position":"center center","background-size":"auto","background-attachment":"scroll","background-type":"","background-media":"","overlay-type":"","overlay-color":"","overlay-opacity":"","overlay-gradient":""}},"_glsr_average":0,"_glsr_ranking":0,"_glsr_reviews":0},"product_brand":[],"product_cat":[168,18],"product_tag":[],"class_list":{"0":"post-4396","1":"product","2":"type-product","3":"status-publish","4":"has-post-thumbnail","6":"product_cat-digital-book","7":"product_cat-uncategorized","8":"desktop-align-left","9":"tablet-align-left","10":"mobile-align-left","12":"first","13":"instock","14":"downloadable","15":"taxable","16":"shipping-taxable","17":"purchasable","18":"product-type-simple"},"acf":[],"_links":{"self":[{"href":"https:\/\/mibooko.com\/fr\/wp-json\/wp\/v2\/product\/4396","targetHints":{"allow":["GET"]}}],"collection":[{"href":"https:\/\/mibooko.com\/fr\/wp-json\/wp\/v2\/product"}],"about":[{"href":"https:\/\/mibooko.com\/fr\/wp-json\/wp\/v2\/types\/product"}],"replies":[{"embeddable":true,"href":"https:\/\/mibooko.com\/fr\/wp-json\/wp\/v2\/comments?post=4396"}],"wp:featuredmedia":[{"embeddable":true,"href":"https:\/\/mibooko.com\/fr\/wp-json\/wp\/v2\/media\/10244"}],"wp:attachment":[{"href":"https:\/\/mibooko.com\/fr\/wp-json\/wp\/v2\/media?parent=4396"}],"wp:term":[{"taxonomy":"product_brand","embeddable":true,"href":"https:\/\/mibooko.com\/fr\/wp-json\/wp\/v2\/product_brand?post=4396"},{"taxonomy":"product_cat","embeddable":true,"href":"https:\/\/mibooko.com\/fr\/wp-json\/wp\/v2\/product_cat?post=4396"},{"taxonomy":"product_tag","embeddable":true,"href":"https:\/\/mibooko.com\/fr\/wp-json\/wp\/v2\/product_tag?post=4396"}],"curies":[{"name":"wp","href":"https:\/\/api.w.org\/{rel}","templated":true}]}}