{"id":4399,"date":"2025-11-07T15:05:56","date_gmt":"2025-11-07T14:05:56","guid":{"rendered":"https:\/\/mibooko.com\/?post_type=product&#038;p=4399"},"modified":"2026-03-18T19:55:13","modified_gmt":"2026-03-18T18:55:13","slug":"mystery-book-box-3-personalized-storybooks","status":"publish","type":"product","link":"https:\/\/mibooko.com\/fr\/product\/mystery-book-box-3-personalized-storybooks\/","title":{"rendered":"Mystery Book Box \u2013 3 livres d&#039;histoires personnalis\u00e9s pour enfants"},"content":{"rendered":"<p data-start=\"2228\" data-end=\"2428\">Offrez \u00e0 votre enfant une exp\u00e9rience de lecture inoubliable avec <strong data-start=\"2289\" data-end=\"2314\">Mystery Book Box<\/strong> \u2014 une collection haut de gamme de <strong data-start=\"2341\" data-end=\"2380\">trois livres d&#039;histoires enti\u00e8rement personnalis\u00e9s<\/strong>, chacun con\u00e7u autour de l&#039;univers unique de votre enfant.<\/p>\n<p data-start=\"2430\" data-end=\"2453\">Chaque livre d&#039;histoires propose :<\/p>\n<ul data-start=\"2454\" data-end=\"2562\">\n<li data-start=\"2454\" data-end=\"2477\">\n<p data-start=\"2456\" data-end=\"2477\">des r\u00e9cits plus riches<\/p>\n<\/li>\n<li data-start=\"2478\" data-end=\"2502\">\n<p data-start=\"2480\" data-end=\"2502\">sc\u00e8nes plus d\u00e9taill\u00e9es<\/p>\n<\/li>\n<li data-start=\"2503\" data-end=\"2531\">\n<p data-start=\"2505\" data-end=\"2531\">illustrations expressives<\/p>\n<\/li>\n<li data-start=\"2532\" data-end=\"2562\">\n<p data-start=\"2534\" data-end=\"2562\">immersion \u00e9motionnelle plus profonde<\/p>\n<\/li>\n<\/ul>\n<p data-start=\"2564\" data-end=\"2594\">Id\u00e9al pour les familles qui aiment :<\/p>\n<ul data-start=\"2595\" data-end=\"2744\">\n<li data-start=\"2595\" data-end=\"2621\">\n<p data-start=\"2597\" data-end=\"2621\">lecture plus longue avant de dormir<\/p>\n<\/li>\n<li data-start=\"2622\" data-end=\"2654\">\n<p data-start=\"2624\" data-end=\"2654\">des histoires captivantes et significatives<\/p>\n<\/li>\n<li data-start=\"2655\" data-end=\"2693\">\n<p data-start=\"2657\" data-end=\"2693\">des aventures magnifiquement illustr\u00e9es<\/p>\n<\/li>\n<li data-start=\"2694\" data-end=\"2744\">\n<p data-start=\"2696\" data-end=\"2744\">cultiver la confiance \u00e9motionnelle et l&#039;imagination<\/p>\n<\/li>\n<\/ul>\n<p data-start=\"2746\" data-end=\"3030\">Ce Mystery Book Box fait partie d&#039;un <strong data-start=\"2786\" data-end=\"2802\">S\u00e9rie de 7 coffrets<\/strong>, chaque ensemble contenant <strong data-start=\"2829\" data-end=\"2858\">3 livres d&#039;histoires personnalis\u00e9s<\/strong>, formant un total de <strong data-start=\"2879\" data-end=\"2903\">21 aventures uniques<\/strong>.<br data-start=\"2904\" data-end=\"2907\" \/>Votre enfant pourra explorer toute une biblioth\u00e8que de th\u00e8mes, d&#039;\u00e9motions, de personnages et de d\u00e9fis, toujours dans la peau du h\u00e9ros de l&#039;histoire.<\/p>\n<p data-start=\"3032\" data-end=\"3126\">Chaque livre d&#039;histoires MIBOOKO est cr\u00e9\u00e9 selon des principes de narration d\u00e9veloppementale qui favorisent\u00a0:<\/p>\n<ul data-start=\"3127\" data-end=\"3209\">\n<li data-start=\"3127\" data-end=\"3138\">\n<p data-start=\"3129\" data-end=\"3138\">empathie<\/p>\n<\/li>\n<li data-start=\"3139\" data-end=\"3153\">\n<p data-start=\"3141\" data-end=\"3153\">r\u00e9silience<\/p>\n<\/li>\n<li data-start=\"3154\" data-end=\"3167\">\n<p data-start=\"3156\" data-end=\"3167\">curiosit\u00e9<\/p>\n<\/li>\n<li data-start=\"3168\" data-end=\"3183\">\n<p data-start=\"3170\" data-end=\"3183\">imagination<\/p>\n<\/li>\n<li data-start=\"3184\" data-end=\"3209\">\n<p data-start=\"3186\" data-end=\"3209\">comp\u00e9tences pr\u00e9coces en litt\u00e9ratie<\/p>\n<\/li>\n<\/ul>\n<p data-start=\"3211\" data-end=\"3342\">Vous recevez <strong data-start=\"3223\" data-end=\"3249\">acc\u00e8s num\u00e9rique instantan\u00e9<\/strong> aux trois livres d&#039;histoires.<br data-start=\"3274\" data-end=\"3277\" \/>L&#039;aventure de votre enfant commence d\u00e8s que vous passez votre commande.<\/p>\n<p data-start=\"3344\" data-end=\"3442\">Offrez-leur une exp\u00e9rience de lecture de qualit\u00e9 sup\u00e9rieure\u00a0: trois histoires richement \u00e9crites o\u00f9 <strong data-start=\"3420\" data-end=\"3428\">ils<\/strong> sont le h\u00e9ros.<\/p>","protected":false},"excerpt":{"rendered":"<p>Un coffret surprise haut de gamme contenant trois livres d&#039;histoires personnalis\u00e9s et richement illustr\u00e9s. Chaque histoire plonge votre enfant au c\u0153ur d&#039;une aventure plus profonde et immersive, con\u00e7ue sur mesure selon son nom, son apparence et sa personnalit\u00e9. Faisant partie d&#039;une collection de 7 coffrets totalisant 21 livres d&#039;histoires uniques, ce coffret ouvre la porte \u00e0 trois voyages inoubliables. Acc\u00e8s num\u00e9rique imm\u00e9diat inclus.<\/p>","protected":false},"featured_media":0,"comment_status":"open","ping_status":"closed","template":"","meta":{"_acf_changed":false,"site-sidebar-layout":"default","site-content-layout":"","ast-site-content-layout":"default","site-content-style":"default","site-sidebar-style":"default","ast-global-header-display":"","ast-banner-title-visibility":"","ast-main-header-display":"","ast-hfb-above-header-display":"","ast-hfb-below-header-display":"","ast-hfb-mobile-header-display":"","site-post-title":"","ast-breadcrumbs-content":"","ast-featured-img":"","footer-sml-layout":"","theme-transparent-header-meta":"default","adv-header-id-meta":"","stick-header-meta":"","header-above-stick-meta":"","header-main-stick-meta":"","header-below-stick-meta":"","astra-migrate-meta-layouts":"set","ast-page-background-enabled":"default","ast-page-background-meta":{"desktop":{"background-color":"var(--ast-global-color-5)","background-image":"","background-repeat":"repeat","background-position":"center center","background-size":"auto","background-attachment":"scroll","background-type":"","background-media":"","overlay-type":"","overlay-color":"","overlay-opacity":"","overlay-gradient":""},"tablet":{"background-color":"","background-image":"","background-repeat":"repeat","background-position":"center center","background-size":"auto","background-attachment":"scroll","background-type":"","background-media":"","overlay-type":"","overlay-color":"","overlay-opacity":"","overlay-gradient":""},"mobile":{"background-color":"","background-image":"","background-repeat":"repeat","background-position":"center center","background-size":"auto","background-attachment":"scroll","background-type":"","background-media":"","overlay-type":"","overlay-color":"","overlay-opacity":"","overlay-gradient":""}},"ast-content-background-meta":{"desktop":{"background-color":"var(--ast-global-color-4)","background-image":"","background-repeat":"repeat","background-position":"center center","background-size":"auto","background-attachment":"scroll","background-type":"","background-media":"","overlay-type":"","overlay-color":"","overlay-opacity":"","overlay-gradient":""},"tablet":{"background-color":"var(--ast-global-color-4)","background-image":"","background-repeat":"repeat","background-position":"center center","background-size":"auto","background-attachment":"scroll","background-type":"","background-media":"","overlay-type":"","overlay-color":"","overlay-opacity":"","overlay-gradient":""},"mobile":{"background-color":"var(--ast-global-color-4)","background-image":"","background-repeat":"repeat","background-position":"center center","background-size":"auto","background-attachment":"scroll","background-type":"","background-media":"","overlay-type":"","overlay-color":"","overlay-opacity":"","overlay-gradient":""}},"_glsr_average":0,"_glsr_ranking":0,"_glsr_reviews":0},"product_brand":[],"product_cat":[168,18],"product_tag":[],"class_list":{"0":"post-4399","1":"product","2":"type-product","3":"status-publish","5":"product_cat-digital-book","6":"product_cat-uncategorized","7":"desktop-align-left","8":"tablet-align-left","9":"mobile-align-left","11":"first","12":"instock","13":"downloadable","14":"taxable","15":"shipping-taxable","16":"purchasable","17":"product-type-simple"},"acf":[],"_links":{"self":[{"href":"https:\/\/mibooko.com\/fr\/wp-json\/wp\/v2\/product\/4399","targetHints":{"allow":["GET"]}}],"collection":[{"href":"https:\/\/mibooko.com\/fr\/wp-json\/wp\/v2\/product"}],"about":[{"href":"https:\/\/mibooko.com\/fr\/wp-json\/wp\/v2\/types\/product"}],"replies":[{"embeddable":true,"href":"https:\/\/mibooko.com\/fr\/wp-json\/wp\/v2\/comments?post=4399"}],"wp:attachment":[{"href":"https:\/\/mibooko.com\/fr\/wp-json\/wp\/v2\/media?parent=4399"}],"wp:term":[{"taxonomy":"product_brand","embeddable":true,"href":"https:\/\/mibooko.com\/fr\/wp-json\/wp\/v2\/product_brand?post=4399"},{"taxonomy":"product_cat","embeddable":true,"href":"https:\/\/mibooko.com\/fr\/wp-json\/wp\/v2\/product_cat?post=4399"},{"taxonomy":"product_tag","embeddable":true,"href":"https:\/\/mibooko.com\/fr\/wp-json\/wp\/v2\/product_tag?post=4399"}],"curies":[{"name":"wp","href":"https:\/\/api.w.org\/{rel}","templated":true}]}}