{"id":4400,"date":"2025-11-07T15:10:02","date_gmt":"2025-11-07T14:10:02","guid":{"rendered":"https:\/\/mibooko.com\/?post_type=product&#038;p=4400"},"modified":"2026-03-18T19:54:50","modified_gmt":"2026-03-18T18:54:50","slug":"personalized-storybook-subscription-for-children","status":"publish","type":"product","link":"https:\/\/mibooko.com\/fr\/product\/personalized-storybook-subscription-for-children\/","title":{"rendered":"Abonnement \u00e0 un livre d&#039;histoires personnalis\u00e9 pour enfants"},"content":{"rendered":"<p data-start=\"2003\" data-end=\"2243\">Offrez \u00e0 votre enfant une ann\u00e9e de lecture enrichissante et immersive gr\u00e2ce \u00e0 <strong data-start=\"2080\" data-end=\"2119\">Abonnement \u00e0 un livre d&#039;histoires personnalis\u00e9<\/strong> \u2014 une collection de <strong data-start=\"2138\" data-end=\"2174\">12 livres d&#039;histoires richement illustr\u00e9s<\/strong>, chacun adapt\u00e9 \u00e0 son univers, \u00e0 sa personnalit\u00e9 et \u00e0 ses besoins de d\u00e9veloppement.<\/p>\n<p data-start=\"2245\" data-end=\"2303\">Contrairement aux livres classiques, chaque histoire s&#039;adapte \u00e0 votre enfant\u00a0:<\/p>\n<ul data-start=\"2304\" data-end=\"2474\">\n<li data-start=\"2304\" data-end=\"2346\">\n<p data-start=\"2306\" data-end=\"2346\">nom, apparence et structure familiale<\/p>\n<\/li>\n<li data-start=\"2347\" data-end=\"2372\">\n<p data-start=\"2349\" data-end=\"2372\">\u00e2ge et niveau de lecture<\/p>\n<\/li>\n<li data-start=\"2373\" data-end=\"2395\">\n<p data-start=\"2375\" data-end=\"2395\">traits de personnalit\u00e9<\/p>\n<\/li>\n<li data-start=\"2396\" data-end=\"2415\">\n<p data-start=\"2398\" data-end=\"2415\">besoins \u00e9motionnels<\/p>\n<\/li>\n<li data-start=\"2416\" data-end=\"2438\">\n<p data-start=\"2418\" data-end=\"2438\">d\u00e9fis actuels<\/p>\n<\/li>\n<li data-start=\"2439\" data-end=\"2474\">\n<p data-start=\"2441\" data-end=\"2474\">int\u00e9r\u00eats, peurs et forces<\/p>\n<\/li>\n<\/ul>\n<p data-start=\"2476\" data-end=\"2602\">Cet abonnement est ax\u00e9 sur <strong data-start=\"2505\" data-end=\"2544\">croissance \u00e9motionnelle et cognitive profonde<\/strong>, aidant les enfants \u00e0 pratiquer et \u00e0 renforcer des comp\u00e9tences telles que\u00a0:<\/p>\n<ul data-start=\"2603\" data-end=\"2798\">\n<li data-start=\"2603\" data-end=\"2637\">\n<p data-start=\"2605\" data-end=\"2637\">r\u00e9silience et confiance en soi<\/p>\n<\/li>\n<li data-start=\"2638\" data-end=\"2662\">\n<p data-start=\"2640\" data-end=\"2662\">r\u00e9gulation \u00e9motionnelle<\/p>\n<\/li>\n<li data-start=\"2663\" data-end=\"2687\">\n<p data-start=\"2665\" data-end=\"2687\">empathie et gentillesse<\/p>\n<\/li>\n<li data-start=\"2688\" data-end=\"2717\">\n<p data-start=\"2690\" data-end=\"2717\">curiosit\u00e9 et imagination<\/p>\n<\/li>\n<li data-start=\"2718\" data-end=\"2737\">\n<p data-start=\"2720\" data-end=\"2737\">r\u00e9solution de probl\u00e8mes<\/p>\n<\/li>\n<li data-start=\"2738\" data-end=\"2773\">\n<p data-start=\"2740\" data-end=\"2773\">comprendre les situations sociales<\/p>\n<\/li>\n<li data-start=\"2774\" data-end=\"2798\">\n<p data-start=\"2776\" data-end=\"2798\">patience et courage<\/p>\n<\/li>\n<\/ul>\n<p data-start=\"2800\" data-end=\"2913\">Chaque livre d&#039;histoires offre un <strong data-start=\"2824\" data-end=\"2859\">r\u00e9cit plus long et plus d\u00e9taill\u00e9<\/strong> que l&#039;\u00e9dition livre classique, ce qui la rend id\u00e9ale pour\u00a0:<\/p>\n<ul data-start=\"2914\" data-end=\"3028\">\n<li data-start=\"2914\" data-end=\"2946\">\n<p data-start=\"2916\" data-end=\"2946\">rituels de contes du soir<\/p>\n<\/li>\n<li data-start=\"2947\" data-end=\"2966\">\n<p data-start=\"2949\" data-end=\"2966\">lecteurs engag\u00e9s<\/p>\n<\/li>\n<li data-start=\"2967\" data-end=\"2992\">\n<p data-start=\"2969\" data-end=\"2992\">d\u00e9veloppement \u00e9motionnel<\/p>\n<\/li>\n<li data-start=\"2993\" data-end=\"3028\">\n<p data-start=\"2995\" data-end=\"3028\">instaurer des habitudes de lecture durables<\/p>\n<\/li>\n<\/ul>\n<p data-start=\"3030\" data-end=\"3256\">Chaque mois (ou chaque semaine, ou toutes les deux semaines), votre enfant entre dans un nouveau monde \u2014 toujours en tant que h\u00e9ros \u2014 apprenant \u00e0 surmonter les d\u00e9fis, \u00e0 c\u00e9l\u00e9brer ses forces et \u00e0 comprendre ses \u00e9motions gr\u00e2ce \u00e0 des r\u00e9cits chaleureux et fond\u00e9s sur des preuves.<\/p>\n<p data-start=\"3258\" data-end=\"3506\">Vous recevez <strong data-start=\"3270\" data-end=\"3296\">acc\u00e8s num\u00e9rique instantan\u00e9<\/strong> pour chaque livre d&#039;histoires d\u00e8s sa sortie, afin que votre enfant puisse commencer \u00e0 explorer imm\u00e9diatement.<br data-start=\"3388\" data-end=\"3391\" \/>Votre abonnement peut arriver <strong data-start=\"3420\" data-end=\"3430\">hebdomadaire<\/strong>, <strong data-start=\"3432\" data-end=\"3445\">bihebdomadaire<\/strong>, ou <strong data-start=\"3450\" data-end=\"3461\">mensuel<\/strong> en fonction de ce qui convient au rythme de votre famille.<\/p>\n<p data-start=\"3508\" data-end=\"3634\">Offrez \u00e0 votre enfant 12 histoires puissantes qui l&#039;aident \u00e0 devenir la personne qu&#039;il est \u2014 une aventure, une le\u00e7on, un moment h\u00e9ro\u00efque \u00e0 la fois.<\/p>\n<p data-start=\"3636\" data-end=\"3682\">Parce que dans chaque histoire, <strong data-start=\"3660\" data-end=\"3668\">ils<\/strong> sont le h\u00e9ros.<\/p>","protected":false},"excerpt":{"rendered":"<p>Offrez \u00e0 votre enfant 12 livres d&#039;histoires personnalis\u00e9s et richement illustr\u00e9s, livr\u00e9s chaque semaine, toutes les deux semaines ou chaque mois. Chaque r\u00e9cit captivant contribue \u00e0 d\u00e9velopper ses comp\u00e9tences \u00e9motionnelles, sa confiance en soi, sa r\u00e9silience et son imagination, en faisant toujours de votre enfant le h\u00e9ros. Un rituel de lecture enrichissant qui \u00e9volue avec lui.<\/p>","protected":false},"featured_media":0,"comment_status":"open","ping_status":"closed","template":"","meta":{"_acf_changed":false,"site-sidebar-layout":"default","site-content-layout":"","ast-site-content-layout":"default","site-content-style":"default","site-sidebar-style":"default","ast-global-header-display":"","ast-banner-title-visibility":"","ast-main-header-display":"","ast-hfb-above-header-display":"","ast-hfb-below-header-display":"","ast-hfb-mobile-header-display":"","site-post-title":"","ast-breadcrumbs-content":"","ast-featured-img":"","footer-sml-layout":"","theme-transparent-header-meta":"default","adv-header-id-meta":"","stick-header-meta":"","header-above-stick-meta":"","header-main-stick-meta":"","header-below-stick-meta":"","astra-migrate-meta-layouts":"set","ast-page-background-enabled":"default","ast-page-background-meta":{"desktop":{"background-color":"var(--ast-global-color-5)","background-image":"","background-repeat":"repeat","background-position":"center center","background-size":"auto","background-attachment":"scroll","background-type":"","background-media":"","overlay-type":"","overlay-color":"","overlay-opacity":"","overlay-gradient":""},"tablet":{"background-color":"","background-image":"","background-repeat":"repeat","background-position":"center center","background-size":"auto","background-attachment":"scroll","background-type":"","background-media":"","overlay-type":"","overlay-color":"","overlay-opacity":"","overlay-gradient":""},"mobile":{"background-color":"","background-image":"","background-repeat":"repeat","background-position":"center center","background-size":"auto","background-attachment":"scroll","background-type":"","background-media":"","overlay-type":"","overlay-color":"","overlay-opacity":"","overlay-gradient":""}},"ast-content-background-meta":{"desktop":{"background-color":"var(--ast-global-color-4)","background-image":"","background-repeat":"repeat","background-position":"center center","background-size":"auto","background-attachment":"scroll","background-type":"","background-media":"","overlay-type":"","overlay-color":"","overlay-opacity":"","overlay-gradient":""},"tablet":{"background-color":"var(--ast-global-color-4)","background-image":"","background-repeat":"repeat","background-position":"center center","background-size":"auto","background-attachment":"scroll","background-type":"","background-media":"","overlay-type":"","overlay-color":"","overlay-opacity":"","overlay-gradient":""},"mobile":{"background-color":"var(--ast-global-color-4)","background-image":"","background-repeat":"repeat","background-position":"center center","background-size":"auto","background-attachment":"scroll","background-type":"","background-media":"","overlay-type":"","overlay-color":"","overlay-opacity":"","overlay-gradient":""}},"_glsr_average":0,"_glsr_ranking":0,"_glsr_reviews":0},"product_brand":[],"product_cat":[168,18],"product_tag":[],"class_list":{"0":"post-4400","1":"product","2":"type-product","3":"status-publish","5":"product_cat-digital-book","6":"product_cat-uncategorized","7":"desktop-align-left","8":"tablet-align-left","9":"mobile-align-left","11":"first","12":"instock","13":"taxable","14":"shipping-taxable","15":"purchasable","16":"product-type-variable"},"acf":[],"_links":{"self":[{"href":"https:\/\/mibooko.com\/fr\/wp-json\/wp\/v2\/product\/4400","targetHints":{"allow":["GET"]}}],"collection":[{"href":"https:\/\/mibooko.com\/fr\/wp-json\/wp\/v2\/product"}],"about":[{"href":"https:\/\/mibooko.com\/fr\/wp-json\/wp\/v2\/types\/product"}],"replies":[{"embeddable":true,"href":"https:\/\/mibooko.com\/fr\/wp-json\/wp\/v2\/comments?post=4400"}],"wp:attachment":[{"href":"https:\/\/mibooko.com\/fr\/wp-json\/wp\/v2\/media?parent=4400"}],"wp:term":[{"taxonomy":"product_brand","embeddable":true,"href":"https:\/\/mibooko.com\/fr\/wp-json\/wp\/v2\/product_brand?post=4400"},{"taxonomy":"product_cat","embeddable":true,"href":"https:\/\/mibooko.com\/fr\/wp-json\/wp\/v2\/product_cat?post=4400"},{"taxonomy":"product_tag","embeddable":true,"href":"https:\/\/mibooko.com\/fr\/wp-json\/wp\/v2\/product_tag?post=4400"}],"curies":[{"name":"wp","href":"https:\/\/api.w.org\/{rel}","templated":true}]}}