{"id":6012,"date":"2025-11-27T00:45:27","date_gmt":"2025-11-26T23:45:27","guid":{"rendered":"https:\/\/mibooko.com\/?post_type=product&#038;p=6012"},"modified":"2026-03-18T19:54:26","modified_gmt":"2026-03-18T18:54:26","slug":"special-moment-personalized-book","status":"publish","type":"product","link":"https:\/\/mibooko.com\/fr\/product\/special-moment-personalized-book\/","title":{"rendered":"Livre personnalis\u00e9 pour moments sp\u00e9ciaux"},"content":{"rendered":"<p>Le Livre des Moments Sp\u00e9ciaux est un r\u00e9cit enti\u00e8rement personnalis\u00e9 pour enfants, cr\u00e9\u00e9 pour c\u00e9l\u00e9brer, honorer ou marquer les moments les plus pr\u00e9cieux. Qu&#039;il s&#039;agisse d&#039;un moment joyeux, festif, \u00e9mouvant ou introspectif, ce livre transforme l&#039;occasion choisie en une aventure magnifiquement illustr\u00e9e o\u00f9 votre enfant devient le personnage principal.<\/p>\n<p>Commencez par personnaliser le nom et l&#039;apparence de votre enfant, ainsi que les membres de la famille qui l&#039;accompagnent. Ajoutez une d\u00e9dicace personnelle, choisissez le ton du moment et regardez l&#039;histoire s&#039;adapter instantan\u00e9ment. Une fois votre livre pr\u00eat, il vous est livr\u00e9 aux formats PDF et EPUB, faciles \u00e0 utiliser et parfaits pour \u00eatre lu sur n&#039;importe quel appareil ou imprim\u00e9 chez vous comme souvenir. Une narration vocale optionnelle peut \u00e9galement \u00eatre disponible selon la langue.<\/p>\n<p>Cette \u00e9dition est id\u00e9ale pour les parents qui souhaitent une histoire courte et touchante qui capture l&#039;essence m\u00eame de l&#039;\u00e9v\u00e9nement.<\/p>\n<p><strong>Occasions pour lesquelles vous pouvez cr\u00e9er une histoire<\/strong><\/p>\n<p>Notre livre d&#039;or \u00ab Moments sp\u00e9ciaux \u00bb propose actuellement un large \u00e9ventail d&#039;\u00e9v\u00e9nements familiaux et culturels, notamment\u00a0:<\/p>\n<ul>\n<li>Anniversaire<\/li>\n<li>No\u00ebl<\/li>\n<li>Nouvelle ann\u00e9e<\/li>\n<li>P\u00e2ques<\/li>\n<li>A\u00efd Moubarak<\/li>\n<li>Chag Sameach<\/li>\n<li>Journ\u00e9e du nom<\/li>\n<li>f\u00eate des M\u00e8res<\/li>\n<li>F\u00eate des p\u00e8res<\/li>\n<li>Journ\u00e9e des enfants<\/li>\n<li>Nouveau-n\u00e9 \/ Bienvenue au monde<\/li>\n<li>Halloween<\/li>\n<li>Diwali<\/li>\n<li>Saint Valentin<\/li>\n<li>Nouvel An lunaire (Th\u00e8me du Cheval de Feu)<\/li>\n<li>Fun\u00e9railles \/ Adieux \/ Souvenir \u2014 r\u00e9cits empreints de douceur et de r\u00e9confort<\/li>\n<\/ul>\n<p>Si votre \u00e9v\u00e9nement n&#039;est pas r\u00e9pertori\u00e9, vous pouvez choisir \u201c\u00a0Autre occasion\u00a0\u201d lors de la personnalisation et d\u00e9crire votre situation. Notre syst\u00e8me adaptera le r\u00e9cit aux besoins de votre famille.<br \/>\n<strong>Pourquoi les familles adorent le livre &quot;Moments sp\u00e9ciaux&quot;<\/strong><\/p>\n<ul>\n<li>Un souvenir pr\u00e9cieux pour les grandes \u00e9tapes ou les transitions \u00e9motionnelles.<\/li>\n<li>H\u00e9ros, famille et message personnalis\u00e9s<\/li>\n<li>Des tons narratifs doux, adapt\u00e9s \u00e0 votre \u00e9v\u00e9nement.<\/li>\n<li>Acc\u00e8s imm\u00e9diat \u2013 aucun frais de livraison requis<\/li>\n<li>Parfait pour les familles, les proches et les personnes attentionn\u00e9es qui offrent des cadeaux.<\/li>\n<\/ul>\n<p>Ce livre deviendra un souvenir pr\u00e9cieux qui grandira avec votre enfant \u2014 un ouvrage auquel il reviendra ann\u00e9e apr\u00e8s ann\u00e9e, faisant partie int\u00e9grante de votre tradition familiale de contes.<\/p>","protected":false},"excerpt":{"rendered":"<p>Un livre personnalis\u00e9 pour enfants, cr\u00e9\u00e9 pour chaque occasion sp\u00e9ciale\u00a0: anniversaires, f\u00eates, naissances ou souvenirs. Personnalisez le nom, l\u2019apparence, les membres de la famille et la d\u00e9dicace de votre enfant. Disponible instantan\u00e9ment aux formats PDF et EPUB, \u00e0 imprimer chez vous ou \u00e0 lire en num\u00e9rique.<\/p>","protected":false},"featured_media":0,"comment_status":"open","ping_status":"closed","template":"","meta":{"_acf_changed":false,"site-sidebar-layout":"default","site-content-layout":"","ast-site-content-layout":"default","site-content-style":"default","site-sidebar-style":"default","ast-global-header-display":"","ast-banner-title-visibility":"","ast-main-header-display":"","ast-hfb-above-header-display":"","ast-hfb-below-header-display":"","ast-hfb-mobile-header-display":"","site-post-title":"","ast-breadcrumbs-content":"","ast-featured-img":"","footer-sml-layout":"","theme-transparent-header-meta":"default","adv-header-id-meta":"","stick-header-meta":"","header-above-stick-meta":"","header-main-stick-meta":"","header-below-stick-meta":"","astra-migrate-meta-layouts":"set","ast-page-background-enabled":"default","ast-page-background-meta":{"desktop":{"background-color":"var(--ast-global-color-5)","background-image":"","background-repeat":"repeat","background-position":"center center","background-size":"auto","background-attachment":"scroll","background-type":"","background-media":"","overlay-type":"","overlay-color":"","overlay-opacity":"","overlay-gradient":""},"tablet":{"background-color":"","background-image":"","background-repeat":"repeat","background-position":"center center","background-size":"auto","background-attachment":"scroll","background-type":"","background-media":"","overlay-type":"","overlay-color":"","overlay-opacity":"","overlay-gradient":""},"mobile":{"background-color":"","background-image":"","background-repeat":"repeat","background-position":"center center","background-size":"auto","background-attachment":"scroll","background-type":"","background-media":"","overlay-type":"","overlay-color":"","overlay-opacity":"","overlay-gradient":""}},"ast-content-background-meta":{"desktop":{"background-color":"var(--ast-global-color-4)","background-image":"","background-repeat":"repeat","background-position":"center center","background-size":"auto","background-attachment":"scroll","background-type":"","background-media":"","overlay-type":"","overlay-color":"","overlay-opacity":"","overlay-gradient":""},"tablet":{"background-color":"var(--ast-global-color-4)","background-image":"","background-repeat":"repeat","background-position":"center center","background-size":"auto","background-attachment":"scroll","background-type":"","background-media":"","overlay-type":"","overlay-color":"","overlay-opacity":"","overlay-gradient":""},"mobile":{"background-color":"var(--ast-global-color-4)","background-image":"","background-repeat":"repeat","background-position":"center center","background-size":"auto","background-attachment":"scroll","background-type":"","background-media":"","overlay-type":"","overlay-color":"","overlay-opacity":"","overlay-gradient":""}},"_glsr_average":0,"_glsr_ranking":0,"_glsr_reviews":0},"product_brand":[],"product_cat":[168,18],"product_tag":[],"class_list":{"0":"post-6012","1":"product","2":"type-product","3":"status-publish","5":"product_cat-digital-book","6":"product_cat-uncategorized","7":"desktop-align-left","8":"tablet-align-left","9":"mobile-align-left","11":"first","12":"instock","13":"downloadable","14":"taxable","15":"shipping-taxable","16":"purchasable","17":"product-type-simple"},"acf":[],"_links":{"self":[{"href":"https:\/\/mibooko.com\/fr\/wp-json\/wp\/v2\/product\/6012","targetHints":{"allow":["GET"]}}],"collection":[{"href":"https:\/\/mibooko.com\/fr\/wp-json\/wp\/v2\/product"}],"about":[{"href":"https:\/\/mibooko.com\/fr\/wp-json\/wp\/v2\/types\/product"}],"replies":[{"embeddable":true,"href":"https:\/\/mibooko.com\/fr\/wp-json\/wp\/v2\/comments?post=6012"}],"wp:attachment":[{"href":"https:\/\/mibooko.com\/fr\/wp-json\/wp\/v2\/media?parent=6012"}],"wp:term":[{"taxonomy":"product_brand","embeddable":true,"href":"https:\/\/mibooko.com\/fr\/wp-json\/wp\/v2\/product_brand?post=6012"},{"taxonomy":"product_cat","embeddable":true,"href":"https:\/\/mibooko.com\/fr\/wp-json\/wp\/v2\/product_cat?post=6012"},{"taxonomy":"product_tag","embeddable":true,"href":"https:\/\/mibooko.com\/fr\/wp-json\/wp\/v2\/product_tag?post=6012"}],"curies":[{"name":"wp","href":"https:\/\/api.w.org\/{rel}","templated":true}]}}