{"id":6013,"date":"2025-11-27T00:56:33","date_gmt":"2025-11-26T23:56:33","guid":{"rendered":"https:\/\/mibooko.com\/?post_type=product&#038;p=6013"},"modified":"2026-03-18T19:54:06","modified_gmt":"2026-03-18T18:54:06","slug":"special-moment-personalized-storybook","status":"publish","type":"product","link":"https:\/\/mibooko.com\/fr\/product\/special-moment-personalized-storybook\/","title":{"rendered":"Livre d&#039;histoires personnalis\u00e9 pour moments sp\u00e9ciaux"},"content":{"rendered":"<p data-start=\"2842\" data-end=\"3189\">Le <strong data-start=\"2846\" data-end=\"2874\">Livre d&#039;histoires pour moments sp\u00e9ciaux<\/strong> Ce livre est une histoire pour enfants enrichie et longuement illustr\u00e9e, con\u00e7ue pour les familles souhaitant un r\u00e9cit plus profond et expressif autour d&#039;un \u00e9v\u00e9nement important. Avec davantage de sc\u00e8nes, des transitions \u00e9motionnelles plus subtiles et des illustrations plus d\u00e9taill\u00e9es, cet ouvrage offre une exp\u00e9rience de lecture captivante o\u00f9 votre enfant est le h\u00e9ros.<\/p>\n<p data-start=\"3191\" data-end=\"3644\">Personnalisez le nom, l&#039;apparence et les membres de la famille de votre enfant, puis ajoutez une d\u00e9dicace touchante pour donner le ton \u00e9motionnel. L&#039;histoire s&#039;adapte au moment choisi, qu&#039;il soit joyeux et festif ou doux et r\u00e9confortant. Une fois termin\u00e9, vous recevrez instantan\u00e9ment votre livre d&#039;histoires personnalis\u00e9. <strong data-start=\"3486\" data-end=\"3510\">Formats PDF et EPUB<\/strong>, pr\u00eat pour la lecture num\u00e9rique ou l&#039;impression premium \u00e0 domicile. Optionnel <strong data-start=\"3573\" data-end=\"3590\">Narration TTS<\/strong> est \u00e9galement propos\u00e9.<\/p>\n<p data-start=\"3646\" data-end=\"3803\">Ce livre d&#039;histoires est id\u00e9al pour les familles qui souhaitent cr\u00e9er un lien plus profond, favoriser la compr\u00e9hension \u00e9motionnelle ou pr\u00e9server avec soin un moment important de leur vie.<\/p>\n<h3 data-start=\"3805\" data-end=\"3832\"><strong data-start=\"3809\" data-end=\"3832\">\u00c9v\u00e9nements pris en charge<\/strong><\/h3>\n<p data-start=\"3833\" data-end=\"3939\">Vous pouvez cr\u00e9er un livre d&#039;histoires personnalis\u00e9 pour tous les \u00e9v\u00e9nements familiaux, culturels et sentimentaux importants, notamment\u00a0:<\/p>\n<ul data-start=\"3941\" data-end=\"4335\">\n<li data-start=\"3941\" data-end=\"3957\">\n<p data-start=\"3943\" data-end=\"3957\">Anniversaire<\/p>\n<\/li>\n<li data-start=\"3958\" data-end=\"3975\">\n<p data-start=\"3960\" data-end=\"3975\">No\u00ebl<\/p>\n<\/li>\n<li data-start=\"3976\" data-end=\"3992\">\n<p data-start=\"3978\" data-end=\"3992\">Nouvelle ann\u00e9e<\/p>\n<\/li>\n<li data-start=\"3993\" data-end=\"4007\">\n<p data-start=\"3995\" data-end=\"4007\">P\u00e2ques<\/p>\n<\/li>\n<li data-start=\"4008\" data-end=\"4027\">\n<p data-start=\"4010\" data-end=\"4027\">A\u00efd Moubarak<\/p>\n<\/li>\n<li data-start=\"4028\" data-end=\"4048\">\n<p data-start=\"4030\" data-end=\"4048\">Chag Sameach<\/p>\n<\/li>\n<li data-start=\"4049\" data-end=\"4065\">\n<p data-start=\"4051\" data-end=\"4065\">Journ\u00e9e du nom<\/p>\n<\/li>\n<li data-start=\"4066\" data-end=\"4086\">\n<p data-start=\"4068\" data-end=\"4086\">f\u00eate des M\u00e8res<\/p>\n<\/li>\n<li data-start=\"4087\" data-end=\"4107\">\n<p data-start=\"4089\" data-end=\"4107\">F\u00eate des p\u00e8res<\/p>\n<\/li>\n<li data-start=\"4108\" data-end=\"4130\">\n<p data-start=\"4110\" data-end=\"4130\">Journ\u00e9e des enfants<\/p>\n<\/li>\n<li data-start=\"4131\" data-end=\"4155\">\n<p data-start=\"4133\" data-end=\"4155\">Arriv\u00e9e d&#039;un nouveau-n\u00e9<\/p>\n<\/li>\n<li data-start=\"4156\" data-end=\"4173\">\n<p data-start=\"4158\" data-end=\"4173\">Halloween<\/p>\n<\/li>\n<li data-start=\"4174\" data-end=\"4188\">\n<p data-start=\"4176\" data-end=\"4188\">Diwali<\/p>\n<\/li>\n<li data-start=\"4189\" data-end=\"4212\">\n<p data-start=\"4191\" data-end=\"4212\">Saint Valentin<\/p>\n<\/li>\n<li data-start=\"4213\" data-end=\"4248\">\n<p data-start=\"4215\" data-end=\"4248\">Nouvel An lunaire (Cheval de Feu)<\/p>\n<\/li>\n<li data-start=\"4249\" data-end=\"4335\">\n<p data-start=\"4251\" data-end=\"4335\">Livre de souvenirs \/ d&#039;adieu \/ de fun\u00e9railles \u2014 con\u00e7u avec sensibilit\u00e9 pour les jeunes lecteurs<\/p>\n<\/li>\n<\/ul>\n<p data-start=\"4337\" data-end=\"4449\">Vous pouvez \u00e9galement s\u00e9lectionner <strong data-start=\"4357\" data-end=\"4377\">\u201c Autre occasion \u201d<\/strong> si vous souhaitez une histoire construite autour d&#039;un \u00e9v\u00e9nement familial unique, comme\u00a0:<\/p>\n<ul data-start=\"4450\" data-end=\"4589\">\n<li data-start=\"4450\" data-end=\"4473\">\n<p data-start=\"4452\" data-end=\"4473\">Premier jour d&#039;\u00e9cole<\/p>\n<\/li>\n<li data-start=\"4474\" data-end=\"4500\">\n<p data-start=\"4476\" data-end=\"4500\">R\u00e9tablissement apr\u00e8s une maladie<\/p>\n<\/li>\n<li data-start=\"4501\" data-end=\"4516\">\n<p data-start=\"4503\" data-end=\"4516\">D\u00e9m\u00e9nager<\/p>\n<\/li>\n<li data-start=\"4517\" data-end=\"4533\">\n<p data-start=\"4519\" data-end=\"4533\">Journ\u00e9e de l&#039;adoption<\/p>\n<\/li>\n<li data-start=\"4534\" data-end=\"4558\">\n<p data-start=\"4536\" data-end=\"4558\">R\u00e9alisations exceptionnelles<\/p>\n<\/li>\n<li data-start=\"4559\" data-end=\"4589\">\n<p data-start=\"4561\" data-end=\"4589\">R\u00e9unions de famille ou voyages<\/p>\n<\/li>\n<\/ul>\n<h3 data-start=\"4591\" data-end=\"4636\">Pourquoi les familles choisissent l&#039;\u00e9dition livre d&#039;histoires<\/h3>\n<ul data-start=\"4637\" data-end=\"4977\">\n<li data-start=\"4637\" data-end=\"4689\">\n<p data-start=\"4639\" data-end=\"4689\">Une exp\u00e9rience narrative plus immersive gr\u00e2ce \u00e0 des sc\u00e8nes plus longues.<\/p>\n<\/li>\n<li data-start=\"4690\" data-end=\"4746\">\n<p data-start=\"4692\" data-end=\"4746\">Des illustrations suppl\u00e9mentaires pour un impact \u00e9motionnel plus fort<\/p>\n<\/li>\n<li data-start=\"4747\" data-end=\"4796\">\n<p data-start=\"4749\" data-end=\"4796\">Id\u00e9al pour cr\u00e9er des souvenirs, des rituels et des rituels<\/p>\n<\/li>\n<li data-start=\"4797\" data-end=\"4847\">\n<p data-start=\"4799\" data-end=\"4847\">H\u00e9ros personnalis\u00e9, distribution familiale et d\u00e9vouement<\/p>\n<\/li>\n<li data-start=\"4848\" data-end=\"4903\">\n<p data-start=\"4850\" data-end=\"4903\">Acc\u00e8s num\u00e9rique instantan\u00e9\u00a0\u2014 lisez aujourd\u2019hui, conservez pour toujours<\/p>\n<\/li>\n<li data-start=\"4904\" data-end=\"4977\">\n<p data-start=\"4906\" data-end=\"4977\">Un souvenir pr\u00e9cieux pour les c\u00e9l\u00e9brations, les transitions et les moments de gu\u00e9rison.<\/p>\n<\/li>\n<\/ul>\n<p data-start=\"4979\" data-end=\"5140\">Le livre d&#039;histoires \u00ab Moments sp\u00e9ciaux \u00bb devient plus qu&#039;une histoire : il devient un objet familial, transmis d&#039;ann\u00e9e en ann\u00e9e comme partie int\u00e9grante de votre parcours \u00e9motionnel partag\u00e9.<\/p>","protected":false},"excerpt":{"rendered":"<p>Un livre d&#039;histoires pour enfants richement illustr\u00e9 et personnalis\u00e9, cr\u00e9\u00e9 pour les moments les plus pr\u00e9cieux de la vie. Ajoutez le nom de votre enfant, son apparence, les noms de votre famille et une d\u00e9dicace touchante pour rendre cette histoire inoubliable.<\/p>","protected":false},"featured_media":0,"comment_status":"open","ping_status":"closed","template":"","meta":{"_acf_changed":false,"site-sidebar-layout":"default","site-content-layout":"","ast-site-content-layout":"default","site-content-style":"default","site-sidebar-style":"default","ast-global-header-display":"","ast-banner-title-visibility":"","ast-main-header-display":"","ast-hfb-above-header-display":"","ast-hfb-below-header-display":"","ast-hfb-mobile-header-display":"","site-post-title":"","ast-breadcrumbs-content":"","ast-featured-img":"","footer-sml-layout":"","theme-transparent-header-meta":"default","adv-header-id-meta":"","stick-header-meta":"","header-above-stick-meta":"","header-main-stick-meta":"","header-below-stick-meta":"","astra-migrate-meta-layouts":"set","ast-page-background-enabled":"default","ast-page-background-meta":{"desktop":{"background-color":"var(--ast-global-color-5)","background-image":"","background-repeat":"repeat","background-position":"center center","background-size":"auto","background-attachment":"scroll","background-type":"","background-media":"","overlay-type":"","overlay-color":"","overlay-opacity":"","overlay-gradient":""},"tablet":{"background-color":"","background-image":"","background-repeat":"repeat","background-position":"center center","background-size":"auto","background-attachment":"scroll","background-type":"","background-media":"","overlay-type":"","overlay-color":"","overlay-opacity":"","overlay-gradient":""},"mobile":{"background-color":"","background-image":"","background-repeat":"repeat","background-position":"center center","background-size":"auto","background-attachment":"scroll","background-type":"","background-media":"","overlay-type":"","overlay-color":"","overlay-opacity":"","overlay-gradient":""}},"ast-content-background-meta":{"desktop":{"background-color":"var(--ast-global-color-4)","background-image":"","background-repeat":"repeat","background-position":"center center","background-size":"auto","background-attachment":"scroll","background-type":"","background-media":"","overlay-type":"","overlay-color":"","overlay-opacity":"","overlay-gradient":""},"tablet":{"background-color":"var(--ast-global-color-4)","background-image":"","background-repeat":"repeat","background-position":"center center","background-size":"auto","background-attachment":"scroll","background-type":"","background-media":"","overlay-type":"","overlay-color":"","overlay-opacity":"","overlay-gradient":""},"mobile":{"background-color":"var(--ast-global-color-4)","background-image":"","background-repeat":"repeat","background-position":"center center","background-size":"auto","background-attachment":"scroll","background-type":"","background-media":"","overlay-type":"","overlay-color":"","overlay-opacity":"","overlay-gradient":""}},"_glsr_average":0,"_glsr_ranking":0,"_glsr_reviews":0},"product_brand":[],"product_cat":[168,18],"product_tag":[],"class_list":{"0":"post-6013","1":"product","2":"type-product","3":"status-publish","5":"product_cat-digital-book","6":"product_cat-uncategorized","7":"desktop-align-left","8":"tablet-align-left","9":"mobile-align-left","11":"first","12":"instock","13":"downloadable","14":"taxable","15":"shipping-taxable","16":"purchasable","17":"product-type-simple"},"acf":[],"_links":{"self":[{"href":"https:\/\/mibooko.com\/fr\/wp-json\/wp\/v2\/product\/6013","targetHints":{"allow":["GET"]}}],"collection":[{"href":"https:\/\/mibooko.com\/fr\/wp-json\/wp\/v2\/product"}],"about":[{"href":"https:\/\/mibooko.com\/fr\/wp-json\/wp\/v2\/types\/product"}],"replies":[{"embeddable":true,"href":"https:\/\/mibooko.com\/fr\/wp-json\/wp\/v2\/comments?post=6013"}],"wp:attachment":[{"href":"https:\/\/mibooko.com\/fr\/wp-json\/wp\/v2\/media?parent=6013"}],"wp:term":[{"taxonomy":"product_brand","embeddable":true,"href":"https:\/\/mibooko.com\/fr\/wp-json\/wp\/v2\/product_brand?post=6013"},{"taxonomy":"product_cat","embeddable":true,"href":"https:\/\/mibooko.com\/fr\/wp-json\/wp\/v2\/product_cat?post=6013"},{"taxonomy":"product_tag","embeddable":true,"href":"https:\/\/mibooko.com\/fr\/wp-json\/wp\/v2\/product_tag?post=6013"}],"curies":[{"name":"wp","href":"https:\/\/api.w.org\/{rel}","templated":true}]}}