{"id":6013,"date":"2025-11-27T00:56:33","date_gmt":"2025-11-26T23:56:33","guid":{"rendered":"https:\/\/mibooko.com\/?post_type=product&#038;p=6013"},"modified":"2026-03-18T19:54:06","modified_gmt":"2026-03-18T18:54:06","slug":"special-moment-personalized-storybook","status":"publish","type":"product","link":"https:\/\/mibooko.com\/it\/product\/special-moment-personalized-storybook\/","title":{"rendered":"Libro di fiabe personalizzato &quot;Momento speciale&quot;"},"content":{"rendered":"<p data-start=\"2842\" data-end=\"3189\">IL <strong data-start=\"2846\" data-end=\"2874\">Libro di fiabe di momenti speciali<\/strong> \u00e8 una storia per bambini estesa e riccamente illustrata, pensata per le famiglie che desiderano una narrazione pi\u00f9 profonda ed espressiva attorno a un&#039;occasione significativa. Con pi\u00f9 scene, transizioni emotive raffinate e illustrazioni pi\u00f9 dettagliate, questo libro di fiabe crea un&#039;esperienza di lettura avvincente in cui il bambino \u00e8 l&#039;eroe.<\/p>\n<p data-start=\"3191\" data-end=\"3644\">Personalizza il nome, l&#039;aspetto e i membri della famiglia del tuo bambino, quindi aggiungi una dedica sincera per creare il tono emotivo. La storia si adatta al momento scelto, che sia luminoso e festoso o dolce e confortante. Una volta completato, riceverai immediatamente il tuo libro di fiabe personalizzato in <strong data-start=\"3486\" data-end=\"3510\">Formati PDF ed EPUB<\/strong>, pronto per la lettura digitale o per la stampa premium a casa. Facoltativo <strong data-start=\"3573\" data-end=\"3590\">Narrazione TTS<\/strong> viene anche offerto.<\/p>\n<p data-start=\"3646\" data-end=\"3803\">Questo libro di fiabe \u00e8 ideale per le famiglie che desiderano creare un legame pi\u00f9 profondo, coltivare la comprensione emotiva o preservare con cura un momento significativo della vita.<\/p>\n<h3 data-start=\"3805\" data-end=\"3832\"><strong data-start=\"3809\" data-end=\"3832\">Occasioni supportate<\/strong><\/h3>\n<p data-start=\"3833\" data-end=\"3939\">Puoi creare un libro di fiabe personalizzato per tutti i principali eventi familiari, culturali e sentimentali, tra cui:<\/p>\n<ul data-start=\"3941\" data-end=\"4335\">\n<li data-start=\"3941\" data-end=\"3957\">\n<p data-start=\"3943\" data-end=\"3957\">Compleanno<\/p>\n<\/li>\n<li data-start=\"3958\" data-end=\"3975\">\n<p data-start=\"3960\" data-end=\"3975\">Natale<\/p>\n<\/li>\n<li data-start=\"3976\" data-end=\"3992\">\n<p data-start=\"3978\" data-end=\"3992\">Capodanno<\/p>\n<\/li>\n<li data-start=\"3993\" data-end=\"4007\">\n<p data-start=\"3995\" data-end=\"4007\">Pasqua<\/p>\n<\/li>\n<li data-start=\"4008\" data-end=\"4027\">\n<p data-start=\"4010\" data-end=\"4027\">Eid Mubarak<\/p>\n<\/li>\n<li data-start=\"4028\" data-end=\"4048\">\n<p data-start=\"4030\" data-end=\"4048\">Chag Sameach<\/p>\n<\/li>\n<li data-start=\"4049\" data-end=\"4065\">\n<p data-start=\"4051\" data-end=\"4065\">Onomastico<\/p>\n<\/li>\n<li data-start=\"4066\" data-end=\"4086\">\n<p data-start=\"4068\" data-end=\"4086\">Festa della mamma<\/p>\n<\/li>\n<li data-start=\"4087\" data-end=\"4107\">\n<p data-start=\"4089\" data-end=\"4107\">Festa del pap\u00e0<\/p>\n<\/li>\n<li data-start=\"4108\" data-end=\"4130\">\n<p data-start=\"4110\" data-end=\"4130\">Giornata dei bambini<\/p>\n<\/li>\n<li data-start=\"4131\" data-end=\"4155\">\n<p data-start=\"4133\" data-end=\"4155\">Nuovo arrivo del bambino<\/p>\n<\/li>\n<li data-start=\"4156\" data-end=\"4173\">\n<p data-start=\"4158\" data-end=\"4173\">Halloween<\/p>\n<\/li>\n<li data-start=\"4174\" data-end=\"4188\">\n<p data-start=\"4176\" data-end=\"4188\">Diwali<\/p>\n<\/li>\n<li data-start=\"4189\" data-end=\"4212\">\n<p data-start=\"4191\" data-end=\"4212\">San Valentino<\/p>\n<\/li>\n<li data-start=\"4213\" data-end=\"4248\">\n<p data-start=\"4215\" data-end=\"4248\">Capodanno lunare (Cavallo di fuoco)<\/p>\n<\/li>\n<li data-start=\"4249\" data-end=\"4335\">\n<p data-start=\"4251\" data-end=\"4335\">Libro dei funerali\/addio\/ricordi: progettato con sensibilit\u00e0 per i giovani lettori<\/p>\n<\/li>\n<\/ul>\n<p data-start=\"4337\" data-end=\"4449\">Puoi anche selezionare <strong data-start=\"4357\" data-end=\"4377\">\u201cAltra occasione\u201d<\/strong> se desideri una storia costruita attorno a un evento familiare unico come:<\/p>\n<ul data-start=\"4450\" data-end=\"4589\">\n<li data-start=\"4450\" data-end=\"4473\">\n<p data-start=\"4452\" data-end=\"4473\">Primo giorno di scuola<\/p>\n<\/li>\n<li data-start=\"4474\" data-end=\"4500\">\n<p data-start=\"4476\" data-end=\"4500\">Recupero dopo la malattia<\/p>\n<\/li>\n<li data-start=\"4501\" data-end=\"4516\">\n<p data-start=\"4503\" data-end=\"4516\">Trasloco a casa<\/p>\n<\/li>\n<li data-start=\"4517\" data-end=\"4533\">\n<p data-start=\"4519\" data-end=\"4533\">Giorno dell&#039;adozione<\/p>\n<\/li>\n<li data-start=\"4534\" data-end=\"4558\">\n<p data-start=\"4536\" data-end=\"4558\">Risultati speciali<\/p>\n<\/li>\n<li data-start=\"4559\" data-end=\"4589\">\n<p data-start=\"4561\" data-end=\"4589\">Riunioni di famiglia o viaggi<\/p>\n<\/li>\n<\/ul>\n<h3 data-start=\"4591\" data-end=\"4636\">Perch\u00e9 le famiglie scelgono l&#039;edizione Storybook<\/h3>\n<ul data-start=\"4637\" data-end=\"4977\">\n<li data-start=\"4637\" data-end=\"4689\">\n<p data-start=\"4639\" data-end=\"4689\">Esperienza narrativa pi\u00f9 profonda con scene estese<\/p>\n<\/li>\n<li data-start=\"4690\" data-end=\"4746\">\n<p data-start=\"4692\" data-end=\"4746\">Ulteriori illustrazioni per un impatto emotivo pi\u00f9 ricco<\/p>\n<\/li>\n<li data-start=\"4747\" data-end=\"4796\">\n<p data-start=\"4749\" data-end=\"4796\">Ideale per creare ricordi, rituali e rituali<\/p>\n<\/li>\n<li data-start=\"4797\" data-end=\"4847\">\n<p data-start=\"4799\" data-end=\"4847\">Eroe personalizzato, cast familiare e dedizione<\/p>\n<\/li>\n<li data-start=\"4848\" data-end=\"4903\">\n<p data-start=\"4850\" data-end=\"4903\">Consegna digitale immediata: leggi oggi, risparmia per sempre<\/p>\n<\/li>\n<li data-start=\"4904\" data-end=\"4977\">\n<p data-start=\"4906\" data-end=\"4977\">Un ricordo duraturo per celebrazioni, transizioni e momenti di guarigione<\/p>\n<\/li>\n<\/ul>\n<p data-start=\"4979\" data-end=\"5140\">Il libro di racconti &quot;Special Moment Storybook&quot; diventa pi\u00f9 di una semplice storia: diventa un cimelio di famiglia, tramandato di anno in anno come parte del vostro percorso emotivo condiviso.<\/p>","protected":false},"excerpt":{"rendered":"<p>Un libro di fiabe per bambini riccamente illustrato e personalizzato, creato per i momenti pi\u00f9 significativi della vita. Aggiungi il nome, l&#039;aspetto, la famiglia e una dedica sincera del tuo bambino per rendere la storia davvero indimenticabile.<\/p>","protected":false},"featured_media":0,"comment_status":"open","ping_status":"closed","template":"","meta":{"_acf_changed":false,"site-sidebar-layout":"default","site-content-layout":"","ast-site-content-layout":"default","site-content-style":"default","site-sidebar-style":"default","ast-global-header-display":"","ast-banner-title-visibility":"","ast-main-header-display":"","ast-hfb-above-header-display":"","ast-hfb-below-header-display":"","ast-hfb-mobile-header-display":"","site-post-title":"","ast-breadcrumbs-content":"","ast-featured-img":"","footer-sml-layout":"","theme-transparent-header-meta":"default","adv-header-id-meta":"","stick-header-meta":"","header-above-stick-meta":"","header-main-stick-meta":"","header-below-stick-meta":"","astra-migrate-meta-layouts":"set","ast-page-background-enabled":"default","ast-page-background-meta":{"desktop":{"background-color":"var(--ast-global-color-5)","background-image":"","background-repeat":"repeat","background-position":"center center","background-size":"auto","background-attachment":"scroll","background-type":"","background-media":"","overlay-type":"","overlay-color":"","overlay-opacity":"","overlay-gradient":""},"tablet":{"background-color":"","background-image":"","background-repeat":"repeat","background-position":"center center","background-size":"auto","background-attachment":"scroll","background-type":"","background-media":"","overlay-type":"","overlay-color":"","overlay-opacity":"","overlay-gradient":""},"mobile":{"background-color":"","background-image":"","background-repeat":"repeat","background-position":"center center","background-size":"auto","background-attachment":"scroll","background-type":"","background-media":"","overlay-type":"","overlay-color":"","overlay-opacity":"","overlay-gradient":""}},"ast-content-background-meta":{"desktop":{"background-color":"var(--ast-global-color-4)","background-image":"","background-repeat":"repeat","background-position":"center center","background-size":"auto","background-attachment":"scroll","background-type":"","background-media":"","overlay-type":"","overlay-color":"","overlay-opacity":"","overlay-gradient":""},"tablet":{"background-color":"var(--ast-global-color-4)","background-image":"","background-repeat":"repeat","background-position":"center center","background-size":"auto","background-attachment":"scroll","background-type":"","background-media":"","overlay-type":"","overlay-color":"","overlay-opacity":"","overlay-gradient":""},"mobile":{"background-color":"var(--ast-global-color-4)","background-image":"","background-repeat":"repeat","background-position":"center center","background-size":"auto","background-attachment":"scroll","background-type":"","background-media":"","overlay-type":"","overlay-color":"","overlay-opacity":"","overlay-gradient":""}},"_glsr_average":0,"_glsr_ranking":0,"_glsr_reviews":0},"product_brand":[],"product_cat":[168,18],"product_tag":[],"class_list":{"0":"post-6013","1":"product","2":"type-product","3":"status-publish","5":"product_cat-digital-book","6":"product_cat-uncategorized","7":"desktop-align-left","8":"tablet-align-left","9":"mobile-align-left","11":"first","12":"instock","13":"downloadable","14":"taxable","15":"shipping-taxable","16":"purchasable","17":"product-type-simple"},"acf":[],"_links":{"self":[{"href":"https:\/\/mibooko.com\/it\/wp-json\/wp\/v2\/product\/6013","targetHints":{"allow":["GET"]}}],"collection":[{"href":"https:\/\/mibooko.com\/it\/wp-json\/wp\/v2\/product"}],"about":[{"href":"https:\/\/mibooko.com\/it\/wp-json\/wp\/v2\/types\/product"}],"replies":[{"embeddable":true,"href":"https:\/\/mibooko.com\/it\/wp-json\/wp\/v2\/comments?post=6013"}],"wp:attachment":[{"href":"https:\/\/mibooko.com\/it\/wp-json\/wp\/v2\/media?parent=6013"}],"wp:term":[{"taxonomy":"product_brand","embeddable":true,"href":"https:\/\/mibooko.com\/it\/wp-json\/wp\/v2\/product_brand?post=6013"},{"taxonomy":"product_cat","embeddable":true,"href":"https:\/\/mibooko.com\/it\/wp-json\/wp\/v2\/product_cat?post=6013"},{"taxonomy":"product_tag","embeddable":true,"href":"https:\/\/mibooko.com\/it\/wp-json\/wp\/v2\/product_tag?post=6013"}],"curies":[{"name":"wp","href":"https:\/\/api.w.org\/{rel}","templated":true}]}}