{"id":9667,"date":"2026-02-27T23:04:40","date_gmt":"2026-02-27T22:04:40","guid":{"rendered":"https:\/\/mibooko.com\/?post_type=product&#038;p=9667"},"modified":"2026-03-18T19:51:09","modified_gmt":"2026-03-18T18:51:09","slug":"free-personalized-book-for-children","status":"publish","type":"product","link":"https:\/\/mibooko.com\/it\/product\/free-personalized-book-for-children\/","title":{"rendered":"Libro personalizzato gratuito per bambini"},"content":{"rendered":"<p data-start=\"45\" data-end=\"161\">Libro personalizzato gratuito per bambini: regala a tuo figlio un&#039;esperienza di lettura magica con il primo capitolo gratuito di 8 pagine di un libro di fiabe completamente personalizzato.<\/p>\n<p data-start=\"163\" data-end=\"386\">Questo capitolo presenta il tuo bambino come l&#039;eroe e imposta l&#039;avventura, cos\u00ec puoi testare l&#039;esperienza in pochi minuti prima di decidere se continuare la storia come un libro infinito (capitolo per capitolo) o come un libro completo.<\/p>\n<h3 data-start=\"388\" data-end=\"403\">Perfetto per<\/h3>\n<ul data-start=\"404\" data-end=\"567\">\n<li data-start=\"404\" data-end=\"428\">\n<p data-start=\"406\" data-end=\"428\">una lettura veloce prima di andare a dormire<\/p>\n<\/li>\n<li data-start=\"429\" data-end=\"469\">\n<p data-start=\"431\" data-end=\"469\">provare la personalizzazione prima di acquistare<\/p>\n<\/li>\n<li data-start=\"470\" data-end=\"515\">\n<p data-start=\"472\" data-end=\"515\">bambini pi\u00f9 piccoli con capacit\u00e0 di attenzione pi\u00f9 brevi<\/p>\n<\/li>\n<li data-start=\"516\" data-end=\"567\">\n<p data-start=\"518\" data-end=\"567\">famiglie che desiderano un semplice rituale di lettura quotidiana<\/p>\n<\/li>\n<\/ul>\n<h3 data-start=\"569\" data-end=\"597\">Cosa puoi personalizzare<\/h3>\n<ul data-start=\"598\" data-end=\"819\">\n<li data-start=\"598\" data-end=\"637\">\n<p data-start=\"600\" data-end=\"637\">nome e aspetto del bambino<\/p>\n<\/li>\n<li data-start=\"638\" data-end=\"673\">\n<p data-start=\"640\" data-end=\"673\">et\u00e0 (per adattarsi alla sensazione di lettura)<\/p>\n<\/li>\n<li data-start=\"674\" data-end=\"700\">\n<p data-start=\"676\" data-end=\"700\">stile di illustrazione<\/p>\n<\/li>\n<li data-start=\"701\" data-end=\"723\">\n<p data-start=\"703\" data-end=\"723\">linguaggio della storia<\/p>\n<\/li>\n<li data-start=\"724\" data-end=\"750\">\n<p data-start=\"726\" data-end=\"750\">una breve dedica<\/p>\n<\/li>\n<li data-start=\"751\" data-end=\"819\">\n<p data-start=\"753\" data-end=\"819\">eroi aggiuntivi opzionali e oggetti speciali (ove disponibili)<\/p>\n<\/li>\n<\/ul>\n<h3 data-start=\"821\" data-end=\"846\">Approccio narrativo<\/h3>\n<p data-start=\"847\" data-end=\"1009\">Le storie di MIBOOKO sono basate sulla ricerca e sono concepite per stimolare l&#039;immaginazione, la sicurezza, il vocabolario emotivo e la curiosit\u00e0, senza sembrare una lezione.<\/p>\n<h3 data-start=\"1011\" data-end=\"1031\">Cosa ricevi<\/h3>\n<ul data-start=\"1032\" data-end=\"1209\">\n<li data-start=\"1032\" data-end=\"1092\">\n<p data-start=\"1034\" data-end=\"1092\">Accesso digitale immediato al capitolo gratuito (8 pagine)<\/p>\n<\/li>\n<li data-start=\"1093\" data-end=\"1145\">\n<p data-start=\"1095\" data-end=\"1145\">un&#039;esperienza di lettura fluida da condividere insieme<\/p>\n<\/li>\n<li data-start=\"1146\" data-end=\"1209\">\n<p data-start=\"1148\" data-end=\"1209\">un percorso semplice per continuare la storia se piace a tuo figlio<\/p>\n<\/li>\n<\/ul>\n<p data-start=\"1211\" data-end=\"1310\">Inizia subito il primo capitolo, perch\u00e9 le storie migliori sono quelle in cui l&#039;eroe \u00e8 tuo figlio.<\/p>","protected":false},"excerpt":{"rendered":"<p data-start=\"1477\" data-end=\"1685\">Capitolo di 8 pagine gratuito di un libro di fiabe personalizzato con protagonista il tuo bambino. Personalizza nome, aspetto, et\u00e0, lingua e stile delle illustrazioni. Accesso digitale immediato: continua in qualsiasi momento come Endless Book o come storia completa.<\/p>","protected":false},"featured_media":6418,"comment_status":"open","ping_status":"closed","template":"","meta":{"_acf_changed":false,"site-sidebar-layout":"default","site-content-layout":"","ast-site-content-layout":"default","site-content-style":"default","site-sidebar-style":"default","ast-global-header-display":"","ast-banner-title-visibility":"","ast-main-header-display":"","ast-hfb-above-header-display":"","ast-hfb-below-header-display":"","ast-hfb-mobile-header-display":"","site-post-title":"","ast-breadcrumbs-content":"","ast-featured-img":"","footer-sml-layout":"","theme-transparent-header-meta":"default","adv-header-id-meta":"","stick-header-meta":"","header-above-stick-meta":"","header-main-stick-meta":"","header-below-stick-meta":"","astra-migrate-meta-layouts":"set","ast-page-background-enabled":"default","ast-page-background-meta":{"desktop":{"background-color":"var(--ast-global-color-5)","background-image":"","background-repeat":"repeat","background-position":"center center","background-size":"auto","background-attachment":"scroll","background-type":"","background-media":"","overlay-type":"","overlay-color":"","overlay-opacity":"","overlay-gradient":""},"tablet":{"background-color":"","background-image":"","background-repeat":"repeat","background-position":"center center","background-size":"auto","background-attachment":"scroll","background-type":"","background-media":"","overlay-type":"","overlay-color":"","overlay-opacity":"","overlay-gradient":""},"mobile":{"background-color":"","background-image":"","background-repeat":"repeat","background-position":"center center","background-size":"auto","background-attachment":"scroll","background-type":"","background-media":"","overlay-type":"","overlay-color":"","overlay-opacity":"","overlay-gradient":""}},"ast-content-background-meta":{"desktop":{"background-color":"var(--ast-global-color-4)","background-image":"","background-repeat":"repeat","background-position":"center center","background-size":"auto","background-attachment":"scroll","background-type":"","background-media":"","overlay-type":"","overlay-color":"","overlay-opacity":"","overlay-gradient":""},"tablet":{"background-color":"var(--ast-global-color-4)","background-image":"","background-repeat":"repeat","background-position":"center center","background-size":"auto","background-attachment":"scroll","background-type":"","background-media":"","overlay-type":"","overlay-color":"","overlay-opacity":"","overlay-gradient":""},"mobile":{"background-color":"var(--ast-global-color-4)","background-image":"","background-repeat":"repeat","background-position":"center center","background-size":"auto","background-attachment":"scroll","background-type":"","background-media":"","overlay-type":"","overlay-color":"","overlay-opacity":"","overlay-gradient":""}},"_glsr_average":0,"_glsr_ranking":0,"_glsr_reviews":0},"product_brand":[],"product_cat":[168,18],"product_tag":[],"class_list":{"0":"post-9667","1":"product","2":"type-product","3":"status-publish","4":"has-post-thumbnail","6":"product_cat-digital-book","7":"product_cat-uncategorized","8":"desktop-align-left","9":"tablet-align-left","10":"mobile-align-left","12":"first","13":"instock","14":"downloadable","15":"taxable","16":"shipping-taxable","17":"purchasable","18":"product-type-simple"},"acf":[],"_links":{"self":[{"href":"https:\/\/mibooko.com\/it\/wp-json\/wp\/v2\/product\/9667","targetHints":{"allow":["GET"]}}],"collection":[{"href":"https:\/\/mibooko.com\/it\/wp-json\/wp\/v2\/product"}],"about":[{"href":"https:\/\/mibooko.com\/it\/wp-json\/wp\/v2\/types\/product"}],"replies":[{"embeddable":true,"href":"https:\/\/mibooko.com\/it\/wp-json\/wp\/v2\/comments?post=9667"}],"wp:featuredmedia":[{"embeddable":true,"href":"https:\/\/mibooko.com\/it\/wp-json\/wp\/v2\/media\/6418"}],"wp:attachment":[{"href":"https:\/\/mibooko.com\/it\/wp-json\/wp\/v2\/media?parent=9667"}],"wp:term":[{"taxonomy":"product_brand","embeddable":true,"href":"https:\/\/mibooko.com\/it\/wp-json\/wp\/v2\/product_brand?post=9667"},{"taxonomy":"product_cat","embeddable":true,"href":"https:\/\/mibooko.com\/it\/wp-json\/wp\/v2\/product_cat?post=9667"},{"taxonomy":"product_tag","embeddable":true,"href":"https:\/\/mibooko.com\/it\/wp-json\/wp\/v2\/product_tag?post=9667"}],"curies":[{"name":"wp","href":"https:\/\/api.w.org\/{rel}","templated":true}]}}