{"id":3549,"date":"2025-10-23T18:33:57","date_gmt":"2025-10-23T16:33:57","guid":{"rendered":"https:\/\/mibooko.com\/product\/12-book-subscription\/"},"modified":"2026-03-18T19:56:06","modified_gmt":"2026-03-18T18:56:06","slug":"personalized-book-subscription-for-children","status":"publish","type":"product","link":"https:\/\/mibooko.com\/nl\/product\/personalized-book-subscription-for-children\/","title":{"rendered":"Gepersonaliseerd boekenabonnement voor kinderen"},"content":{"rendered":"<p data-start=\"1947\" data-end=\"2170\">Maak van lezen een krachtig hulpmiddel voor de ontwikkeling van uw kind met de <strong data-start=\"2019\" data-end=\"2053\">Gepersonaliseerd boekenabonnement<\/strong> \u2014 een reeks van <strong data-start=\"2068\" data-end=\"2099\">12 volledig gepersonaliseerde boeken<\/strong> geleverd volgens uw planning:<br data-start=\"2127\" data-end=\"2130\" \/><strong data-start=\"2130\" data-end=\"2169\">wekelijks, om de twee weken of maandelijks<\/strong>.<\/p>\n<p data-start=\"2172\" data-end=\"2212\">Elk verhaal is afgestemd op de behoeften van uw kind:<\/p>\n<ul data-start=\"2213\" data-end=\"2367\">\n<li data-start=\"2213\" data-end=\"2236\">\n<p data-start=\"2215\" data-end=\"2236\">naam en uiterlijk<\/p>\n<\/li>\n<li data-start=\"2237\" data-end=\"2262\">\n<p data-start=\"2239\" data-end=\"2262\">leeftijd en leesniveau<\/p>\n<\/li>\n<li data-start=\"2263\" data-end=\"2285\">\n<p data-start=\"2265\" data-end=\"2285\">persoonlijkheidskenmerken<\/p>\n<\/li>\n<li data-start=\"2286\" data-end=\"2305\">\n<p data-start=\"2288\" data-end=\"2305\">emotionele behoeften<\/p>\n<\/li>\n<li data-start=\"2306\" data-end=\"2328\">\n<p data-start=\"2308\" data-end=\"2328\">huidige uitdagingen<\/p>\n<\/li>\n<li data-start=\"2329\" data-end=\"2367\">\n<p data-start=\"2331\" data-end=\"2367\">interesses en ontwikkelingsvaardigheden<\/p>\n<\/li>\n<\/ul>\n<p data-start=\"2369\" data-end=\"2530\">Dit abonnement is ontworpen om <strong data-start=\"2402\" data-end=\"2424\">kinderen helpen groeien<\/strong>, niet alleen om ze te vermaken.<br data-start=\"2450\" data-end=\"2453\" \/>Met behulp van de 12 boeken oefent en versterkt uw kind belangrijke vaardigheden, zoals:<\/p>\n<ul data-start=\"2531\" data-end=\"2697\">\n<li data-start=\"2531\" data-end=\"2555\">\n<p data-start=\"2533\" data-end=\"2555\">emotionele regulatie<\/p>\n<\/li>\n<li data-start=\"2556\" data-end=\"2570\">\n<p data-start=\"2558\" data-end=\"2570\">vertrouwen<\/p>\n<\/li>\n<li data-start=\"2571\" data-end=\"2590\">\n<p data-start=\"2573\" data-end=\"2590\">probleemoplossing<\/p>\n<\/li>\n<li data-start=\"2591\" data-end=\"2615\">\n<p data-start=\"2593\" data-end=\"2615\">sociaal begrip<\/p>\n<\/li>\n<li data-start=\"2616\" data-end=\"2642\">\n<p data-start=\"2618\" data-end=\"2642\">moed en veerkracht<\/p>\n<\/li>\n<li data-start=\"2643\" data-end=\"2672\">\n<p data-start=\"2645\" data-end=\"2672\">nieuwsgierigheid en verbeeldingskracht<\/p>\n<\/li>\n<li data-start=\"2673\" data-end=\"2697\">\n<p data-start=\"2675\" data-end=\"2697\">empathie en vriendelijkheid<\/p>\n<\/li>\n<\/ul>\n<p data-start=\"2699\" data-end=\"2955\">Elk boek weerspiegelt een betekenisvolle, echte uitdaging of groeimoment - van het maken van vrienden en het uitproberen van nieuwe dingen tot het omgaan met heftige gevoelens of het opbouwen van zelfvertrouwen.<br data-start=\"2862\" data-end=\"2865\" \/>Omdat uw kind de held is, voelen deze lessen als een <strong data-start=\"2916\" data-end=\"2954\">persoonlijk, relevant en bemoedigend<\/strong>.<\/p>\n<p data-start=\"2957\" data-end=\"3056\">Alle boeken zijn voorzien van professionele, kindvriendelijke illustraties en warme, op feiten gebaseerde verhalen.<\/p>\n<p data-start=\"3058\" data-end=\"3256\">Je ontvangt <strong data-start=\"3070\" data-end=\"3096\">directe digitale toegang<\/strong> voor elk boek op het moment dat het uitkomt.<br data-start=\"3136\" data-end=\"3139\" \/>Uw abonnement kan aankomen <strong data-start=\"3168\" data-end=\"3178\">wekelijks<\/strong>, <strong data-start=\"3180\" data-end=\"3193\">tweewekelijks<\/strong>, of <strong data-start=\"3198\" data-end=\"3209\">maandelijks<\/strong>, afhankelijk van wat het beste werkt voor uw gezin.<\/p>\n<p data-start=\"3258\" data-end=\"3488\">Geef uw kind een heel jaar lang persoonlijke verhalen die zijn of haar reis ondersteunen \u2014 \u00e9\u00e9n boek, \u00e9\u00e9n vaardigheid, \u00e9\u00e9n avontuur tegelijk.<br data-start=\"3384\" data-end=\"3387\" \/>Cre\u00eber een leesritueel dat hen inspireert om te groeien, want in deze verhalen, <strong data-start=\"3466\" data-end=\"3474\">zij<\/strong> zijn de held.<\/p>","protected":false},"excerpt":{"rendered":"<p>Geef je kind een jaar vol groei en plezier met een gepersonaliseerd abonnement op 12 boeken. In elk boek speelt je kind de hoofdrol in verhalen die zijn ontworpen om vaardigheden te verbeteren, zelfvertrouwen op te bouwen, emotionele veerkracht te ondersteunen en dagelijkse uitdagingen te overwinnen. Kies voor wekelijkse, tweewekelijkse of maandelijkse levering. Directe digitale toegang inbegrepen.<\/p>","protected":false},"featured_media":0,"comment_status":"open","ping_status":"closed","template":"","meta":{"_acf_changed":false,"site-sidebar-layout":"default","site-content-layout":"","ast-site-content-layout":"default","site-content-style":"default","site-sidebar-style":"default","ast-global-header-display":"","ast-banner-title-visibility":"","ast-main-header-display":"","ast-hfb-above-header-display":"","ast-hfb-below-header-display":"","ast-hfb-mobile-header-display":"","site-post-title":"","ast-breadcrumbs-content":"","ast-featured-img":"","footer-sml-layout":"","theme-transparent-header-meta":"default","adv-header-id-meta":"","stick-header-meta":"","header-above-stick-meta":"","header-main-stick-meta":"","header-below-stick-meta":"","astra-migrate-meta-layouts":"set","ast-page-background-enabled":"default","ast-page-background-meta":{"desktop":{"background-color":"var(--ast-global-color-5)","background-image":"","background-repeat":"repeat","background-position":"center center","background-size":"auto","background-attachment":"scroll","background-type":"","background-media":"","overlay-type":"","overlay-color":"","overlay-opacity":"","overlay-gradient":""},"tablet":{"background-color":"","background-image":"","background-repeat":"repeat","background-position":"center center","background-size":"auto","background-attachment":"scroll","background-type":"","background-media":"","overlay-type":"","overlay-color":"","overlay-opacity":"","overlay-gradient":""},"mobile":{"background-color":"","background-image":"","background-repeat":"repeat","background-position":"center center","background-size":"auto","background-attachment":"scroll","background-type":"","background-media":"","overlay-type":"","overlay-color":"","overlay-opacity":"","overlay-gradient":""}},"ast-content-background-meta":{"desktop":{"background-color":"var(--ast-global-color-4)","background-image":"","background-repeat":"repeat","background-position":"center center","background-size":"auto","background-attachment":"scroll","background-type":"","background-media":"","overlay-type":"","overlay-color":"","overlay-opacity":"","overlay-gradient":""},"tablet":{"background-color":"var(--ast-global-color-4)","background-image":"","background-repeat":"repeat","background-position":"center center","background-size":"auto","background-attachment":"scroll","background-type":"","background-media":"","overlay-type":"","overlay-color":"","overlay-opacity":"","overlay-gradient":""},"mobile":{"background-color":"var(--ast-global-color-4)","background-image":"","background-repeat":"repeat","background-position":"center center","background-size":"auto","background-attachment":"scroll","background-type":"","background-media":"","overlay-type":"","overlay-color":"","overlay-opacity":"","overlay-gradient":""}},"_glsr_average":0,"_glsr_ranking":0,"_glsr_reviews":0},"product_brand":[],"product_cat":[168,18],"product_tag":[],"class_list":{"0":"post-3549","1":"product","2":"type-product","3":"status-publish","5":"product_cat-digital-book","6":"product_cat-uncategorized","7":"desktop-align-left","8":"tablet-align-left","9":"mobile-align-left","11":"first","12":"instock","13":"taxable","14":"shipping-taxable","15":"purchasable","16":"product-type-variable","17":"has-default-attributes"},"acf":[],"_links":{"self":[{"href":"https:\/\/mibooko.com\/nl\/wp-json\/wp\/v2\/product\/3549","targetHints":{"allow":["GET"]}}],"collection":[{"href":"https:\/\/mibooko.com\/nl\/wp-json\/wp\/v2\/product"}],"about":[{"href":"https:\/\/mibooko.com\/nl\/wp-json\/wp\/v2\/types\/product"}],"replies":[{"embeddable":true,"href":"https:\/\/mibooko.com\/nl\/wp-json\/wp\/v2\/comments?post=3549"}],"wp:attachment":[{"href":"https:\/\/mibooko.com\/nl\/wp-json\/wp\/v2\/media?parent=3549"}],"wp:term":[{"taxonomy":"product_brand","embeddable":true,"href":"https:\/\/mibooko.com\/nl\/wp-json\/wp\/v2\/product_brand?post=3549"},{"taxonomy":"product_cat","embeddable":true,"href":"https:\/\/mibooko.com\/nl\/wp-json\/wp\/v2\/product_cat?post=3549"},{"taxonomy":"product_tag","embeddable":true,"href":"https:\/\/mibooko.com\/nl\/wp-json\/wp\/v2\/product_tag?post=3549"}],"curies":[{"name":"wp","href":"https:\/\/api.w.org\/{rel}","templated":true}]}}