{"id":2413,"date":"2025-10-15T13:52:47","date_gmt":"2025-10-15T11:52:47","guid":{"rendered":"https:\/\/mibooko.com\/privacy-statement-uk\/"},"modified":"2025-11-22T13:15:07","modified_gmt":"2025-11-22T12:15:07","slug":"privacy-statement-uk","status":"publish","type":"page","link":"https:\/\/mibooko.com\/pl\/privacy-statement-uk\/","title":{"rendered":"Polityka prywatno\u015bci (Wielka Brytania)"},"content":{"rendered":"<!-- Legal document generated by Complianz | GDPR\/CCPA Cookie Consent https:\/\/wordpress.org\/plugins\/complianz-gdpr -->\n<div id=\"cmplz-document\" class=\"cmplz-document privacy-statement cmplz-document-uk\"><p><i>This privacy statement was last updated on 2026-03-18 and applies to citizens and legal permanent residents of the United Kingdom.<\/i><br><br><\/p><p>W niniejszej polityce prywatno\u015bci wyja\u015bniamy, co robimy z danymi, kt\u00f3re o Tobie uzyskali\u015bmy za po\u015brednictwem <a href=\"https:\/\/mibooko.com\/pl\/\">https:\/\/mibooko.com\/pl\/<\/a>. Zalecamy uwa\u017cne zapoznanie si\u0119 z niniejszym o\u015bwiadczeniem. W naszym procesie przetwarzania danych przestrzegamy wymog\u00f3w przepis\u00f3w o ochronie prywatno\u015bci. Oznacza to mi\u0119dzy innymi, \u017ce:<\/p><ul>\n                <li>Jasno okre\u015blamy cele, dla kt\u00f3rych przetwarzamy dane osobowe. Robimy to za po\u015brednictwem niniejszej polityki prywatno\u015bci;<\/li>\n                <li>naszym celem jest ograniczenie gromadzenia danych osobowych wy\u0142\u0105cznie do danych osobowych niezb\u0119dnych do realizacji uzasadnionych cel\u00f3w;<\/li>\n                <li>w przypadkach wymagaj\u0105cych Twojej zgody na przetwarzanie Twoich danych osobowych prosimy najpierw o wyra\u017an\u0105 zgod\u0119;<\/li>\n                <li>podejmujemy odpowiednie \u015brodki bezpiecze\u0144stwa w celu ochrony Twoich danych osobowych i wymagamy tego r\u00f3wnie\u017c od podmiot\u00f3w przetwarzaj\u0105cych dane osobowe w naszym imieniu;<\/li>\n                <li>Szanujemy Twoje prawo do wgl\u0105du do Twoich danych osobowych oraz ich poprawiania lub usuwania na Twoje \u017c\u0105danie.<\/li>\n            <\/ul><p>Je\u015bli masz jakiekolwiek pytania lub chcesz wiedzie\u0107, jakie dok\u0142adnie dane na Tw\u00f3j temat przechowujemy, skontaktuj si\u0119 z nami.<\/p><h2>1. Cel, dane i okres przechowywania<\/h2>gromadzenie lub udost\u0119pnianie danych osobowych w wielu po\u0142\u0105czeniach z nasz\u0105 dzia\u0142alno\u015bci\u0105 biznesow\u0105, kt\u00f3re mog\u0105 zosta\u0107 udost\u0119pnione: (kliknij, aby udost\u0119pni\u0107)<details class=\"cmplz-dropdown dropdown-privacy-statement\"><summary><div><h3>1.1 Sprzedawa\u0107 lub udost\u0119pnia\u0107 dane podmiotom rodzinnym.<\/h3><\/div><\/summary><p class=\"cmplz-subtitle\">W tym celu wykorzystujemy nast\u0119puj\u0105ce dane:<\/p><p><ul><li>Imi\u0119 i nazwisko<\/li><li>Adres e-mail<\/li><li>Dane geolokalizacyjne<\/li><\/ul><\/p><p class=\"cmplz-subtitle\">Podstaw\u0105, kt\u00f3rej mo\u017cna u\u017cywa\u0107 te dane, jest:<\/p><p class=\"cmplz-subtitle\">Okres trzymania<\/p><p>Przechowujemy te dane po udost\u0119pnieniu us\u0142ug przez nast\u0119puj\u0105ce miesi\u0105ce: 36<\/p><\/details><details class=\"cmplz-dropdown dropdown-privacy-statement\"><summary><div><h3>1.2 Dostawy<\/h3><\/div><\/summary><p class=\"cmplz-subtitle\">W tym celu wykorzystujemy nast\u0119puj\u0105ce dane:<\/p><p><ul><li>Imi\u0119 i nazwisko<\/li><li>Domowy lub inny adres fizyczny, istnieje istnienie ulicy oraz istnienie miasta<\/li><li>Adres e-mail<\/li><li>Numer telefonu<\/li><\/ul><\/p><p class=\"cmplz-subtitle\">Podstaw\u0105, kt\u00f3rej mo\u017cna u\u017cywa\u0107 te dane, jest:<\/p><p class=\"cmplz-subtitle\">Okres trzymania<\/p><p>Przechowujemy te dane po udost\u0119pnieniu us\u0142ug przez nast\u0119puj\u0105ce miesi\u0105ce: 36<\/p><\/details><details class=\"cmplz-dropdown dropdown-privacy-statement\"><summary><div><h3>1.3 Tworzenie i analiza statystyki w celu ulepszania witryny.<\/h3><\/div><\/summary><p class=\"cmplz-subtitle\">W tym celu wykorzystujemy nast\u0119puj\u0105ce dane:<\/p><p><ul><li>Dane geolokalizacyjne<\/li><li>adres IP<\/li><li>Informacje o aktywno\u015bci w Internecie, ale nie dost\u0119pne do, przegl\u0105dania, historii wyszukiwania oraz informacje dotycz\u0105ce u\u017cytkownika z witryny internetowej, aplikacji lub reklam\u0105<\/li><\/ul><\/p><p class=\"cmplz-subtitle\">Podstaw\u0105, kt\u00f3rej mo\u017cna u\u017cywa\u0107 te dane, jest:<\/p><p class=\"cmplz-subtitle\">Okres trzymania<\/p><p>Przechowujemy te dane po udost\u0119pnieniu us\u0142ug przez nast\u0119puj\u0105ce miesi\u0105ce: 36<\/p><\/details><details class=\"cmplz-dropdown dropdown-privacy-statement\"><summary><div><h3>1.4 Aby zapobiec serwisom lub produktom, kt\u00f3re klient chce kupi\u0107 lub kupi\u0107<\/h3><\/div><\/summary><p class=\"cmplz-subtitle\">W tym celu wykorzystujemy nast\u0119puj\u0105ce dane:<\/p><p><ul><li>Imi\u0119 i nazwisko<\/li><li>Nazwa konta lub pseudonim<\/li><li>Adres e-mail<\/li><li>adres IP<\/li><li>Informacje o aktywno\u015bci w Internecie, ale nie dost\u0119pne do, przegl\u0105dania, historii wyszukiwania oraz informacje dotycz\u0105ce u\u017cytkownika z witryny internetowej, aplikacji lub reklam\u0105<\/li><li>Dane geolokalizacyjne<\/li><\/ul><\/p><p class=\"cmplz-subtitle\">Podstaw\u0105, kt\u00f3rej mo\u017cna u\u017cywa\u0107 te dane, jest:<\/p><p class=\"cmplz-subtitle\">Okres trzymania<\/p><p>Przechowujemy te dane po udost\u0119pnieniu us\u0142ug przez nast\u0119puj\u0105ce miesi\u0105ce: 36<\/p><\/details><details class=\"cmplz-dropdown dropdown-privacy-statement\"><summary><div><h3>1,5 P\u0142atno\u015bci<\/h3><\/div><\/summary><p class=\"cmplz-subtitle\">W tym celu wykorzystujemy nast\u0119puj\u0105ce dane:<\/p><p><ul><li>Imi\u0119 i nazwisko<\/li><li>Adres e-mail<\/li><li>adres IP<\/li><li>Nazwa konta lub pseudonim<\/li><\/ul><\/p><p class=\"cmplz-subtitle\">Podstaw\u0105, kt\u00f3rej mo\u017cna u\u017cywa\u0107 te dane, jest:<\/p><p class=\"cmplz-subtitle\">Okres trzymania<\/p><p>Przechowujemy te dane do dystrybucji us\u0142ug.<\/p><\/details><details class=\"cmplz-dropdown dropdown-privacy-statement\"><summary><div><h3>1.6 Kontakt - przez telefon, poczt\u0119, e-mail i\/lub formularze<\/h3><\/div><\/summary><p class=\"cmplz-subtitle\">W tym celu wykorzystujemy nast\u0119puj\u0105ce dane:<\/p><p><ul><li>Adres e-mail<\/li><li>Imi\u0119 i nazwisko<\/li><li>adres IP<\/li><li>Dane geolokalizacyjne<\/li><li>Informacje o aktywno\u015bci w Internecie, ale nie dost\u0119pne do, przegl\u0105dania, historii wyszukiwania oraz informacje dotycz\u0105ce u\u017cytkownika z witryny internetowej, aplikacji lub reklam\u0105<\/li><\/ul><\/p><p class=\"cmplz-subtitle\">Podstaw\u0105, kt\u00f3rej mo\u017cna u\u017cywa\u0107 te dane, jest:<\/p><p class=\"cmplz-subtitle\">Okres trzymania<\/p><p>Przechowujemy te dane po udost\u0119pnieniu us\u0142ug przez nast\u0119puj\u0105ce miesi\u0105ce: 36<\/p><\/details><details class=\"cmplz-dropdown dropdown-privacy-statement\"><summary><div><h3>1.7 Rejestracja konta<\/h3><\/div><\/summary><p class=\"cmplz-subtitle\">W tym celu wykorzystujemy nast\u0119puj\u0105ce dane:<\/p><p><ul><li>Imi\u0119 i nazwisko<\/li><li>Domowy lub inny adres fizyczny, istnieje istnienie ulicy oraz istnienie miasta<\/li><li>Adres e-mail<\/li><li>Numer telefonu<\/li><li>adres IP<\/li><li>Dane geolokalizacyjne<\/li><li>Nazwa konta lub pseudonim<\/li><\/ul><\/p><p class=\"cmplz-subtitle\">Podstaw\u0105, kt\u00f3rej mo\u017cna u\u017cywa\u0107 te dane, jest:<\/p><p class=\"cmplz-subtitle\">Okres trzymania<\/p><p>Przechowujemy te dane po udost\u0119pnieniu us\u0142ug przez nast\u0119puj\u0105ce miesi\u0105ce: 36<\/p><\/details><h2>2. Udost\u0119pnianie innym stronom<\/h2><p>Udost\u0119pniamy lub ujawniamy te dane podmiotom przetwarzaj\u0105cym wy\u0142\u0105cznie w nast\u0119puj\u0105cych celach:<\/p><p class=\"cmplz-subtitle\">Procesory<\/p><p><b>Nazwa:<\/b>&nbsp;Stripe Payments Europe Ltd<br>\n                <b>Kraj:<\/b>&nbsp;Irlandia<br>\n                <b>Zamiar:<\/b>&nbsp;Przetwarzanie p\u0142atno\u015bci za zam\u00f3wienia online<br><\/p><h2>3. Pliki cookie<\/h2><p>Nasza strona internetowa wykorzystuje pliki cookie. Wi\u0119cej informacji na temat plik\u00f3w cookie znajdziesz na naszej stronie. <a href=\"https:\/\/mibooko.com\/pl\/cookie-policy-uk\/\">Polityka plik\u00f3w cookie<\/a>.&nbsp;<\/p><h2>4. Praktyki ujawniania informacji<\/h2><p><p>Ujawniamy dane osobowe, je\u015bli wymaga tego od nas prawo lub nakaz s\u0105dowy, w odpowiedzi na \u017c\u0105danie organ\u00f3w \u015bcigania, w zakresie dozwolonym na podstawie innych przepis\u00f3w prawa, w celu udzielenia informacji lub w celu przeprowadzenia dochodzenia w sprawie zwi\u0105zanej z bezpiecze\u0144stwem publicznym.<\/p><p>Je\u015bli nasza strona internetowa lub organizacja zostanie przej\u0119ta, sprzedana lub b\u0119dzie przedmiotem fuzji lub przej\u0119cia, Twoje dane mog\u0105 zosta\u0107 ujawnione naszym doradcom i potencjalnym nabywcom, a tak\u017ce przekazane nowym w\u0142a\u015bcicielom.<\/p><\/p><p>Zawarli\u015bmy umow\u0119 o przetwarzaniu danych z Google.<\/p><p>Google nie mo\u017ce u\u017cywa\u0107 tych danych w \u017cadnych innych us\u0142ugach Google.<\/p><p>Blokujemy podawanie pe\u0142nych adres\u00f3w IP.<\/p><h2>5. Bezpiecze\u0144stwo<\/h2><p>Dbamy o bezpiecze\u0144stwo danych osobowych. Podejmujemy odpowiednie \u015brodki bezpiecze\u0144stwa, aby ograniczy\u0107 nadu\u017cycia i nieautoryzowany dost\u0119p do danych osobowych. Gwarantuje to, \u017ce dost\u0119p do Twoich danych maj\u0105 wy\u0142\u0105cznie niezb\u0119dne osoby, dost\u0119p do danych jest chroniony, a nasze \u015brodki bezpiecze\u0144stwa s\u0105 regularnie weryfikowane.<\/p><h2>6. Strony internetowe os\u00f3b trzecich<\/h2><p>Niniejsza polityka prywatno\u015bci nie ma zastosowania do stron internetowych os\u00f3b trzecich, do kt\u00f3rych linki znajduj\u0105 si\u0119 na naszej stronie internetowej. Nie mo\u017cemy zagwarantowa\u0107, \u017ce te osoby trzecie przetwarzaj\u0105 Twoje dane osobowe w spos\u00f3b niezawodny i bezpieczny. Zalecamy zapoznanie si\u0119 z polityk\u0105 prywatno\u015bci tych stron internetowych przed rozpocz\u0119ciem korzystania z nich.<\/p><h2>7. Zmiany w niniejszej polityce prywatno\u015bci<\/h2><p>Zastrzegamy sobie prawo do wprowadzania zmian w niniejszej polityce prywatno\u015bci. Zalecamy regularne zapoznawanie si\u0119 z niniejsz\u0105 polityk\u0105 prywatno\u015bci, aby by\u0107 na bie\u017c\u0105co ze zmianami. Ponadto b\u0119dziemy Ci\u0119 o tym aktywnie informowa\u0107, gdy tylko b\u0119dzie to mo\u017cliwe.<\/p><h2>8. Dost\u0119p do danych i ich modyfikacja<\/h2><p>Je\u015bli masz jakiekolwiek pytania lub chcesz dowiedzie\u0107 si\u0119, jakie dane osobowe na Tw\u00f3j temat posiadamy, skontaktuj si\u0119 z nami. Mo\u017cesz si\u0119 z nami skontaktowa\u0107, korzystaj\u0105c z poni\u017cszych informacji. Przys\u0142uguj\u0105 Ci nast\u0119puj\u0105ce prawa:<\/p><ul>\n                <li>Masz prawo wiedzie\u0107, dlaczego Twoje dane osobowe s\u0105 potrzebne, co si\u0119 z nimi stanie i jak d\u0142ugo b\u0119d\u0105 przechowywane.<\/li>\n                <li>Prawo dost\u0119pu: Masz prawo dost\u0119pu do swoich danych osobowych, kt\u00f3re s\u0105 nam znane.<\/li>\n                <li>Prawo do sprostowania: masz prawo do uzupe\u0142niania, poprawiania, usuwania lub blokowania swoich danych osobowych w ka\u017cdej chwili.<\/li>\n                <li>Je\u017celi wyrazi\u0142e\u015b zgod\u0119 na przetwarzanie Twoich danych, masz prawo j\u0105 odwo\u0142a\u0107 i za\u017c\u0105da\u0107 usuni\u0119cia swoich danych osobowych.<\/li>\n                <li>Prawo do przenoszenia danych: masz prawo za\u017c\u0105da\u0107 od administratora wszystkich swoich danych osobowych, a tak\u017ce przenie\u015b\u0107 je w ca\u0142o\u015bci do innego administratora.<\/li>\n                <li>Prawo do sprzeciwu: mo\u017cesz sprzeciwi\u0107 si\u0119 przetwarzaniu Twoich danych. Stosujemy si\u0119 do tego, chyba \u017ce istniej\u0105 uzasadnione podstawy przetwarzania.<\/li>\n            <\/ul><p>Pami\u0119taj, aby zawsze wyra\u017anie podawa\u0107 swoj\u0105 to\u017csamo\u015b\u0107, dzi\u0119ki temu b\u0119dziemy mie\u0107 pewno\u015b\u0107, \u017ce nie zmodyfikujemy ani nie usuniemy danych dotycz\u0105cych niew\u0142a\u015bciwej osoby.<\/p><h2>9. Sk\u0142adanie reklamacji<\/h2><p>Je\u017celi nie jeste\u015b zadowolony ze sposobu, w jaki rozpatrujemy (skarg\u0119 dotycz\u0105c\u0105) przetwarzania Twoich danych osobowych, masz prawo z\u0142o\u017cy\u0107 skarg\u0119 do Biura Komisarza ds. Informacji:<\/p><p><br>Dom Wycliffe&#039;a<br>\n                        Water Lane<br>\n                        Wilmslow<br>\n                        Cheshire<br>\n                        SK9 5AF<\/p><h2>10. Dzieci<\/h2><p>Nasza strona internetowa nie jest przeznaczona dla dzieci i nie zamierzamy gromadzi\u0107 danych osobowych dzieci poni\u017cej wieku zgody w ich kraju zamieszkania. Dlatego prosimy, aby dzieci poni\u017cej wieku zgody nie przesy\u0142a\u0142y nam \u017cadnych danych osobowych.<\/p><h2>11. Dane kontaktowe<\/h2><p>Mibooko Sp. z oo.<br>\n        Zolnierzy I AWP 8, 81-380 Gdynia<br>\n        Polska<br>\n        Strona internetowa: <a href=\"https:\/\/mibooko.com\/pl\/\">https:\/\/mibooko.com\/pl\/<\/a> <br>\n        E-mail: <span class=\"cmplz-obfuscate\">prywatno\u015b\u0107@<span class=\"cmplz-fmail-domain\">ex.com<\/span>mibooko.com<\/span> <br>\n        Numer telefonu: +48660977702<\/p><h2>12. \u017b\u0105dania danych<\/h2><p>W przypadku najcz\u0119\u015bciej zadawanych pyta\u0144 oferujemy Pa\u0144stwu r\u00f3wnie\u017c mo\u017cliwo\u015b\u0107 skorzystania z naszego formularza \u017c\u0105dania danych<br>\t\t\t<div class=\"cmplz-datarequest cmplz-alert\">\n\t\t\t\t<span class=\"cmplz-close\">\u00d7<\/span>\n\t\t\t\t<span id=\"cmplz-message\"><\/span>\n\t\t\t<\/div>\n\t\t\t<form id=\"cmplz-datarequest-form\" action=\"\">\n\t\t\t\t<input type=\"hidden\" required value=\"uk\" name=\"cmplz_datarequest_region\" id=\"cmplz_datarequest_region\">\n\n\t\t\t\t<label for=\"cmplz_datarequest_firstname\" class=\"cmplz-first-name\">Nazwa\t\t\t\t\t<input type=\"search\" class=\"datarequest-firstname\" value=\"\" placeholder=\"Twoje imi\u0119\" id=\"cmplz_datarequest_firstname\" name=\"cmplz_datarequest_firstname\">\n\t\t\t\t<\/label>\n\t\t\t\t<div>\n\t\t\t\t\t<label for=\"cmplz_datarequest_name\">Nazwa<\/label>\n\t\t\t\t\t<input type=\"text\" required value=\"\" placeholder=\"Twoje imi\u0119\" id=\"cmplz_datarequest_name\" name=\"cmplz_datarequest_name\">\n\t\t\t\t<\/div>\n\t\t\t\t<div>\n\t\t\t\t\t<label for=\"cmplz_datarequest_email\">Adres e-mail<\/label>\n\t\t\t\t\t<input type=\"email\" required value=\"\" placeholder=\"email@email.com\" id=\"cmplz_datarequest_email\" name=\"cmplz_datarequest_email\">\n\t\t\t\t<\/div>\n\t\t\t\t\t\t\t\t\t\t<div class=\"cmplz_datarequest cmplz_datarequest_request_for_access\">\n\t\t\t\t\t\t\t<label for=\"cmplz_datarequest_request_for_access\">\n\t\t\t\t\t\t\t\t<input type=\"checkbox\" value=\"1\" name=\"cmplz_datarequest_request_for_access\" id=\"cmplz_datarequest_request_for_access\" \/>\n\t\t\t\t\t\t\t\tZ\u0142\u00f3\u017c wniosek o dost\u0119p do danych, kt\u00f3re przetwarzamy o tobie.\t\t\t\t\t\t\t<\/label>\n\t\t\t\t\t\t<\/div>\n\t\t\t\t\t\t\t\t\t\t<div class=\"cmplz_datarequest cmplz_datarequest_right_to_be_forgotten\">\n\t\t\t\t\t\t\t<label for=\"cmplz_datarequest_right_to_be_forgotten\">\n\t\t\t\t\t\t\t\t<input type=\"checkbox\" value=\"1\" name=\"cmplz_datarequest_right_to_be_forgotten\" id=\"cmplz_datarequest_right_to_be_forgotten\" \/>\n\t\t\t\t\t\t\t\tZ\u0142\u00f3\u017c wniosek o usuni\u0119cie danych, kt\u00f3re nie s\u0105 ju\u017c istotne.\t\t\t\t\t\t\t<\/label>\n\t\t\t\t\t\t<\/div>\n\t\t\t\t\t\t\t\t\t\t<div class=\"cmplz_datarequest cmplz_datarequest_right_to_data_portability\">\n\t\t\t\t\t\t\t<label for=\"cmplz_datarequest_right_to_data_portability\">\n\t\t\t\t\t\t\t\t<input type=\"checkbox\" value=\"1\" name=\"cmplz_datarequest_right_to_data_portability\" id=\"cmplz_datarequest_right_to_data_portability\" \/>\n\t\t\t\t\t\t\t\tZ\u0142\u00f3\u017c wniosek, aby otrzyma\u0107 plik z eksportem danych, kt\u00f3re przetwarzamy o tobie.\t\t\t\t\t\t\t<\/label>\n\t\t\t\t\t\t<\/div>\n\t\t\t\t\t\t\t\t<input type=\"button\" id=\"cmplz-datarequest-submit\" value=\"Wy\u015blij\">\n\t\t\t<input type=\"hidden\" name=\"trp-form-language\" value=\"pl\"\/><\/form>\n\n\t\t\t<style>\n\t\t\t\t\/* first-name is honeypot *\/\n\t\t\t\t.cmplz-first-name {\n\t\t\t\t\tposition: absolute !important;\n\t\t\t\t\tleft: -5000px !important;\n\t\t\t\t}\n\t\t\t<\/style>\n\t\t\t<\/p><\/div>","protected":false},"excerpt":{"rendered":"","protected":false},"author":3,"featured_media":0,"parent":0,"menu_order":0,"comment_status":"closed","ping_status":"closed","template":"","meta":{"_acf_changed":false,"site-sidebar-layout":"default","site-content-layout":"","ast-site-content-layout":"default","site-content-style":"default","site-sidebar-style":"default","ast-global-header-display":"","ast-banner-title-visibility":"","ast-main-header-display":"","ast-hfb-above-header-display":"","ast-hfb-below-header-display":"","ast-hfb-mobile-header-display":"","site-post-title":"","ast-breadcrumbs-content":"","ast-featured-img":"","footer-sml-layout":"","theme-transparent-header-meta":"","adv-header-id-meta":"","stick-header-meta":"","header-above-stick-meta":"","header-main-stick-meta":"","header-below-stick-meta":"","astra-migrate-meta-layouts":"default","ast-page-background-enabled":"default","ast-page-background-meta":{"desktop":{"background-color":"var(--ast-global-color-5)","background-image":"","background-repeat":"repeat","background-position":"center center","background-size":"auto","background-attachment":"scroll","background-type":"","background-media":"","overlay-type":"","overlay-color":"","overlay-opacity":"","overlay-gradient":""},"tablet":{"background-color":"","background-image":"","background-repeat":"repeat","background-position":"center center","background-size":"auto","background-attachment":"scroll","background-type":"","background-media":"","overlay-type":"","overlay-color":"","overlay-opacity":"","overlay-gradient":""},"mobile":{"background-color":"","background-image":"","background-repeat":"repeat","background-position":"center center","background-size":"auto","background-attachment":"scroll","background-type":"","background-media":"","overlay-type":"","overlay-color":"","overlay-opacity":"","overlay-gradient":""}},"ast-content-background-meta":{"desktop":{"background-color":"var(--ast-global-color-4)","background-image":"","background-repeat":"repeat","background-position":"center center","background-size":"auto","background-attachment":"scroll","background-type":"","background-media":"","overlay-type":"","overlay-color":"","overlay-opacity":"","overlay-gradient":""},"tablet":{"background-color":"var(--ast-global-color-4)","background-image":"","background-repeat":"repeat","background-position":"center center","background-size":"auto","background-attachment":"scroll","background-type":"","background-media":"","overlay-type":"","overlay-color":"","overlay-opacity":"","overlay-gradient":""},"mobile":{"background-color":"var(--ast-global-color-4)","background-image":"","background-repeat":"repeat","background-position":"center center","background-size":"auto","background-attachment":"scroll","background-type":"","background-media":"","overlay-type":"","overlay-color":"","overlay-opacity":"","overlay-gradient":""}},"_glsr_average":0,"_glsr_ranking":0,"_glsr_reviews":0,"footnotes":""},"folder":[],"class_list":["post-2413","page","type-page","status-publish","hentry"],"acf":[],"_links":{"self":[{"href":"https:\/\/mibooko.com\/pl\/wp-json\/wp\/v2\/pages\/2413","targetHints":{"allow":["GET"]}}],"collection":[{"href":"https:\/\/mibooko.com\/pl\/wp-json\/wp\/v2\/pages"}],"about":[{"href":"https:\/\/mibooko.com\/pl\/wp-json\/wp\/v2\/types\/page"}],"author":[{"embeddable":true,"href":"https:\/\/mibooko.com\/pl\/wp-json\/wp\/v2\/users\/3"}],"replies":[{"embeddable":true,"href":"https:\/\/mibooko.com\/pl\/wp-json\/wp\/v2\/comments?post=2413"}],"version-history":[{"count":0,"href":"https:\/\/mibooko.com\/pl\/wp-json\/wp\/v2\/pages\/2413\/revisions"}],"wp:attachment":[{"href":"https:\/\/mibooko.com\/pl\/wp-json\/wp\/v2\/media?parent=2413"}],"wp:term":[{"taxonomy":"folder","embeddable":true,"href":"https:\/\/mibooko.com\/pl\/wp-json\/wp\/v2\/folder?post=2413"}],"curies":[{"name":"wp","href":"https:\/\/api.w.org\/{rel}","templated":true}]}}