{"id":2417,"date":"2025-10-15T13:52:50","date_gmt":"2025-10-15T11:52:50","guid":{"rendered":"https:\/\/mibooko.com\/privacy-statement-ca\/"},"modified":"2025-11-22T13:14:07","modified_gmt":"2025-11-22T12:14:07","slug":"privacy-statement-ca","status":"publish","type":"page","link":"https:\/\/mibooko.com\/pl\/privacy-statement-ca\/","title":{"rendered":"O\u015bwiadczenie o ochronie prywatno\u015bci (Kalifornia)"},"content":{"rendered":"<!-- Legal document generated by Complianz | GDPR\/CCPA Cookie Consent https:\/\/wordpress.org\/plugins\/complianz-gdpr -->\n<div id=\"cmplz-document\" class=\"cmplz-document privacy-statement cmplz-document-ca\"><p><i>Niniejsze powiadomienie o ochronie prywatno\u015bci najp\u00f3\u017aniej 2026-03-18, ostatnie powiadomienie 2026-03-18 i dotyczy Kanady.<\/i><br \/><br \/><\/p><p>W tym o\u015bwiadczeniu o ochronie prywatno\u015bci ujawnili\u015bmy, co robimy z danymi \u017ar\u00f3d\u0142owymi, kt\u00f3re udost\u0119pniamy za po\u015brednictwem Internetu <a href=\"https:\/\/mibooko.com\/pl\/\">https:\/\/mibooko.com\/pl\/<\/a>. Zalecamy uwa\u017cne zapoznanie si\u0119 z tym sprz\u0119tem. Przetwarzaj\u0105c dane, przestrzegamy przepis\u00f3w dotycz\u0105cych prywatno\u015bci. do mi\u0119dzy innymi, \u017ce:<ul>\n                <li>jasno okre\u015blamy cele, dla kt\u00f3rych przetwarzamy dane osobowe. Robimy to za pomoc\u0105 urz\u0105dzenia o ochronie prywatno\u015bci;<\/li>\n                <li>nast\u0119pujemy do ograniczenia przez nas danych osobowych tylko do tych danych, kt\u00f3re s\u0105 niezb\u0119dne do uzasadnionych cel\u00f3w;<\/li>\n                <li>w pierwszej kolejno\u015bci za\u017c\u0105da\u0107 o wyra\u017an\u0105 zgod\u0119 na wydanie danych osobowych w wyniku wyra\u017cenia zgody;<\/li>\n                <li>Informacje o dost\u0119pie publicznym, aby chroni\u0107 twoje dane osobowe, a tak\u017ce wymagania tego od stron, kt\u00f3re s\u0105 przetwarzane przez dane osobowe w naszym administratorze;<\/li>\n                <li>szanujemy twoje prawo dost\u0119pu do twoich danych osobowych, ich poprawianie lub usuwanie na twoje u\u017cycie.<\/li>\n            <\/ul><\/p>Je\u015bli masz jakie\u015b pytania lub chcesz dok\u0142adnie wiedzie\u0107, jakie dane na tw\u00f3j temat przechowujemy, nale\u017cy si\u0119 z nami.<h2>1. Cele i kategorie danych<\/h2><p>gromadzenie lub udost\u0119pnianie danych osobowych w wielu po\u0142\u0105czeniach z nasz\u0105 dzia\u0142alno\u015bci\u0105 biznesow\u0105, kt\u00f3re mog\u0105 zosta\u0107 udost\u0119pnione: (kliknij, aby udost\u0119pni\u0107)<\/b><\/p><details class=\"cmplz-dropdown dropdown-privacy-statement\"><summary><div><h3>1.1 Sprzedawa\u0107 lub udost\u0119pnia\u0107 dane podmiotom rodzinnym.<\/h3><\/div><\/summary><p class=\"cmplz-subtitle\">Kategorie danych s\u0105 zbierane<\/p><p><ul><li>Imi\u0119 i nazwisko<\/li><li>Adres e-mail<\/li><li>Dane geolokalizacyjne<\/li><\/ul><\/p><p class=\"cmplz-subtitle\">Okres trzymania<\/p><p>Przechowujemy te dane po udost\u0119pnieniu us\u0142ug przez nast\u0119puj\u0105ce miesi\u0105ce: 36<\/p><\/details><details class=\"cmplz-dropdown dropdown-privacy-statement\"><summary><div><h3>1.2 Dostawy<\/h3><\/div><\/summary><p class=\"cmplz-subtitle\">Kategorie danych s\u0105 zbierane<\/p><p><ul><li>Imi\u0119 i nazwisko<\/li><li>Domowy lub inny adres fizyczny, istnieje istnienie ulicy oraz istnienie miasta<\/li><li>Adres e-mail<\/li><li>Numer telefonu<\/li><\/ul><\/p><p class=\"cmplz-subtitle\">Okres trzymania<\/p><p>Przechowujemy te dane po udost\u0119pnieniu us\u0142ug przez nast\u0119puj\u0105ce miesi\u0105ce: 36<\/p><\/details><details class=\"cmplz-dropdown dropdown-privacy-statement\"><summary><div><h3>1.3 Tworzenie i analiza statystyki w celu ulepszania witryny.<\/h3><\/div><\/summary><p class=\"cmplz-subtitle\">Kategorie danych s\u0105 zbierane<\/p><p><ul><li>Dane geolokalizacyjne<\/li><li>adres IP<\/li><li>Informacje o aktywno\u015bci w Internecie, ale nie dost\u0119pne do, przegl\u0105dania, historii wyszukiwania oraz informacje dotycz\u0105ce u\u017cytkownika z witryny internetowej, aplikacji lub reklam\u0105<\/li><\/ul><\/p><p class=\"cmplz-subtitle\">Okres trzymania<\/p><p>Przechowujemy te dane po udost\u0119pnieniu us\u0142ug przez nast\u0119puj\u0105ce miesi\u0105ce: 36<\/p><\/details><details class=\"cmplz-dropdown dropdown-privacy-statement\"><summary><div><h3>1.4 Aby zapobiec serwisom lub produktom, kt\u00f3re klient chce kupi\u0107 lub kupi\u0107<\/h3><\/div><\/summary><p class=\"cmplz-subtitle\">Kategorie danych s\u0105 zbierane<\/p><p><ul><li>Imi\u0119 i nazwisko<\/li><li>Nazwa konta lub pseudonim<\/li><li>Adres e-mail<\/li><li>adres IP<\/li><li>Informacje o aktywno\u015bci w Internecie, ale nie dost\u0119pne do, przegl\u0105dania, historii wyszukiwania oraz informacje dotycz\u0105ce u\u017cytkownika z witryny internetowej, aplikacji lub reklam\u0105<\/li><li>Dane geolokalizacyjne<\/li><\/ul><\/p><p class=\"cmplz-subtitle\">Okres trzymania<\/p><p>Przechowujemy te dane po udost\u0119pnieniu us\u0142ug przez nast\u0119puj\u0105ce miesi\u0105ce: 36<\/p><\/details><details class=\"cmplz-dropdown dropdown-privacy-statement\"><summary><div><h3>1,5 P\u0142atno\u015bci<\/h3><\/div><\/summary><p class=\"cmplz-subtitle\">Kategorie danych s\u0105 zbierane<\/p><p><ul><li>Imi\u0119 i nazwisko<\/li><li>Adres e-mail<\/li><li>adres IP<\/li><li>Nazwa konta lub pseudonim<\/li><\/ul><\/p><p class=\"cmplz-subtitle\">Okres trzymania<\/p><p>Przechowujemy te dane do dystrybucji us\u0142ug.<\/p><\/details><details class=\"cmplz-dropdown dropdown-privacy-statement\"><summary><div><h3>1.6 Kontakt - przez telefon, poczt\u0119, e-mail i\/lub formularze<\/h3><\/div><\/summary><p class=\"cmplz-subtitle\">Kategorie danych s\u0105 zbierane<\/p><p><ul><li>Adres e-mail<\/li><li>Imi\u0119 i nazwisko<\/li><li>adres IP<\/li><li>Dane geolokalizacyjne<\/li><li>Informacje o aktywno\u015bci w Internecie, ale nie dost\u0119pne do, przegl\u0105dania, historii wyszukiwania oraz informacje dotycz\u0105ce u\u017cytkownika z witryny internetowej, aplikacji lub reklam\u0105<\/li><\/ul><\/p><p class=\"cmplz-subtitle\">Okres trzymania<\/p><p>Przechowujemy te dane po udost\u0119pnieniu us\u0142ug przez nast\u0119puj\u0105ce miesi\u0105ce: 36<\/p><\/details><details class=\"cmplz-dropdown dropdown-privacy-statement\"><summary><div><h3>1.7 Rejestracja konta<\/h3><\/div><\/summary><p class=\"cmplz-subtitle\">Kategorie danych s\u0105 zbierane<\/p><p><ul><li>Imi\u0119 i nazwisko<\/li><li>Domowy lub inny adres fizyczny, istnieje istnienie ulicy oraz istnienie miasta<\/li><li>Adres e-mail<\/li><li>Numer telefonu<\/li><li>adres IP<\/li><li>Dane geolokalizacyjne<\/li><li>Nazwa konta lub pseudonim<\/li><\/ul><\/p><p class=\"cmplz-subtitle\">Okres trzymania<\/p><p>Przechowujemy te dane po udost\u0119pnieniu us\u0142ug przez nast\u0119puj\u0105ce miesi\u0105ce: 36<\/p><\/details><h2>2. Udost\u0119pnianie innym stronom<\/h2><p>Udost\u0119pniamy lub ujawniamy te dane innym odbiorcom w dost\u0119pie:<\/p><p><b>Cel do danych:<\/b>&nbsp;Przetwarzanie p\u0142atno\u015bci za zam\u00f3wienia online<br \/>\n             <b>Kraj lub stan, w kt\u00f3rym dostawca us\u0142ug jest kontrolowany:<\/b>&nbsp;Irlandia<br \/><\/p><h2>3. Praktyki ujawniania informacji<\/h2><p><p>Udost\u0119pnione dane osobowe, jeste\u015bmy zobowi\u0105zani do podj\u0119cia orzeczenia, w odpowiedzi na wezwanie organu \u015bcigania, w zakresie dotycz\u0105cym innych przepis\u00f3w prawa, w celu om\u00f3wienia informacji lub w celu om\u00f3wienia post\u0119powania wyja\u015bniaj\u0105cego w sprawie naruszenia prawa publicznego.<\/p><p>Je\u015bli nasza strona internetowa lub organizacja zostanie przej\u0119ta, sprzedana lub zaanga\u017cowana w fuzj\u0119 lub przej\u0119cie, Twoje dane mog\u0105 zosta\u0107 ujawnione naszemu doradcom i potencjalnym nabywcom oraz skorzysta\u0107 z nowego w\u0142a\u015bciciela.<\/p><\/p><h2>4. Jak odpowiadamy na ustawienia Do Not Track i Global Privacy Control<\/h2><p>Nasza witryna internetowa odpowiada na pole prze\u0142\u0105cznika nag\u0142\u00f3wka Do Not Track (DNT) (t\u0142um. \"Nie \u015bled\u017a\") i obs\u0142uguje je. Je\u015bli w\u0142\u0105czysz DNT w swoim urz\u0105dzeniu, mo\u017cesz je wprowadzi\u0107, wprowadzaj\u0105c je w nag\u0142\u00f3wku HTTP i nie b\u0119d\u0105c zachowaniem zachowania podczas przegl\u0105dania.<\/p><h2>5. Pliki cookie<\/h2><p>Nasza witryna wykorzystuje pliki cookies. Aby uzyska\u0107 wi\u0119cej informacji na temat plik\u00f3w cookie, zapoznaj si\u0119 z naszymi politycznymi plikami cookie na naszej stronie <a href=\"https:\/\/mibooko.com\/pl\/cookie-policy-ca\/\">Polityka plik\u00f3w cookie (CA)<\/a> stronie.&nbsp;<\/p><p>Zawarli\u015bmy z Google korzystanie z przetwarzania danych.<\/p><p>Google mo\u017ce nie dotyczy\u0107 danych innych us\u0142ug Google.<\/p><p>W usuni\u0119ciu pe\u0142nych adres\u00f3w IP jest przez nas blokowane.<\/p><h2>6. Bezpiecze\u0144stwo<\/h2><p>Dbamy o bezpiecze\u0144stwo danych osobowych. Podejmujemy no\u015bniki bezpiecze\u0144stwa, aby wy\u015bwietli\u0107 nadu\u017cycia i nieuprawniony dost\u0119p do danych osobowych. Gwarantuje, \u017ce tylko niezb\u0119dne osoby maj\u0105 dost\u0119p do danych, dost\u0119p do danych jest dost\u0119pny, a nasze dane bezpiecze\u0144stwa s\u0105 regularnie sprawdzane.<\/p><h2>7. Witryny innych firm<\/h2><p>Niniejsze zg\u0142oszenie o ochronie prywatno\u015bci nie ma zastosowania do stron internetowych stron internetowych, do kt\u00f3rych prowadz\u0105 linki w naszych witrynach. Nie mo\u017cna udost\u0119pni\u0107, \u017ce te strony b\u0119d\u0105 inne, ni\u017c twoje dane osobowe w sposobie udost\u0119pniania lub bezpiecznego. Zalecamy przeczytanie o\u015bwiadcze\u0144 o ochronie prywatno\u015bci tych witryn przed u\u017cyciem z nich.<\/p><h2>8. Zmiany wprowadzone o ochronie prywatno\u015bci<\/h2><p>Zastrzegamy sobie prawo do stosowania szkodliwych zmian w o\u015bwiadczeniu o ochronie prywatno\u015bci. Wymagane jest sprawdzanie zgodno\u015bci z przepisami o ochronie prywatno\u015bci, aby by\u0107 \u015bwiadomym zmian. B\u0119dziemy aktywnie informowa\u0107, gdy tylko b\u0119dzie to mo\u017cliwe.<\/p><h2>9. Dost\u0119pno\u015b\u0107 i modyfikowanie danych<\/h2><p>Je\u015bli masz pytania lub chcesz wiedzie\u0107, jakie dane osobowe znajduj\u0105 si\u0119 na twoim temacie, otrzymasz z nami. Powstaje, \u017ce zawsze jasno okre\u015blonysz, kim jeste\u015b, aby\u015bmy mieli miejsce, \u017ce nie zmodyfikowali\u015bmy ani nie usuwamy \u017cadnych danych, kt\u00f3re pochodz\u0105 od osoby. Upuszczamy informacje dotycz\u0105ce dopiero po zweryfikowaniu wniosku konsumenta. Mo\u017cesz skontaktowa\u0107 si\u0119 z nami, poda\u0107 z informacjami.<\/p><p class=\"cmplz-subtitle\">9.1 Przys\u0142uguj\u0105 ci prawa dotycz\u0105ce danych osobowych<\/p><ol class=\"alphabetic\">\n                        <li>Mo\u017cesz z\u0142o\u017cy\u0107 wniosek o dost\u0119p do danych, kt\u00f3re dzia\u0142aj\u0105 na tw\u00f3j temat.<\/li>\n                        <li>Mo\u017cesz by\u0107 chroniony przez u\u017cytkownika, w ramach kt\u00f3rego przestrzegane s\u0105 dane dotycz\u0105ce twojego tematu.<\/li>\n                        <li>Mo\u017cliwo\u015b\u0107 wyst\u0105pienia sprostowania lub usuni\u0119cia danych, je\u015bli s\u0105 one jednym z nich, nieaktualne lub ju\u017c nieaktualne. W stosownych przypadkach dotycz\u0105cych informacji s\u0105 dost\u0119pne strony internetowe, kt\u00f3re maj\u0105 dost\u0119p do tych informacji.<\/li>\n                        <li>Masz prawo do wycofania zgody w momencie natychmiastowym, z zastrze\u017ceniem prawnym lub umownym oraz zawartym. Preparat stosuje si\u0119 do wycofania leku.<\/li>\n                        <li>Masz prawo zg\u0142osi\u0107 skarg\u0119 dotycz\u0105c\u0105 nieprzestrzegania przepis\u00f3w PIPEDA do naszej organizacji, je\u015bli problem nie zostanie rozwi\u0105zany, do Biura Komisarza ds. Prywatno\u015b\u0107 Kanady.<\/li>\n                        <li>Dost\u0119p do danych osobowych ptaka z nieregularno\u015bci\u0105 sensoryczn\u0105, kt\u00f3ra ma prawo dost\u0119pu do danych osobowych na mocy PIPEDA i kt\u00f3ra jest ich przej\u0119ta w naturalnym, nieaktywnym (a) wersji informacji ju\u017c istniej\u0105cej w tym; lub b) jego konwersja na dziesi\u0119\u0107 format\u00f3w jest uzasadniona i konieczna, aby osoba fizyczna mog\u0142a wykona\u0107 prawo.<\/li>\n                      <\/ol><h2>10. Dziecko<\/h2><p>Nasza witryna internetowa nie jest przeznaczona do przyci\u0105gania dzieci i nie jest naszym obowi\u0105zkiem zbierania danych osobowych od dzieci poza domem, kt\u00f3re posiadaj\u0105 w\u0142a\u015bciciela w ich kraju zamieszkania. W zwi\u0105zku z tym prosimy, aby dzieci, kt\u00f3re nie osi\u0105gn\u0119\u0142y zgody, nie przejmuj\u0105c \u017cadnych danych osobowych.<\/p><h2>11. Dane kontaktowe<\/h2><p>Mibooko Sp. z oo.<br \/>\n        Zolnierzy I AWP 8, 81-380 Gdynia<br \/>\n        Polska<br \/>\n        Witryna:  <a href=\"https:\/\/mibooko.com\/pl\/\">https:\/\/mibooko.com\/pl\/<\/a> <br \/>\n        E-mail: <span class=\"cmplz-obfuscate\">prywatno\u015b\u0107@<span class=\"cmplz-fmail-domain\">ex.com<\/span>&#109;i&#098;&#111;o&#107;&#111;&#046;&#099;o&#109;<\/span> <br \/>\n        <br \/>\n        Numer telefonu: +48660977702<\/p><h2>12. \u017b\u0105dania danych<\/h2><p>W przypadku najcz\u0119\u015bciej sk\u0142adanych, dost\u0119pnych jest mo\u017cliwo\u015b\u0107 korzystania z naszego ubezpieczenia o dane<br \/>\t\t\t<div class=\"cmplz-datarequest cmplz-alert\">\n\t\t\t\t<span class=\"cmplz-close\">\u00d7<\/span>\n\t\t\t\t<span id=\"cmplz-message\"><\/span>\n\t\t\t<\/div>\n\t\t\t<form id=\"cmplz-datarequest-form\" action=\"\">\n\t\t\t\t<input type=\"hidden\" required value=\"ca\" name=\"cmplz_datarequest_region\" id=\"cmplz_datarequest_region\">\n\n\t\t\t\t<label for=\"cmplz_datarequest_firstname\" class=\"cmplz-first-name\">Nazwa\t\t\t\t\t<input type=\"search\" class=\"datarequest-firstname\" value=\"\" placeholder=\"Twoje imi\u0119\" id=\"cmplz_datarequest_firstname\" name=\"cmplz_datarequest_firstname\">\n\t\t\t\t<\/label>\n\t\t\t\t<div>\n\t\t\t\t\t<label for=\"cmplz_datarequest_name\">Nazwa<\/label>\n\t\t\t\t\t<input type=\"text\" required value=\"\" placeholder=\"Twoje imi\u0119\" id=\"cmplz_datarequest_name\" name=\"cmplz_datarequest_name\">\n\t\t\t\t<\/div>\n\t\t\t\t<div>\n\t\t\t\t\t<label for=\"cmplz_datarequest_email\">Adres e-mail<\/label>\n\t\t\t\t\t<input type=\"email\" required value=\"\" placeholder=\"email@email.com\" id=\"cmplz_datarequest_email\" name=\"cmplz_datarequest_email\">\n\t\t\t\t<\/div>\n\t\t\t\t\t\t\t\t\t\t<div class=\"cmplz_datarequest cmplz_datarequest_request_for_access\">\n\t\t\t\t\t\t\t<label for=\"cmplz_datarequest_request_for_access\">\n\t\t\t\t\t\t\t\t<input type=\"checkbox\" value=\"1\" name=\"cmplz_datarequest_request_for_access\" id=\"cmplz_datarequest_request_for_access\" \/>\n\t\t\t\t\t\t\t\tZ\u0142\u00f3\u017c wniosek o dost\u0119p do danych, kt\u00f3re przetwarzamy o tobie.\t\t\t\t\t\t\t<\/label>\n\t\t\t\t\t\t<\/div>\n\t\t\t\t\t\t\t\t\t\t<div class=\"cmplz_datarequest cmplz_datarequest_right_to_be_forgotten\">\n\t\t\t\t\t\t\t<label for=\"cmplz_datarequest_right_to_be_forgotten\">\n\t\t\t\t\t\t\t\t<input type=\"checkbox\" value=\"1\" name=\"cmplz_datarequest_right_to_be_forgotten\" id=\"cmplz_datarequest_right_to_be_forgotten\" \/>\n\t\t\t\t\t\t\t\tZ\u0142\u00f3\u017c wniosek o usuni\u0119cie danych, kt\u00f3re nie s\u0105 ju\u017c istotne.\t\t\t\t\t\t\t<\/label>\n\t\t\t\t\t\t<\/div>\n\t\t\t\t\t\t\t\t\t\t<div class=\"cmplz_datarequest cmplz_datarequest_right_to_data_portability\">\n\t\t\t\t\t\t\t<label for=\"cmplz_datarequest_right_to_data_portability\">\n\t\t\t\t\t\t\t\t<input type=\"checkbox\" value=\"1\" name=\"cmplz_datarequest_right_to_data_portability\" id=\"cmplz_datarequest_right_to_data_portability\" \/>\n\t\t\t\t\t\t\t\tZ\u0142\u00f3\u017c wniosek, aby otrzyma\u0107 plik z eksportem danych, kt\u00f3re przetwarzamy o tobie.\t\t\t\t\t\t\t<\/label>\n\t\t\t\t\t\t<\/div>\n\t\t\t\t\t\t\t\t<input type=\"button\" id=\"cmplz-datarequest-submit\" value=\"Wy\u015blij\">\n\t\t\t<input type=\"hidden\" name=\"trp-form-language\" value=\"pl\"\/><\/form>\n\n\t\t\t<style>\n\t\t\t\t\/* first-name is honeypot *\/\n\t\t\t\t.cmplz-first-name {\n\t\t\t\t\tposition: absolute !important;\n\t\t\t\t\tleft: -5000px !important;\n\t\t\t\t}\n\t\t\t<\/style>\n\t\t\t<\/p><p>Wyznaczyli\u015bmy osob\u0119 kontaktow\u0105 w zakresie zasad i praktyki organizacji, z kt\u00f3rych mo\u017cna kierowa\u0107 skargi lub zapytania:<br \/>Artur Derwiszy\u0144ski<br \/>Zolnierzy I AWP 8, 81-380 Gdynia<\/p><\/div>","protected":false},"excerpt":{"rendered":"","protected":false},"author":3,"featured_media":0,"parent":0,"menu_order":0,"comment_status":"closed","ping_status":"closed","template":"","meta":{"_acf_changed":false,"site-sidebar-layout":"default","site-content-layout":"","ast-site-content-layout":"default","site-content-style":"default","site-sidebar-style":"default","ast-global-header-display":"","ast-banner-title-visibility":"","ast-main-header-display":"","ast-hfb-above-header-display":"","ast-hfb-below-header-display":"","ast-hfb-mobile-header-display":"","site-post-title":"","ast-breadcrumbs-content":"","ast-featured-img":"","footer-sml-layout":"","theme-transparent-header-meta":"","adv-header-id-meta":"","stick-header-meta":"","header-above-stick-meta":"","header-main-stick-meta":"","header-below-stick-meta":"","astra-migrate-meta-layouts":"default","ast-page-background-enabled":"default","ast-page-background-meta":{"desktop":{"background-color":"var(--ast-global-color-5)","background-image":"","background-repeat":"repeat","background-position":"center center","background-size":"auto","background-attachment":"scroll","background-type":"","background-media":"","overlay-type":"","overlay-color":"","overlay-opacity":"","overlay-gradient":""},"tablet":{"background-color":"","background-image":"","background-repeat":"repeat","background-position":"center center","background-size":"auto","background-attachment":"scroll","background-type":"","background-media":"","overlay-type":"","overlay-color":"","overlay-opacity":"","overlay-gradient":""},"mobile":{"background-color":"","background-image":"","background-repeat":"repeat","background-position":"center center","background-size":"auto","background-attachment":"scroll","background-type":"","background-media":"","overlay-type":"","overlay-color":"","overlay-opacity":"","overlay-gradient":""}},"ast-content-background-meta":{"desktop":{"background-color":"var(--ast-global-color-4)","background-image":"","background-repeat":"repeat","background-position":"center center","background-size":"auto","background-attachment":"scroll","background-type":"","background-media":"","overlay-type":"","overlay-color":"","overlay-opacity":"","overlay-gradient":""},"tablet":{"background-color":"var(--ast-global-color-4)","background-image":"","background-repeat":"repeat","background-position":"center center","background-size":"auto","background-attachment":"scroll","background-type":"","background-media":"","overlay-type":"","overlay-color":"","overlay-opacity":"","overlay-gradient":""},"mobile":{"background-color":"var(--ast-global-color-4)","background-image":"","background-repeat":"repeat","background-position":"center center","background-size":"auto","background-attachment":"scroll","background-type":"","background-media":"","overlay-type":"","overlay-color":"","overlay-opacity":"","overlay-gradient":""}},"_glsr_average":0,"_glsr_ranking":0,"_glsr_reviews":0,"footnotes":""},"folder":[],"class_list":["post-2417","page","type-page","status-publish","hentry"],"acf":[],"_links":{"self":[{"href":"https:\/\/mibooko.com\/pl\/wp-json\/wp\/v2\/pages\/2417","targetHints":{"allow":["GET"]}}],"collection":[{"href":"https:\/\/mibooko.com\/pl\/wp-json\/wp\/v2\/pages"}],"about":[{"href":"https:\/\/mibooko.com\/pl\/wp-json\/wp\/v2\/types\/page"}],"author":[{"embeddable":true,"href":"https:\/\/mibooko.com\/pl\/wp-json\/wp\/v2\/users\/3"}],"replies":[{"embeddable":true,"href":"https:\/\/mibooko.com\/pl\/wp-json\/wp\/v2\/comments?post=2417"}],"version-history":[{"count":0,"href":"https:\/\/mibooko.com\/pl\/wp-json\/wp\/v2\/pages\/2417\/revisions"}],"wp:attachment":[{"href":"https:\/\/mibooko.com\/pl\/wp-json\/wp\/v2\/media?parent=2417"}],"wp:term":[{"taxonomy":"folder","embeddable":true,"href":"https:\/\/mibooko.com\/pl\/wp-json\/wp\/v2\/folder?post=2417"}],"curies":[{"name":"wp","href":"https:\/\/api.w.org\/{rel}","templated":true}]}}