{"id":2423,"date":"2025-10-15T13:52:53","date_gmt":"2025-10-15T11:52:53","guid":{"rendered":"https:\/\/mibooko.com\/privacy-statement-br\/"},"modified":"2025-11-22T13:13:39","modified_gmt":"2025-11-22T12:13:39","slug":"privacy-statement-br","status":"publish","type":"page","link":"https:\/\/mibooko.com\/pl\/privacy-statement-br\/","title":{"rendered":"Polityka prywatno\u015bci (BR)"},"content":{"rendered":"<!-- Legal document generated by Complianz | GDPR\/CCPA Cookie Consent https:\/\/wordpress.org\/plugins\/complianz-gdpr -->\n<div id=\"cmplz-document\" class=\"cmplz-document privacy-statement cmplz-document-br\"><p><i>To powiadomienie o ochronie prywatno\u015bci zosta\u0142o ostatnio zaktualizowane 2026-03-18 i dotyczy oraz legalnych sta\u0142ych mieszka\u0144c\u00f3w Brazylii.<\/i><br \/><br \/><\/p><p>W tym o\u015bwiadczeniu o ochronie prywatno\u015bci ujawnili\u015bmy, co robimy z danymi \u017ar\u00f3d\u0142owymi, kt\u00f3re udost\u0119pniamy za po\u015brednictwem Internetu <a href=\"https:\/\/mibooko.com\/pl\/\">https:\/\/mibooko.com\/pl\/<\/a>. Zalecamy uwa\u017cne zapoznanie si\u0119 z tym sprz\u0119tem. Przetwarzaj\u0105c dane, przestrzegamy przepis\u00f3w dotycz\u0105cych prywatno\u015bci. do mi\u0119dzy innymi, \u017ce:<\/p><ul>\n                <li>jasno okre\u015blamy cele, dla kt\u00f3rych przetwarzamy dane osobowe. Robimy to za pomoc\u0105 urz\u0105dzenia o ochronie prywatno\u015bci;<\/li>\n                <li>nast\u0119pujemy do ograniczenia przez nas danych osobowych tylko do tych danych, kt\u00f3re s\u0105 niezb\u0119dne do uzasadnionych cel\u00f3w;<\/li>\n                <li>w pierwszej kolejno\u015bci za\u017c\u0105da\u0107 o wyra\u017an\u0105 zgod\u0119 na wydanie danych osobowych w wyniku wyra\u017cenia zgody;<\/li>\n                <li>Informacje o dost\u0119pie publicznym, aby chroni\u0107 twoje dane osobowe, a tak\u017ce wymagania tego od stron, kt\u00f3re s\u0105 przetwarzane przez dane osobowe w naszym administratorze;<\/li>\n                <li>szanujemy twoje prawo dost\u0119pu do twoich danych osobowych, ich poprawianie lub usuwanie na twoje u\u017cycie.<\/li>\n            <\/ul><p>Je\u015bli masz jakie\u015b pytania lub chcesz dok\u0142adnie wiedzie\u0107, jakie dane na tw\u00f3j temat przechowujemy, nale\u017cy si\u0119 z nami.<\/p><h2>1. Cel, dane i okres przechowywania<\/h2>gromadzenie lub udost\u0119pnianie danych osobowych w wielu po\u0142\u0105czeniach z nasz\u0105 dzia\u0142alno\u015bci\u0105 biznesow\u0105, kt\u00f3re mog\u0105 zosta\u0107 udost\u0119pnione: (kliknij, aby udost\u0119pni\u0107)<details class=\"cmplz-dropdown dropdown-privacy-statement\"><summary><div><h3>1.1 Sprzedawa\u0107 lub udost\u0119pnia\u0107 dane podmiotom rodzinnym.<\/h3><\/div><\/summary><p class=\"cmplz-subtitle\">W tym celu wykorzystujemy nast\u0119puj\u0105ce dane:<\/p><p><ul><li>Imi\u0119 i nazwisko<\/li><li>Adres e-mail<\/li><li>Dane geolokalizacyjne<\/li><\/ul><\/p><p class=\"cmplz-subtitle\">Podstaw\u0105, kt\u00f3rej mo\u017cna u\u017cywa\u0107 te dane, jest:<\/p><p class=\"cmplz-subtitle\">Okres trzymania<\/p><p>Przechowujemy te dane po udost\u0119pnieniu us\u0142ug przez nast\u0119puj\u0105ce miesi\u0105ce: 36<\/p><\/details><details class=\"cmplz-dropdown dropdown-privacy-statement\"><summary><div><h3>1.2 Dostawy<\/h3><\/div><\/summary><p class=\"cmplz-subtitle\">W tym celu wykorzystujemy nast\u0119puj\u0105ce dane:<\/p><p><ul><li>Imi\u0119 i nazwisko<\/li><li>Domowy lub inny adres fizyczny, istnieje istnienie ulicy oraz istnienie miasta<\/li><li>Adres e-mail<\/li><li>Numer telefonu<\/li><\/ul><\/p><p class=\"cmplz-subtitle\">Podstaw\u0105, kt\u00f3rej mo\u017cna u\u017cywa\u0107 te dane, jest:<\/p><p class=\"cmplz-subtitle\">Okres trzymania<\/p><p>Przechowujemy te dane po udost\u0119pnieniu us\u0142ug przez nast\u0119puj\u0105ce miesi\u0105ce: 36<\/p><\/details><details class=\"cmplz-dropdown dropdown-privacy-statement\"><summary><div><h3>1.3 Tworzenie i analiza statystyki w celu ulepszania witryny.<\/h3><\/div><\/summary><p class=\"cmplz-subtitle\">W tym celu wykorzystujemy nast\u0119puj\u0105ce dane:<\/p><p><ul><li>Dane geolokalizacyjne<\/li><li>adres IP<\/li><li>Informacje o aktywno\u015bci w Internecie, ale nie dost\u0119pne do, przegl\u0105dania, historii wyszukiwania oraz informacje dotycz\u0105ce u\u017cytkownika z witryny internetowej, aplikacji lub reklam\u0105<\/li><\/ul><\/p><p class=\"cmplz-subtitle\">Podstaw\u0105, kt\u00f3rej mo\u017cna u\u017cywa\u0107 te dane, jest:<\/p><p class=\"cmplz-subtitle\">Okres trzymania<\/p><p>Przechowujemy te dane po udost\u0119pnieniu us\u0142ug przez nast\u0119puj\u0105ce miesi\u0105ce: 36<\/p><\/details><details class=\"cmplz-dropdown dropdown-privacy-statement\"><summary><div><h3>1.4 Aby zapobiec serwisom lub produktom, kt\u00f3re klient chce kupi\u0107 lub kupi\u0107<\/h3><\/div><\/summary><p class=\"cmplz-subtitle\">W tym celu wykorzystujemy nast\u0119puj\u0105ce dane:<\/p><p><ul><li>Imi\u0119 i nazwisko<\/li><li>Nazwa konta lub pseudonim<\/li><li>Adres e-mail<\/li><li>adres IP<\/li><li>Informacje o aktywno\u015bci w Internecie, ale nie dost\u0119pne do, przegl\u0105dania, historii wyszukiwania oraz informacje dotycz\u0105ce u\u017cytkownika z witryny internetowej, aplikacji lub reklam\u0105<\/li><li>Dane geolokalizacyjne<\/li><\/ul><\/p><p class=\"cmplz-subtitle\">Podstaw\u0105, kt\u00f3rej mo\u017cna u\u017cywa\u0107 te dane, jest:<\/p><p class=\"cmplz-subtitle\">Okres trzymania<\/p><p>Przechowujemy te dane po udost\u0119pnieniu us\u0142ug przez nast\u0119puj\u0105ce miesi\u0105ce: 36<\/p><\/details><details class=\"cmplz-dropdown dropdown-privacy-statement\"><summary><div><h3>1,5 P\u0142atno\u015bci<\/h3><\/div><\/summary><p class=\"cmplz-subtitle\">W tym celu wykorzystujemy nast\u0119puj\u0105ce dane:<\/p><p><ul><li>Imi\u0119 i nazwisko<\/li><li>Adres e-mail<\/li><li>adres IP<\/li><li>Nazwa konta lub pseudonim<\/li><\/ul><\/p><p class=\"cmplz-subtitle\">Podstaw\u0105, kt\u00f3rej mo\u017cna u\u017cywa\u0107 te dane, jest:<\/p><p class=\"cmplz-subtitle\">Okres trzymania<\/p><p>Przechowujemy te dane do dystrybucji us\u0142ug.<\/p><\/details><details class=\"cmplz-dropdown dropdown-privacy-statement\"><summary><div><h3>1.6 Kontakt - przez telefon, poczt\u0119, e-mail i\/lub formularze<\/h3><\/div><\/summary><p class=\"cmplz-subtitle\">W tym celu wykorzystujemy nast\u0119puj\u0105ce dane:<\/p><p><ul><li>Adres e-mail<\/li><li>Imi\u0119 i nazwisko<\/li><li>adres IP<\/li><li>Dane geolokalizacyjne<\/li><li>Informacje o aktywno\u015bci w Internecie, ale nie dost\u0119pne do, przegl\u0105dania, historii wyszukiwania oraz informacje dotycz\u0105ce u\u017cytkownika z witryny internetowej, aplikacji lub reklam\u0105<\/li><\/ul><\/p><p class=\"cmplz-subtitle\">Podstaw\u0105, kt\u00f3rej mo\u017cna u\u017cywa\u0107 te dane, jest:<\/p><p class=\"cmplz-subtitle\">Okres trzymania<\/p><p>Przechowujemy te dane po udost\u0119pnieniu us\u0142ug przez nast\u0119puj\u0105ce miesi\u0105ce: 36<\/p><\/details><details class=\"cmplz-dropdown dropdown-privacy-statement\"><summary><div><h3>1.7 Rejestracja konta<\/h3><\/div><\/summary><p class=\"cmplz-subtitle\">W tym celu wykorzystujemy nast\u0119puj\u0105ce dane:<\/p><p><ul><li>Imi\u0119 i nazwisko<\/li><li>Domowy lub inny adres fizyczny, istnieje istnienie ulicy oraz istnienie miasta<\/li><li>Adres e-mail<\/li><li>Numer telefonu<\/li><li>adres IP<\/li><li>Dane geolokalizacyjne<\/li><li>Nazwa konta lub pseudonim<\/li><\/ul><\/p><p class=\"cmplz-subtitle\">Podstaw\u0105, kt\u00f3rej mo\u017cna u\u017cywa\u0107 te dane, jest:<\/p><p class=\"cmplz-subtitle\">Okres trzymania<\/p><p>Przechowujemy te dane po udost\u0119pnieniu us\u0142ug przez nast\u0119puj\u0105ce miesi\u0105ce: 36<\/p><\/details><h2>2. Co si\u0119 stanie, je\u015bli nie poddasz nam swoich danych osobowych?<\/h2><p>Je\u015bli nie poddasz nam danych osobowych, mo\u017cesz nie by\u0107 w stanie zachowa\u0107 ci produkt\u00f3w, informacji lub pomocy, kt\u00f3rej narz\u0119dzia.<\/p><h2>3. Udost\u0119pnianie innym stronom<\/h2><p>Dzielimy si\u0119 lub ujawniamy te informacje operatora w dost\u0119pie:<\/p><p class=\"cmplz-subtitle\">Operatorzy<\/p><p><b>Nazwa<\/b>&nbsp;Stripe Payments Europe Ltd<br \/>\n             <b>Kraj:<\/b>&nbsp;Irlandia<br \/>\n             <b>Celebracja:<\/b>&nbsp;Przetwarzanie p\u0142atno\u015bci za zam\u00f3wienia online<br \/><\/p><h2>4. Pliki cookie<\/h2><p>Nasza witryna wykorzystuje pliki cookies. Aby uzyska\u0107 wi\u0119cej informacji na temat plik\u00f3w cookie, zapoznaj si\u0119 z nasz\u0105 <a href=\"https:\/\/mibooko.com\/pl\/cookie-policy-br\/\">Polityka plik\u00f3w cookie<\/a>.&nbsp;<\/p><h2>5. Praktyki ujawniania informacji<\/h2><p><p>Udost\u0119pnione dane osobowe, jeste\u015bmy zobowi\u0105zani do podj\u0119cia orzeczenia, w odpowiedzi na wezwanie organu \u015bcigania, w zakresie dotycz\u0105cym innych przepis\u00f3w prawa, w celu om\u00f3wienia informacji lub w celu om\u00f3wienia post\u0119powania wyja\u015bniaj\u0105cego w sprawie naruszenia prawa publicznego.<\/p><p>Je\u015bli nasza strona internetowa lub organizacja zostanie przej\u0119ta, sprzedana lub zaanga\u017cowana w fuzj\u0119 lub przej\u0119cie, Twoje dane mog\u0105 zosta\u0107 ujawnione naszemu doradcom i potencjalnym nabywcom oraz skorzysta\u0107 z nowego w\u0142a\u015bciciela.<\/p><\/p><p>Zawarli\u015bmy z Google dost\u0119p do odbioru danych.<\/p><p>Google mo\u017ce nie dotyczy\u0107 danych innych us\u0142ug Google.<\/p><p>W usuni\u0119ciu pe\u0142nych adres\u00f3w IP jest przez nas blokowane.<\/p><h2>6. Bezpiecze\u0144stwo<\/h2><p>Dbamy o bezpiecze\u0144stwo danych osobowych. Podejmujemy no\u015bniki bezpiecze\u0144stwa, aby wy\u015bwietli\u0107 nadu\u017cycia i nieuprawniony dost\u0119p do danych osobowych. Gwarantuje, \u017ce tylko niezb\u0119dne osoby maj\u0105 dost\u0119p do danych, dost\u0119p do danych jest dost\u0119pny, a nasze dane bezpiecze\u0144stwa s\u0105 regularnie sprawdzane.<\/p><h2>7. Witryny podmiot zewn\u0119trzny<\/h2><p>Niniejsze powiadomienie o ochronie prywatno\u015bci nie ma aplikacji do stron internetowych, kt\u00f3re s\u0105 udost\u0119pniane z linkami na naszej stronie internetowej. Nie mo\u017cna uzyska\u0107 dost\u0119pu, \u017ce te strony zewn\u0119trzne s\u0105 przetwarzane przez twoje dane osobowe w spos\u00f3b dost\u0119pny lub bezpieczny. Zalecane zapoznanie si\u0119 z zasadami ochrony prywatno\u015bci tych witryn przed u\u017cyciem z nich.<\/p><h2>8. Zmiany wprowadzone o ochronie prywatno\u015bci<\/h2><p>Zastrzegamy sobie prawo do stosowania szkodliwych zmian w o\u015bwiadczeniu o ochronie prywatno\u015bci. Wymagane jest sprawdzanie zgodno\u015bci z przepisami o ochronie prywatno\u015bci, aby by\u0107 \u015bwiadomym zmian. B\u0119dziemy aktywnie informowa\u0107, gdy tylko b\u0119dzie to mo\u017cliwe.<\/p><h2>9. Dost\u0119pno\u015b\u0107 i modyfikowanie danych<\/h2><p>Je\u015bli masz jakie\u015b pytanie lub chcesz wiedzie\u0107, jakie dane osobowe mamy na twoim temacie, prosimy o zapoznanie si\u0119 z nami. Mo\u017cesz si\u0119 z nami cieszy\u0107 poprzez wykorzystanie informacji poni\u017cej. Twoje prawo w odniesieniu do danych osobowych:<\/p><ul>\n                <li>istnienie istnienia przetwarzania;<\/li>\n                <li>dost\u0119p do danych;<\/li>\n                <li>popraw\u0119 niedok\u0142adnych, niekompletnych lub nieaktualnych danych;<\/li>\n                <li>anonimizacji, blokowania lub usuwania niepotrzebnych, wykorzystywanych lub wykorzystywanych danych niezgodnych z og\u00f3lnym prawem o ochronie danych osobowych (og\u00f3lna ustawa o ochronie danych osobowych \/ LGPD);<\/li>\n                <li>Przenoszenie danych do innego dostawcy us\u0142ug lub produkt\u00f3w, kt\u00f3re s\u0105 dost\u0119pne, z urz\u0105dzenia podstawowego, z modu\u0142u badawczego i przemys\u0142owego;<\/li>\n                <li>wyeliminowanie danych osobowych, kt\u00f3re mog\u0105 zosta\u0107 wyci\u0105gni\u0119te, z wy\u0142\u0105czeniem wyst\u0105pienia w art. 16 og\u00f3lnej ustawy o ochronie danych osobowych (og\u00f3lna ustawa o ochronie danych osobowych);<\/li>\n                <li>informacje o podmiotach prywatnych i prywatnych, kt\u00f3rych administrator udost\u0119pni\u0142 dane;<\/li>\n                <li>Informacja o mo\u017cliwo\u015bci niewyra\u017cenia zgody oraz o poszczeg\u00f3lnych odmowych.<\/li>\n            <\/ul><p>Aby regulowa\u0107 z tych praw, prosimy o kontakt. Prosz\u0119 sprawdzi\u0107 z danymi kontaktowymi, kt\u00f3re s\u0105 stosowane do ochrony prywatno\u015bci.<\/p>\n            <p>Powstaje, \u017ce zawsze jasno okre\u015blonysz, kim jeste\u015b, aby\u015bmy mieli miejsce, \u017ce nie zmodyfikowali\u015bmy ani nie usuwamy \u017cadnych danych, kt\u00f3re pochodz\u0105 od osoby.<\/p><h2>10. Z\u0142o\u017cy\u0107 skarg\u0119<\/h2><p>Je\u015bli nie jeste\u015b zadowolony ze sposobu, w jaki spos\u00f3b obs\u0142ugujemy (skarg\u0119) w zwi\u0105zku z przetwarzaniem danych osobowych, masz prawo z\u0142o\u017cy\u0107 skarg\u0119 do informacji Krajowy organ ochrony danych (ANPD):<\/p><p><br \/>Autoridade Nacional de Prote\u00e7\u00e3o de Dados\n\t\t\t\t\t\t<br \/>\n\t\t\t\t\t\t<br \/>Esplanada dos Minist\u00e9rios,\n\t\t\t\t\t\t<br \/>Blok C,\n\t\t\t\t\t\t<br \/>2\u00ba andar,\n\t\t\t\t\t\t<br \/>CEP 70297-400 \u2013 Bras\u00edlia \u2013 DF.\n\t\t\t\t\t\t<br \/><a href=\"https:\/\/www.gov.br\/anpd\/pt-br\/canais_atendimento\/\" target=\"_blank\" rel=\"noopener\">Witryna<\/a><\/p><h2>11. Dziecko<\/h2><p>Nasza witryna internetowa nie jest przeznaczona do przyci\u0105gania dzieci i nie jest naszym obowi\u0105zkiem zbierania danych osobowych od dzieci poza domem, kt\u00f3re posiadaj\u0105 w\u0142a\u015bciciela w ich kraju zamieszkania. W zwi\u0105zku z tym prosimy, aby dzieci, kt\u00f3re nie osi\u0105gn\u0119\u0142y zgody, nie przejmuj\u0105c \u017cadnych danych osobowych.<\/p><h2>12. Dane kontaktowe<\/h2><p>Mibooko Sp. z oo.<br \/>\n        Zolnierzy I AWP 8, 81-380 Gdynia<br \/>\n        Polska<br \/>\n        Witryna:  <a href=\"https:\/\/mibooko.com\/pl\/\">https:\/\/mibooko.com\/pl\/<\/a> <br \/>\n        E-mail: <span class=\"cmplz-obfuscate\">prywatno\u015b\u0107@<span class=\"cmplz-fmail-domain\">ex.com<\/span>mibooko.com<\/span> <br \/>\n        Numer telefonu: +48660977702<\/p><h2>13. \u017b\u0105dania danych<\/h2><p>W przypadku najcz\u0119\u015bciej sk\u0142adanych, dost\u0119pnych jest mo\u017cliwo\u015b\u0107 korzystania z naszego ubezpieczenia o dane<br \/>\t\t\t<div class=\"cmplz-datarequest cmplz-alert\">\n\t\t\t\t<span class=\"cmplz-close\">\u00d7<\/span>\n\t\t\t\t<span id=\"cmplz-message\"><\/span>\n\t\t\t<\/div>\n\t\t\t<form id=\"cmplz-datarequest-form\" action=\"\">\n\t\t\t\t<input type=\"hidden\" required value=\"br\" name=\"cmplz_datarequest_region\" id=\"cmplz_datarequest_region\">\n\n\t\t\t\t<label for=\"cmplz_datarequest_firstname\" class=\"cmplz-first-name\">Nazwa\t\t\t\t\t<input type=\"search\" class=\"datarequest-firstname\" value=\"\" placeholder=\"Twoje imi\u0119\" id=\"cmplz_datarequest_firstname\" name=\"cmplz_datarequest_firstname\">\n\t\t\t\t<\/label>\n\t\t\t\t<div>\n\t\t\t\t\t<label for=\"cmplz_datarequest_name\">Nazwa<\/label>\n\t\t\t\t\t<input type=\"text\" required value=\"\" placeholder=\"Twoje imi\u0119\" id=\"cmplz_datarequest_name\" name=\"cmplz_datarequest_name\">\n\t\t\t\t<\/div>\n\t\t\t\t<div>\n\t\t\t\t\t<label for=\"cmplz_datarequest_email\">Adres e-mail<\/label>\n\t\t\t\t\t<input type=\"email\" required value=\"\" placeholder=\"email@email.com\" id=\"cmplz_datarequest_email\" name=\"cmplz_datarequest_email\">\n\t\t\t\t<\/div>\n\t\t\t\t\t\t\t\t\t\t<div class=\"cmplz_datarequest cmplz_datarequest_request_for_access\">\n\t\t\t\t\t\t\t<label for=\"cmplz_datarequest_request_for_access\">\n\t\t\t\t\t\t\t\t<input type=\"checkbox\" value=\"1\" name=\"cmplz_datarequest_request_for_access\" id=\"cmplz_datarequest_request_for_access\" \/>\n\t\t\t\t\t\t\t\tZ\u0142\u00f3\u017c wniosek o dost\u0119p do danych, kt\u00f3re przetwarzamy o tobie.\t\t\t\t\t\t\t<\/label>\n\t\t\t\t\t\t<\/div>\n\t\t\t\t\t\t\t\t\t\t<div class=\"cmplz_datarequest cmplz_datarequest_right_to_be_forgotten\">\n\t\t\t\t\t\t\t<label for=\"cmplz_datarequest_right_to_be_forgotten\">\n\t\t\t\t\t\t\t\t<input type=\"checkbox\" value=\"1\" name=\"cmplz_datarequest_right_to_be_forgotten\" id=\"cmplz_datarequest_right_to_be_forgotten\" \/>\n\t\t\t\t\t\t\t\tZ\u0142\u00f3\u017c wniosek o usuni\u0119cie danych, kt\u00f3re nie s\u0105 ju\u017c istotne.\t\t\t\t\t\t\t<\/label>\n\t\t\t\t\t\t<\/div>\n\t\t\t\t\t\t\t\t\t\t<div class=\"cmplz_datarequest cmplz_datarequest_right_to_data_portability\">\n\t\t\t\t\t\t\t<label for=\"cmplz_datarequest_right_to_data_portability\">\n\t\t\t\t\t\t\t\t<input type=\"checkbox\" value=\"1\" name=\"cmplz_datarequest_right_to_data_portability\" id=\"cmplz_datarequest_right_to_data_portability\" \/>\n\t\t\t\t\t\t\t\tZ\u0142\u00f3\u017c wniosek, aby otrzyma\u0107 plik z eksportem danych, kt\u00f3re przetwarzamy o tobie.\t\t\t\t\t\t\t<\/label>\n\t\t\t\t\t\t<\/div>\n\t\t\t\t\t\t\t\t<input type=\"button\" id=\"cmplz-datarequest-submit\" value=\"Wy\u015blij\">\n\t\t\t<input type=\"hidden\" name=\"trp-form-language\" value=\"pl\"\/><\/form>\n\n\t\t\t<style>\n\t\t\t\t\/* first-name is honeypot *\/\n\t\t\t\t.cmplz-first-name {\n\t\t\t\t\tposition: absolute !important;\n\t\t\t\t\tleft: -5000px !important;\n\t\t\t\t}\n\t\t\t<\/style>\n\t\t\t<\/p><\/div>","protected":false},"excerpt":{"rendered":"","protected":false},"author":3,"featured_media":0,"parent":0,"menu_order":0,"comment_status":"closed","ping_status":"closed","template":"","meta":{"_acf_changed":false,"site-sidebar-layout":"default","site-content-layout":"","ast-site-content-layout":"default","site-content-style":"default","site-sidebar-style":"default","ast-global-header-display":"","ast-banner-title-visibility":"","ast-main-header-display":"","ast-hfb-above-header-display":"","ast-hfb-below-header-display":"","ast-hfb-mobile-header-display":"","site-post-title":"","ast-breadcrumbs-content":"","ast-featured-img":"","footer-sml-layout":"","theme-transparent-header-meta":"","adv-header-id-meta":"","stick-header-meta":"","header-above-stick-meta":"","header-main-stick-meta":"","header-below-stick-meta":"","astra-migrate-meta-layouts":"default","ast-page-background-enabled":"default","ast-page-background-meta":{"desktop":{"background-color":"var(--ast-global-color-5)","background-image":"","background-repeat":"repeat","background-position":"center center","background-size":"auto","background-attachment":"scroll","background-type":"","background-media":"","overlay-type":"","overlay-color":"","overlay-opacity":"","overlay-gradient":""},"tablet":{"background-color":"","background-image":"","background-repeat":"repeat","background-position":"center center","background-size":"auto","background-attachment":"scroll","background-type":"","background-media":"","overlay-type":"","overlay-color":"","overlay-opacity":"","overlay-gradient":""},"mobile":{"background-color":"","background-image":"","background-repeat":"repeat","background-position":"center center","background-size":"auto","background-attachment":"scroll","background-type":"","background-media":"","overlay-type":"","overlay-color":"","overlay-opacity":"","overlay-gradient":""}},"ast-content-background-meta":{"desktop":{"background-color":"var(--ast-global-color-4)","background-image":"","background-repeat":"repeat","background-position":"center center","background-size":"auto","background-attachment":"scroll","background-type":"","background-media":"","overlay-type":"","overlay-color":"","overlay-opacity":"","overlay-gradient":""},"tablet":{"background-color":"var(--ast-global-color-4)","background-image":"","background-repeat":"repeat","background-position":"center center","background-size":"auto","background-attachment":"scroll","background-type":"","background-media":"","overlay-type":"","overlay-color":"","overlay-opacity":"","overlay-gradient":""},"mobile":{"background-color":"var(--ast-global-color-4)","background-image":"","background-repeat":"repeat","background-position":"center center","background-size":"auto","background-attachment":"scroll","background-type":"","background-media":"","overlay-type":"","overlay-color":"","overlay-opacity":"","overlay-gradient":""}},"_glsr_average":0,"_glsr_ranking":0,"_glsr_reviews":0,"footnotes":""},"folder":[],"class_list":["post-2423","page","type-page","status-publish","hentry"],"acf":[],"_links":{"self":[{"href":"https:\/\/mibooko.com\/pl\/wp-json\/wp\/v2\/pages\/2423","targetHints":{"allow":["GET"]}}],"collection":[{"href":"https:\/\/mibooko.com\/pl\/wp-json\/wp\/v2\/pages"}],"about":[{"href":"https:\/\/mibooko.com\/pl\/wp-json\/wp\/v2\/types\/page"}],"author":[{"embeddable":true,"href":"https:\/\/mibooko.com\/pl\/wp-json\/wp\/v2\/users\/3"}],"replies":[{"embeddable":true,"href":"https:\/\/mibooko.com\/pl\/wp-json\/wp\/v2\/comments?post=2423"}],"version-history":[{"count":0,"href":"https:\/\/mibooko.com\/pl\/wp-json\/wp\/v2\/pages\/2423\/revisions"}],"wp:attachment":[{"href":"https:\/\/mibooko.com\/pl\/wp-json\/wp\/v2\/media?parent=2423"}],"wp:term":[{"taxonomy":"folder","embeddable":true,"href":"https:\/\/mibooko.com\/pl\/wp-json\/wp\/v2\/folder?post=2423"}],"curies":[{"name":"wp","href":"https:\/\/api.w.org\/{rel}","templated":true}]}}