{"id":2425,"date":"2025-10-15T13:52:54","date_gmt":"2025-10-15T11:52:54","guid":{"rendered":"https:\/\/mibooko.com\/disclaimer\/"},"modified":"2026-03-18T17:03:55","modified_gmt":"2026-03-18T16:03:55","slug":"disclaimer","status":"publish","type":"page","link":"https:\/\/mibooko.com\/pl\/disclaimer\/","title":{"rendered":"Zastrze\u017cenie"},"content":{"rendered":"<!-- Legal document generated by Complianz | GDPR\/CCPA Cookie Consent https:\/\/wordpress.org\/plugins\/complianz-gdpr -->\n<div id=\"cmplz-document\" class=\"cmplz-document disclaimer cmplz-document-all\"><p>Mibooko Sp. z oo dok\u0142ada ewentualnie zastosowana, aby ta witryna by\u0142a aktualna i dok\u0142adna. Je\u015bli mimo wszystko napotkasz co\u015b, co jest lub nieaktualne, b\u0119dziemy wdzi\u0119czni za powiadomienie nas o tym. Wska\u017c, gdzie na stronie przeczyta\u0142e\u015b informacje. Przyjrzymy si\u0119 temu tak szybko, jak to mo\u017cliwe. Prosimy o odpowied\u017a e-mailem na adres: <span class=\"cmplz-obfuscate\">prywatno\u015b\u0107@<span class=\"cmplz-fmail-domain\">ex.com<\/span>mibooko.com<\/span>.<\/p><p>Nie ponosimy odpowiedzialno\u015bci za straty zwi\u0105zane z nie\u015bcis\u0142o\u015bciami lub niekompletno\u015bciami, ani za straty zwi\u0105zane z zabezpieczeniami, lub po\u0142\u0105czeniem z po\u0142\u0105czeniem informacji przez internet, takimi jak przerwa lub przerwa. rozszerzenia z formularzy internetowych, kt\u00f3re znajduj\u0105 si\u0119 w obszarach wymaganych do minimum. Za pomoc\u0105 wynik\u00f3w uzyskanych w wyniku wykorzystania danych, wskaz\u00f3wki lub pomys\u0142y zosta\u0142y wprowadzone przez lub w handlu Mibooko Sp. z oo za po\u015brednictwem witryny internetowej, Mibooko Sp. z oo nie podlega odpowiedzialno\u015bci.<\/p><p>Wszystkie prawa autorskie zawarte w tre\u015bci witryny nale\u017c\u0105cej do Mibooko Sp. z oo lub silne skutki, kt\u00f3re same dostarczaj\u0105 lub kt\u00f3rych Mibooko Sp. z oo dotyka u\u017cytkownika.<\/p><p>Kopiowanie, zastosowanie i inne narz\u0119dzia udost\u0119pniaj\u0105ce te materia\u0142y s\u0105 zabronione bez zgody Mibooko Sp. z oo, z oo, tylko w zakresie, w kt\u00f3rym wyst\u0119puje inaczej, w przepisach (takich jak prawo do odwo\u0142aniania), chyba \u017ce okre\u015blone tre\u015bci nakazuj\u0105 inaczej.<\/p><p>Je\u015bli masz jakie\u015b pytania lub problemy z inn\u0105 stron\u0105, nie wahaj si\u0119 z nami.<\/p><\/div>","protected":false},"excerpt":{"rendered":"","protected":false},"author":3,"featured_media":0,"parent":0,"menu_order":0,"comment_status":"closed","ping_status":"closed","template":"","meta":{"_acf_changed":false,"site-sidebar-layout":"default","site-content-layout":"","ast-site-content-layout":"default","site-content-style":"default","site-sidebar-style":"default","ast-global-header-display":"","ast-banner-title-visibility":"","ast-main-header-display":"","ast-hfb-above-header-display":"","ast-hfb-below-header-display":"","ast-hfb-mobile-header-display":"","site-post-title":"","ast-breadcrumbs-content":"","ast-featured-img":"","footer-sml-layout":"","theme-transparent-header-meta":"","adv-header-id-meta":"","stick-header-meta":"","header-above-stick-meta":"","header-main-stick-meta":"","header-below-stick-meta":"","astra-migrate-meta-layouts":"default","ast-page-background-enabled":"default","ast-page-background-meta":{"desktop":{"background-color":"var(--ast-global-color-5)","background-image":"","background-repeat":"repeat","background-position":"center center","background-size":"auto","background-attachment":"scroll","background-type":"","background-media":"","overlay-type":"","overlay-color":"","overlay-opacity":"","overlay-gradient":""},"tablet":{"background-color":"","background-image":"","background-repeat":"repeat","background-position":"center center","background-size":"auto","background-attachment":"scroll","background-type":"","background-media":"","overlay-type":"","overlay-color":"","overlay-opacity":"","overlay-gradient":""},"mobile":{"background-color":"","background-image":"","background-repeat":"repeat","background-position":"center center","background-size":"auto","background-attachment":"scroll","background-type":"","background-media":"","overlay-type":"","overlay-color":"","overlay-opacity":"","overlay-gradient":""}},"ast-content-background-meta":{"desktop":{"background-color":"var(--ast-global-color-4)","background-image":"","background-repeat":"repeat","background-position":"center center","background-size":"auto","background-attachment":"scroll","background-type":"","background-media":"","overlay-type":"","overlay-color":"","overlay-opacity":"","overlay-gradient":""},"tablet":{"background-color":"var(--ast-global-color-4)","background-image":"","background-repeat":"repeat","background-position":"center center","background-size":"auto","background-attachment":"scroll","background-type":"","background-media":"","overlay-type":"","overlay-color":"","overlay-opacity":"","overlay-gradient":""},"mobile":{"background-color":"var(--ast-global-color-4)","background-image":"","background-repeat":"repeat","background-position":"center center","background-size":"auto","background-attachment":"scroll","background-type":"","background-media":"","overlay-type":"","overlay-color":"","overlay-opacity":"","overlay-gradient":""}},"_glsr_average":0,"_glsr_ranking":0,"_glsr_reviews":0,"footnotes":""},"folder":[],"class_list":["post-2425","page","type-page","status-publish","hentry"],"acf":[],"_links":{"self":[{"href":"https:\/\/mibooko.com\/pl\/wp-json\/wp\/v2\/pages\/2425","targetHints":{"allow":["GET"]}}],"collection":[{"href":"https:\/\/mibooko.com\/pl\/wp-json\/wp\/v2\/pages"}],"about":[{"href":"https:\/\/mibooko.com\/pl\/wp-json\/wp\/v2\/types\/page"}],"author":[{"embeddable":true,"href":"https:\/\/mibooko.com\/pl\/wp-json\/wp\/v2\/users\/3"}],"replies":[{"embeddable":true,"href":"https:\/\/mibooko.com\/pl\/wp-json\/wp\/v2\/comments?post=2425"}],"version-history":[{"count":0,"href":"https:\/\/mibooko.com\/pl\/wp-json\/wp\/v2\/pages\/2425\/revisions"}],"wp:attachment":[{"href":"https:\/\/mibooko.com\/pl\/wp-json\/wp\/v2\/media?parent=2425"}],"wp:term":[{"taxonomy":"folder","embeddable":true,"href":"https:\/\/mibooko.com\/pl\/wp-json\/wp\/v2\/folder?post=2425"}],"curies":[{"name":"wp","href":"https:\/\/api.w.org\/{rel}","templated":true}]}}