{"id":8521,"date":"2025-12-30T04:06:32","date_gmt":"2025-12-30T03:06:32","guid":{"rendered":"https:\/\/mibooko.com\/?page_id=8521"},"modified":"2026-03-18T21:51:13","modified_gmt":"2026-03-18T20:51:13","slug":"continuous-stories-build-child-resilience","status":"publish","type":"page","link":"https:\/\/mibooko.com\/pl\/podcast\/continuous-stories-build-child-resilience\/","title":{"rendered":"Jak ci\u0105g\u0142e opowie\u015bci buduj\u0105 odporno\u015b\u0107 emocjonaln\u0105 u dzieci"},"content":{"rendered":"<div data-elementor-type=\"wp-page\" data-elementor-id=\"8521\" class=\"elementor elementor-8521\" data-elementor-post-type=\"page\">\n\t\t\t\t<div class=\"elementor-element elementor-element-5baccab1 e-flex e-con-boxed e-con e-parent\" data-id=\"5baccab1\" data-element_type=\"container\" data-e-type=\"container\">\n\t\t\t\t\t<div class=\"e-con-inner\">\n\t\t\t\t<div class=\"elementor-element elementor-element-46a227d0 elementor-widget elementor-widget-text-editor\" data-id=\"46a227d0\" data-element_type=\"widget\" data-e-type=\"widget\" data-widget_type=\"text-editor.default\">\n\t\t\t\t\t\t\t\t\t<h1><strong>Jak ci\u0105g\u0142e opowie\u015bci buduj\u0105 odporno\u015b\u0107 emocjonaln\u0105 u dzieci<\/strong><\/h1>\n<p><!-- \/wp:paragraph --><!-- wp:separator --><\/p>\n<hr class=\"wp-block-separator has-alpha-channel-opacity\" \/>\n<p><!-- \/wp:separator --><!-- wp:heading {\"level\":3} --><\/p>\n<p><!-- \/wp:heading --><!-- wp:paragraph --><\/p>\n<p>W tym odcinku podcastu MIBOOKO Research badamy, dlaczego dzieci tak silnie reaguj\u0105 na ci\u0105g\u0142e, znane opowie\u015bci, a tak\u017ce w jaki spos\u00f3b ci\u0105g\u0142e narracje mog\u0105 wspiera\u0107 odporno\u015b\u0107 emocjonaln\u0105, spok\u00f3j i pewno\u015b\u0107 siebie.<\/p>\n<p><!-- \/wp:paragraph --><!-- wp:paragraph --><\/p>\n<p>Rodzice cz\u0119sto zauwa\u017caj\u0105, \u017ce dzieci prosz\u0105 o t\u0119 sam\u0105 histori\u0119 noc po nocy. Nie jest to powtarzanie bez powodu. To znak, \u017ce dzieci korzystaj\u0105 ze znanych historii, aby czu\u0107 si\u0119 bezpiecznie, nada\u0107 sens do\u015bwiadczeniom i regulowa\u0107 emocje. W tym odcinku wyja\u015bniamy, co dzieje si\u0119 pod powierzchni\u0105 \u2013 i dlaczego ci\u0105g\u0142e historie r\u00f3\u017cni\u0105 si\u0119 zasadniczo od losowych tre\u015bci.<\/p>\n<p><!-- \/wp:paragraph --><!-- wp:paragraph --><\/p>\n<p>\ud83c\udfa7<a href=\"#podcast4\"> <em>Pos\u0142uchaj odcinka poni\u017cej -&gt;<\/em><\/a><\/p>\n<p><!-- \/wp:paragraph --><!-- wp:separator --><\/p>\n<hr class=\"wp-block-separator has-alpha-channel-opacity\" \/>\n<p><!-- \/wp:separator --><!-- wp:heading {\"level\":3} --><\/p>\n<h2 class=\"wp-block-heading\">O czym jest ten odcinek<\/h2>\n<p><!-- \/wp:heading --><!-- wp:paragraph --><\/p>\n<p>W tym odcinku omawiamy:<\/p>\n<p><!-- \/wp:paragraph --><!-- wp:list --><\/p>\n<ul class=\"wp-block-list\">\n<li style=\"list-style-type: none;\">\n<ul class=\"wp-block-list\"><!-- wp:list-item --><\/ul>\n<\/li>\n<\/ul>\n<ul class=\"wp-block-list\">\n<li style=\"list-style-type: none;\">\n<ul class=\"wp-block-list\">\n<li>Dlaczego znane postacie i sp\u00f3jne \u015bwiaty opowie\u015bci pomagaj\u0105 dzieciom czu\u0107 si\u0119 bezpiecznie emocjonalnie<\/li>\n<\/ul>\n<\/li>\n<\/ul>\n<p><!-- \/wp:list-item --><!-- wp:list-item --><\/p>\n<ul class=\"wp-block-list\">\n<li style=\"list-style-type: none;\">\n<ul class=\"wp-block-list\">\n<li>Jak przewidywalna struktura opowie\u015bci redukuje stres i wspomaga koncentracj\u0119<\/li>\n<\/ul>\n<\/li>\n<\/ul>\n<p><!-- \/wp:list-item --><!-- wp:list-item --><\/p>\n<ul class=\"wp-block-list\">\n<li style=\"list-style-type: none;\">\n<ul class=\"wp-block-list\">\n<li>Rola wsp\u00f3lnego czytania jako warto\u015bciowego czasu sp\u0119dzanego przez rodzica z dzieckiem<\/li>\n<\/ul>\n<\/li>\n<\/ul>\n<p><!-- \/wp:list-item --><!-- wp:list-item --><\/p>\n<ul class=\"wp-block-list\">\n<li style=\"list-style-type: none;\">\n<ul class=\"wp-block-list\">\n<li>Dlaczego wsp\u00f3lne decydowanie o tym, co stanie si\u0119 dalej, buduje zaufanie i sprawczo\u015b\u0107<\/li>\n<\/ul>\n<\/li>\n<\/ul>\n<p><!-- \/wp:list-item --><!-- wp:list-item --><\/p>\n<ul class=\"wp-block-list\">\n<li style=\"list-style-type: none;\">\n<ul class=\"wp-block-list\">\n<li>Jak ci\u0105g\u0142e opowiadanie historii naturalnie wpasowuje si\u0119 w spokojn\u0105 rutyn\u0119 przed snem<\/li>\n<\/ul>\n<\/li>\n<\/ul>\n<p><!-- \/wp:list-item --><\/p>\n<p><!-- \/wp:list --><!-- wp:paragraph --><\/p>\n<p>Wszystkie przyk\u0142ady i wyja\u015bnienia oparte s\u0105 na badaniach nad rozwojem dzieci i codziennych do\u015bwiadczeniach rodzicielskich.<\/p>\n<p><!-- \/wp:paragraph --><!-- wp:separator --><\/p>\n<hr class=\"wp-block-separator has-alpha-channel-opacity\" \/>\n<p><!-- \/wp:separator --><!-- wp:heading {\"level\":3} --><\/p>\n<h2 class=\"wp-block-heading\">Dlaczego ci\u0105g\u0142e historie s\u0105 wa\u017cne<\/h2>\n<p><!-- \/wp:heading --><!-- wp:paragraph --><\/p>\n<p>Dzieci nie postrzegaj\u0105 opowie\u015bci jako odizolowanej rozrywki. Odbieraj\u0105 je jako \u015brodowisko emocjonalne.<\/p>\n<p><!-- \/wp:paragraph --><!-- wp:paragraph --><\/p>\n<p>Kiedy opowie\u015b\u0107 przechodzi z jednego rozdzia\u0142u do nast\u0119pnego, dzieci:<\/p>\n<p><!-- \/wp:paragraph --><!-- wp:list --><\/p>\n<ul class=\"wp-block-list\">\n<li style=\"list-style-type: none;\">\n<ul class=\"wp-block-list\"><!-- wp:list-item --><\/ul>\n<\/li>\n<\/ul>\n<ul class=\"wp-block-list\">\n<li style=\"list-style-type: none;\">\n<ul class=\"wp-block-list\">\n<li>wiedzie\u0107, czego si\u0119 spodziewa\u0107<\/li>\n<\/ul>\n<\/li>\n<\/ul>\n<p><!-- \/wp:list-item --><!-- wp:list-item --><\/p>\n<ul class=\"wp-block-list\">\n<li style=\"list-style-type: none;\">\n<ul class=\"wp-block-list\">\n<li>rozpoznawa\u0107 znaki i wzory<\/li>\n<\/ul>\n<\/li>\n<\/ul>\n<p><!-- \/wp:list-item --><!-- wp:list-item --><\/p>\n<ul class=\"wp-block-list\">\n<li style=\"list-style-type: none;\">\n<ul class=\"wp-block-list\">\n<li>czu\u0107 si\u0119 na tyle bezpiecznie, aby odkrywa\u0107 nowe emocje<\/li>\n<\/ul>\n<\/li>\n<\/ul>\n<p><!-- \/wp:list-item --><\/p>\n<p><!-- \/wp:list --><!-- wp:paragraph --><\/p>\n<p>To poczucie ci\u0105g\u0142o\u015bci pomaga dzieciom przetwarza\u0107 do\u015bwiadczenia, zapami\u0119tywa\u0107 szczeg\u00f3\u0142y i budowa\u0107 odporno\u015b\u0107 emocjonaln\u0105 na przestrzeni czasu \u2014 szczeg\u00f3lnie, gdy opowie\u015bciami dziel\u0105 si\u0119 z rodzicem lub opiekunem.<\/p>\n<p><!-- \/wp:paragraph --><!-- wp:separator --><\/p>\n<hr class=\"wp-block-separator has-alpha-channel-opacity\" \/>\n<p><!-- \/wp:separator --><!-- wp:heading {\"level\":3} --><\/p>\n<h2 class=\"wp-block-heading\">Powi\u0105zane lektury<\/h2>\n<p><!-- \/wp:heading --><!-- wp:paragraph --><\/p>\n<p>Je\u015bli chcesz zg\u0142\u0119bi\u0107 ten temat, pomocne mog\u0105 okaza\u0107 si\u0119 r\u00f3wnie\u017c poni\u017csze \u017ar\u00f3d\u0142a:<\/p>\n<p><!-- \/wp:paragraph --><!-- wp:list --><\/p>\n<ul class=\"wp-block-list\">\n<li style=\"list-style-type: none;\">\n<ul class=\"wp-block-list\"><!-- wp:list-item --><\/ul>\n<\/li>\n<\/ul>\n<ul class=\"wp-block-list\">\n<li style=\"list-style-type: none;\">\n<ul class=\"wp-block-list\">\n<li><a href=\"\/pl\/mibooko-storybook\/\">Czym jest ksi\u0105\u017ceczka MIBOOKO? -&gt;<\/a><\/li>\n<\/ul>\n<\/li>\n<\/ul>\n<p><!-- \/wp:list-item --><!-- wp:list-item --><\/p>\n<ul class=\"wp-block-list\">\n<li style=\"list-style-type: none;\">\n<ul class=\"wp-block-list\">\n<li><a href=\"https:\/\/mibooko.com\/pl\/never-ending-bedtime-stories-calm\/\">Dlaczego przewidywalne historie uspokajaj\u0105 dzieci przed snem -&gt;<\/a><\/li>\n<\/ul>\n<\/li>\n<\/ul>\n<p><!-- \/wp:list-item --><!-- wp:list-item --><\/p>\n<ul class=\"wp-block-list\">\n<li style=\"list-style-type: none;\">\n<ul class=\"wp-block-list\">\n<li><a href=\"\/pl\/story-choices-build-confidence\/\">Jak ma\u0142e wybory buduj\u0105 wielk\u0105 pewno\u015b\u0107 siebie -&gt;<\/a><\/li>\n<\/ul>\n<\/li>\n<\/ul>\n<p><!-- \/wp:list-item --><\/p>\n<p><!-- \/wp:list --><!-- wp:separator --><\/p>\n<p><!-- \/wp:heading --><!-- wp:paragraph --><\/p>\n<p>Ten odcinek jest cz\u0119\u015bci\u0105 podcastu badawczego MIBOOKO, w kt\u00f3rym przygl\u0105damy si\u0119 opowiadaniu historii, rozwojowi dziecka i zwyczajom czytania w rodzinie, patrz\u0105c na nie spokojnie i w oparciu o dowody.<\/p>\n<p><!-- \/wp:paragraph --><!-- wp:paragraph --><\/p>\n<p>Nowe odcinki maj\u0105 na celu pom\u00f3c rodzicom zrozumie\u0107, dlaczego pewne praktyki s\u0105 skuteczne, a nie tylko co nale\u017cy zrobi\u0107.<\/p>\n<p><!-- \/wp:paragraph --><\/p>\t\t\t\t\t\t\t\t<\/div>\n\t\t\t\t\t<\/div>\n\t\t\t\t<\/div>\n\t\t<div class=\"elementor-element elementor-element-d243fd7 e-flex e-con-boxed e-con e-parent\" data-id=\"d243fd7\" data-element_type=\"container\" data-e-type=\"container\" id=\"podcast4\">\n\t\t\t\t\t<div class=\"e-con-inner\">\n\t\t\t\t<div class=\"elementor-element elementor-element-afc66f8 elementor-widget elementor-widget-html\" data-id=\"afc66f8\" data-element_type=\"widget\" data-e-type=\"widget\" data-widget_type=\"html.default\">\n\t\t\t\t\t<audio controls preload=\"none\" style=\"width:100%;\">\r\n  <source src=\"https:\/\/mibooko.com\/wp-content\/uploads\/2025\/12\/Story_Structure_Builds_Brain_Security.mp3\" type=\"audio\/mpeg\">\r\n  Twoja przegl\u0105darka nie obs\u0142uguje elementu audio.\r\n<\/audio>\r\n\t\t\t\t<\/div>\n\t\t\t\t\t<\/div>\n\t\t\t\t<\/div>\n\t\t\t\t<\/div>","protected":false},"excerpt":{"rendered":"<p>How Continuous Stories Build Emotional Resilience in Children In this episode of the MIBOOKO Research Podcast, we explore why children [&hellip;]<\/p>\n","protected":false},"author":3,"featured_media":0,"parent":8519,"menu_order":0,"comment_status":"closed","ping_status":"closed","template":"","meta":{"_acf_changed":false,"site-sidebar-layout":"default","site-content-layout":"","ast-site-content-layout":"default","site-content-style":"default","site-sidebar-style":"default","ast-global-header-display":"","ast-banner-title-visibility":"","ast-main-header-display":"","ast-hfb-above-header-display":"","ast-hfb-below-header-display":"","ast-hfb-mobile-header-display":"","site-post-title":"disabled","ast-breadcrumbs-content":"","ast-featured-img":"","footer-sml-layout":"","theme-transparent-header-meta":"","adv-header-id-meta":"","stick-header-meta":"","header-above-stick-meta":"","header-main-stick-meta":"","header-below-stick-meta":"","astra-migrate-meta-layouts":"default","ast-page-background-enabled":"default","ast-page-background-meta":{"desktop":{"background-color":"var(--ast-global-color-5)","background-image":"","background-repeat":"repeat","background-position":"center center","background-size":"auto","background-attachment":"scroll","background-type":"","background-media":"","overlay-type":"","overlay-color":"","overlay-opacity":"","overlay-gradient":""},"tablet":{"background-color":"","background-image":"","background-repeat":"repeat","background-position":"center center","background-size":"auto","background-attachment":"scroll","background-type":"","background-media":"","overlay-type":"","overlay-color":"","overlay-opacity":"","overlay-gradient":""},"mobile":{"background-color":"","background-image":"","background-repeat":"repeat","background-position":"center center","background-size":"auto","background-attachment":"scroll","background-type":"","background-media":"","overlay-type":"","overlay-color":"","overlay-opacity":"","overlay-gradient":""}},"ast-content-background-meta":{"desktop":{"background-color":"var(--ast-global-color-4)","background-image":"","background-repeat":"repeat","background-position":"center center","background-size":"auto","background-attachment":"scroll","background-type":"","background-media":"","overlay-type":"","overlay-color":"","overlay-opacity":"","overlay-gradient":""},"tablet":{"background-color":"var(--ast-global-color-4)","background-image":"","background-repeat":"repeat","background-position":"center center","background-size":"auto","background-attachment":"scroll","background-type":"","background-media":"","overlay-type":"","overlay-color":"","overlay-opacity":"","overlay-gradient":""},"mobile":{"background-color":"var(--ast-global-color-4)","background-image":"","background-repeat":"repeat","background-position":"center center","background-size":"auto","background-attachment":"scroll","background-type":"","background-media":"","overlay-type":"","overlay-color":"","overlay-opacity":"","overlay-gradient":""}},"_glsr_average":0,"_glsr_ranking":0,"_glsr_reviews":0,"footnotes":""},"folder":[],"class_list":["post-8521","page","type-page","status-publish","hentry"],"acf":[],"_links":{"self":[{"href":"https:\/\/mibooko.com\/pl\/wp-json\/wp\/v2\/pages\/8521","targetHints":{"allow":["GET"]}}],"collection":[{"href":"https:\/\/mibooko.com\/pl\/wp-json\/wp\/v2\/pages"}],"about":[{"href":"https:\/\/mibooko.com\/pl\/wp-json\/wp\/v2\/types\/page"}],"author":[{"embeddable":true,"href":"https:\/\/mibooko.com\/pl\/wp-json\/wp\/v2\/users\/3"}],"replies":[{"embeddable":true,"href":"https:\/\/mibooko.com\/pl\/wp-json\/wp\/v2\/comments?post=8521"}],"version-history":[{"count":0,"href":"https:\/\/mibooko.com\/pl\/wp-json\/wp\/v2\/pages\/8521\/revisions"}],"up":[{"embeddable":true,"href":"https:\/\/mibooko.com\/pl\/wp-json\/wp\/v2\/pages\/8519"}],"wp:attachment":[{"href":"https:\/\/mibooko.com\/pl\/wp-json\/wp\/v2\/media?parent=8521"}],"wp:term":[{"taxonomy":"folder","embeddable":true,"href":"https:\/\/mibooko.com\/pl\/wp-json\/wp\/v2\/folder?post=8521"}],"curies":[{"name":"wp","href":"https:\/\/api.w.org\/{rel}","templated":true}]}}