{"id":3549,"date":"2025-10-23T18:33:57","date_gmt":"2025-10-23T16:33:57","guid":{"rendered":"https:\/\/mibooko.com\/product\/12-book-subscription\/"},"modified":"2026-03-18T19:56:06","modified_gmt":"2026-03-18T18:56:06","slug":"personalized-book-subscription-for-children","status":"publish","type":"product","link":"https:\/\/mibooko.com\/pl\/product\/personalized-book-subscription-for-children\/","title":{"rendered":"Spersonalizowana prenumerata ksi\u0105\u017cek dla dzieci"},"content":{"rendered":"<p data-start=\"1947\" data-end=\"2170\">Zmie\u0144 czytanie w pot\u0119\u017cne narz\u0119dzie rozwoju swojego dziecka dzi\u0119ki <strong data-start=\"2019\" data-end=\"2053\">Spersonalizowana subskrypcja ksi\u0105\u017cek<\/strong> \u2014 seria <strong data-start=\"2068\" data-end=\"2099\">12 w pe\u0142ni spersonalizowanych ksi\u0105\u017cek<\/strong> dostarczane zgodnie z Twoim harmonogramem:<br data-start=\"2127\" data-end=\"2130\" \/><strong data-start=\"2130\" data-end=\"2169\">co tydzie\u0144, co dwa tygodnie lub co miesi\u0105c<\/strong>.<\/p>\n<p data-start=\"2172\" data-end=\"2212\">Ka\u017cda historia jest dostosowana do potrzeb Twojego dziecka:<\/p>\n<ul data-start=\"2213\" data-end=\"2367\">\n<li data-start=\"2213\" data-end=\"2236\">\n<p data-start=\"2215\" data-end=\"2236\">imi\u0119 i wygl\u0105d<\/p>\n<\/li>\n<li data-start=\"2237\" data-end=\"2262\">\n<p data-start=\"2239\" data-end=\"2262\">wiek i poziom czytania<\/p>\n<\/li>\n<li data-start=\"2263\" data-end=\"2285\">\n<p data-start=\"2265\" data-end=\"2285\">cechy osobowo\u015bci<\/p>\n<\/li>\n<li data-start=\"2286\" data-end=\"2305\">\n<p data-start=\"2288\" data-end=\"2305\">potrzeby emocjonalne<\/p>\n<\/li>\n<li data-start=\"2306\" data-end=\"2328\">\n<p data-start=\"2308\" data-end=\"2328\">obecne wyzwania<\/p>\n<\/li>\n<li data-start=\"2329\" data-end=\"2367\">\n<p data-start=\"2331\" data-end=\"2367\">zainteresowania i umiej\u0119tno\u015bci rozwojowe<\/p>\n<\/li>\n<\/ul>\n<p data-start=\"2369\" data-end=\"2530\">Ta subskrypcja jest przeznaczona do: <strong data-start=\"2402\" data-end=\"2424\">pom\u00f3c dzieciom rosn\u0105\u0107<\/strong>, a nie tylko ich zabawia\u0107.<br data-start=\"2450\" data-end=\"2453\" \/>Dzi\u0119ki 12 ksi\u0105\u017ckom Twoje dziecko \u0107wiczy i wzmacnia kluczowe umiej\u0119tno\u015bci, takie jak:<\/p>\n<ul data-start=\"2531\" data-end=\"2697\">\n<li data-start=\"2531\" data-end=\"2555\">\n<p data-start=\"2533\" data-end=\"2555\">regulacja emocjonalna<\/p>\n<\/li>\n<li data-start=\"2556\" data-end=\"2570\">\n<p data-start=\"2558\" data-end=\"2570\">zaufanie<\/p>\n<\/li>\n<li data-start=\"2571\" data-end=\"2590\">\n<p data-start=\"2573\" data-end=\"2590\">rozwi\u0105zywanie problem\u00f3w<\/p>\n<\/li>\n<li data-start=\"2591\" data-end=\"2615\">\n<p data-start=\"2593\" data-end=\"2615\">zrozumienie spo\u0142eczne<\/p>\n<\/li>\n<li data-start=\"2616\" data-end=\"2642\">\n<p data-start=\"2618\" data-end=\"2642\">odwaga i odporno\u015b\u0107<\/p>\n<\/li>\n<li data-start=\"2643\" data-end=\"2672\">\n<p data-start=\"2645\" data-end=\"2672\">ciekawo\u015b\u0107 i wyobra\u017ania<\/p>\n<\/li>\n<li data-start=\"2673\" data-end=\"2697\">\n<p data-start=\"2675\" data-end=\"2697\">empatia i \u017cyczliwo\u015b\u0107<\/p>\n<\/li>\n<\/ul>\n<p data-start=\"2699\" data-end=\"2955\">Ka\u017cda z ksi\u0105\u017cek odzwierciedla wa\u017cne, prawdziwe wyzwanie lub moment rozwoju \u2014 od nawi\u0105zywania przyja\u017ani i pr\u00f3bowania nowych rzeczy po radzenie sobie z wielkimi emocjami i budowanie wiary w siebie.<br data-start=\"2862\" data-end=\"2865\" \/>Poniewa\u017c Twoje dziecko jest bohaterem, te lekcje wydaj\u0105 si\u0119 <strong data-start=\"2916\" data-end=\"2954\">osobiste, istotne i wzmacniaj\u0105ce<\/strong>.<\/p>\n<p data-start=\"2957\" data-end=\"3056\">Wszystkie ksi\u0105\u017cki charakteryzuj\u0105 si\u0119 profesjonalnymi, przyjaznymi dzieciom ilustracjami i ciep\u0142\u0105, opart\u0105 na dowodach histori\u0105.<\/p>\n<p data-start=\"3058\" data-end=\"3256\">Otrzymujesz <strong data-start=\"3070\" data-end=\"3096\">natychmiastowy dost\u0119p cyfrowy<\/strong> dla ka\u017cdej ksi\u0105\u017cki w momencie jej wydania.<br data-start=\"3136\" data-end=\"3139\" \/>Twoja subskrypcja mo\u017ce dotrze\u0107 <strong data-start=\"3168\" data-end=\"3178\">tygodnik<\/strong>, <strong data-start=\"3180\" data-end=\"3193\">dwutygodniowy<\/strong>, Lub <strong data-start=\"3198\" data-end=\"3209\">miesi\u0119czny<\/strong>, w zale\u017cno\u015bci od tego, co najlepiej sprawdzi si\u0119 w Twojej rodzinie.<\/p>\n<p data-start=\"3258\" data-end=\"3488\">Podaruj swojemu dziecku ca\u0142y rok spersonalizowanych opowie\u015bci, kt\u00f3re pomog\u0105 mu w jego podr\u00f3\u017cy \u2014 jedna ksi\u0105\u017cka, jedna umiej\u0119tno\u015b\u0107, jedna przygoda na raz.<br data-start=\"3384\" data-end=\"3387\" \/>Stw\u00f3rz rytua\u0142 czytania, kt\u00f3ry zainspiruje ich do rozwoju \u2014 poniewa\u017c w tych opowie\u015bciach, <strong data-start=\"3466\" data-end=\"3474\">Oni<\/strong> jeste\u015b bohaterem.<\/p>","protected":false},"excerpt":{"rendered":"<p>Podaruj swojemu dziecku rok rozwoju i rado\u015bci dzi\u0119ki spersonalizowanej prenumeracie sk\u0142adaj\u0105cej si\u0119 z 12 ksi\u0105\u017cek. Ka\u017cda ksi\u0105\u017cka przedstawia Twoje dziecko jako bohatera opowie\u015bci, kt\u00f3re maj\u0105 na celu rozwijanie umiej\u0119tno\u015bci, budowanie pewno\u015bci siebie, wspieranie odporno\u015bci emocjonalnej i pokonywanie codziennych wyzwa\u0144. Wybierz dostaw\u0119 co tydzie\u0144, co dwa tygodnie lub co miesi\u0105c. W cenie natychmiastowy dost\u0119p cyfrowy.<\/p>","protected":false},"featured_media":0,"comment_status":"open","ping_status":"closed","template":"","meta":{"_acf_changed":false,"site-sidebar-layout":"default","site-content-layout":"","ast-site-content-layout":"default","site-content-style":"default","site-sidebar-style":"default","ast-global-header-display":"","ast-banner-title-visibility":"","ast-main-header-display":"","ast-hfb-above-header-display":"","ast-hfb-below-header-display":"","ast-hfb-mobile-header-display":"","site-post-title":"","ast-breadcrumbs-content":"","ast-featured-img":"","footer-sml-layout":"","theme-transparent-header-meta":"default","adv-header-id-meta":"","stick-header-meta":"","header-above-stick-meta":"","header-main-stick-meta":"","header-below-stick-meta":"","astra-migrate-meta-layouts":"set","ast-page-background-enabled":"default","ast-page-background-meta":{"desktop":{"background-color":"var(--ast-global-color-5)","background-image":"","background-repeat":"repeat","background-position":"center center","background-size":"auto","background-attachment":"scroll","background-type":"","background-media":"","overlay-type":"","overlay-color":"","overlay-opacity":"","overlay-gradient":""},"tablet":{"background-color":"","background-image":"","background-repeat":"repeat","background-position":"center center","background-size":"auto","background-attachment":"scroll","background-type":"","background-media":"","overlay-type":"","overlay-color":"","overlay-opacity":"","overlay-gradient":""},"mobile":{"background-color":"","background-image":"","background-repeat":"repeat","background-position":"center center","background-size":"auto","background-attachment":"scroll","background-type":"","background-media":"","overlay-type":"","overlay-color":"","overlay-opacity":"","overlay-gradient":""}},"ast-content-background-meta":{"desktop":{"background-color":"var(--ast-global-color-4)","background-image":"","background-repeat":"repeat","background-position":"center center","background-size":"auto","background-attachment":"scroll","background-type":"","background-media":"","overlay-type":"","overlay-color":"","overlay-opacity":"","overlay-gradient":""},"tablet":{"background-color":"var(--ast-global-color-4)","background-image":"","background-repeat":"repeat","background-position":"center center","background-size":"auto","background-attachment":"scroll","background-type":"","background-media":"","overlay-type":"","overlay-color":"","overlay-opacity":"","overlay-gradient":""},"mobile":{"background-color":"var(--ast-global-color-4)","background-image":"","background-repeat":"repeat","background-position":"center center","background-size":"auto","background-attachment":"scroll","background-type":"","background-media":"","overlay-type":"","overlay-color":"","overlay-opacity":"","overlay-gradient":""}},"_glsr_average":0,"_glsr_ranking":0,"_glsr_reviews":0},"product_brand":[],"product_cat":[168,18],"product_tag":[],"class_list":{"0":"post-3549","1":"product","2":"type-product","3":"status-publish","5":"product_cat-digital-book","6":"product_cat-uncategorized","7":"desktop-align-left","8":"tablet-align-left","9":"mobile-align-left","11":"first","12":"instock","13":"taxable","14":"shipping-taxable","15":"purchasable","16":"product-type-variable","17":"has-default-attributes"},"acf":[],"_links":{"self":[{"href":"https:\/\/mibooko.com\/pl\/wp-json\/wp\/v2\/product\/3549","targetHints":{"allow":["GET"]}}],"collection":[{"href":"https:\/\/mibooko.com\/pl\/wp-json\/wp\/v2\/product"}],"about":[{"href":"https:\/\/mibooko.com\/pl\/wp-json\/wp\/v2\/types\/product"}],"replies":[{"embeddable":true,"href":"https:\/\/mibooko.com\/pl\/wp-json\/wp\/v2\/comments?post=3549"}],"wp:attachment":[{"href":"https:\/\/mibooko.com\/pl\/wp-json\/wp\/v2\/media?parent=3549"}],"wp:term":[{"taxonomy":"product_brand","embeddable":true,"href":"https:\/\/mibooko.com\/pl\/wp-json\/wp\/v2\/product_brand?post=3549"},{"taxonomy":"product_cat","embeddable":true,"href":"https:\/\/mibooko.com\/pl\/wp-json\/wp\/v2\/product_cat?post=3549"},{"taxonomy":"product_tag","embeddable":true,"href":"https:\/\/mibooko.com\/pl\/wp-json\/wp\/v2\/product_tag?post=3549"}],"curies":[{"name":"wp","href":"https:\/\/api.w.org\/{rel}","templated":true}]}}