{"id":3551,"date":"2025-10-23T18:40:27","date_gmt":"2025-10-23T16:40:27","guid":{"rendered":"https:\/\/mibooko.com\/?post_type=product&#038;p=3551"},"modified":"2026-03-18T19:55:53","modified_gmt":"2026-03-18T18:55:53","slug":"mystery-book-box-3-personalized-books","status":"publish","type":"product","link":"https:\/\/mibooko.com\/pl\/product\/mystery-book-box-3-personalized-books\/","title":{"rendered":"Mystery Book Box \u2013 3 spersonalizowane ksi\u0105\u017cki dla dzieci"},"content":{"rendered":"<p data-start=\"1352\" data-end=\"1549\">Zamie\u0144 czas czytania w magiczne prze\u017cycie dzi\u0119ki <strong data-start=\"1405\" data-end=\"1425\">Mystery Book Box<\/strong> \u2014 zestaw niespodzianek <strong data-start=\"1446\" data-end=\"1480\">trzy w pe\u0142ni spersonalizowane ksi\u0105\u017cki<\/strong>, ka\u017cdy stworzony wok\u00f3\u0142 imienia, wygl\u0105du i osobowo\u015bci Twojego dziecka.<\/p>\n<p data-start=\"1551\" data-end=\"1631\">Ka\u017cda historia niesie ze sob\u0105 inny temat i przygod\u0119, dzi\u0119ki czemu to pude\u0142ko jest idealne dla:<\/p>\n<ul data-start=\"1632\" data-end=\"1755\">\n<li data-start=\"1632\" data-end=\"1656\">\n<p data-start=\"1634\" data-end=\"1656\">rozbudzanie wyobra\u017ani<\/p>\n<\/li>\n<li data-start=\"1657\" data-end=\"1685\">\n<p data-start=\"1659\" data-end=\"1685\">zach\u0119canie do cz\u0119stszego czytania<\/p>\n<\/li>\n<li data-start=\"1686\" data-end=\"1719\">\n<p data-start=\"1688\" data-end=\"1719\">budowanie pewno\u015bci siebie emocjonalnej<\/p>\n<\/li>\n<li data-start=\"1720\" data-end=\"1755\">\n<p data-start=\"1722\" data-end=\"1755\">tworzenie radosnych rytua\u0142\u00f3w przed snem<\/p>\n<\/li>\n<\/ul>\n<p data-start=\"1757\" data-end=\"2081\">Ten Mystery Book Box jest cz\u0119\u015bci\u0105 <strong data-start=\"1792\" data-end=\"1819\">wi\u0119ksza kolekcja 7 zestaw\u00f3w<\/strong>, ka\u017cdy zestaw zawieraj\u0105cy <strong data-start=\"1841\" data-end=\"1872\">3 wyj\u0105tkowe, spersonalizowane ksi\u0105\u017cki<\/strong>.<br data-start=\"1873\" data-end=\"1876\" \/>Razem tworz\u0105 <strong data-start=\"1900\" data-end=\"1940\">Seria ksi\u0105\u017cek kryminalnych sk\u0142adaj\u0105ca si\u0119 z 21 przyg\u00f3d<\/strong> (7 zestaw\u00f3w \u00d7 3 ksi\u0105\u017cki).<br data-start=\"1960\" data-end=\"1963\" \/>Twoje dziecko mo\u017ce odkrywa\u0107 nowe \u015bwiaty, postacie, emocje i wyzwania w ca\u0142ej serii \u2014 zawsze jako bohater.<\/p>\n<p data-start=\"2083\" data-end=\"2196\">Ka\u017cda ksi\u0105\u017cka zosta\u0142a zilustrowana przez profesjonalnych artyst\u00f3w dzieci\u0119cych i stworzona w oparciu o zasady opowiadania historii, kt\u00f3re wspieraj\u0105:<\/p>\n<ul data-start=\"2197\" data-end=\"2269\">\n<li data-start=\"2197\" data-end=\"2215\">\n<p data-start=\"2199\" data-end=\"2215\">wczesna umiej\u0119tno\u015b\u0107 czytania i pisania<\/p>\n<\/li>\n<li data-start=\"2216\" data-end=\"2227\">\n<p data-start=\"2218\" data-end=\"2227\">empatia<\/p>\n<\/li>\n<li data-start=\"2228\" data-end=\"2241\">\n<p data-start=\"2230\" data-end=\"2241\">ciekawo\u015b\u0107<\/p>\n<\/li>\n<li data-start=\"2242\" data-end=\"2269\">\n<p data-start=\"2244\" data-end=\"2269\">zrozumienie emocjonalne<\/p>\n<\/li>\n<\/ul>\n<p data-start=\"2271\" data-end=\"2406\">Otrzymujesz <strong data-start=\"2283\" data-end=\"2309\">natychmiastowy dost\u0119p cyfrowy<\/strong> do wszystkich trzech ksi\u0105\u017cek \u2014 bez czekania, bez op\u00f3\u017anie\u0144.<br data-start=\"2353\" data-end=\"2356\" \/>Twoje dziecko mo\u017ce natychmiast rozpocz\u0105\u0107 swoj\u0105 przygod\u0119.<\/p>\n<p data-start=\"2408\" data-end=\"2497\">Podaruj im niespodziank\u0119, kt\u00f3rej nigdy nie zapomn\u0105 \u2014 trzy historie, w kt\u00f3rych <strong data-start=\"2472\" data-end=\"2480\">Oni<\/strong> zosta\u0107 bohaterem<\/p>","protected":false},"excerpt":{"rendered":"<p>Odkryj magi\u0119 Mystery Book Box \u2014 zaskakuj\u0105cego zestawu trzech pi\u0119knie ilustrowanych, spersonalizowanych ksi\u0105\u017cek, w kt\u00f3rych Twoje dziecko staje si\u0119 bohaterem. Ka\u017cda ksi\u0105\u017cka oferuje inn\u0105 przygod\u0119 dopasowan\u0105 do jego imienia, wygl\u0105du i osobowo\u015bci. Zestaw ten, b\u0119d\u0105cy cz\u0119\u015bci\u0105 wi\u0119kszej kolekcji 7 zestaw\u00f3w (\u0142\u0105cznie 21 ksi\u0105\u017cek), odblokowuje natychmiast trzy wyj\u0105tkowe historie, kt\u00f3re pobudzaj\u0105 wyobra\u017ani\u0119, pewno\u015b\u0107 siebie i daj\u0105 rado\u015b\u0107 z czytania. W zestawie natychmiastowy dost\u0119p cyfrowy.<\/p>","protected":false},"featured_media":0,"comment_status":"open","ping_status":"closed","template":"","meta":{"_acf_changed":false,"site-sidebar-layout":"default","site-content-layout":"","ast-site-content-layout":"default","site-content-style":"default","site-sidebar-style":"default","ast-global-header-display":"","ast-banner-title-visibility":"","ast-main-header-display":"","ast-hfb-above-header-display":"","ast-hfb-below-header-display":"","ast-hfb-mobile-header-display":"","site-post-title":"","ast-breadcrumbs-content":"","ast-featured-img":"","footer-sml-layout":"","theme-transparent-header-meta":"default","adv-header-id-meta":"","stick-header-meta":"","header-above-stick-meta":"","header-main-stick-meta":"","header-below-stick-meta":"","astra-migrate-meta-layouts":"set","ast-page-background-enabled":"default","ast-page-background-meta":{"desktop":{"background-color":"var(--ast-global-color-5)","background-image":"","background-repeat":"repeat","background-position":"center center","background-size":"auto","background-attachment":"scroll","background-type":"","background-media":"","overlay-type":"","overlay-color":"","overlay-opacity":"","overlay-gradient":""},"tablet":{"background-color":"","background-image":"","background-repeat":"repeat","background-position":"center center","background-size":"auto","background-attachment":"scroll","background-type":"","background-media":"","overlay-type":"","overlay-color":"","overlay-opacity":"","overlay-gradient":""},"mobile":{"background-color":"","background-image":"","background-repeat":"repeat","background-position":"center center","background-size":"auto","background-attachment":"scroll","background-type":"","background-media":"","overlay-type":"","overlay-color":"","overlay-opacity":"","overlay-gradient":""}},"ast-content-background-meta":{"desktop":{"background-color":"var(--ast-global-color-4)","background-image":"","background-repeat":"repeat","background-position":"center center","background-size":"auto","background-attachment":"scroll","background-type":"","background-media":"","overlay-type":"","overlay-color":"","overlay-opacity":"","overlay-gradient":""},"tablet":{"background-color":"var(--ast-global-color-4)","background-image":"","background-repeat":"repeat","background-position":"center center","background-size":"auto","background-attachment":"scroll","background-type":"","background-media":"","overlay-type":"","overlay-color":"","overlay-opacity":"","overlay-gradient":""},"mobile":{"background-color":"var(--ast-global-color-4)","background-image":"","background-repeat":"repeat","background-position":"center center","background-size":"auto","background-attachment":"scroll","background-type":"","background-media":"","overlay-type":"","overlay-color":"","overlay-opacity":"","overlay-gradient":""}},"_glsr_average":0,"_glsr_ranking":0,"_glsr_reviews":0},"product_brand":[],"product_cat":[168,18],"product_tag":[],"class_list":{"0":"post-3551","1":"product","2":"type-product","3":"status-publish","5":"product_cat-digital-book","6":"product_cat-uncategorized","7":"desktop-align-left","8":"tablet-align-left","9":"mobile-align-left","11":"first","12":"instock","13":"downloadable","14":"taxable","15":"shipping-taxable","16":"purchasable","17":"product-type-simple"},"acf":[],"_links":{"self":[{"href":"https:\/\/mibooko.com\/pl\/wp-json\/wp\/v2\/product\/3551","targetHints":{"allow":["GET"]}}],"collection":[{"href":"https:\/\/mibooko.com\/pl\/wp-json\/wp\/v2\/product"}],"about":[{"href":"https:\/\/mibooko.com\/pl\/wp-json\/wp\/v2\/types\/product"}],"replies":[{"embeddable":true,"href":"https:\/\/mibooko.com\/pl\/wp-json\/wp\/v2\/comments?post=3551"}],"wp:attachment":[{"href":"https:\/\/mibooko.com\/pl\/wp-json\/wp\/v2\/media?parent=3551"}],"wp:term":[{"taxonomy":"product_brand","embeddable":true,"href":"https:\/\/mibooko.com\/pl\/wp-json\/wp\/v2\/product_brand?post=3551"},{"taxonomy":"product_cat","embeddable":true,"href":"https:\/\/mibooko.com\/pl\/wp-json\/wp\/v2\/product_cat?post=3551"},{"taxonomy":"product_tag","embeddable":true,"href":"https:\/\/mibooko.com\/pl\/wp-json\/wp\/v2\/product_tag?post=3551"}],"curies":[{"name":"wp","href":"https:\/\/api.w.org\/{rel}","templated":true}]}}