{"id":4395,"date":"2025-11-07T14:44:52","date_gmt":"2025-11-07T13:44:52","guid":{"rendered":"https:\/\/mibooko.com\/?post_type=product&#038;p=4395"},"modified":"2026-03-18T19:55:41","modified_gmt":"2026-03-18T18:55:41","slug":"personalized-book-for-children","status":"publish","type":"product","link":"https:\/\/mibooko.com\/pl\/product\/personalized-book-for-children\/","title":{"rendered":"Spersonalizowana ksi\u0105\u017cka dla dzieci"},"content":{"rendered":"<p data-start=\"1495\" data-end=\"1736\">Podaruj swojemu dziecku magiczn\u0105 przygod\u0119 czytelnicz\u0105 dzi\u0119ki w pe\u0142ni spersonalizowanej ksi\u0105\u017cce dla dzieci stworzonej specjalnie dla niego.<br data-start=\"1597\" data-end=\"1600\" \/>Ich imi\u0119, wygl\u0105d i osobowo\u015b\u0107 kszta\u0142tuj\u0105 ka\u017cd\u0105 stron\u0119, czyni\u0105c z opowie\u015bci ciep\u0142\u0105, pe\u0142n\u0105 znaczenia przygod\u0119, do kt\u00f3rej widzowie b\u0119d\u0105 chcieli powraca\u0107.<\/p>\n<p data-start=\"1738\" data-end=\"1761\">Ta ksi\u0105\u017cka jest idealna dla:<\/p>\n<ul data-start=\"1762\" data-end=\"1887\">\n<li data-start=\"1762\" data-end=\"1781\">\n<p data-start=\"1764\" data-end=\"1781\">czytanie przed snem<\/p>\n<\/li>\n<li data-start=\"1782\" data-end=\"1802\">\n<p data-start=\"1784\" data-end=\"1802\">m\u0142odsze dzieci<\/p>\n<\/li>\n<li data-start=\"1803\" data-end=\"1841\">\n<p data-start=\"1805\" data-end=\"1841\">szybkie, radosne chwile opowiadania historii<\/p>\n<\/li>\n<li data-start=\"1842\" data-end=\"1887\">\n<p data-start=\"1844\" data-end=\"1887\">rodziny, kt\u00f3re chc\u0105 mie\u0107 osobisty, codzienny rytua\u0142<\/p>\n<\/li>\n<\/ul>\n<p data-start=\"1889\" data-end=\"1954\">Ka\u017cda ksi\u0105\u017cka MIBOOKO oparta jest na badaniach i opowiadaniu historii, kt\u00f3re wspiera:<\/p>\n<ul data-start=\"1955\" data-end=\"2046\">\n<li data-start=\"1955\" data-end=\"1969\">\n<p data-start=\"1957\" data-end=\"1969\">zaufanie<\/p>\n<\/li>\n<li data-start=\"1970\" data-end=\"1985\">\n<p data-start=\"1972\" data-end=\"1985\">wyobra\u017ania<\/p>\n<\/li>\n<li data-start=\"1986\" data-end=\"2013\">\n<p data-start=\"1988\" data-end=\"2013\">zrozumienie emocjonalne<\/p>\n<\/li>\n<li data-start=\"2014\" data-end=\"2046\">\n<p data-start=\"2016\" data-end=\"2046\">wczesna nauka i ciekawo\u015b\u0107<\/p>\n<\/li>\n<\/ul>\n<p data-start=\"2048\" data-end=\"2178\">Otrzymujesz natychmiastowy dost\u0119p cyfrowy, dzi\u0119ki czemu Twoje dziecko mo\u017ce od razu zacz\u0105\u0107 czyta\u0107.<br data-start=\"2130\" data-end=\"2133\" \/>Dost\u0119pna jest wersja drukowana z dostaw\u0105 na ca\u0142y \u015bwiat.<\/p>\n<p data-start=\"2180\" data-end=\"2257\">Stw\u00f3rz histori\u0119, kt\u00f3r\u0105 zapami\u0119taj\u0105 \u2014 bo tym razem to oni s\u0105 bohaterami.<\/p>","protected":false},"excerpt":{"rendered":"<p>Pi\u0119knie ilustrowana, spersonalizowana ksi\u0105\u017cka, w kt\u00f3rej Twoje dziecko staje si\u0119 bohaterem. Dopasowana do jego imienia, wygl\u0105du i osobowo\u015bci. Natychmiastowy dost\u0119p cyfrowy; dost\u0119pna wersja drukowana.<\/p>","protected":false},"featured_media":6418,"comment_status":"open","ping_status":"closed","template":"","meta":{"_acf_changed":false,"site-sidebar-layout":"default","site-content-layout":"","ast-site-content-layout":"default","site-content-style":"default","site-sidebar-style":"default","ast-global-header-display":"","ast-banner-title-visibility":"","ast-main-header-display":"","ast-hfb-above-header-display":"","ast-hfb-below-header-display":"","ast-hfb-mobile-header-display":"","site-post-title":"","ast-breadcrumbs-content":"","ast-featured-img":"","footer-sml-layout":"","theme-transparent-header-meta":"default","adv-header-id-meta":"","stick-header-meta":"","header-above-stick-meta":"","header-main-stick-meta":"","header-below-stick-meta":"","astra-migrate-meta-layouts":"set","ast-page-background-enabled":"default","ast-page-background-meta":{"desktop":{"background-color":"var(--ast-global-color-5)","background-image":"","background-repeat":"repeat","background-position":"center center","background-size":"auto","background-attachment":"scroll","background-type":"","background-media":"","overlay-type":"","overlay-color":"","overlay-opacity":"","overlay-gradient":""},"tablet":{"background-color":"","background-image":"","background-repeat":"repeat","background-position":"center center","background-size":"auto","background-attachment":"scroll","background-type":"","background-media":"","overlay-type":"","overlay-color":"","overlay-opacity":"","overlay-gradient":""},"mobile":{"background-color":"","background-image":"","background-repeat":"repeat","background-position":"center center","background-size":"auto","background-attachment":"scroll","background-type":"","background-media":"","overlay-type":"","overlay-color":"","overlay-opacity":"","overlay-gradient":""}},"ast-content-background-meta":{"desktop":{"background-color":"var(--ast-global-color-4)","background-image":"","background-repeat":"repeat","background-position":"center center","background-size":"auto","background-attachment":"scroll","background-type":"","background-media":"","overlay-type":"","overlay-color":"","overlay-opacity":"","overlay-gradient":""},"tablet":{"background-color":"var(--ast-global-color-4)","background-image":"","background-repeat":"repeat","background-position":"center center","background-size":"auto","background-attachment":"scroll","background-type":"","background-media":"","overlay-type":"","overlay-color":"","overlay-opacity":"","overlay-gradient":""},"mobile":{"background-color":"var(--ast-global-color-4)","background-image":"","background-repeat":"repeat","background-position":"center center","background-size":"auto","background-attachment":"scroll","background-type":"","background-media":"","overlay-type":"","overlay-color":"","overlay-opacity":"","overlay-gradient":""}},"_glsr_average":4.8,"_glsr_ranking":4.76875,"_glsr_reviews":406},"product_brand":[],"product_cat":[168,18],"product_tag":[],"class_list":{"0":"post-4395","1":"product","2":"type-product","3":"status-publish","4":"has-post-thumbnail","6":"product_cat-digital-book","7":"product_cat-uncategorized","8":"desktop-align-left","9":"tablet-align-left","10":"mobile-align-left","12":"first","13":"instock","14":"downloadable","15":"taxable","16":"shipping-taxable","17":"purchasable","18":"product-type-simple"},"acf":[],"_links":{"self":[{"href":"https:\/\/mibooko.com\/pl\/wp-json\/wp\/v2\/product\/4395","targetHints":{"allow":["GET"]}}],"collection":[{"href":"https:\/\/mibooko.com\/pl\/wp-json\/wp\/v2\/product"}],"about":[{"href":"https:\/\/mibooko.com\/pl\/wp-json\/wp\/v2\/types\/product"}],"replies":[{"embeddable":true,"href":"https:\/\/mibooko.com\/pl\/wp-json\/wp\/v2\/comments?post=4395"}],"wp:featuredmedia":[{"embeddable":true,"href":"https:\/\/mibooko.com\/pl\/wp-json\/wp\/v2\/media\/6418"}],"wp:attachment":[{"href":"https:\/\/mibooko.com\/pl\/wp-json\/wp\/v2\/media?parent=4395"}],"wp:term":[{"taxonomy":"product_brand","embeddable":true,"href":"https:\/\/mibooko.com\/pl\/wp-json\/wp\/v2\/product_brand?post=4395"},{"taxonomy":"product_cat","embeddable":true,"href":"https:\/\/mibooko.com\/pl\/wp-json\/wp\/v2\/product_cat?post=4395"},{"taxonomy":"product_tag","embeddable":true,"href":"https:\/\/mibooko.com\/pl\/wp-json\/wp\/v2\/product_tag?post=4395"}],"curies":[{"name":"wp","href":"https:\/\/api.w.org\/{rel}","templated":true}]}}