{"id":4396,"date":"2025-11-07T14:45:43","date_gmt":"2025-11-07T13:45:43","guid":{"rendered":"https:\/\/mibooko.com\/?post_type=product&#038;p=4396"},"modified":"2026-03-18T19:55:27","modified_gmt":"2026-03-18T18:55:27","slug":"personalized-storybook-for-children","status":"publish","type":"product","link":"https:\/\/mibooko.com\/pl\/product\/personalized-storybook-for-children\/","title":{"rendered":"Spersonalizowana ksi\u0105\u017cka z opowiadaniami dla dzieci"},"content":{"rendered":"<p data-start=\"1732\" data-end=\"2040\">Zapewnij swojemu dziecku wci\u0105gaj\u0105ce do\u015bwiadczenie czytania dzi\u0119ki <strong data-start=\"1787\" data-end=\"1819\">w pe\u0142ni spersonalizowana ksi\u0105\u017cka z opowiadaniami<\/strong> Zaprojektowane z my\u015bl\u0105 o ich wieku, osobowo\u015bci i \u015bwiecie emocjonalnym.<br data-start=\"1880\" data-end=\"1883\" \/>To bogato opracowane wydanie zawiera g\u0142\u0119bsz\u0105 narracj\u0119, bardziej szczeg\u00f3\u0142owe sceny i wyraziste ilustracje, kt\u00f3re wci\u0105gn\u0105 Twoje dziecko we w\u0142asn\u0105 przygod\u0119.<\/p>\n<p data-start=\"2042\" data-end=\"2054\">Idealne dla:<\/p>\n<ul data-start=\"2055\" data-end=\"2221\">\n<li data-start=\"2055\" data-end=\"2086\">\n<p data-start=\"2057\" data-end=\"2086\">sensowne rutyny przed snem<\/p>\n<\/li>\n<li data-start=\"2087\" data-end=\"2113\">\n<p data-start=\"2089\" data-end=\"2113\">wsp\u00f3lne chwile czytania<\/p>\n<\/li>\n<li data-start=\"2114\" data-end=\"2161\">\n<p data-start=\"2116\" data-end=\"2161\">dzieci, kt\u00f3re lubi\u0105 d\u0142u\u017csze, anga\u017cuj\u0105ce opowie\u015bci<\/p>\n<\/li>\n<li data-start=\"2162\" data-end=\"2221\">\n<p data-start=\"2164\" data-end=\"2221\">budowanie wyobra\u017ani, empatii i pewno\u015bci siebie emocjonalnej<\/p>\n<\/li>\n<\/ul>\n<p data-start=\"2223\" data-end=\"2312\">Ka\u017cda historia MIBOOKO powstaje w oparciu o zasady opowiadania historii oparte na badaniach, kt\u00f3re wspieraj\u0105:<\/p>\n<ul data-start=\"2313\" data-end=\"2403\">\n<li data-start=\"2313\" data-end=\"2337\">\n<p data-start=\"2315\" data-end=\"2337\">odporno\u015b\u0107 emocjonalna<\/p>\n<\/li>\n<li data-start=\"2338\" data-end=\"2351\">\n<p data-start=\"2340\" data-end=\"2351\">ciekawo\u015b\u0107<\/p>\n<\/li>\n<li data-start=\"2352\" data-end=\"2366\">\n<p data-start=\"2354\" data-end=\"2366\">zaufanie<\/p>\n<\/li>\n<li data-start=\"2367\" data-end=\"2403\">\n<p data-start=\"2369\" data-end=\"2403\">wczesna umiej\u0119tno\u015b\u0107 czytania i pisania oraz rozumienia<\/p>\n<\/li>\n<\/ul>\n<p data-start=\"2405\" data-end=\"2548\">Otrzymujesz <strong data-start=\"2417\" data-end=\"2443\">natychmiastowy dost\u0119p cyfrowy<\/strong> aby Twoje dziecko mog\u0142o zacz\u0105\u0107 czyta\u0107 od razu.<br data-start=\"2487\" data-end=\"2490\" \/>A <strong data-start=\"2492\" data-end=\"2547\">wydanie drukowane jest dost\u0119pne z dostaw\u0105 na ca\u0142y \u015bwiat<\/strong>.<\/p>\n<p data-start=\"2550\" data-end=\"2627\">Stw\u00f3rz histori\u0119, kt\u00f3r\u0105 zapami\u0119taj\u0105 \u2014 bo tym razem, <strong data-start=\"2605\" data-end=\"2613\">Oni<\/strong> jeste\u015b bohaterem.<\/p>","protected":false},"excerpt":{"rendered":"<p>Bogato ilustrowana, spersonalizowana ksi\u0105\u017cka z opowiadaniami, w kt\u00f3rej Twoje dziecko staje si\u0119 bohaterem. Stworzona z g\u0142\u0119bsz\u0105 narracj\u0105 i \u017cywymi ilustracjami. Natychmiastowy dost\u0119p cyfrowy; wydanie drukowane dost\u0119pne na ca\u0142ym \u015bwiecie.<\/p>","protected":false},"featured_media":10244,"comment_status":"open","ping_status":"closed","template":"","meta":{"_acf_changed":false,"site-sidebar-layout":"default","site-content-layout":"","ast-site-content-layout":"default","site-content-style":"default","site-sidebar-style":"default","ast-global-header-display":"","ast-banner-title-visibility":"","ast-main-header-display":"","ast-hfb-above-header-display":"","ast-hfb-below-header-display":"","ast-hfb-mobile-header-display":"","site-post-title":"","ast-breadcrumbs-content":"","ast-featured-img":"","footer-sml-layout":"","theme-transparent-header-meta":"default","adv-header-id-meta":"","stick-header-meta":"","header-above-stick-meta":"","header-main-stick-meta":"","header-below-stick-meta":"","astra-migrate-meta-layouts":"set","ast-page-background-enabled":"default","ast-page-background-meta":{"desktop":{"background-color":"var(--ast-global-color-5)","background-image":"","background-repeat":"repeat","background-position":"center center","background-size":"auto","background-attachment":"scroll","background-type":"","background-media":"","overlay-type":"","overlay-color":"","overlay-opacity":"","overlay-gradient":""},"tablet":{"background-color":"","background-image":"","background-repeat":"repeat","background-position":"center center","background-size":"auto","background-attachment":"scroll","background-type":"","background-media":"","overlay-type":"","overlay-color":"","overlay-opacity":"","overlay-gradient":""},"mobile":{"background-color":"","background-image":"","background-repeat":"repeat","background-position":"center center","background-size":"auto","background-attachment":"scroll","background-type":"","background-media":"","overlay-type":"","overlay-color":"","overlay-opacity":"","overlay-gradient":""}},"ast-content-background-meta":{"desktop":{"background-color":"var(--ast-global-color-4)","background-image":"","background-repeat":"repeat","background-position":"center center","background-size":"auto","background-attachment":"scroll","background-type":"","background-media":"","overlay-type":"","overlay-color":"","overlay-opacity":"","overlay-gradient":""},"tablet":{"background-color":"var(--ast-global-color-4)","background-image":"","background-repeat":"repeat","background-position":"center center","background-size":"auto","background-attachment":"scroll","background-type":"","background-media":"","overlay-type":"","overlay-color":"","overlay-opacity":"","overlay-gradient":""},"mobile":{"background-color":"var(--ast-global-color-4)","background-image":"","background-repeat":"repeat","background-position":"center center","background-size":"auto","background-attachment":"scroll","background-type":"","background-media":"","overlay-type":"","overlay-color":"","overlay-opacity":"","overlay-gradient":""}},"_glsr_average":0,"_glsr_ranking":0,"_glsr_reviews":0},"product_brand":[],"product_cat":[168,18],"product_tag":[],"class_list":{"0":"post-4396","1":"product","2":"type-product","3":"status-publish","4":"has-post-thumbnail","6":"product_cat-digital-book","7":"product_cat-uncategorized","8":"desktop-align-left","9":"tablet-align-left","10":"mobile-align-left","12":"first","13":"instock","14":"downloadable","15":"taxable","16":"shipping-taxable","17":"purchasable","18":"product-type-simple"},"acf":[],"_links":{"self":[{"href":"https:\/\/mibooko.com\/pl\/wp-json\/wp\/v2\/product\/4396","targetHints":{"allow":["GET"]}}],"collection":[{"href":"https:\/\/mibooko.com\/pl\/wp-json\/wp\/v2\/product"}],"about":[{"href":"https:\/\/mibooko.com\/pl\/wp-json\/wp\/v2\/types\/product"}],"replies":[{"embeddable":true,"href":"https:\/\/mibooko.com\/pl\/wp-json\/wp\/v2\/comments?post=4396"}],"wp:featuredmedia":[{"embeddable":true,"href":"https:\/\/mibooko.com\/pl\/wp-json\/wp\/v2\/media\/10244"}],"wp:attachment":[{"href":"https:\/\/mibooko.com\/pl\/wp-json\/wp\/v2\/media?parent=4396"}],"wp:term":[{"taxonomy":"product_brand","embeddable":true,"href":"https:\/\/mibooko.com\/pl\/wp-json\/wp\/v2\/product_brand?post=4396"},{"taxonomy":"product_cat","embeddable":true,"href":"https:\/\/mibooko.com\/pl\/wp-json\/wp\/v2\/product_cat?post=4396"},{"taxonomy":"product_tag","embeddable":true,"href":"https:\/\/mibooko.com\/pl\/wp-json\/wp\/v2\/product_tag?post=4396"}],"curies":[{"name":"wp","href":"https:\/\/api.w.org\/{rel}","templated":true}]}}