{"id":4399,"date":"2025-11-07T15:05:56","date_gmt":"2025-11-07T14:05:56","guid":{"rendered":"https:\/\/mibooko.com\/?post_type=product&#038;p=4399"},"modified":"2026-03-18T19:55:13","modified_gmt":"2026-03-18T18:55:13","slug":"mystery-book-box-3-personalized-storybooks","status":"publish","type":"product","link":"https:\/\/mibooko.com\/pl\/product\/mystery-book-box-3-personalized-storybooks\/","title":{"rendered":"Mystery Book Box \u2013 3 spersonalizowane ksi\u0105\u017ceczki dla dzieci"},"content":{"rendered":"<p data-start=\"2228\" data-end=\"2428\">Podaruj swojemu dziecku niezapomniane wra\u017cenia z czytania dzi\u0119ki <strong data-start=\"2289\" data-end=\"2314\">Mystery Book Box<\/strong> \u2014 ekskluzywna kolekcja <strong data-start=\"2341\" data-end=\"2380\">trzy w pe\u0142ni spersonalizowane ksi\u0105\u017ceczki z opowiadaniami<\/strong>, ka\u017cdy stworzony z my\u015bl\u0105 o wyj\u0105tkowym \u015bwiecie Twojego dziecka.<\/p>\n<p data-start=\"2430\" data-end=\"2453\">Ka\u017cda ksi\u0105\u017cka z opowiadaniami oferuje:<\/p>\n<ul data-start=\"2454\" data-end=\"2562\">\n<li data-start=\"2454\" data-end=\"2477\">\n<p data-start=\"2456\" data-end=\"2477\">bogatsze opowiadanie historii<\/p>\n<\/li>\n<li data-start=\"2478\" data-end=\"2502\">\n<p data-start=\"2480\" data-end=\"2502\">bardziej szczeg\u00f3\u0142owe sceny<\/p>\n<\/li>\n<li data-start=\"2503\" data-end=\"2531\">\n<p data-start=\"2505\" data-end=\"2531\">ekspresyjne ilustracje<\/p>\n<\/li>\n<li data-start=\"2532\" data-end=\"2562\">\n<p data-start=\"2534\" data-end=\"2562\">g\u0142\u0119bsze zanurzenie emocjonalne<\/p>\n<\/li>\n<\/ul>\n<p data-start=\"2564\" data-end=\"2594\">Idealne dla rodzin, kt\u00f3re kochaj\u0105:<\/p>\n<ul data-start=\"2595\" data-end=\"2744\">\n<li data-start=\"2595\" data-end=\"2621\">\n<p data-start=\"2597\" data-end=\"2621\">d\u0142u\u017csze czytanie przed snem<\/p>\n<\/li>\n<li data-start=\"2622\" data-end=\"2654\">\n<p data-start=\"2624\" data-end=\"2654\">anga\u017cuj\u0105ce, znacz\u0105ce historie<\/p>\n<\/li>\n<li data-start=\"2655\" data-end=\"2693\">\n<p data-start=\"2657\" data-end=\"2693\">pi\u0119knie ilustrowane przygody<\/p>\n<\/li>\n<li data-start=\"2694\" data-end=\"2744\">\n<p data-start=\"2696\" data-end=\"2744\">piel\u0119gnowanie pewno\u015bci siebie emocjonalnej i wyobra\u017ani<\/p>\n<\/li>\n<\/ul>\n<p data-start=\"2746\" data-end=\"3030\">Ten Mystery Book Box jest cz\u0119\u015bci\u0105 <strong data-start=\"2786\" data-end=\"2802\">Seria 7-zestawowa<\/strong>, przy czym ka\u017cdy zestaw zawiera <strong data-start=\"2829\" data-end=\"2858\">3 spersonalizowane ksi\u0105\u017ceczki z opowiadaniami<\/strong>, tworz\u0105c w sumie <strong data-start=\"2879\" data-end=\"2903\">21 wyj\u0105tkowych przyg\u00f3d<\/strong>.<br data-start=\"2904\" data-end=\"2907\" \/>Twoje dziecko mo\u017ce odkry\u0107 ca\u0142\u0105 bibliotek\u0119 temat\u00f3w, emocji, postaci i wyzwa\u0144 \u2013 zawsze jako bohater opowie\u015bci.<\/p>\n<p data-start=\"3032\" data-end=\"3126\">Ka\u017cda ksi\u0105\u017ceczka MIBOOKO jest tworzona w oparciu o zasady opowiadania historii, kt\u00f3re wspieraj\u0105:<\/p>\n<ul data-start=\"3127\" data-end=\"3209\">\n<li data-start=\"3127\" data-end=\"3138\">\n<p data-start=\"3129\" data-end=\"3138\">empatia<\/p>\n<\/li>\n<li data-start=\"3139\" data-end=\"3153\">\n<p data-start=\"3141\" data-end=\"3153\">odporno\u015b\u0107<\/p>\n<\/li>\n<li data-start=\"3154\" data-end=\"3167\">\n<p data-start=\"3156\" data-end=\"3167\">ciekawo\u015b\u0107<\/p>\n<\/li>\n<li data-start=\"3168\" data-end=\"3183\">\n<p data-start=\"3170\" data-end=\"3183\">wyobra\u017ania<\/p>\n<\/li>\n<li data-start=\"3184\" data-end=\"3209\">\n<p data-start=\"3186\" data-end=\"3209\">wczesne umiej\u0119tno\u015bci czytania i pisania<\/p>\n<\/li>\n<\/ul>\n<p data-start=\"3211\" data-end=\"3342\">Otrzymujesz <strong data-start=\"3223\" data-end=\"3249\">natychmiastowy dost\u0119p cyfrowy<\/strong> do wszystkich trzech ksi\u0105\u017cek z opowiadaniami.<br data-start=\"3274\" data-end=\"3277\" \/>Przygoda Twojego dziecka zaczyna si\u0119 w momencie z\u0142o\u017cenia zam\u00f3wienia.<\/p>\n<p data-start=\"3344\" data-end=\"3442\">Podaruj im wyj\u0105tkowe do\u015bwiadczenie czytelnicze \u2014 trzy bogato opracowane historie, w kt\u00f3rych <strong data-start=\"3420\" data-end=\"3428\">Oni<\/strong> jeste\u015b bohaterem.<\/p>","protected":false},"excerpt":{"rendered":"<p>Zestaw premium niespodzianka, zawieraj\u0105cy trzy bogato ilustrowane, spersonalizowane ksi\u0105\u017ceczki z opowiadaniami. Ka\u017cda z nich stawia Twoje dziecko w centrum g\u0142\u0119bszej, bardziej wci\u0105gaj\u0105cej przygody, dopasowanej do jego imienia, wygl\u0105du i osobowo\u015bci. Zestaw ten, b\u0119d\u0105cy cz\u0119\u015bci\u0105 7-cz\u0119\u015bciowej serii, obejmuj\u0105cej \u0142\u0105cznie 21 unikalnych ksi\u0105\u017ceczek, otwiera przed Tob\u0105 trzy niezapomniane podr\u00f3\u017ce. W zestawie natychmiastowy dost\u0119p cyfrowy.<\/p>","protected":false},"featured_media":0,"comment_status":"open","ping_status":"closed","template":"","meta":{"_acf_changed":false,"site-sidebar-layout":"default","site-content-layout":"","ast-site-content-layout":"default","site-content-style":"default","site-sidebar-style":"default","ast-global-header-display":"","ast-banner-title-visibility":"","ast-main-header-display":"","ast-hfb-above-header-display":"","ast-hfb-below-header-display":"","ast-hfb-mobile-header-display":"","site-post-title":"","ast-breadcrumbs-content":"","ast-featured-img":"","footer-sml-layout":"","theme-transparent-header-meta":"default","adv-header-id-meta":"","stick-header-meta":"","header-above-stick-meta":"","header-main-stick-meta":"","header-below-stick-meta":"","astra-migrate-meta-layouts":"set","ast-page-background-enabled":"default","ast-page-background-meta":{"desktop":{"background-color":"var(--ast-global-color-5)","background-image":"","background-repeat":"repeat","background-position":"center center","background-size":"auto","background-attachment":"scroll","background-type":"","background-media":"","overlay-type":"","overlay-color":"","overlay-opacity":"","overlay-gradient":""},"tablet":{"background-color":"","background-image":"","background-repeat":"repeat","background-position":"center center","background-size":"auto","background-attachment":"scroll","background-type":"","background-media":"","overlay-type":"","overlay-color":"","overlay-opacity":"","overlay-gradient":""},"mobile":{"background-color":"","background-image":"","background-repeat":"repeat","background-position":"center center","background-size":"auto","background-attachment":"scroll","background-type":"","background-media":"","overlay-type":"","overlay-color":"","overlay-opacity":"","overlay-gradient":""}},"ast-content-background-meta":{"desktop":{"background-color":"var(--ast-global-color-4)","background-image":"","background-repeat":"repeat","background-position":"center center","background-size":"auto","background-attachment":"scroll","background-type":"","background-media":"","overlay-type":"","overlay-color":"","overlay-opacity":"","overlay-gradient":""},"tablet":{"background-color":"var(--ast-global-color-4)","background-image":"","background-repeat":"repeat","background-position":"center center","background-size":"auto","background-attachment":"scroll","background-type":"","background-media":"","overlay-type":"","overlay-color":"","overlay-opacity":"","overlay-gradient":""},"mobile":{"background-color":"var(--ast-global-color-4)","background-image":"","background-repeat":"repeat","background-position":"center center","background-size":"auto","background-attachment":"scroll","background-type":"","background-media":"","overlay-type":"","overlay-color":"","overlay-opacity":"","overlay-gradient":""}},"_glsr_average":0,"_glsr_ranking":0,"_glsr_reviews":0},"product_brand":[],"product_cat":[168,18],"product_tag":[],"class_list":{"0":"post-4399","1":"product","2":"type-product","3":"status-publish","5":"product_cat-digital-book","6":"product_cat-uncategorized","7":"desktop-align-left","8":"tablet-align-left","9":"mobile-align-left","11":"first","12":"instock","13":"downloadable","14":"taxable","15":"shipping-taxable","16":"purchasable","17":"product-type-simple"},"acf":[],"_links":{"self":[{"href":"https:\/\/mibooko.com\/pl\/wp-json\/wp\/v2\/product\/4399","targetHints":{"allow":["GET"]}}],"collection":[{"href":"https:\/\/mibooko.com\/pl\/wp-json\/wp\/v2\/product"}],"about":[{"href":"https:\/\/mibooko.com\/pl\/wp-json\/wp\/v2\/types\/product"}],"replies":[{"embeddable":true,"href":"https:\/\/mibooko.com\/pl\/wp-json\/wp\/v2\/comments?post=4399"}],"wp:attachment":[{"href":"https:\/\/mibooko.com\/pl\/wp-json\/wp\/v2\/media?parent=4399"}],"wp:term":[{"taxonomy":"product_brand","embeddable":true,"href":"https:\/\/mibooko.com\/pl\/wp-json\/wp\/v2\/product_brand?post=4399"},{"taxonomy":"product_cat","embeddable":true,"href":"https:\/\/mibooko.com\/pl\/wp-json\/wp\/v2\/product_cat?post=4399"},{"taxonomy":"product_tag","embeddable":true,"href":"https:\/\/mibooko.com\/pl\/wp-json\/wp\/v2\/product_tag?post=4399"}],"curies":[{"name":"wp","href":"https:\/\/api.w.org\/{rel}","templated":true}]}}