{"id":4400,"date":"2025-11-07T15:10:02","date_gmt":"2025-11-07T14:10:02","guid":{"rendered":"https:\/\/mibooko.com\/?post_type=product&#038;p=4400"},"modified":"2026-03-18T19:54:50","modified_gmt":"2026-03-18T18:54:50","slug":"personalized-storybook-subscription-for-children","status":"publish","type":"product","link":"https:\/\/mibooko.com\/pl\/product\/personalized-storybook-subscription-for-children\/","title":{"rendered":"Spersonalizowana subskrypcja ksi\u0105\u017cek dla dzieci"},"content":{"rendered":"<p data-start=\"2003\" data-end=\"2243\">Podaruj swojemu dziecku rok pe\u0142en warto\u015bciowej i wci\u0105gaj\u0105cej lektury <strong data-start=\"2080\" data-end=\"2119\">Spersonalizowana subskrypcja ksi\u0105\u017cek z opowiadaniami<\/strong> \u2014 zbi\u00f3r <strong data-start=\"2138\" data-end=\"2174\">12 bogato ilustrowanych ksi\u0105\u017cek z opowiadaniami<\/strong>, ka\u017cdy dostosowany do otoczenia, osobowo\u015bci i potrzeb rozwojowych.<\/p>\n<p data-start=\"2245\" data-end=\"2303\">W odr\u00f3\u017cnieniu od standardowych ksi\u0105\u017cek, ka\u017cda opowie\u015b\u0107 dostosowuje si\u0119 do:<\/p>\n<ul data-start=\"2304\" data-end=\"2474\">\n<li data-start=\"2304\" data-end=\"2346\">\n<p data-start=\"2306\" data-end=\"2346\">imi\u0119, wygl\u0105d i struktura rodziny<\/p>\n<\/li>\n<li data-start=\"2347\" data-end=\"2372\">\n<p data-start=\"2349\" data-end=\"2372\">wiek i etap czytania<\/p>\n<\/li>\n<li data-start=\"2373\" data-end=\"2395\">\n<p data-start=\"2375\" data-end=\"2395\">cechy osobowo\u015bci<\/p>\n<\/li>\n<li data-start=\"2396\" data-end=\"2415\">\n<p data-start=\"2398\" data-end=\"2415\">potrzeby emocjonalne<\/p>\n<\/li>\n<li data-start=\"2416\" data-end=\"2438\">\n<p data-start=\"2418\" data-end=\"2438\">obecne wyzwania<\/p>\n<\/li>\n<li data-start=\"2439\" data-end=\"2474\">\n<p data-start=\"2441\" data-end=\"2474\">zainteresowania, obawy i mocne strony<\/p>\n<\/li>\n<\/ul>\n<p data-start=\"2476\" data-end=\"2602\">Ta subskrypcja koncentruje si\u0119 na <strong data-start=\"2505\" data-end=\"2544\">g\u0142\u0119boki rozw\u00f3j emocjonalny i poznawczy<\/strong>, pomagaj\u0105c dzieciom \u0107wiczy\u0107 i wzmacnia\u0107 takie umiej\u0119tno\u015bci jak:<\/p>\n<ul data-start=\"2603\" data-end=\"2798\">\n<li data-start=\"2603\" data-end=\"2637\">\n<p data-start=\"2605\" data-end=\"2637\">odporno\u015b\u0107 i pewno\u015b\u0107 siebie<\/p>\n<\/li>\n<li data-start=\"2638\" data-end=\"2662\">\n<p data-start=\"2640\" data-end=\"2662\">regulacja emocjonalna<\/p>\n<\/li>\n<li data-start=\"2663\" data-end=\"2687\">\n<p data-start=\"2665\" data-end=\"2687\">empatia i \u017cyczliwo\u015b\u0107<\/p>\n<\/li>\n<li data-start=\"2688\" data-end=\"2717\">\n<p data-start=\"2690\" data-end=\"2717\">ciekawo\u015b\u0107 i wyobra\u017ania<\/p>\n<\/li>\n<li data-start=\"2718\" data-end=\"2737\">\n<p data-start=\"2720\" data-end=\"2737\">rozwi\u0105zywanie problem\u00f3w<\/p>\n<\/li>\n<li data-start=\"2738\" data-end=\"2773\">\n<p data-start=\"2740\" data-end=\"2773\">rozumienie sytuacji spo\u0142ecznych<\/p>\n<\/li>\n<li data-start=\"2774\" data-end=\"2798\">\n<p data-start=\"2776\" data-end=\"2798\">cierpliwo\u015b\u0107 i odwaga<\/p>\n<\/li>\n<\/ul>\n<p data-start=\"2800\" data-end=\"2913\">Ka\u017cda ksi\u0105\u017cka z opowiadaniami oferuje <strong data-start=\"2824\" data-end=\"2859\">d\u0142u\u017csza, bardziej szczeg\u00f3\u0142owa narracja<\/strong> ni\u017c zwyk\u0142e wydanie ksi\u0105\u017ckowe, dzi\u0119ki czemu idealnie nadaje si\u0119 do:<\/p>\n<ul data-start=\"2914\" data-end=\"3028\">\n<li data-start=\"2914\" data-end=\"2946\">\n<p data-start=\"2916\" data-end=\"2946\">rytua\u0142y opowiadania bajek na dobranoc<\/p>\n<\/li>\n<li data-start=\"2947\" data-end=\"2966\">\n<p data-start=\"2949\" data-end=\"2966\">zaanga\u017cowanych czytelnik\u00f3w<\/p>\n<\/li>\n<li data-start=\"2967\" data-end=\"2992\">\n<p data-start=\"2969\" data-end=\"2992\">rozw\u00f3j emocjonalny<\/p>\n<\/li>\n<li data-start=\"2993\" data-end=\"3028\">\n<p data-start=\"2995\" data-end=\"3028\">budowanie trwa\u0142ych nawyk\u00f3w czytelniczych<\/p>\n<\/li>\n<\/ul>\n<p data-start=\"3030\" data-end=\"3256\">Ka\u017cdego miesi\u0105ca (lub tygodnia, lub co dwa tygodnie) Twoje dziecko wkracza w nowy \u015bwiat \u2014 zawsze jako bohater \u2014 ucz\u0105c si\u0119 stawia\u0107 czo\u0142a wyzwaniom, docenia\u0107 swoje mocne strony i rozumie\u0107 swoje emocje poprzez ciep\u0142e, oparte na dowodach opowie\u015bci.<\/p>\n<p data-start=\"3258\" data-end=\"3506\">Otrzymujesz <strong data-start=\"3270\" data-end=\"3296\">natychmiastowy dost\u0119p cyfrowy<\/strong> do ka\u017cdej ksi\u0105\u017cki z opowiadaniami zaraz po jej wydaniu, dzi\u0119ki czemu Twoje dziecko mo\u017ce od razu rozpocz\u0105\u0107 jej eksploracj\u0119.<br data-start=\"3388\" data-end=\"3391\" \/>Twoja subskrypcja mo\u017ce dotrze\u0107 <strong data-start=\"3420\" data-end=\"3430\">tygodnik<\/strong>, <strong data-start=\"3432\" data-end=\"3445\">dwutygodniowy<\/strong>, Lub <strong data-start=\"3450\" data-end=\"3461\">miesi\u0119czny<\/strong> w zale\u017cno\u015bci od tego, co pasuje do rytmu \u017cycia Twojej rodziny.<\/p>\n<p data-start=\"3508\" data-end=\"3634\">Podaruj swojemu dziecku 12 poruszaj\u0105cych historii, kt\u00f3re pomog\u0105 mu sta\u0107 si\u0119 tym, kim si\u0119 staje \u2014 jedna przygoda, jedna lekcja, jeden moment bohatera na raz.<\/p>\n<p data-start=\"3636\" data-end=\"3682\">Poniewa\u017c w ka\u017cdej historii, <strong data-start=\"3660\" data-end=\"3668\">Oni<\/strong> jeste\u015b bohaterem.<\/p>","protected":false},"excerpt":{"rendered":"<p>Podaruj swojemu dziecku 12 bogato ilustrowanych, spersonalizowanych ksi\u0105\u017ceczek z opowiadaniami, dostarczanych co tydzie\u0144, co dwa tygodnie lub co miesi\u0105c. Ka\u017cda wci\u0105gaj\u0105ca historia pomaga rozwija\u0107 umiej\u0119tno\u015bci emocjonalne, pewno\u015b\u0107 siebie, odporno\u015b\u0107 i wyobra\u017ani\u0119 \u2013 zawsze z dzieckiem w roli bohatera. To warto\u015bciowy rytua\u0142 czytania, kt\u00f3ry rozwija si\u0119 wraz z dzieckiem.<\/p>","protected":false},"featured_media":0,"comment_status":"open","ping_status":"closed","template":"","meta":{"_acf_changed":false,"site-sidebar-layout":"default","site-content-layout":"","ast-site-content-layout":"default","site-content-style":"default","site-sidebar-style":"default","ast-global-header-display":"","ast-banner-title-visibility":"","ast-main-header-display":"","ast-hfb-above-header-display":"","ast-hfb-below-header-display":"","ast-hfb-mobile-header-display":"","site-post-title":"","ast-breadcrumbs-content":"","ast-featured-img":"","footer-sml-layout":"","theme-transparent-header-meta":"default","adv-header-id-meta":"","stick-header-meta":"","header-above-stick-meta":"","header-main-stick-meta":"","header-below-stick-meta":"","astra-migrate-meta-layouts":"set","ast-page-background-enabled":"default","ast-page-background-meta":{"desktop":{"background-color":"var(--ast-global-color-5)","background-image":"","background-repeat":"repeat","background-position":"center center","background-size":"auto","background-attachment":"scroll","background-type":"","background-media":"","overlay-type":"","overlay-color":"","overlay-opacity":"","overlay-gradient":""},"tablet":{"background-color":"","background-image":"","background-repeat":"repeat","background-position":"center center","background-size":"auto","background-attachment":"scroll","background-type":"","background-media":"","overlay-type":"","overlay-color":"","overlay-opacity":"","overlay-gradient":""},"mobile":{"background-color":"","background-image":"","background-repeat":"repeat","background-position":"center center","background-size":"auto","background-attachment":"scroll","background-type":"","background-media":"","overlay-type":"","overlay-color":"","overlay-opacity":"","overlay-gradient":""}},"ast-content-background-meta":{"desktop":{"background-color":"var(--ast-global-color-4)","background-image":"","background-repeat":"repeat","background-position":"center center","background-size":"auto","background-attachment":"scroll","background-type":"","background-media":"","overlay-type":"","overlay-color":"","overlay-opacity":"","overlay-gradient":""},"tablet":{"background-color":"var(--ast-global-color-4)","background-image":"","background-repeat":"repeat","background-position":"center center","background-size":"auto","background-attachment":"scroll","background-type":"","background-media":"","overlay-type":"","overlay-color":"","overlay-opacity":"","overlay-gradient":""},"mobile":{"background-color":"var(--ast-global-color-4)","background-image":"","background-repeat":"repeat","background-position":"center center","background-size":"auto","background-attachment":"scroll","background-type":"","background-media":"","overlay-type":"","overlay-color":"","overlay-opacity":"","overlay-gradient":""}},"_glsr_average":0,"_glsr_ranking":0,"_glsr_reviews":0},"product_brand":[],"product_cat":[168,18],"product_tag":[],"class_list":{"0":"post-4400","1":"product","2":"type-product","3":"status-publish","5":"product_cat-digital-book","6":"product_cat-uncategorized","7":"desktop-align-left","8":"tablet-align-left","9":"mobile-align-left","11":"first","12":"instock","13":"taxable","14":"shipping-taxable","15":"purchasable","16":"product-type-variable"},"acf":[],"_links":{"self":[{"href":"https:\/\/mibooko.com\/pl\/wp-json\/wp\/v2\/product\/4400","targetHints":{"allow":["GET"]}}],"collection":[{"href":"https:\/\/mibooko.com\/pl\/wp-json\/wp\/v2\/product"}],"about":[{"href":"https:\/\/mibooko.com\/pl\/wp-json\/wp\/v2\/types\/product"}],"replies":[{"embeddable":true,"href":"https:\/\/mibooko.com\/pl\/wp-json\/wp\/v2\/comments?post=4400"}],"wp:attachment":[{"href":"https:\/\/mibooko.com\/pl\/wp-json\/wp\/v2\/media?parent=4400"}],"wp:term":[{"taxonomy":"product_brand","embeddable":true,"href":"https:\/\/mibooko.com\/pl\/wp-json\/wp\/v2\/product_brand?post=4400"},{"taxonomy":"product_cat","embeddable":true,"href":"https:\/\/mibooko.com\/pl\/wp-json\/wp\/v2\/product_cat?post=4400"},{"taxonomy":"product_tag","embeddable":true,"href":"https:\/\/mibooko.com\/pl\/wp-json\/wp\/v2\/product_tag?post=4400"}],"curies":[{"name":"wp","href":"https:\/\/api.w.org\/{rel}","templated":true}]}}