{"id":6012,"date":"2025-11-27T00:45:27","date_gmt":"2025-11-26T23:45:27","guid":{"rendered":"https:\/\/mibooko.com\/?post_type=product&#038;p=6012"},"modified":"2026-03-18T19:54:26","modified_gmt":"2026-03-18T18:54:26","slug":"special-moment-personalized-book","status":"publish","type":"product","link":"https:\/\/mibooko.com\/pl\/product\/special-moment-personalized-book\/","title":{"rendered":"Spersonalizowana ksi\u0105\u017cka \u201eSpecjalny moment\u201d"},"content":{"rendered":"<p>Ksi\u0105\u017cka \u201eSpecjalne Chwile\u201d to w pe\u0142ni spersonalizowana opowie\u015b\u0107 dla dzieci, stworzona, by celebrowa\u0107, czci\u0107 i upami\u0119tnia\u0107 najwa\u017cniejsze chwile. Niezale\u017cnie od tego, czy s\u0105 radosne, \u015bwi\u0105teczne, wzruszaj\u0105ce czy sk\u0142aniaj\u0105ce do refleksji, ta ksi\u0105\u017cka przekszta\u0142ci wybran\u0105 okazj\u0119 w pi\u0119knie ilustrowan\u0105 przygod\u0119, w kt\u00f3rej Twoje dziecko stanie si\u0119 g\u0142\u00f3wnym bohaterem.<\/p>\n<p>Zaczynamy od personalizacji imienia, wygl\u0105du i cz\u0142onk\u00f3w rodziny dziecka, kt\u00f3rzy pojawiaj\u0105 si\u0119 obok niego. Dodaj osobist\u0105 dedykacj\u0119, wybierz nastr\u00f3j chwili i obserwuj, jak historia b\u0142yskawicznie si\u0119 zmienia. Gotowa ksi\u0105\u017cka jest dost\u0119pna w \u0142atwych w u\u017cyciu formatach PDF i EPUB, idealnych do czytania na dowolnym urz\u0105dzeniu lub do wydrukowania w domu jako pami\u0105tka. W zale\u017cno\u015bci od j\u0119zyka mo\u017ce by\u0107 r\u00f3wnie\u017c dost\u0119pna opcjonalna narracja z syntezatorem mowy.<\/p>\n<p>To wydanie jest idealne dla rodzic\u00f3w, kt\u00f3rzy chc\u0105 przeczyta\u0107 kr\u00f3tk\u0105, wzruszaj\u0105c\u0105 histori\u0119, kt\u00f3ra jednocze\u015bnie oddaje istot\u0119 wydarzenia.<\/p>\n<p><strong>Okazje, w kt\u00f3rych mo\u017cesz stworzy\u0107 histori\u0119<\/strong><\/p>\n<p>Nasza Ksi\u0119ga Specjalnych Chwil obejmuje obecnie szeroki wyb\u00f3r wydarze\u0144 rodzinnych i kulturalnych, w tym:<\/p>\n<ul>\n<li>Urodziny<\/li>\n<li>Bo\u017ce Narodzenie<\/li>\n<li>Nowy Rok<\/li>\n<li>Wielkanoc<\/li>\n<li>Eid Mubarak<\/li>\n<li>Chag Sameach<\/li>\n<li>Imieniny<\/li>\n<li>Dzie\u0144 Matki<\/li>\n<li>Dzie\u0144 Ojca<\/li>\n<li>Dzie\u0144 Dziecka<\/li>\n<li>Nowe dziecko \/ Witamy na \u015bwiecie<\/li>\n<li>Halloween<\/li>\n<li>Diwali<\/li>\n<li>Walentynki<\/li>\n<li>Ksi\u0119\u017cycowy Nowy Rok (motyw Ognistego Konia)<\/li>\n<li>Pogrzeb \/ Po\u017cegnanie \/ Wspomnienie \u2014 delikatna, oparta na pocieszeniu opowie\u015b\u0107<\/li>\n<\/ul>\n<p>Je\u015bli Twojego momentu nie ma na li\u015bcie, mo\u017cesz wybra\u0107 opcj\u0119 \u201cInne okazje\u201d podczas personalizacji i opisa\u0107 sw\u00f3j scenariusz. Nasz system dostosuje histori\u0119 z szacunkiem do potrzeb Twojej rodziny.<br \/>\n<strong>Dlaczego rodziny kochaj\u0105 ksi\u0105\u017ck\u0119 \u201eWyj\u0105tkowe chwile\u201d<\/strong><\/p>\n<ul>\n<li>Znacz\u0105ca pami\u0105tka wa\u017cnych wydarze\u0144 lub emocjonalnych przemian<\/li>\n<li>Spersonalizowany bohater, rodzina i wiadomo\u015b\u0107<\/li>\n<li>Delikatne tony opowie\u015bci dopasowane do Twojej okazji<\/li>\n<li>Natychmiastowy dost\u0119p \u2014 nie wymaga wysy\u0142ki<\/li>\n<li>Idealne dla rodzin, krewnych i os\u00f3b daj\u0105cych przemy\u015blane prezenty<\/li>\n<\/ul>\n<p>Ta ksi\u0105\u017cka stanie si\u0119 cenn\u0105 pami\u0105tk\u0105, kt\u00f3ra b\u0119dzie ros\u0142a wraz z dzieckiem \u2014 czym\u015b, do czego b\u0119dzie ono wraca\u0107 co roku, jako cz\u0119\u015b\u0107 rodzinnej tradycji opowiadania historii.<\/p>","protected":false},"excerpt":{"rendered":"<p>Spersonalizowana ksi\u0105\u017cka dla dzieci stworzona na ka\u017cd\u0105 szczeg\u00f3ln\u0105 okazj\u0119 \u2014 urodziny, \u015bwi\u0119ta, narodziny dziecka czy inne okazje. Dostosuj imi\u0119 dziecka, wygl\u0105d, cz\u0142onk\u00f3w rodziny i dedykacj\u0119. Natychmiastowa dostawa w formacie PDF i EPUB do druku w domu lub do czytania w wersji cyfrowej.<\/p>","protected":false},"featured_media":0,"comment_status":"open","ping_status":"closed","template":"","meta":{"_acf_changed":false,"site-sidebar-layout":"default","site-content-layout":"","ast-site-content-layout":"default","site-content-style":"default","site-sidebar-style":"default","ast-global-header-display":"","ast-banner-title-visibility":"","ast-main-header-display":"","ast-hfb-above-header-display":"","ast-hfb-below-header-display":"","ast-hfb-mobile-header-display":"","site-post-title":"","ast-breadcrumbs-content":"","ast-featured-img":"","footer-sml-layout":"","theme-transparent-header-meta":"default","adv-header-id-meta":"","stick-header-meta":"","header-above-stick-meta":"","header-main-stick-meta":"","header-below-stick-meta":"","astra-migrate-meta-layouts":"set","ast-page-background-enabled":"default","ast-page-background-meta":{"desktop":{"background-color":"var(--ast-global-color-5)","background-image":"","background-repeat":"repeat","background-position":"center center","background-size":"auto","background-attachment":"scroll","background-type":"","background-media":"","overlay-type":"","overlay-color":"","overlay-opacity":"","overlay-gradient":""},"tablet":{"background-color":"","background-image":"","background-repeat":"repeat","background-position":"center center","background-size":"auto","background-attachment":"scroll","background-type":"","background-media":"","overlay-type":"","overlay-color":"","overlay-opacity":"","overlay-gradient":""},"mobile":{"background-color":"","background-image":"","background-repeat":"repeat","background-position":"center center","background-size":"auto","background-attachment":"scroll","background-type":"","background-media":"","overlay-type":"","overlay-color":"","overlay-opacity":"","overlay-gradient":""}},"ast-content-background-meta":{"desktop":{"background-color":"var(--ast-global-color-4)","background-image":"","background-repeat":"repeat","background-position":"center center","background-size":"auto","background-attachment":"scroll","background-type":"","background-media":"","overlay-type":"","overlay-color":"","overlay-opacity":"","overlay-gradient":""},"tablet":{"background-color":"var(--ast-global-color-4)","background-image":"","background-repeat":"repeat","background-position":"center center","background-size":"auto","background-attachment":"scroll","background-type":"","background-media":"","overlay-type":"","overlay-color":"","overlay-opacity":"","overlay-gradient":""},"mobile":{"background-color":"var(--ast-global-color-4)","background-image":"","background-repeat":"repeat","background-position":"center center","background-size":"auto","background-attachment":"scroll","background-type":"","background-media":"","overlay-type":"","overlay-color":"","overlay-opacity":"","overlay-gradient":""}},"_glsr_average":0,"_glsr_ranking":0,"_glsr_reviews":0},"product_brand":[],"product_cat":[168,18],"product_tag":[],"class_list":{"0":"post-6012","1":"product","2":"type-product","3":"status-publish","5":"product_cat-digital-book","6":"product_cat-uncategorized","7":"desktop-align-left","8":"tablet-align-left","9":"mobile-align-left","11":"first","12":"instock","13":"downloadable","14":"taxable","15":"shipping-taxable","16":"purchasable","17":"product-type-simple"},"acf":[],"_links":{"self":[{"href":"https:\/\/mibooko.com\/pl\/wp-json\/wp\/v2\/product\/6012","targetHints":{"allow":["GET"]}}],"collection":[{"href":"https:\/\/mibooko.com\/pl\/wp-json\/wp\/v2\/product"}],"about":[{"href":"https:\/\/mibooko.com\/pl\/wp-json\/wp\/v2\/types\/product"}],"replies":[{"embeddable":true,"href":"https:\/\/mibooko.com\/pl\/wp-json\/wp\/v2\/comments?post=6012"}],"wp:attachment":[{"href":"https:\/\/mibooko.com\/pl\/wp-json\/wp\/v2\/media?parent=6012"}],"wp:term":[{"taxonomy":"product_brand","embeddable":true,"href":"https:\/\/mibooko.com\/pl\/wp-json\/wp\/v2\/product_brand?post=6012"},{"taxonomy":"product_cat","embeddable":true,"href":"https:\/\/mibooko.com\/pl\/wp-json\/wp\/v2\/product_cat?post=6012"},{"taxonomy":"product_tag","embeddable":true,"href":"https:\/\/mibooko.com\/pl\/wp-json\/wp\/v2\/product_tag?post=6012"}],"curies":[{"name":"wp","href":"https:\/\/api.w.org\/{rel}","templated":true}]}}