{"id":6013,"date":"2025-11-27T00:56:33","date_gmt":"2025-11-26T23:56:33","guid":{"rendered":"https:\/\/mibooko.com\/?post_type=product&#038;p=6013"},"modified":"2026-03-18T19:54:06","modified_gmt":"2026-03-18T18:54:06","slug":"special-moment-personalized-storybook","status":"publish","type":"product","link":"https:\/\/mibooko.com\/pl\/product\/special-moment-personalized-storybook\/","title":{"rendered":"Spersonalizowana ksi\u0105\u017cka z opowie\u015bciami o wyj\u0105tkowych chwilach"},"content":{"rendered":"<p data-start=\"2842\" data-end=\"3189\">Ten <strong data-start=\"2846\" data-end=\"2874\">Ksi\u0105\u017cka z opowie\u015bciami o wyj\u0105tkowych chwilach<\/strong> to rozbudowana, bogato ilustrowana opowie\u015b\u0107 dla dzieci przeznaczona dla rodzin, kt\u00f3re pragn\u0105 g\u0142\u0119bszej, bardziej ekspresyjnej narracji wok\u00f3\u0142 wa\u017cnego wydarzenia. Dzi\u0119ki wi\u0119kszej liczbie scen, wyrafinowanym przemianom emocjonalnym i dodatkowym ilustracjom, ta ksi\u0105\u017cka z opowiadaniami tworzy wci\u0105gaj\u0105ce do\u015bwiadczenie czytelnicze, w kt\u00f3rym Twoje dziecko jest bohaterem.<\/p>\n<p data-start=\"3191\" data-end=\"3644\">Spersonalizuj imi\u0119, wygl\u0105d i cz\u0142onk\u00f3w rodziny swojego dziecka, a nast\u0119pnie dodaj serdeczn\u0105 dedykacj\u0119, aby nada\u0107 mu emocjonalny ton. Historia dopasowuje si\u0119 do wybranej chwili \u2013 czy jest radosna i radosna, czy \u0142agodna i koj\u0105ca. Po uko\u0144czeniu natychmiast otrzymasz spersonalizowan\u0105 ksi\u0105\u017ceczk\u0119 z opowiadaniami. <strong data-start=\"3486\" data-end=\"3510\">Formaty PDF i EPUB<\/strong>, gotowe do czytania w wersji cyfrowej lub do druku w domu. Opcjonalnie <strong data-start=\"3573\" data-end=\"3590\">Narracja TTS<\/strong> jest r\u00f3wnie\u017c oferowany.<\/p>\n<p data-start=\"3646\" data-end=\"3803\">Ta ksi\u0105\u017cka z opowiadaniami jest idealna dla rodzin, kt\u00f3re chc\u0105 stworzy\u0107 g\u0142\u0119bsz\u0105 wi\u0119\u017a, piel\u0119gnowa\u0107 porozumienie emocjonalne lub z trosk\u0105 zachowa\u0107 wa\u017cny moment w swoim \u017cyciu.<\/p>\n<h3 data-start=\"3805\" data-end=\"3832\"><strong data-start=\"3809\" data-end=\"3832\">Obs\u0142ugiwane okazje<\/strong><\/h3>\n<p data-start=\"3833\" data-end=\"3939\">Mo\u017cesz stworzy\u0107 spersonalizowan\u0105 ksi\u0105\u017ck\u0119 z opowie\u015bciami na temat wszystkich wa\u017cnych wydarze\u0144 rodzinnych, kulturalnych i sentymentalnych, w tym:<\/p>\n<ul data-start=\"3941\" data-end=\"4335\">\n<li data-start=\"3941\" data-end=\"3957\">\n<p data-start=\"3943\" data-end=\"3957\">Urodziny<\/p>\n<\/li>\n<li data-start=\"3958\" data-end=\"3975\">\n<p data-start=\"3960\" data-end=\"3975\">Bo\u017ce Narodzenie<\/p>\n<\/li>\n<li data-start=\"3976\" data-end=\"3992\">\n<p data-start=\"3978\" data-end=\"3992\">Nowy Rok<\/p>\n<\/li>\n<li data-start=\"3993\" data-end=\"4007\">\n<p data-start=\"3995\" data-end=\"4007\">Wielkanoc<\/p>\n<\/li>\n<li data-start=\"4008\" data-end=\"4027\">\n<p data-start=\"4010\" data-end=\"4027\">Eid Mubarak<\/p>\n<\/li>\n<li data-start=\"4028\" data-end=\"4048\">\n<p data-start=\"4030\" data-end=\"4048\">Chag Sameach<\/p>\n<\/li>\n<li data-start=\"4049\" data-end=\"4065\">\n<p data-start=\"4051\" data-end=\"4065\">Imieniny<\/p>\n<\/li>\n<li data-start=\"4066\" data-end=\"4086\">\n<p data-start=\"4068\" data-end=\"4086\">Dzie\u0144 Matki<\/p>\n<\/li>\n<li data-start=\"4087\" data-end=\"4107\">\n<p data-start=\"4089\" data-end=\"4107\">Dzie\u0144 Ojca<\/p>\n<\/li>\n<li data-start=\"4108\" data-end=\"4130\">\n<p data-start=\"4110\" data-end=\"4130\">Dzie\u0144 Dziecka<\/p>\n<\/li>\n<li data-start=\"4131\" data-end=\"4155\">\n<p data-start=\"4133\" data-end=\"4155\">Przybycie nowego dziecka<\/p>\n<\/li>\n<li data-start=\"4156\" data-end=\"4173\">\n<p data-start=\"4158\" data-end=\"4173\">Halloween<\/p>\n<\/li>\n<li data-start=\"4174\" data-end=\"4188\">\n<p data-start=\"4176\" data-end=\"4188\">Diwali<\/p>\n<\/li>\n<li data-start=\"4189\" data-end=\"4212\">\n<p data-start=\"4191\" data-end=\"4212\">Walentynki<\/p>\n<\/li>\n<li data-start=\"4213\" data-end=\"4248\">\n<p data-start=\"4215\" data-end=\"4248\">Ksi\u0119\u017cycowy Nowy Rok (Ognisty Ko\u0144)<\/p>\n<\/li>\n<li data-start=\"4249\" data-end=\"4335\">\n<p data-start=\"4251\" data-end=\"4335\">Ksi\u0119ga pogrzebowa \/ po\u017cegnalna \/ pami\u0105tkowa \u2014 zaprojektowana z wra\u017cliwo\u015bci\u0105 dla m\u0142odych czytelnik\u00f3w<\/p>\n<\/li>\n<\/ul>\n<p data-start=\"4337\" data-end=\"4449\">Mo\u017cesz r\u00f3wnie\u017c wybra\u0107 <strong data-start=\"4357\" data-end=\"4377\">\u201cInne okazje\u201d<\/strong> je\u015bli chcesz, aby historia zosta\u0142a stworzona wok\u00f3\u0142 wyj\u0105tkowego wydarzenia rodzinnego, takiego jak:<\/p>\n<ul data-start=\"4450\" data-end=\"4589\">\n<li data-start=\"4450\" data-end=\"4473\">\n<p data-start=\"4452\" data-end=\"4473\">Pierwszy dzie\u0144 szko\u0142y<\/p>\n<\/li>\n<li data-start=\"4474\" data-end=\"4500\">\n<p data-start=\"4476\" data-end=\"4500\">Powr\u00f3t do zdrowia po chorobie<\/p>\n<\/li>\n<li data-start=\"4501\" data-end=\"4516\">\n<p data-start=\"4503\" data-end=\"4516\">Przeprowadzka<\/p>\n<\/li>\n<li data-start=\"4517\" data-end=\"4533\">\n<p data-start=\"4519\" data-end=\"4533\">Dzie\u0144 adopcji<\/p>\n<\/li>\n<li data-start=\"4534\" data-end=\"4558\">\n<p data-start=\"4536\" data-end=\"4558\">Specjalne osi\u0105gni\u0119cia<\/p>\n<\/li>\n<li data-start=\"4559\" data-end=\"4589\">\n<p data-start=\"4561\" data-end=\"4589\">Spotkania rodzinne lub podr\u00f3\u017ce<\/p>\n<\/li>\n<\/ul>\n<h3 data-start=\"4591\" data-end=\"4636\">Dlaczego rodziny wybieraj\u0105 wydanie ksi\u0105\u017ckowe<\/h3>\n<ul data-start=\"4637\" data-end=\"4977\">\n<li data-start=\"4637\" data-end=\"4689\">\n<p data-start=\"4639\" data-end=\"4689\">G\u0142\u0119bsze do\u015bwiadczenie narracyjne z rozszerzonymi scenami<\/p>\n<\/li>\n<li data-start=\"4690\" data-end=\"4746\">\n<p data-start=\"4692\" data-end=\"4746\">Dodatkowe ilustracje dla bogatszego oddzia\u0142ywania emocjonalnego<\/p>\n<\/li>\n<li data-start=\"4747\" data-end=\"4796\">\n<p data-start=\"4749\" data-end=\"4796\">Idealny do tworzenia wspomnie\u0144, rytua\u0142\u00f3w i obrz\u0119d\u00f3w<\/p>\n<\/li>\n<li data-start=\"4797\" data-end=\"4847\">\n<p data-start=\"4799\" data-end=\"4847\">Spersonalizowany bohater, obsada rodzinna i po\u015bwi\u0119cenie<\/p>\n<\/li>\n<li data-start=\"4848\" data-end=\"4903\">\n<p data-start=\"4850\" data-end=\"4903\">Natychmiastowa dostawa cyfrowa \u2014 przeczytaj dzi\u015b, oszcz\u0119dzaj na zawsze<\/p>\n<\/li>\n<li data-start=\"4904\" data-end=\"4977\">\n<p data-start=\"4906\" data-end=\"4977\">Trwa\u0142a pami\u0105tka na uroczysto\u015bci, przej\u015bcia i chwile uzdrowienia<\/p>\n<\/li>\n<\/ul>\n<p data-start=\"4979\" data-end=\"5140\">Ksi\u0105\u017cka \u201eSpecjalne chwile\u201d staje si\u0119 czym\u015b wi\u0119cej ni\u017c tylko opowie\u015bci\u0105 \u2014 staje si\u0119 rodzinnym artefaktem, przekazywanym z roku na rok w ramach wsp\u00f3lnej emocjonalnej podr\u00f3\u017cy.<\/p>","protected":false},"excerpt":{"rendered":"<p>Bogato ilustrowana, spersonalizowana ksi\u0105\u017cka dla dzieci, stworzona z my\u015bl\u0105 o najwa\u017cniejszych chwilach w \u017cyciu. Dodaj imi\u0119, wygl\u0105d, rodzin\u0119 i szczere oddanie swojego dziecka, aby ta historia by\u0142a naprawd\u0119 niezapomniana.<\/p>","protected":false},"featured_media":0,"comment_status":"open","ping_status":"closed","template":"","meta":{"_acf_changed":false,"site-sidebar-layout":"default","site-content-layout":"","ast-site-content-layout":"default","site-content-style":"default","site-sidebar-style":"default","ast-global-header-display":"","ast-banner-title-visibility":"","ast-main-header-display":"","ast-hfb-above-header-display":"","ast-hfb-below-header-display":"","ast-hfb-mobile-header-display":"","site-post-title":"","ast-breadcrumbs-content":"","ast-featured-img":"","footer-sml-layout":"","theme-transparent-header-meta":"default","adv-header-id-meta":"","stick-header-meta":"","header-above-stick-meta":"","header-main-stick-meta":"","header-below-stick-meta":"","astra-migrate-meta-layouts":"set","ast-page-background-enabled":"default","ast-page-background-meta":{"desktop":{"background-color":"var(--ast-global-color-5)","background-image":"","background-repeat":"repeat","background-position":"center center","background-size":"auto","background-attachment":"scroll","background-type":"","background-media":"","overlay-type":"","overlay-color":"","overlay-opacity":"","overlay-gradient":""},"tablet":{"background-color":"","background-image":"","background-repeat":"repeat","background-position":"center center","background-size":"auto","background-attachment":"scroll","background-type":"","background-media":"","overlay-type":"","overlay-color":"","overlay-opacity":"","overlay-gradient":""},"mobile":{"background-color":"","background-image":"","background-repeat":"repeat","background-position":"center center","background-size":"auto","background-attachment":"scroll","background-type":"","background-media":"","overlay-type":"","overlay-color":"","overlay-opacity":"","overlay-gradient":""}},"ast-content-background-meta":{"desktop":{"background-color":"var(--ast-global-color-4)","background-image":"","background-repeat":"repeat","background-position":"center center","background-size":"auto","background-attachment":"scroll","background-type":"","background-media":"","overlay-type":"","overlay-color":"","overlay-opacity":"","overlay-gradient":""},"tablet":{"background-color":"var(--ast-global-color-4)","background-image":"","background-repeat":"repeat","background-position":"center center","background-size":"auto","background-attachment":"scroll","background-type":"","background-media":"","overlay-type":"","overlay-color":"","overlay-opacity":"","overlay-gradient":""},"mobile":{"background-color":"var(--ast-global-color-4)","background-image":"","background-repeat":"repeat","background-position":"center center","background-size":"auto","background-attachment":"scroll","background-type":"","background-media":"","overlay-type":"","overlay-color":"","overlay-opacity":"","overlay-gradient":""}},"_glsr_average":0,"_glsr_ranking":0,"_glsr_reviews":0},"product_brand":[],"product_cat":[168,18],"product_tag":[],"class_list":{"0":"post-6013","1":"product","2":"type-product","3":"status-publish","5":"product_cat-digital-book","6":"product_cat-uncategorized","7":"desktop-align-left","8":"tablet-align-left","9":"mobile-align-left","11":"first","12":"instock","13":"downloadable","14":"taxable","15":"shipping-taxable","16":"purchasable","17":"product-type-simple"},"acf":[],"_links":{"self":[{"href":"https:\/\/mibooko.com\/pl\/wp-json\/wp\/v2\/product\/6013","targetHints":{"allow":["GET"]}}],"collection":[{"href":"https:\/\/mibooko.com\/pl\/wp-json\/wp\/v2\/product"}],"about":[{"href":"https:\/\/mibooko.com\/pl\/wp-json\/wp\/v2\/types\/product"}],"replies":[{"embeddable":true,"href":"https:\/\/mibooko.com\/pl\/wp-json\/wp\/v2\/comments?post=6013"}],"wp:attachment":[{"href":"https:\/\/mibooko.com\/pl\/wp-json\/wp\/v2\/media?parent=6013"}],"wp:term":[{"taxonomy":"product_brand","embeddable":true,"href":"https:\/\/mibooko.com\/pl\/wp-json\/wp\/v2\/product_brand?post=6013"},{"taxonomy":"product_cat","embeddable":true,"href":"https:\/\/mibooko.com\/pl\/wp-json\/wp\/v2\/product_cat?post=6013"},{"taxonomy":"product_tag","embeddable":true,"href":"https:\/\/mibooko.com\/pl\/wp-json\/wp\/v2\/product_tag?post=6013"}],"curies":[{"name":"wp","href":"https:\/\/api.w.org\/{rel}","templated":true}]}}