{"id":6661,"date":"2025-12-09T23:33:26","date_gmt":"2025-12-09T22:33:26","guid":{"rendered":"https:\/\/mibooko.com\/?post_type=product&#038;p=6661"},"modified":"2026-03-18T19:53:00","modified_gmt":"2026-03-18T18:53:00","slug":"softcover-storybook","status":"publish","type":"product","link":"https:\/\/mibooko.com\/pl\/product\/softcover-storybook\/","title":{"rendered":"Ksi\u0105\u017cka w mi\u0119kkiej oprawie"},"content":{"rendered":"<p data-start=\"1495\" data-end=\"1736\">Ten dodatek w mi\u0119kkiej oprawie w formie ksi\u0105\u017ceczki zmieni Twoj\u0105 spersonalizowan\u0105 przygod\u0119 MIBOOKO w wysokiej jako\u015bci ksi\u0105\u017ck\u0119 drukowan\u0105.<br data-start=\"644\" data-end=\"647\" \/>Mi\u0119kka w dotyku ok\u0142adka i trwa\u0142y papier sprawiaj\u0105, \u017ce ksi\u0105\u017cka idealnie nadaje si\u0119 dla m\u0142odszych czytelnik\u00f3w i mo\u017cna j\u0105 wielokrotnie wykorzystywa\u0107.<br data-start=\"737\" data-end=\"740\" \/>Wydrukowano w \u017cywych kolorach, przy u\u017cyciu bezpiecznych dla dzieci tuszy, na materia\u0142ach najwy\u017cszej jako\u015bci.<\/p>","protected":false},"excerpt":{"rendered":"<p data-start=\"419\" data-end=\"499\">Lekka, pi\u0119knie wydana ksi\u0105\u017cka z opowiadaniami w mi\u0119kkiej oprawie. Idealna do codziennego czytania.<\/p>","protected":false},"featured_media":10376,"comment_status":"open","ping_status":"closed","template":"","meta":{"_acf_changed":false,"site-sidebar-layout":"default","site-content-layout":"","ast-site-content-layout":"default","site-content-style":"default","site-sidebar-style":"default","ast-global-header-display":"","ast-banner-title-visibility":"","ast-main-header-display":"","ast-hfb-above-header-display":"","ast-hfb-below-header-display":"","ast-hfb-mobile-header-display":"","site-post-title":"","ast-breadcrumbs-content":"","ast-featured-img":"","footer-sml-layout":"","theme-transparent-header-meta":"default","adv-header-id-meta":"","stick-header-meta":"","header-above-stick-meta":"","header-main-stick-meta":"","header-below-stick-meta":"","astra-migrate-meta-layouts":"set","ast-page-background-enabled":"default","ast-page-background-meta":{"desktop":{"background-color":"var(--ast-global-color-5)","background-image":"","background-repeat":"repeat","background-position":"center center","background-size":"auto","background-attachment":"scroll","background-type":"","background-media":"","overlay-type":"","overlay-color":"","overlay-opacity":"","overlay-gradient":""},"tablet":{"background-color":"","background-image":"","background-repeat":"repeat","background-position":"center center","background-size":"auto","background-attachment":"scroll","background-type":"","background-media":"","overlay-type":"","overlay-color":"","overlay-opacity":"","overlay-gradient":""},"mobile":{"background-color":"","background-image":"","background-repeat":"repeat","background-position":"center center","background-size":"auto","background-attachment":"scroll","background-type":"","background-media":"","overlay-type":"","overlay-color":"","overlay-opacity":"","overlay-gradient":""}},"ast-content-background-meta":{"desktop":{"background-color":"var(--ast-global-color-4)","background-image":"","background-repeat":"repeat","background-position":"center center","background-size":"auto","background-attachment":"scroll","background-type":"","background-media":"","overlay-type":"","overlay-color":"","overlay-opacity":"","overlay-gradient":""},"tablet":{"background-color":"var(--ast-global-color-4)","background-image":"","background-repeat":"repeat","background-position":"center center","background-size":"auto","background-attachment":"scroll","background-type":"","background-media":"","overlay-type":"","overlay-color":"","overlay-opacity":"","overlay-gradient":""},"mobile":{"background-color":"var(--ast-global-color-4)","background-image":"","background-repeat":"repeat","background-position":"center center","background-size":"auto","background-attachment":"scroll","background-type":"","background-media":"","overlay-type":"","overlay-color":"","overlay-opacity":"","overlay-gradient":""}},"_glsr_average":0,"_glsr_ranking":0,"_glsr_reviews":0},"product_brand":[],"product_cat":[169,174,18],"product_tag":[],"class_list":{"0":"post-6661","1":"product","2":"type-product","3":"status-publish","4":"has-post-thumbnail","6":"product_cat-add-on","7":"product_cat-physical","8":"product_cat-uncategorized","9":"product_shipping_class-printed-book-addon","10":"desktop-align-left","11":"tablet-align-left","12":"mobile-align-left","14":"first","15":"instock","16":"downloadable","17":"taxable","18":"shipping-taxable","19":"purchasable","20":"product-type-simple"},"acf":[],"_links":{"self":[{"href":"https:\/\/mibooko.com\/pl\/wp-json\/wp\/v2\/product\/6661","targetHints":{"allow":["GET"]}}],"collection":[{"href":"https:\/\/mibooko.com\/pl\/wp-json\/wp\/v2\/product"}],"about":[{"href":"https:\/\/mibooko.com\/pl\/wp-json\/wp\/v2\/types\/product"}],"replies":[{"embeddable":true,"href":"https:\/\/mibooko.com\/pl\/wp-json\/wp\/v2\/comments?post=6661"}],"wp:featuredmedia":[{"embeddable":true,"href":"https:\/\/mibooko.com\/pl\/wp-json\/wp\/v2\/media\/10376"}],"wp:attachment":[{"href":"https:\/\/mibooko.com\/pl\/wp-json\/wp\/v2\/media?parent=6661"}],"wp:term":[{"taxonomy":"product_brand","embeddable":true,"href":"https:\/\/mibooko.com\/pl\/wp-json\/wp\/v2\/product_brand?post=6661"},{"taxonomy":"product_cat","embeddable":true,"href":"https:\/\/mibooko.com\/pl\/wp-json\/wp\/v2\/product_cat?post=6661"},{"taxonomy":"product_tag","embeddable":true,"href":"https:\/\/mibooko.com\/pl\/wp-json\/wp\/v2\/product_tag?post=6661"}],"curies":[{"name":"wp","href":"https:\/\/api.w.org\/{rel}","templated":true}]}}