{"id":6665,"date":"2025-12-09T23:49:39","date_gmt":"2025-12-09T22:49:39","guid":{"rendered":"https:\/\/mibooko.com\/?post_type=product&#038;p=6665"},"modified":"2026-03-18T19:51:55","modified_gmt":"2026-03-18T18:51:55","slug":"audiobook-story-narration","status":"publish","type":"product","link":"https:\/\/mibooko.com\/pl\/product\/audiobook-story-narration\/","title":{"rendered":"Dodatek do narracji audiobook\u00f3w"},"content":{"rendered":"<p data-start=\"1495\" data-end=\"1736\">O\u017cyw swoj\u0105 histori\u0119 dzi\u0119ki ekspresyjnej narracji generowanej przez sztuczn\u0105 inteligencj\u0119.<br data-start=\"3877\" data-end=\"3880\" \/>Twoja opowie\u015b\u0107 MIBOOKO przekszta\u0142ca si\u0119 w ciep\u0142e, anga\u017cuj\u0105ce do\u015bwiadczenie d\u017awi\u0119kowe, z kt\u00f3rego dzieci mog\u0105 korzysta\u0107 samodzielnie lub przed snem.<br data-start=\"4009\" data-end=\"4012\" \/>Narracja jest generowana automatycznie i dzia\u0142a <strong data-start=\"4067\" data-end=\"4103\">zar\u00f3wno wydanie ksi\u0105\u017ckowe, jak i ksi\u0105\u017ckowe<\/strong> bez \u017cadnej r\u00f3\u017cnicy w cenie.<\/p>","protected":false},"excerpt":{"rendered":"<p data-start=\"419\" data-end=\"499\">Wysokiej jako\u015bci narracja AI Twojej spersonalizowanej historii, gotowa do s\u0142uchania w ka\u017cdej chwili.<\/p>","protected":false},"featured_media":10246,"comment_status":"open","ping_status":"closed","template":"","meta":{"_acf_changed":false,"site-sidebar-layout":"default","site-content-layout":"","ast-site-content-layout":"default","site-content-style":"default","site-sidebar-style":"default","ast-global-header-display":"","ast-banner-title-visibility":"","ast-main-header-display":"","ast-hfb-above-header-display":"","ast-hfb-below-header-display":"","ast-hfb-mobile-header-display":"","site-post-title":"","ast-breadcrumbs-content":"","ast-featured-img":"","footer-sml-layout":"","theme-transparent-header-meta":"default","adv-header-id-meta":"","stick-header-meta":"","header-above-stick-meta":"","header-main-stick-meta":"","header-below-stick-meta":"","astra-migrate-meta-layouts":"set","ast-page-background-enabled":"default","ast-page-background-meta":{"desktop":{"background-color":"var(--ast-global-color-5)","background-image":"","background-repeat":"repeat","background-position":"center center","background-size":"auto","background-attachment":"scroll","background-type":"","background-media":"","overlay-type":"","overlay-color":"","overlay-opacity":"","overlay-gradient":""},"tablet":{"background-color":"","background-image":"","background-repeat":"repeat","background-position":"center center","background-size":"auto","background-attachment":"scroll","background-type":"","background-media":"","overlay-type":"","overlay-color":"","overlay-opacity":"","overlay-gradient":""},"mobile":{"background-color":"","background-image":"","background-repeat":"repeat","background-position":"center center","background-size":"auto","background-attachment":"scroll","background-type":"","background-media":"","overlay-type":"","overlay-color":"","overlay-opacity":"","overlay-gradient":""}},"ast-content-background-meta":{"desktop":{"background-color":"var(--ast-global-color-4)","background-image":"","background-repeat":"repeat","background-position":"center center","background-size":"auto","background-attachment":"scroll","background-type":"","background-media":"","overlay-type":"","overlay-color":"","overlay-opacity":"","overlay-gradient":""},"tablet":{"background-color":"var(--ast-global-color-4)","background-image":"","background-repeat":"repeat","background-position":"center center","background-size":"auto","background-attachment":"scroll","background-type":"","background-media":"","overlay-type":"","overlay-color":"","overlay-opacity":"","overlay-gradient":""},"mobile":{"background-color":"var(--ast-global-color-4)","background-image":"","background-repeat":"repeat","background-position":"center center","background-size":"auto","background-attachment":"scroll","background-type":"","background-media":"","overlay-type":"","overlay-color":"","overlay-opacity":"","overlay-gradient":""}},"_glsr_average":0,"_glsr_ranking":0,"_glsr_reviews":0},"product_brand":[],"product_cat":[169,168,18],"product_tag":[],"class_list":{"0":"post-6665","1":"product","2":"type-product","3":"status-publish","4":"has-post-thumbnail","6":"product_cat-add-on","7":"product_cat-digital-book","8":"product_cat-uncategorized","9":"desktop-align-left","10":"tablet-align-left","11":"mobile-align-left","13":"first","14":"instock","15":"downloadable","16":"taxable","17":"shipping-taxable","18":"purchasable","19":"product-type-simple"},"acf":[],"_links":{"self":[{"href":"https:\/\/mibooko.com\/pl\/wp-json\/wp\/v2\/product\/6665","targetHints":{"allow":["GET"]}}],"collection":[{"href":"https:\/\/mibooko.com\/pl\/wp-json\/wp\/v2\/product"}],"about":[{"href":"https:\/\/mibooko.com\/pl\/wp-json\/wp\/v2\/types\/product"}],"replies":[{"embeddable":true,"href":"https:\/\/mibooko.com\/pl\/wp-json\/wp\/v2\/comments?post=6665"}],"wp:featuredmedia":[{"embeddable":true,"href":"https:\/\/mibooko.com\/pl\/wp-json\/wp\/v2\/media\/10246"}],"wp:attachment":[{"href":"https:\/\/mibooko.com\/pl\/wp-json\/wp\/v2\/media?parent=6665"}],"wp:term":[{"taxonomy":"product_brand","embeddable":true,"href":"https:\/\/mibooko.com\/pl\/wp-json\/wp\/v2\/product_brand?post=6665"},{"taxonomy":"product_cat","embeddable":true,"href":"https:\/\/mibooko.com\/pl\/wp-json\/wp\/v2\/product_cat?post=6665"},{"taxonomy":"product_tag","embeddable":true,"href":"https:\/\/mibooko.com\/pl\/wp-json\/wp\/v2\/product_tag?post=6665"}],"curies":[{"name":"wp","href":"https:\/\/api.w.org\/{rel}","templated":true}]}}