{"id":9667,"date":"2026-02-27T23:04:40","date_gmt":"2026-02-27T22:04:40","guid":{"rendered":"https:\/\/mibooko.com\/?post_type=product&#038;p=9667"},"modified":"2026-03-18T19:51:09","modified_gmt":"2026-03-18T18:51:09","slug":"free-personalized-book-for-children","status":"publish","type":"product","link":"https:\/\/mibooko.com\/pl\/product\/free-personalized-book-for-children\/","title":{"rendered":"Darmowa spersonalizowana ksi\u0105\u017cka dla dzieci"},"content":{"rendered":"<p data-start=\"45\" data-end=\"161\">Bezp\u0142atna spersonalizowana ksi\u0105\u017cka dla dzieci: Podaruj swojemu dziecku magiczne do\u015bwiadczenie czytelnicze dzi\u0119ki bezp\u0142atnemu 8-stronicowemu pierwszemu rozdzia\u0142owi w pe\u0142ni spersonalizowanej ksi\u0105\u017cki z opowiadaniami.<\/p>\n<p data-start=\"163\" data-end=\"386\">W tym rozdziale poznasz swoje dziecko jako bohatera i rozpoczniesz przygod\u0119, dzi\u0119ki czemu w ci\u0105gu kilku minut mo\u017cesz przetestowa\u0107 swoje umiej\u0119tno\u015bci, zanim zdecydujesz, czy kontynuowa\u0107 histori\u0119 w formie Nieko\u0144cz\u0105cej si\u0119 Ksi\u0119gi (rozdzia\u0142 po rozdziale) czy te\u017c pe\u0142nometra\u017cowej ksi\u0105\u017cki.<\/p>\n<h3 data-start=\"388\" data-end=\"403\">Idealny dla<\/h3>\n<ul data-start=\"404\" data-end=\"567\">\n<li data-start=\"404\" data-end=\"428\">\n<p data-start=\"406\" data-end=\"428\">szybka lektura przed snem<\/p>\n<\/li>\n<li data-start=\"429\" data-end=\"469\">\n<p data-start=\"431\" data-end=\"469\">wypr\u00f3bowanie personalizacji przed zakupem<\/p>\n<\/li>\n<li data-start=\"470\" data-end=\"515\">\n<p data-start=\"472\" data-end=\"515\">m\u0142odsze dzieci z kr\u00f3tszym czasem koncentracji uwagi<\/p>\n<\/li>\n<li data-start=\"516\" data-end=\"567\">\n<p data-start=\"518\" data-end=\"567\">rodziny, kt\u00f3re chc\u0105 mie\u0107 prosty, codzienny rytua\u0142 czytania<\/p>\n<\/li>\n<\/ul>\n<h3 data-start=\"569\" data-end=\"597\">Co mo\u017cesz spersonalizowa\u0107<\/h3>\n<ul data-start=\"598\" data-end=\"819\">\n<li data-start=\"598\" data-end=\"637\">\n<p data-start=\"600\" data-end=\"637\">imi\u0119 i wygl\u0105d dziecka<\/p>\n<\/li>\n<li data-start=\"638\" data-end=\"673\">\n<p data-start=\"640\" data-end=\"673\">wiek (aby dopasowa\u0107 go do nastroju podczas czytania)<\/p>\n<\/li>\n<li data-start=\"674\" data-end=\"700\">\n<p data-start=\"676\" data-end=\"700\">styl ilustracji<\/p>\n<\/li>\n<li data-start=\"701\" data-end=\"723\">\n<p data-start=\"703\" data-end=\"723\">j\u0119zyk opowie\u015bci<\/p>\n<\/li>\n<li data-start=\"724\" data-end=\"750\">\n<p data-start=\"726\" data-end=\"750\">kr\u00f3tka dedykacja<\/p>\n<\/li>\n<li data-start=\"751\" data-end=\"819\">\n<p data-start=\"753\" data-end=\"819\">opcjonalni dodatkowi bohaterowie i przedmioty specjalne (je\u015bli dost\u0119pne)<\/p>\n<\/li>\n<\/ul>\n<h3 data-start=\"821\" data-end=\"846\">Podej\u015bcie oparte na opowiadaniu historii<\/h3>\n<p data-start=\"847\" data-end=\"1009\">Historie MIBOOKO powstaj\u0105 w oparciu o badania naukowe i s\u0105 tworzone tak, aby pobudza\u0107 wyobra\u017ani\u0119, pewno\u015b\u0107 siebie, s\u0142ownictwo emocjonalne i ciekawo\u015b\u0107 \u2013 bez sprawiania wra\u017cenia zwyk\u0142ej lekcji.<\/p>\n<h3 data-start=\"1011\" data-end=\"1031\">Co otrzymujesz<\/h3>\n<ul data-start=\"1032\" data-end=\"1209\">\n<li data-start=\"1032\" data-end=\"1092\">\n<p data-start=\"1034\" data-end=\"1092\">Natychmiastowy dost\u0119p cyfrowy do bezp\u0142atnego rozdzia\u0142u (8 stron)<\/p>\n<\/li>\n<li data-start=\"1093\" data-end=\"1145\">\n<p data-start=\"1095\" data-end=\"1145\">p\u0142ynne czytanie dla wsp\u00f3lnego dzielenia si\u0119<\/p>\n<\/li>\n<li data-start=\"1146\" data-end=\"1209\">\n<p data-start=\"1148\" data-end=\"1209\">\u0142atwa \u015bcie\u017cka do kontynuacji historii, je\u015bli Twoje dziecko j\u0105 uwielbia<\/p>\n<\/li>\n<\/ul>\n<p data-start=\"1211\" data-end=\"1310\">Zacznij pisa\u0107 pierwszy rozdzia\u0142 ju\u017c teraz \u2013 bo najlepsze historie to te, w kt\u00f3rych bohaterem jest Twoje dziecko.<\/p>","protected":false},"excerpt":{"rendered":"<p data-start=\"1477\" data-end=\"1685\">Bezp\u0142atny, 8-stronicowy, spersonalizowany rozdzia\u0142 w ksi\u0105\u017cce z Twoim dzieckiem w roli g\u0142\u00f3wnej. Dostosuj imi\u0119, wygl\u0105d, wiek, j\u0119zyk i styl ilustracji. Natychmiastowy dost\u0119p cyfrowy \u2013 kontynuuj w dowolnym momencie jako ksi\u0105\u017ck\u0119 Endless Book lub pe\u0142n\u0105 histori\u0119.<\/p>","protected":false},"featured_media":6418,"comment_status":"open","ping_status":"closed","template":"","meta":{"_acf_changed":false,"site-sidebar-layout":"default","site-content-layout":"","ast-site-content-layout":"default","site-content-style":"default","site-sidebar-style":"default","ast-global-header-display":"","ast-banner-title-visibility":"","ast-main-header-display":"","ast-hfb-above-header-display":"","ast-hfb-below-header-display":"","ast-hfb-mobile-header-display":"","site-post-title":"","ast-breadcrumbs-content":"","ast-featured-img":"","footer-sml-layout":"","theme-transparent-header-meta":"default","adv-header-id-meta":"","stick-header-meta":"","header-above-stick-meta":"","header-main-stick-meta":"","header-below-stick-meta":"","astra-migrate-meta-layouts":"set","ast-page-background-enabled":"default","ast-page-background-meta":{"desktop":{"background-color":"var(--ast-global-color-5)","background-image":"","background-repeat":"repeat","background-position":"center center","background-size":"auto","background-attachment":"scroll","background-type":"","background-media":"","overlay-type":"","overlay-color":"","overlay-opacity":"","overlay-gradient":""},"tablet":{"background-color":"","background-image":"","background-repeat":"repeat","background-position":"center center","background-size":"auto","background-attachment":"scroll","background-type":"","background-media":"","overlay-type":"","overlay-color":"","overlay-opacity":"","overlay-gradient":""},"mobile":{"background-color":"","background-image":"","background-repeat":"repeat","background-position":"center center","background-size":"auto","background-attachment":"scroll","background-type":"","background-media":"","overlay-type":"","overlay-color":"","overlay-opacity":"","overlay-gradient":""}},"ast-content-background-meta":{"desktop":{"background-color":"var(--ast-global-color-4)","background-image":"","background-repeat":"repeat","background-position":"center center","background-size":"auto","background-attachment":"scroll","background-type":"","background-media":"","overlay-type":"","overlay-color":"","overlay-opacity":"","overlay-gradient":""},"tablet":{"background-color":"var(--ast-global-color-4)","background-image":"","background-repeat":"repeat","background-position":"center center","background-size":"auto","background-attachment":"scroll","background-type":"","background-media":"","overlay-type":"","overlay-color":"","overlay-opacity":"","overlay-gradient":""},"mobile":{"background-color":"var(--ast-global-color-4)","background-image":"","background-repeat":"repeat","background-position":"center center","background-size":"auto","background-attachment":"scroll","background-type":"","background-media":"","overlay-type":"","overlay-color":"","overlay-opacity":"","overlay-gradient":""}},"_glsr_average":0,"_glsr_ranking":0,"_glsr_reviews":0},"product_brand":[],"product_cat":[168,18],"product_tag":[],"class_list":{"0":"post-9667","1":"product","2":"type-product","3":"status-publish","4":"has-post-thumbnail","6":"product_cat-digital-book","7":"product_cat-uncategorized","8":"desktop-align-left","9":"tablet-align-left","10":"mobile-align-left","12":"first","13":"instock","14":"downloadable","15":"taxable","16":"shipping-taxable","17":"purchasable","18":"product-type-simple"},"acf":[],"_links":{"self":[{"href":"https:\/\/mibooko.com\/pl\/wp-json\/wp\/v2\/product\/9667","targetHints":{"allow":["GET"]}}],"collection":[{"href":"https:\/\/mibooko.com\/pl\/wp-json\/wp\/v2\/product"}],"about":[{"href":"https:\/\/mibooko.com\/pl\/wp-json\/wp\/v2\/types\/product"}],"replies":[{"embeddable":true,"href":"https:\/\/mibooko.com\/pl\/wp-json\/wp\/v2\/comments?post=9667"}],"wp:featuredmedia":[{"embeddable":true,"href":"https:\/\/mibooko.com\/pl\/wp-json\/wp\/v2\/media\/6418"}],"wp:attachment":[{"href":"https:\/\/mibooko.com\/pl\/wp-json\/wp\/v2\/media?parent=9667"}],"wp:term":[{"taxonomy":"product_brand","embeddable":true,"href":"https:\/\/mibooko.com\/pl\/wp-json\/wp\/v2\/product_brand?post=9667"},{"taxonomy":"product_cat","embeddable":true,"href":"https:\/\/mibooko.com\/pl\/wp-json\/wp\/v2\/product_cat?post=9667"},{"taxonomy":"product_tag","embeddable":true,"href":"https:\/\/mibooko.com\/pl\/wp-json\/wp\/v2\/product_tag?post=9667"}],"curies":[{"name":"wp","href":"https:\/\/api.w.org\/{rel}","templated":true}]}}