{"id":2417,"date":"2025-10-15T13:52:50","date_gmt":"2025-10-15T11:52:50","guid":{"rendered":"https:\/\/mibooko.com\/privacy-statement-ca\/"},"modified":"2025-11-22T13:14:07","modified_gmt":"2025-11-22T12:14:07","slug":"privacy-statement-ca","status":"publish","type":"page","link":"https:\/\/mibooko.com\/pt_br\/privacy-statement-ca\/","title":{"rendered":"Declara\u00e7\u00e3o de Privacidade (CA)"},"content":{"rendered":"<!-- Legal document generated by Complianz | GDPR\/CCPA Cookie Consent https:\/\/wordpress.org\/plugins\/complianz-gdpr -->\n<div id=\"cmplz-document\" class=\"cmplz-document privacy-statement cmplz-document-ca\"><p><i>Esta Declara\u00e7\u00e3o de Privacidade foi alterada pela \u00faltima vez em 2026-03-18, foi verificada pela \u00faltima vez em 2026-03-18 e se aplica a cidad\u00e3os e residentes legais permanentes do Canad\u00e1.<\/i><br \/><br \/><\/p><p>Nesta Declara\u00e7\u00e3o de Privacidade, explicamos o que fazemos com os dados que obtemos sobre si por meio de <a href=\"https:\/\/mibooko.com\/pt_br\/\">https:\/\/mibooko.com\/pt_br\/<\/a>. Recomendamos que leia atentamente esta declara\u00e7\u00e3o. No nosso processamento, cumprimos os requisitos da legisla\u00e7\u00e3o de privacidade. Isso significa, entre outras coisas, que:<ul>\n                <li>declaramos claramente as espec\u00edficas para quais processamos dados pessoais. Fazemos isso por meio desta declara\u00e7\u00e3o de privacidade;<\/li>\n                <li>apenas limitamos a nossa coleta de dados pessoais apenas aos dados pessoais necess\u00e1rios para fins leg\u00edtimos;<\/li>\n                <li>primeiro solicitamos seu consentimento expl\u00edcito para processar seus dados pessoais nos casos que requerem seu consentimento;<\/li>\n                <li>tomamos medidas de seguran\u00e7a adequadas para proteger seus dados pessoais e tamb\u00e9m exigimos isso de partes que processam dados pessoais em nosso nome;<\/li>\n                <li>respeitamos o seu direito de acesso aos seus dados pessoais, corrigidos ou apag\u00e1-los, a seu pedido.<\/li>\n            <\/ul><\/p>Se voc\u00ea tiver alguma d\u00favida ou quiser saber exatamente quais dados mantemos de si, entre em contato conosco.<h2>1. Objetivo e categorias de dados<\/h2><p>Podemos coletar ou obter informa\u00e7\u00f5es pessoais para v\u00e1rios fins relacionados \u00e0s nossas opera\u00e7\u00f5es comerciais, que podem incluir o seguinte: (clique para expandir)<\/b><\/p><details class=\"cmplz-dropdown dropdown-privacy-statement\"><summary><div><h3>1.1 Para vender ou compartilhar dados com terceiros<\/h3><\/div><\/summary><p class=\"cmplz-subtitle\">As seguintes categorias de dados s\u00e3o recolhidas<\/p><p><ul><li>Um nome e apelido<\/li><li>Um endere\u00e7o de e-mail<\/li><li>Dados de geolocaliza\u00e7\u00e3o<\/li><\/ul><\/p><p class=\"cmplz-subtitle\">Per\u00edodo de<\/p><p>Retemos esses dados ap\u00f3s o encerramento do servi\u00e7o pelo seguinte n\u00famero de meses: 36<\/p><\/details><details class=\"cmplz-dropdown dropdown-privacy-statement\"><summary><div><h3>1.2 Entregas<\/h3><\/div><\/summary><p class=\"cmplz-subtitle\">As seguintes categorias de dados s\u00e3o recolhidas<\/p><p><ul><li>Um nome e apelido<\/li><li>Uma casa ou outro endere\u00e7o f\u00edsico, incluindo nome de rua e nome da cidade<\/li><li>Um endere\u00e7o de e-mail<\/li><li>Um n\u00famero de telefone<\/li><\/ul><\/p><p class=\"cmplz-subtitle\">Per\u00edodo de<\/p><p>Retemos esses dados ap\u00f3s o encerramento do servi\u00e7o pelo seguinte n\u00famero de meses: 36<\/p><\/details><details class=\"cmplz-dropdown dropdown-privacy-statement\"><summary><div><h3>1.3 Compilar e analisar estat\u00edsticas para melhoria do site.<\/h3><\/div><\/summary><p class=\"cmplz-subtitle\">As seguintes categorias de dados s\u00e3o recolhidas<\/p><p><ul><li>Dados de geolocaliza\u00e7\u00e3o<\/li><li>Endere\u00e7o IP<\/li><li>Informa\u00e7\u00f5es sobre atividades na internet, incluindo, mas n\u00e3o se limitando a, hist\u00f3rico de navega\u00e7\u00e3o, hist\u00f3rico de pesquisa e informa\u00e7\u00f5es sobre a intera\u00e7\u00e3o de um consumidor com um site, aplicativo ou an\u00fancio na internet<\/li><\/ul><\/p><p class=\"cmplz-subtitle\">Per\u00edodo de<\/p><p>Retemos esses dados ap\u00f3s o encerramento do servi\u00e7o pelo seguinte n\u00famero de meses: 36<\/p><\/details><details class=\"cmplz-dropdown dropdown-privacy-statement\"><summary><div><h3>1.4 Para apoiar servi\u00e7os ou produtos que um cliente quer comprar ou comprar<\/h3><\/div><\/summary><p class=\"cmplz-subtitle\">As seguintes categorias de dados s\u00e3o recolhidas<\/p><p><ul><li>Um nome e apelido<\/li><li>Nome da conta ou apelido<\/li><li>Um endere\u00e7o de e-mail<\/li><li>Endere\u00e7o IP<\/li><li>Informa\u00e7\u00f5es sobre atividades na internet, incluindo, mas n\u00e3o se limitando a, hist\u00f3rico de navega\u00e7\u00e3o, hist\u00f3rico de pesquisa e informa\u00e7\u00f5es sobre a intera\u00e7\u00e3o de um consumidor com um site, aplicativo ou an\u00fancio na internet<\/li><li>Dados de geolocaliza\u00e7\u00e3o<\/li><\/ul><\/p><p class=\"cmplz-subtitle\">Per\u00edodo de<\/p><p>Retemos esses dados ap\u00f3s o encerramento do servi\u00e7o pelo seguinte n\u00famero de meses: 36<\/p><\/details><details class=\"cmplz-dropdown dropdown-privacy-statement\"><summary><div><h3>1.5 Pagamentos<\/h3><\/div><\/summary><p class=\"cmplz-subtitle\">As seguintes categorias de dados s\u00e3o recolhidas<\/p><p><ul><li>Um nome e apelido<\/li><li>Um endere\u00e7o de e-mail<\/li><li>Endere\u00e7o IP<\/li><li>Nome da conta ou apelido<\/li><\/ul><\/p><p class=\"cmplz-subtitle\">Per\u00edodo de<\/p><p>Retemos esses dados at\u00e9 que o servi\u00e7o seja encerrado.<\/p><\/details><details class=\"cmplz-dropdown dropdown-privacy-statement\"><summary><div><h3>1.6 Contato - Atrav\u00e9s de telefone, correio, e-mail e\/ou formul\u00e1rios web<\/h3><\/div><\/summary><p class=\"cmplz-subtitle\">As seguintes categorias de dados s\u00e3o recolhidas<\/p><p><ul><li>Um endere\u00e7o de e-mail<\/li><li>Um nome e apelido<\/li><li>Endere\u00e7o IP<\/li><li>Dados de geolocaliza\u00e7\u00e3o<\/li><li>Informa\u00e7\u00f5es sobre atividades na internet, incluindo, mas n\u00e3o se limitando a, hist\u00f3rico de navega\u00e7\u00e3o, hist\u00f3rico de pesquisa e informa\u00e7\u00f5es sobre a intera\u00e7\u00e3o de um consumidor com um site, aplicativo ou an\u00fancio na internet<\/li><\/ul><\/p><p class=\"cmplz-subtitle\">Per\u00edodo de<\/p><p>Retemos esses dados ap\u00f3s o encerramento do servi\u00e7o pelo seguinte n\u00famero de meses: 36<\/p><\/details><details class=\"cmplz-dropdown dropdown-privacy-statement\"><summary><div><h3>1.7 Registrando uma conta<\/h3><\/div><\/summary><p class=\"cmplz-subtitle\">As seguintes categorias de dados s\u00e3o recolhidas<\/p><p><ul><li>Um nome e apelido<\/li><li>Uma casa ou outro endere\u00e7o f\u00edsico, incluindo nome de rua e nome da cidade<\/li><li>Um endere\u00e7o de e-mail<\/li><li>Um n\u00famero de telefone<\/li><li>Endere\u00e7o IP<\/li><li>Dados de geolocaliza\u00e7\u00e3o<\/li><li>Nome da conta ou apelido<\/li><\/ul><\/p><p class=\"cmplz-subtitle\">Per\u00edodo de<\/p><p>Retemos esses dados ap\u00f3s o encerramento do servi\u00e7o pelo seguinte n\u00famero de meses: 36<\/p><\/details><h2>2. Partilhar com outras partes<\/h2><p>Apenas compartilhamos ou divulgamos esses dados com outros destinat\u00e1rios para os seguintes fins:<\/p><p><b>Objetivo da transfer\u00eancia de dados:<\/b>&nbsp;Processamento de pagamentos para pedidos online<br \/>\n             <b>Pa\u00eds ou estado em que este prestador de servi\u00e7os est\u00e1 localizado:<\/b>&nbsp;Irlanda<br \/><\/p><h2>3. Pr\u00e1ticas de divulga\u00e7\u00e3o<\/h2><p><p>Divulgamos informa\u00e7\u00f5es pessoais se formos obrigados por lei ou por ordem judicial, em resposta a uma ag\u00eancia de aplica\u00e7\u00e3o da lei, na medida permitida por outras disposi\u00e7\u00f5es da lei, para fornecer informa\u00e7\u00f5es ou para uma investiga\u00e7\u00e3o sobre um assunto relacionado \u00e0 seguran\u00e7a p\u00fablica.<\/p><p>Se o nosso site ou organiza\u00e7\u00e3o para aquisi\u00e7\u00e3o, venda ou estiver envolvido numa fus\u00e3o ou aquisi\u00e7\u00e3o, seus dados poder\u00e3o ser divulgados aos nossos consultores e a quaisquer potenciais compradores e ser\u00e3o repassados \u200b\u200b\u200b\u200baos novos propriet\u00e1rios.<\/p><\/p><h2>4. Como tratamos restri\u00e7\u00f5es de N\u00e3o Rastrear e Controle de Privacidade Global<\/h2><p>Nosso site responde e oferece suporte ao campo de requisi\u00e7\u00e3o de cabe\u00e7alho N\u00e3o Rastrear (DNT). Se ativar o DNT no seu navegador, essas op\u00e7\u00f5es ser\u00e3o comunicadas a n\u00f3s no cabe\u00e7alho da solicita\u00e7\u00e3o HTTP e n\u00e3o rastrearemos seu comportamento de navega\u00e7\u00e3o.<\/p><h2>5. Biscoitos<\/h2><p>Nosso site usa cookies. Para obter mais informa\u00e7\u00f5es sobre cookies, consulte nossa Pol\u00edtica de Cookies em nossa p\u00e1gina da web <a href=\"https:\/\/mibooko.com\/pt_br\/cookie-policy-ca\/\">Pol\u00edtica de Cookies (CA)<\/a>.&nbsp;<\/p><p>Conclu\u00edmos um acordo de processamento de dados com o Google.<\/p><p>O Google n\u00e3o pode usar os dados para nenhum outro servi\u00e7o do Google.<\/p><p>A inclus\u00e3o de endere\u00e7os IP completos est\u00e1 bloqueada por n\u00f3s.<\/p><h2>6. Seguran\u00e7a<\/h2><p>Estamos comprometidos com a seguran\u00e7a dos dados pessoais. Tomamos medidas de seguran\u00e7a adequadas para limitar o abuso e o acesso n\u00e3o autorizado aos dados pessoais. Isso garante que apenas as pessoas possam ter acesso aos seus dados, que o acesso aos dados seja protegido e que nossas medidas de seguran\u00e7a sejam revistas regularmente.<\/p><h2>7. Sites de terceiros<\/h2><p>Esta declara\u00e7\u00e3o de privacidade n\u00e3o se aplica a sites de terceiros ligados por links ao nosso site. N\u00e3o podemos garantir que esses terceiros tratem seus dados pessoais de maneira confi\u00e1vel ou segura. Recomendamos que leia as declara\u00e7\u00f5es de privacidade desses sites antes de fazer uso deles.<\/p><h2>8. Altera\u00e7\u00f5es a esta declara\u00e7\u00e3o de privacidade<\/h2><p>Reservamo-nos o direito de fazer altera\u00e7\u00f5es a esta declara\u00e7\u00e3o de privacidade. \u00c9 conveniente que consulte esta declara\u00e7\u00e3o de privacidade regularmente, a fim de estar ciente de quaisquer altera\u00e7\u00f5es. Al\u00e9m disso, iremos inform\u00e1-lo sempre que poss\u00edvel.<\/p><h2>9. Aceder e modificar seus dados<\/h2><p>Se voc\u00ea tiver alguma d\u00favida ou quiser saber quais dados pessoais temos sobre voc\u00ea, entre em contato conosco. -se de sempre declarar claramente quem \u00e9, para que possamos ter certeza de que n\u00e3o modificaremos ou excluiremos quaisquer dados da pessoa errada. Forneceremos as informa\u00e7\u00f5es solicitadas somente ap\u00f3s a coleta de um pedido verific\u00e1vel do consumidor. Podemos entrar em contato usando as informa\u00e7\u00f5es abaixo.<\/p><p class=\"cmplz-subtitle\">9.1 Tem os seguintes direitos em rela\u00e7\u00e3o aos seus dados pessoais<\/p><ol class=\"alphabetic\">\n                        <li>Pode enviar uma solicita\u00e7\u00e3o de acesso aos dados que processamos sobre si.<\/li>\n                        <li>Podemos solicitar uma vis\u00e3o geral, num formato habitualmente usado, dos dados que processamos sobre si.<\/li>\n                        <li>Pode solicitar a corre\u00e7\u00e3o ou exclus\u00e3o de dados eventualmente incorretos ou n\u00e3o ou se j\u00e1 n\u00e3o forem relevantes. Se for esse o caso, as informa\u00e7\u00f5es alteradas ser\u00e3o transmitidas a terceiros com acesso \u00e0s informa\u00e7\u00f5es em quest\u00e3o.<\/li>\n                        <li>Tem o direito de cancelar o consentimento a qualquer momento, sujeito a restri\u00e7\u00f5es legais ou contratuais e aviso razo\u00e1vel. Ser\u00e1 informada das implica\u00e7\u00f5es de tal retirada.<\/li>\n                        <li>Tem o direito de encaminhar uma consulta relativa ao n\u00e3o cumprimento do PIPEDA \u00e0 nossa organiza\u00e7\u00e3o e, se o problema n\u00e3o for resolvido, ao Office of the Privacy Commissioner do Canad\u00e1.<\/li>\n                        <li>Daremos acesso \u00e0s informa\u00e7\u00f5es pessoais em um formato alternativo a um indiv\u00edduo com defici\u00eancia sensorial que tenha direito de acesso \u00e0s informa\u00e7\u00f5es pessoais nos termos do PIPEDA e que solicite que sejam transmitidas no formato alternativo se (a) uma vers\u00e3o das informa\u00e7\u00f5es j\u00e1 existir nesse formato; ou (b) sua convers\u00e3o nesse formato para que o indiv\u00edduo possa exercer seus direitos.<\/li>\n                      <\/ol><h2>10. Crian\u00e7as<\/h2><p>O nosso site n\u00e3o foi projetado para atrair crian\u00e7as e n\u00e3o \u00e9 nossa inten\u00e7\u00e3o coletar dados pessoais de crian\u00e7as menores de idade no seu pa\u00eds de resid\u00eancia. Portanto, solicitamos que crian\u00e7as menores de idade n\u00e3o nos enviem quaisquer dados pessoais.<\/p><h2>11. Detalhes do contato<\/h2><p>Mibooko Sp. z oo.<br \/>\n        Zolnierzy I AWP 8, 81-380 Gdynia<br \/>\n        Pol\u00f4nia<br \/>\n        Local na rede Internet: <a href=\"https:\/\/mibooko.com\/pt_br\/\">https:\/\/mibooko.com\/pt_br\/<\/a> <br \/>\n        E-mail: <span class=\"cmplz-obfuscate\">privacidade@<span class=\"cmplz-fmail-domain\">ex.com<\/span>m&#105;book&#111;.&#099;&#111;&#109;<\/span> <br \/>\n        <br \/>\n        Telefone: +48660977702<\/p><h2>12. Solicita\u00e7\u00f5es de Dados<\/h2><p>Para os pedidos mais pedidos, oferecemos-lhe tamb\u00e9m a possibilidade de utilizar o nosso formul\u00e1rio de pedido de dados<br \/>\t\t\t<div class=\"cmplz-datarequest cmplz-alert\">\n\t\t\t\t<span class=\"cmplz-close\">\u00d7<\/span>\n\t\t\t\t<span id=\"cmplz-message\"><\/span>\n\t\t\t<\/div>\n\t\t\t<form id=\"cmplz-datarequest-form\" action=\"\">\n\t\t\t\t<input type=\"hidden\" required value=\"ca\" name=\"cmplz_datarequest_region\" id=\"cmplz_datarequest_region\">\n\n\t\t\t\t<label for=\"cmplz_datarequest_firstname\" class=\"cmplz-first-name\">Nome\t\t\t\t\t<input type=\"search\" class=\"datarequest-firstname\" value=\"\" placeholder=\"seu primeiro nome\" id=\"cmplz_datarequest_firstname\" name=\"cmplz_datarequest_firstname\">\n\t\t\t\t<\/label>\n\t\t\t\t<div>\n\t\t\t\t\t<label for=\"cmplz_datarequest_name\">Nome<\/label>\n\t\t\t\t\t<input type=\"text\" required value=\"\" placeholder=\"O seu nome\" id=\"cmplz_datarequest_name\" name=\"cmplz_datarequest_name\">\n\t\t\t\t<\/div>\n\t\t\t\t<div>\n\t\t\t\t\t<label for=\"cmplz_datarequest_email\">E-mail<\/label>\n\t\t\t\t\t<input type=\"email\" required value=\"\" placeholder=\"email@email.com\" id=\"cmplz_datarequest_email\" name=\"cmplz_datarequest_email\">\n\t\t\t\t<\/div>\n\t\t\t\t\t\t\t\t\t\t<div class=\"cmplz_datarequest cmplz_datarequest_request_for_access\">\n\t\t\t\t\t\t\t<label for=\"cmplz_datarequest_request_for_access\">\n\t\t\t\t\t\t\t\t<input type=\"checkbox\" value=\"1\" name=\"cmplz_datarequest_request_for_access\" id=\"cmplz_datarequest_request_for_access\" \/>\n\t\t\t\t\t\t\t\tEnvie um pedido de acesso aos dados que processamos sobre si.\t\t\t\t\t\t\t<\/label>\n\t\t\t\t\t\t<\/div>\n\t\t\t\t\t\t\t\t\t\t<div class=\"cmplz_datarequest cmplz_datarequest_right_to_be_forgotten\">\n\t\t\t\t\t\t\t<label for=\"cmplz_datarequest_right_to_be_forgotten\">\n\t\t\t\t\t\t\t\t<input type=\"checkbox\" value=\"1\" name=\"cmplz_datarequest_right_to_be_forgotten\" id=\"cmplz_datarequest_right_to_be_forgotten\" \/>\n\t\t\t\t\t\t\t\tEnvie um pedido de exclus\u00e3o dos dados se j\u00e1 n\u00e3o forem relevantes.\t\t\t\t\t\t\t<\/label>\n\t\t\t\t\t\t<\/div>\n\t\t\t\t\t\t\t\t\t\t<div class=\"cmplz_datarequest cmplz_datarequest_right_to_data_portability\">\n\t\t\t\t\t\t\t<label for=\"cmplz_datarequest_right_to_data_portability\">\n\t\t\t\t\t\t\t\t<input type=\"checkbox\" value=\"1\" name=\"cmplz_datarequest_right_to_data_portability\" id=\"cmplz_datarequest_right_to_data_portability\" \/>\n\t\t\t\t\t\t\t\tEnvie um pedido para receber um ficheiro de exporta\u00e7\u00e3o dos dados que processamos sobre si.\t\t\t\t\t\t\t<\/label>\n\t\t\t\t\t\t<\/div>\n\t\t\t\t\t\t\t\t<input type=\"button\" id=\"cmplz-datarequest-submit\" value=\"Enviar\">\n\t\t\t<input type=\"hidden\" name=\"trp-form-language\" value=\"pt_br\"\/><\/form>\n\n\t\t\t<style>\n\t\t\t\t\/* first-name is honeypot *\/\n\t\t\t\t.cmplz-first-name {\n\t\t\t\t\tposition: absolute !important;\n\t\t\t\t\tleft: -5000px !important;\n\t\t\t\t}\n\t\t\t<\/style>\n\t\t\t<\/p><p>Nomeamos uma pessoa de contacto para as pol\u00edticas e pr\u00e1ticas de organiza\u00e7\u00e3o e para quem as reclama\u00e7\u00f5es ou consultas podem ser encaminhadas:<br \/>Artur Derwiszynski<br \/>Zolnierzy I AWP 8, 81-380 Gdynia<\/p><\/div>","protected":false},"excerpt":{"rendered":"","protected":false},"author":3,"featured_media":0,"parent":0,"menu_order":0,"comment_status":"closed","ping_status":"closed","template":"","meta":{"_acf_changed":false,"site-sidebar-layout":"default","site-content-layout":"","ast-site-content-layout":"default","site-content-style":"default","site-sidebar-style":"default","ast-global-header-display":"","ast-banner-title-visibility":"","ast-main-header-display":"","ast-hfb-above-header-display":"","ast-hfb-below-header-display":"","ast-hfb-mobile-header-display":"","site-post-title":"","ast-breadcrumbs-content":"","ast-featured-img":"","footer-sml-layout":"","theme-transparent-header-meta":"","adv-header-id-meta":"","stick-header-meta":"","header-above-stick-meta":"","header-main-stick-meta":"","header-below-stick-meta":"","astra-migrate-meta-layouts":"default","ast-page-background-enabled":"default","ast-page-background-meta":{"desktop":{"background-color":"var(--ast-global-color-5)","background-image":"","background-repeat":"repeat","background-position":"center center","background-size":"auto","background-attachment":"scroll","background-type":"","background-media":"","overlay-type":"","overlay-color":"","overlay-opacity":"","overlay-gradient":""},"tablet":{"background-color":"","background-image":"","background-repeat":"repeat","background-position":"center center","background-size":"auto","background-attachment":"scroll","background-type":"","background-media":"","overlay-type":"","overlay-color":"","overlay-opacity":"","overlay-gradient":""},"mobile":{"background-color":"","background-image":"","background-repeat":"repeat","background-position":"center center","background-size":"auto","background-attachment":"scroll","background-type":"","background-media":"","overlay-type":"","overlay-color":"","overlay-opacity":"","overlay-gradient":""}},"ast-content-background-meta":{"desktop":{"background-color":"var(--ast-global-color-4)","background-image":"","background-repeat":"repeat","background-position":"center center","background-size":"auto","background-attachment":"scroll","background-type":"","background-media":"","overlay-type":"","overlay-color":"","overlay-opacity":"","overlay-gradient":""},"tablet":{"background-color":"var(--ast-global-color-4)","background-image":"","background-repeat":"repeat","background-position":"center center","background-size":"auto","background-attachment":"scroll","background-type":"","background-media":"","overlay-type":"","overlay-color":"","overlay-opacity":"","overlay-gradient":""},"mobile":{"background-color":"var(--ast-global-color-4)","background-image":"","background-repeat":"repeat","background-position":"center center","background-size":"auto","background-attachment":"scroll","background-type":"","background-media":"","overlay-type":"","overlay-color":"","overlay-opacity":"","overlay-gradient":""}},"_glsr_average":0,"_glsr_ranking":0,"_glsr_reviews":0,"footnotes":""},"folder":[],"class_list":["post-2417","page","type-page","status-publish","hentry"],"acf":[],"_links":{"self":[{"href":"https:\/\/mibooko.com\/pt_br\/wp-json\/wp\/v2\/pages\/2417","targetHints":{"allow":["GET"]}}],"collection":[{"href":"https:\/\/mibooko.com\/pt_br\/wp-json\/wp\/v2\/pages"}],"about":[{"href":"https:\/\/mibooko.com\/pt_br\/wp-json\/wp\/v2\/types\/page"}],"author":[{"embeddable":true,"href":"https:\/\/mibooko.com\/pt_br\/wp-json\/wp\/v2\/users\/3"}],"replies":[{"embeddable":true,"href":"https:\/\/mibooko.com\/pt_br\/wp-json\/wp\/v2\/comments?post=2417"}],"version-history":[{"count":0,"href":"https:\/\/mibooko.com\/pt_br\/wp-json\/wp\/v2\/pages\/2417\/revisions"}],"wp:attachment":[{"href":"https:\/\/mibooko.com\/pt_br\/wp-json\/wp\/v2\/media?parent=2417"}],"wp:term":[{"taxonomy":"folder","embeddable":true,"href":"https:\/\/mibooko.com\/pt_br\/wp-json\/wp\/v2\/folder?post=2417"}],"curies":[{"name":"wp","href":"https:\/\/api.w.org\/{rel}","templated":true}]}}