{"id":2425,"date":"2025-10-15T13:52:54","date_gmt":"2025-10-15T11:52:54","guid":{"rendered":"https:\/\/mibooko.com\/disclaimer\/"},"modified":"2026-03-18T17:03:55","modified_gmt":"2026-03-18T16:03:55","slug":"disclaimer","status":"publish","type":"page","link":"https:\/\/mibooko.com\/pt_br\/disclaimer\/","title":{"rendered":"Isen\u00e7\u00e3o de responsabilidade"},"content":{"rendered":"<!-- Legal document generated by Complianz | GDPR\/CCPA Cookie Consent https:\/\/wordpress.org\/plugins\/complianz-gdpr -->\n<div id=\"cmplz-document\" class=\"cmplz-document disclaimer cmplz-document-all\"><p>Mibooko Sp. z oo tem o compromisso de manter este site atualizado e preciso. Se, no entanto, encontrar algo que esteja incorreto ou desatualizado, agradecer\u00edamos nos informar. Indique onde leu as informa\u00e7\u00f5es no site. Em seguida, examinaremos o mais r\u00e1pido poss\u00edvel. Envie sua resposta por e-mail para: <span class=\"cmplz-obfuscate\">privacidade@<span class=\"cmplz-fmail-domain\">ex.com<\/span>mibooko.com<\/span>.<\/p><p>N\u00e3o nos responsabilizamos por perdas resultantes de imprecis\u00f5es ou informa\u00e7\u00f5es incompletas, nem por perdas causadas por ou inerentes \u00e0 divulga\u00e7\u00e3o de informa\u00e7\u00f5es pela internet, como perturba\u00e7\u00f5es ou interrup\u00e7\u00f5es. Ao usar formul\u00e1rios da web, nos esfor\u00e7amos para limitar ao m\u00ednimo o n\u00famero de campos obrigat\u00f3rios. Por qualquer perda sofrida como resultado do uso de dados, conselhos ou ideias fornecidas por ou em nome de Mibooko Sp. z oo atrav\u00e9s deste site, Mibooko Sp. z oo n\u00e3o se responsabiliza.<\/p><p>Todos os direitos de propriedade intelectual do conte\u00fado deste site s\u00e3o de Mibooko Sp. z oo ou de terceiros que colocaram o conte\u00fado por conta pr\u00f3pria ou de quem Mibooko Sp. z oo obteve uma licen\u00e7a de utiliza\u00e7\u00e3o.<\/p><p>A c\u00f3pia, dissemina\u00e7\u00e3o e qualquer outro uso desses materiais n\u00e3o s\u00e3o permitidos sem permiss\u00e3o por escrito de Mibooko Sp. z oo, exceto e apenas na medida em que estipulado de outra forma nos regulamentos da lei obrigat\u00f3ria (como o direito de citar), a menos que o conte\u00fado espec\u00edfico dite o contr\u00e1rio.<\/p><p>Se voc\u00ea tiver d\u00favidas ou problemas com a acessibilidade do site, n\u00e3o hesite em nos contatar.<\/p><\/div>","protected":false},"excerpt":{"rendered":"","protected":false},"author":3,"featured_media":0,"parent":0,"menu_order":0,"comment_status":"closed","ping_status":"closed","template":"","meta":{"_acf_changed":false,"site-sidebar-layout":"default","site-content-layout":"","ast-site-content-layout":"default","site-content-style":"default","site-sidebar-style":"default","ast-global-header-display":"","ast-banner-title-visibility":"","ast-main-header-display":"","ast-hfb-above-header-display":"","ast-hfb-below-header-display":"","ast-hfb-mobile-header-display":"","site-post-title":"","ast-breadcrumbs-content":"","ast-featured-img":"","footer-sml-layout":"","theme-transparent-header-meta":"","adv-header-id-meta":"","stick-header-meta":"","header-above-stick-meta":"","header-main-stick-meta":"","header-below-stick-meta":"","astra-migrate-meta-layouts":"default","ast-page-background-enabled":"default","ast-page-background-meta":{"desktop":{"background-color":"var(--ast-global-color-5)","background-image":"","background-repeat":"repeat","background-position":"center center","background-size":"auto","background-attachment":"scroll","background-type":"","background-media":"","overlay-type":"","overlay-color":"","overlay-opacity":"","overlay-gradient":""},"tablet":{"background-color":"","background-image":"","background-repeat":"repeat","background-position":"center center","background-size":"auto","background-attachment":"scroll","background-type":"","background-media":"","overlay-type":"","overlay-color":"","overlay-opacity":"","overlay-gradient":""},"mobile":{"background-color":"","background-image":"","background-repeat":"repeat","background-position":"center center","background-size":"auto","background-attachment":"scroll","background-type":"","background-media":"","overlay-type":"","overlay-color":"","overlay-opacity":"","overlay-gradient":""}},"ast-content-background-meta":{"desktop":{"background-color":"var(--ast-global-color-4)","background-image":"","background-repeat":"repeat","background-position":"center center","background-size":"auto","background-attachment":"scroll","background-type":"","background-media":"","overlay-type":"","overlay-color":"","overlay-opacity":"","overlay-gradient":""},"tablet":{"background-color":"var(--ast-global-color-4)","background-image":"","background-repeat":"repeat","background-position":"center center","background-size":"auto","background-attachment":"scroll","background-type":"","background-media":"","overlay-type":"","overlay-color":"","overlay-opacity":"","overlay-gradient":""},"mobile":{"background-color":"var(--ast-global-color-4)","background-image":"","background-repeat":"repeat","background-position":"center center","background-size":"auto","background-attachment":"scroll","background-type":"","background-media":"","overlay-type":"","overlay-color":"","overlay-opacity":"","overlay-gradient":""}},"_glsr_average":0,"_glsr_ranking":0,"_glsr_reviews":0,"footnotes":""},"folder":[],"class_list":["post-2425","page","type-page","status-publish","hentry"],"acf":[],"_links":{"self":[{"href":"https:\/\/mibooko.com\/pt_br\/wp-json\/wp\/v2\/pages\/2425","targetHints":{"allow":["GET"]}}],"collection":[{"href":"https:\/\/mibooko.com\/pt_br\/wp-json\/wp\/v2\/pages"}],"about":[{"href":"https:\/\/mibooko.com\/pt_br\/wp-json\/wp\/v2\/types\/page"}],"author":[{"embeddable":true,"href":"https:\/\/mibooko.com\/pt_br\/wp-json\/wp\/v2\/users\/3"}],"replies":[{"embeddable":true,"href":"https:\/\/mibooko.com\/pt_br\/wp-json\/wp\/v2\/comments?post=2425"}],"version-history":[{"count":0,"href":"https:\/\/mibooko.com\/pt_br\/wp-json\/wp\/v2\/pages\/2425\/revisions"}],"wp:attachment":[{"href":"https:\/\/mibooko.com\/pt_br\/wp-json\/wp\/v2\/media?parent=2425"}],"wp:term":[{"taxonomy":"folder","embeddable":true,"href":"https:\/\/mibooko.com\/pt_br\/wp-json\/wp\/v2\/folder?post=2425"}],"curies":[{"name":"wp","href":"https:\/\/api.w.org\/{rel}","templated":true}]}}