{"id":8403,"date":"2025-12-28T23:06:22","date_gmt":"2025-12-28T22:06:22","guid":{"rendered":"https:\/\/mibooko.com\/?page_id=8403"},"modified":"2026-03-18T22:13:10","modified_gmt":"2026-03-18T21:13:10","slug":"mibooko-refund-guarantee","status":"publish","type":"page","link":"https:\/\/mibooko.com\/pt_br\/mibooko-refund-guarantee\/","title":{"rendered":"100% Garantia de Sorriso"},"content":{"rendered":"<div data-elementor-type=\"wp-page\" data-elementor-id=\"8403\" class=\"elementor elementor-8403\" data-elementor-post-type=\"page\">\n\t\t\t\t<div class=\"elementor-element elementor-element-af152fe e-flex e-con-boxed e-con e-parent\" data-id=\"af152fe\" data-element_type=\"container\" data-e-type=\"container\">\n\t\t\t\t\t<div class=\"e-con-inner\">\n\t\t\t\t<div class=\"elementor-element elementor-element-9283911 elementor-widget elementor-widget-heading\" data-id=\"9283911\" data-element_type=\"widget\" data-e-type=\"widget\" data-widget_type=\"heading.default\">\n\t\t\t\t\t<h1 class=\"elementor-heading-title elementor-size-default\">100% Garantia de Sorriso (eBooks digitais)<\/h1>\t\t\t\t<\/div>\n\t\t<div class=\"elementor-element elementor-element-c35308b e-con-full e-flex e-con e-child\" data-id=\"c35308b\" data-element_type=\"container\" data-e-type=\"container\">\n\t\t<div class=\"elementor-element elementor-element-19788e7 e-con-full e-flex e-con e-child\" data-id=\"19788e7\" data-element_type=\"container\" data-e-type=\"container\">\n\t\t\t\t<div class=\"elementor-element elementor-element-0fc8b5d elementor-widget elementor-widget-text-editor\" data-id=\"0fc8b5d\" data-element_type=\"widget\" data-e-type=\"widget\" data-widget_type=\"text-editor.default\">\n\t\t\t\t\t\t\t\t\t<p data-start=\"262\" data-end=\"340\">Criar uma hist\u00f3ria personalizada para seu filho deve ser algo empolgante, n\u00e3o arriscado.<\/p><p data-start=\"342\" data-end=\"555\">\u00c9 por isso que todos os eBooks digitais da MIBOOKO (PDF + EPUB) v\u00eam com a nossa Garantia de Satisfa\u00e7\u00e3o 100%:<br data-start=\"438\" data-end=\"441\" \/>Se n\u00e3o te fizer sorrir, n\u00f3s resolvemos. E se mesmo assim n\u00e3o gostar, devolvemos o seu dinheiro.<\/p>\t\t\t\t\t\t\t\t<\/div>\n\t\t\t\t<\/div>\n\t\t<div class=\"elementor-element elementor-element-0d3700e e-con-full e-flex e-con e-child\" data-id=\"0d3700e\" data-element_type=\"container\" data-e-type=\"container\">\n\t\t\t\t<div class=\"elementor-element elementor-element-574fb26 elementor-widget elementor-widget-image\" data-id=\"574fb26\" data-element_type=\"widget\" data-e-type=\"widget\" data-widget_type=\"image.default\">\n\t\t\t\t\t\t\t\t\t\t\t\t\t\t\t<img fetchpriority=\"high\" decoding=\"async\" width=\"300\" height=\"300\" src=\"https:\/\/mibooko.com\/wp-content\/uploads\/2025\/12\/100satisfactionbadge-small-300x300.png\" class=\"attachment-woocommerce_thumbnail size-woocommerce_thumbnail wp-image-8372\" alt=\"\" srcset=\"https:\/\/mibooko.com\/wp-content\/uploads\/2025\/12\/100satisfactionbadge-small-300x300.png 300w, https:\/\/mibooko.com\/wp-content\/uploads\/2025\/12\/100satisfactionbadge-small-150x150.png 150w, https:\/\/mibooko.com\/wp-content\/uploads\/2025\/12\/100satisfactionbadge-small-12x12.png 12w, https:\/\/mibooko.com\/wp-content\/uploads\/2025\/12\/100satisfactionbadge-small-100x100.png 100w\" sizes=\"(max-width: 300px) 100vw, 300px\" \/>\t\t\t\t\t\t\t\t\t\t\t\t\t\t\t<\/div>\n\t\t\t\t<\/div>\n\t\t\t\t<\/div>\n\t\t\t\t\t<\/div>\n\t\t\t\t<\/div>\n\t\t<div class=\"elementor-element elementor-element-8d65058 e-flex e-con-boxed e-con e-parent\" data-id=\"8d65058\" data-element_type=\"container\" data-e-type=\"container\">\n\t\t\t\t\t<div class=\"e-con-inner\">\n\t\t\t\t<div class=\"elementor-element elementor-element-9f4ce88 elementor-widget elementor-widget-heading\" data-id=\"9f4ce88\" data-element_type=\"widget\" data-e-type=\"widget\" data-widget_type=\"heading.default\">\n\t\t\t\t\t<h3 class=\"elementor-heading-title elementor-size-default\">O que est\u00e1 inclu\u00eddo<\/h3>\t\t\t\t<\/div>\n\t\t\t\t<div class=\"elementor-element elementor-element-af0f128 elementor-widget elementor-widget-text-editor\" data-id=\"af0f128\" data-element_type=\"widget\" data-e-type=\"widget\" data-widget_type=\"text-editor.default\">\n\t\t\t\t\t\t\t\t\t<p data-start=\"581\" data-end=\"621\">Coberto pela Garantia de Sorriso 100%:<\/p><ul data-start=\"622\" data-end=\"706\"><li data-start=\"622\" data-end=\"670\"><p data-start=\"624\" data-end=\"670\">Livros eletr\u00f4nicos digitais entregues em formato PDF + EPUB<\/p><\/li><li data-start=\"671\" data-end=\"706\"><p data-start=\"673\" data-end=\"706\">Compras feitas em mibooko.com<\/p><\/li><\/ul><p data-start=\"708\" data-end=\"742\">N\u00e3o coberto por esta garantia:<\/p><ul data-start=\"743\" data-end=\"803\"><li data-start=\"743\" data-end=\"759\"><p data-start=\"745\" data-end=\"759\">Audiolivros<\/p><\/li><li data-start=\"760\" data-end=\"803\"><p data-start=\"762\" data-end=\"803\">Livros impressos (capa mole \/ capa dura)<\/p><\/li><\/ul>\t\t\t\t\t\t\t\t<\/div>\n\t\t\t\t\t<\/div>\n\t\t\t\t<\/div>\n\t\t<div class=\"elementor-element elementor-element-7e95191 e-flex e-con-boxed e-con e-parent\" data-id=\"7e95191\" data-element_type=\"container\" data-e-type=\"container\">\n\t\t\t\t\t<div class=\"e-con-inner\">\n\t\t\t\t<div class=\"elementor-element elementor-element-65f02c4 elementor-widget elementor-widget-heading\" data-id=\"65f02c4\" data-element_type=\"widget\" data-e-type=\"widget\" data-widget_type=\"heading.default\">\n\t\t\t\t\t<h3 class=\"elementor-heading-title elementor-size-default\">Como funciona (3 passos simples)<\/h3>\t\t\t\t<\/div>\n\t\t\t\t<div class=\"elementor-element elementor-element-2bc8746 elementor-widget elementor-widget-text-editor\" data-id=\"2bc8746\" data-element_type=\"widget\" data-e-type=\"widget\" data-widget_type=\"text-editor.default\">\n\t\t\t\t\t\t\t\t\t<h3 data-start=\"844\" data-end=\"865\">1) Abra seu livro<\/h3><p data-start=\"866\" data-end=\"921\">Baixe seus arquivos e aproveitem juntos a primeira leitura.<\/p><h3 data-start=\"923\" data-end=\"959\">2) Se voc\u00ea n\u00e3o estiver satisfeito, envie-nos um e-mail.<\/h3><p data-start=\"960\" data-end=\"1046\">Responda ao e-mail de confirma\u00e7\u00e3o do seu pedido com o assunto ou primeira linha: REEMBOLSO<br data-start=\"1028\" data-end=\"1031\" \/>Opcionalmente, inclua uma breve frase sobre o que n\u00e3o lhe pareceu correto (isso nos ajuda a melhorar).\u00a0<\/p><h3 data-start=\"1150\" data-end=\"1189\">3) N\u00f3s cuidaremos de voc\u00ea \u2014 rapidamente<\/h3><p data-start=\"1190\" data-end=\"1205\">Reembolsaremos sua compra em at\u00e9 2 dias \u00fateis!<\/p>\t\t\t\t\t\t\t\t<\/div>\n\t\t\t\t\t<\/div>\n\t\t\t\t<\/div>\n\t\t<div class=\"elementor-element elementor-element-93017a8 e-flex e-con-boxed e-con e-parent\" data-id=\"93017a8\" data-element_type=\"container\" data-e-type=\"container\">\n\t\t\t\t\t<div class=\"e-con-inner\">\n\t\t\t\t<div class=\"elementor-element elementor-element-b2ac1c1 elementor-widget elementor-widget-heading\" data-id=\"b2ac1c1\" data-element_type=\"widget\" data-e-type=\"widget\" data-widget_type=\"heading.default\">\n\t\t\t\t\t<h3 class=\"elementor-heading-title elementor-size-default\">Per\u00edodo de tempo<\/h3>\t\t\t\t<\/div>\n\t\t\t\t<div class=\"elementor-element elementor-element-c920ebd elementor-widget elementor-widget-text-editor\" data-id=\"c920ebd\" data-element_type=\"widget\" data-e-type=\"widget\" data-widget_type=\"text-editor.default\">\n\t\t\t\t\t\t\t\t\t<p data-start=\"1341\" data-end=\"1415\">Entre em contato conosco em at\u00e9 7 dias ap\u00f3s a compra para utilizar a Garantia de Sorriso 100%.<\/p>\t\t\t\t\t\t\t\t<\/div>\n\t\t\t\t\t<\/div>\n\t\t\t\t<\/div>\n\t\t<div class=\"elementor-element elementor-element-30cc768 e-flex e-con-boxed e-con e-parent\" data-id=\"30cc768\" data-element_type=\"container\" data-e-type=\"container\">\n\t\t\t\t\t<div class=\"e-con-inner\">\n\t\t\t\t<div class=\"elementor-element elementor-element-a807336 elementor-widget elementor-widget-heading\" data-id=\"a807336\" data-element_type=\"widget\" data-e-type=\"widget\" data-widget_type=\"heading.default\">\n\t\t\t\t\t<h3 class=\"elementor-heading-title elementor-size-default\">O que significa \u201creembolso\u201d<\/h3>\t\t\t\t<\/div>\n\t\t\t\t<div class=\"elementor-element elementor-element-6f55c5e elementor-widget elementor-widget-text-editor\" data-id=\"6f55c5e\" data-element_type=\"widget\" data-e-type=\"widget\" data-widget_type=\"text-editor.default\">\n\t\t\t\t\t\t\t\t\t<p data-start=\"1341\" data-end=\"1415\">Se sua solicita\u00e7\u00e3o for aprovada de acordo com a Garantia de Satisfa\u00e7\u00e3o 100%, reembolsaremos o valor pago pelo e-book digital para o m\u00e9todo de pagamento original.<\/p>\t\t\t\t\t\t\t\t<\/div>\n\t\t\t\t\t<\/div>\n\t\t\t\t<\/div>\n\t\t<div class=\"elementor-element elementor-element-8da1981 e-flex e-con-boxed e-con e-parent\" data-id=\"8da1981\" data-element_type=\"container\" data-e-type=\"container\">\n\t\t\t\t\t<div class=\"e-con-inner\">\n\t\t\t\t<div class=\"elementor-element elementor-element-901b7d4 elementor-widget elementor-widget-heading\" data-id=\"901b7d4\" data-element_type=\"widget\" data-e-type=\"widget\" data-widget_type=\"heading.default\">\n\t\t\t\t\t<h3 class=\"elementor-heading-title elementor-size-default\">Precisa de ajuda agora mesmo?<\/h3>\t\t\t\t<\/div>\n\t\t\t\t<div class=\"elementor-element elementor-element-6d6c82e elementor-widget elementor-widget-text-editor\" data-id=\"6d6c82e\" data-element_type=\"widget\" data-e-type=\"widget\" data-widget_type=\"text-editor.default\">\n\t\t\t\t\t\t\t\t\t<p data-start=\"1341\" data-end=\"1415\">Envie-nos um e-mail para: <a class=\"decorated-link cursor-pointer\" rel=\"noopener\" data-start=\"2062\" data-end=\"2079\"><span class=\"notranslate\" data-no-translation=\"\"><span class=\"notranslate\" data-no-translation=\"\"><span class=\"notranslate\" data-no-translation=\"\">hello@mibooko.com<\/span><\/span><\/span><\/a><br data-start=\"2081\" data-end=\"2084\" \/>Normalmente respondemos em at\u00e9 24 horas (segunda a sexta, hor\u00e1rio da Europa Central).<\/p>\t\t\t\t\t\t\t\t<\/div>\n\t\t\t\t\t<\/div>\n\t\t\t\t<\/div>\n\t\t<div class=\"elementor-element elementor-element-79e7a99 e-flex e-con-boxed e-con e-parent\" data-id=\"79e7a99\" data-element_type=\"container\" data-e-type=\"container\">\n\t\t\t\t\t<div class=\"e-con-inner\">\n\t\t\t\t<div class=\"elementor-element elementor-element-7d47ee1 elementor-widget elementor-widget-heading\" data-id=\"7d47ee1\" data-element_type=\"widget\" data-e-type=\"widget\" data-widget_type=\"heading.default\">\n\t\t\t\t\t<h3 class=\"elementor-heading-title elementor-size-default\">Pronto para criar o seu?<\/h3>\t\t\t\t<\/div>\n\t\t\t\t<div class=\"elementor-element elementor-element-0d88d41 elementor-widget elementor-widget-text-editor\" data-id=\"0d88d41\" data-element_type=\"widget\" data-e-type=\"widget\" data-widget_type=\"text-editor.default\">\n\t\t\t\t\t\t\t\t\t<p data-start=\"2172\" data-end=\"2227\">Uma hist\u00f3ria significativa e personalizada \u2014 entregue em minutos. Com a Garantia de Sorriso 100%.<\/p>\t\t\t\t\t\t\t\t<\/div>\n\t\t\t\t<div class=\"elementor-element elementor-element-7c7af36 elementor-widget elementor-widget-button\" data-id=\"7c7af36\" data-element_type=\"widget\" data-e-type=\"widget\" data-widget_type=\"button.default\">\n\t\t\t\t\t\t\t\t\t\t<a class=\"elementor-button elementor-button-link elementor-size-sm\" href=\"https:\/\/mibooko.com\/pt_br\/create-personalized-book\/\">\n\t\t\t\t\t\t<span class=\"elementor-button-content-wrapper\">\n\t\t\t\t\t\t\t\t\t<span class=\"elementor-button-text\">Crie seu livro<\/span>\n\t\t\t\t\t<\/span>\n\t\t\t\t\t<\/a>\n\t\t\t\t\t\t\t\t<\/div>\n\t\t\t\t\t<\/div>\n\t\t\t\t<\/div>\n\t\t<div class=\"elementor-element elementor-element-7e0799e e-flex e-con-boxed e-con e-parent\" data-id=\"7e0799e\" data-element_type=\"container\" data-e-type=\"container\">\n\t\t\t\t\t<div class=\"e-con-inner\">\n\t\t\t\t<div class=\"elementor-element elementor-element-8172776 elementor-widget elementor-widget-heading\" data-id=\"8172776\" data-element_type=\"widget\" data-e-type=\"widget\" data-widget_type=\"heading.default\">\n\t\t\t\t\t<h4 class=\"elementor-heading-title elementor-size-default\">Uma observa\u00e7\u00e3o sobre justi\u00e7a: Criamos esta garantia para proteger as fam\u00edlias e manter a MIBOOKO sustent\u00e1vel. Se observarmos abusos repetidos no reembolso, poderemos limitar compras futuras da mesma conta.<\/h4>\t\t\t\t<\/div>\n\t\t\t\t\t<\/div>\n\t\t\t\t<\/div>\n\t\t\t\t<\/div>","protected":false},"excerpt":{"rendered":"<p>100% Smile Guarantee (Digital eBooks) Creating a personalized story for your child should feel exciting \u2014 not risky. That\u2019s why [&hellip;]<\/p>\n","protected":false},"author":3,"featured_media":0,"parent":0,"menu_order":0,"comment_status":"closed","ping_status":"closed","template":"","meta":{"_acf_changed":false,"site-sidebar-layout":"no-sidebar","site-content-layout":"","ast-site-content-layout":"full-width-container","site-content-style":"default","site-sidebar-style":"default","ast-global-header-display":"","ast-banner-title-visibility":"","ast-main-header-display":"","ast-hfb-above-header-display":"","ast-hfb-below-header-display":"","ast-hfb-mobile-header-display":"","site-post-title":"disabled","ast-breadcrumbs-content":"","ast-featured-img":"disabled","footer-sml-layout":"","theme-transparent-header-meta":"","adv-header-id-meta":"","stick-header-meta":"","header-above-stick-meta":"","header-main-stick-meta":"","header-below-stick-meta":"","astra-migrate-meta-layouts":"default","ast-page-background-enabled":"default","ast-page-background-meta":{"desktop":{"background-color":"var(--ast-global-color-5)","background-image":"","background-repeat":"repeat","background-position":"center center","background-size":"auto","background-attachment":"scroll","background-type":"","background-media":"","overlay-type":"","overlay-color":"","overlay-opacity":"","overlay-gradient":""},"tablet":{"background-color":"","background-image":"","background-repeat":"repeat","background-position":"center center","background-size":"auto","background-attachment":"scroll","background-type":"","background-media":"","overlay-type":"","overlay-color":"","overlay-opacity":"","overlay-gradient":""},"mobile":{"background-color":"","background-image":"","background-repeat":"repeat","background-position":"center center","background-size":"auto","background-attachment":"scroll","background-type":"","background-media":"","overlay-type":"","overlay-color":"","overlay-opacity":"","overlay-gradient":""}},"ast-content-background-meta":{"desktop":{"background-color":"var(--ast-global-color-4)","background-image":"","background-repeat":"repeat","background-position":"center center","background-size":"auto","background-attachment":"scroll","background-type":"","background-media":"","overlay-type":"","overlay-color":"","overlay-opacity":"","overlay-gradient":""},"tablet":{"background-color":"var(--ast-global-color-4)","background-image":"","background-repeat":"repeat","background-position":"center center","background-size":"auto","background-attachment":"scroll","background-type":"","background-media":"","overlay-type":"","overlay-color":"","overlay-opacity":"","overlay-gradient":""},"mobile":{"background-color":"var(--ast-global-color-4)","background-image":"","background-repeat":"repeat","background-position":"center center","background-size":"auto","background-attachment":"scroll","background-type":"","background-media":"","overlay-type":"","overlay-color":"","overlay-opacity":"","overlay-gradient":""}},"_glsr_average":0,"_glsr_ranking":0,"_glsr_reviews":0,"footnotes":""},"folder":[],"class_list":["post-8403","page","type-page","status-publish","hentry"],"acf":[],"_links":{"self":[{"href":"https:\/\/mibooko.com\/pt_br\/wp-json\/wp\/v2\/pages\/8403","targetHints":{"allow":["GET"]}}],"collection":[{"href":"https:\/\/mibooko.com\/pt_br\/wp-json\/wp\/v2\/pages"}],"about":[{"href":"https:\/\/mibooko.com\/pt_br\/wp-json\/wp\/v2\/types\/page"}],"author":[{"embeddable":true,"href":"https:\/\/mibooko.com\/pt_br\/wp-json\/wp\/v2\/users\/3"}],"replies":[{"embeddable":true,"href":"https:\/\/mibooko.com\/pt_br\/wp-json\/wp\/v2\/comments?post=8403"}],"version-history":[{"count":0,"href":"https:\/\/mibooko.com\/pt_br\/wp-json\/wp\/v2\/pages\/8403\/revisions"}],"wp:attachment":[{"href":"https:\/\/mibooko.com\/pt_br\/wp-json\/wp\/v2\/media?parent=8403"}],"wp:term":[{"taxonomy":"folder","embeddable":true,"href":"https:\/\/mibooko.com\/pt_br\/wp-json\/wp\/v2\/folder?post=8403"}],"curies":[{"name":"wp","href":"https:\/\/api.w.org\/{rel}","templated":true}]}}