{"id":3549,"date":"2025-10-23T18:33:57","date_gmt":"2025-10-23T16:33:57","guid":{"rendered":"https:\/\/mibooko.com\/product\/12-book-subscription\/"},"modified":"2026-03-18T19:56:06","modified_gmt":"2026-03-18T18:56:06","slug":"personalized-book-subscription-for-children","status":"publish","type":"product","link":"https:\/\/mibooko.com\/pt_br\/product\/personalized-book-subscription-for-children\/","title":{"rendered":"Assinatura de livros personalizada para crian\u00e7as"},"content":{"rendered":"<p data-start=\"1947\" data-end=\"2170\">Transforme a leitura em uma ferramenta poderosa para o desenvolvimento do seu filho com o <strong data-start=\"2019\" data-end=\"2053\">Assinatura de livros personalizada<\/strong> \u2014 uma s\u00e9rie de <strong data-start=\"2068\" data-end=\"2099\">12 livros totalmente personalizados<\/strong> Entregue de acordo com sua programa\u00e7\u00e3o:<br data-start=\"2127\" data-end=\"2130\" \/><strong data-start=\"2130\" data-end=\"2169\">semanalmente, quinzenalmente ou mensalmente<\/strong>.<\/p>\n<p data-start=\"2172\" data-end=\"2212\">Cada hist\u00f3ria \u00e9 adaptada ao seu filho:<\/p>\n<ul data-start=\"2213\" data-end=\"2367\">\n<li data-start=\"2213\" data-end=\"2236\">\n<p data-start=\"2215\" data-end=\"2236\">nome e apar\u00eancia<\/p>\n<\/li>\n<li data-start=\"2237\" data-end=\"2262\">\n<p data-start=\"2239\" data-end=\"2262\">idade e n\u00edvel de leitura<\/p>\n<\/li>\n<li data-start=\"2263\" data-end=\"2285\">\n<p data-start=\"2265\" data-end=\"2285\">tra\u00e7os de personalidade<\/p>\n<\/li>\n<li data-start=\"2286\" data-end=\"2305\">\n<p data-start=\"2288\" data-end=\"2305\">necessidades emocionais<\/p>\n<\/li>\n<li data-start=\"2306\" data-end=\"2328\">\n<p data-start=\"2308\" data-end=\"2328\">desafios atuais<\/p>\n<\/li>\n<li data-start=\"2329\" data-end=\"2367\">\n<p data-start=\"2331\" data-end=\"2367\">interesses e habilidades de desenvolvimento<\/p>\n<\/li>\n<\/ul>\n<p data-start=\"2369\" data-end=\"2530\">Esta assinatura foi concebida para <strong data-start=\"2402\" data-end=\"2424\">ajudar as crian\u00e7as a crescer<\/strong>, n\u00e3o apenas entret\u00ea-los.<br data-start=\"2450\" data-end=\"2453\" \/>Ao longo dos 12 livros, seu filho pratica e fortalece habilidades essenciais, tais como:<\/p>\n<ul data-start=\"2531\" data-end=\"2697\">\n<li data-start=\"2531\" data-end=\"2555\">\n<p data-start=\"2533\" data-end=\"2555\">regula\u00e7\u00e3o emocional<\/p>\n<\/li>\n<li data-start=\"2556\" data-end=\"2570\">\n<p data-start=\"2558\" data-end=\"2570\">confian\u00e7a<\/p>\n<\/li>\n<li data-start=\"2571\" data-end=\"2590\">\n<p data-start=\"2573\" data-end=\"2590\">resolu\u00e7\u00e3o de problemas<\/p>\n<\/li>\n<li data-start=\"2591\" data-end=\"2615\">\n<p data-start=\"2593\" data-end=\"2615\">compreens\u00e3o social<\/p>\n<\/li>\n<li data-start=\"2616\" data-end=\"2642\">\n<p data-start=\"2618\" data-end=\"2642\">coragem e resili\u00eancia<\/p>\n<\/li>\n<li data-start=\"2643\" data-end=\"2672\">\n<p data-start=\"2645\" data-end=\"2672\">curiosidade e imagina\u00e7\u00e3o<\/p>\n<\/li>\n<li data-start=\"2673\" data-end=\"2697\">\n<p data-start=\"2675\" data-end=\"2697\">empatia e bondade<\/p>\n<\/li>\n<\/ul>\n<p data-start=\"2699\" data-end=\"2955\">Cada livro reflete um desafio ou momento de crescimento significativo da vida real \u2014 desde fazer amigos e experimentar coisas novas at\u00e9 lidar com sentimentos intensos ou construir autoconfian\u00e7a.<br data-start=\"2862\" data-end=\"2865\" \/>Porque seu filho \u00e9 o her\u00f3i, essas li\u00e7\u00f5es parecem... <strong data-start=\"2916\" data-end=\"2954\">Pessoal, relevante e empoderador.<\/strong>.<\/p>\n<p data-start=\"2957\" data-end=\"3056\">Todos os livros apresentam ilustra\u00e7\u00f5es profissionais e adequadas para crian\u00e7as, al\u00e9m de uma narrativa envolvente e baseada em fatos.<\/p>\n<p data-start=\"3058\" data-end=\"3256\">Voc\u00ea recebe <strong data-start=\"3070\" data-end=\"3096\">acesso digital instant\u00e2neo<\/strong> para cada livro, no momento em que \u00e9 lan\u00e7ado.<br data-start=\"3136\" data-end=\"3139\" \/>Sua assinatura pode chegar <strong data-start=\"3168\" data-end=\"3178\">semanalmente<\/strong>, <strong data-start=\"3180\" data-end=\"3193\">quinzenal<\/strong>, ou <strong data-start=\"3198\" data-end=\"3209\">mensal<\/strong>, dependendo do que funcionar melhor para sua fam\u00edlia.<\/p>\n<p data-start=\"3258\" data-end=\"3488\">Proporcione ao seu filho um ano inteiro de hist\u00f3rias personalizadas que apoiam sua jornada \u2014 um livro, uma habilidade, uma aventura de cada vez.<br data-start=\"3384\" data-end=\"3387\" \/>Crie um ritual de leitura que os inspire a crescer \u2014 porque nessas hist\u00f3rias, <strong data-start=\"3466\" data-end=\"3474\">eles<\/strong> s\u00e3o os her\u00f3is.<\/p>","protected":false},"excerpt":{"rendered":"<p>Proporcione ao seu filho um ano de crescimento e alegria com uma assinatura personalizada de 12 livros. Cada livro apresenta seu filho como protagonista em hist\u00f3rias criadas para aprimorar habilidades, construir confian\u00e7a, fortalecer a resili\u00eancia emocional e superar desafios do dia a dia. Escolha entre entrega semanal, quinzenal ou mensal. Acesso digital instant\u00e2neo inclu\u00eddo.<\/p>","protected":false},"featured_media":0,"comment_status":"open","ping_status":"closed","template":"","meta":{"_acf_changed":false,"site-sidebar-layout":"default","site-content-layout":"","ast-site-content-layout":"default","site-content-style":"default","site-sidebar-style":"default","ast-global-header-display":"","ast-banner-title-visibility":"","ast-main-header-display":"","ast-hfb-above-header-display":"","ast-hfb-below-header-display":"","ast-hfb-mobile-header-display":"","site-post-title":"","ast-breadcrumbs-content":"","ast-featured-img":"","footer-sml-layout":"","theme-transparent-header-meta":"default","adv-header-id-meta":"","stick-header-meta":"","header-above-stick-meta":"","header-main-stick-meta":"","header-below-stick-meta":"","astra-migrate-meta-layouts":"set","ast-page-background-enabled":"default","ast-page-background-meta":{"desktop":{"background-color":"var(--ast-global-color-5)","background-image":"","background-repeat":"repeat","background-position":"center center","background-size":"auto","background-attachment":"scroll","background-type":"","background-media":"","overlay-type":"","overlay-color":"","overlay-opacity":"","overlay-gradient":""},"tablet":{"background-color":"","background-image":"","background-repeat":"repeat","background-position":"center center","background-size":"auto","background-attachment":"scroll","background-type":"","background-media":"","overlay-type":"","overlay-color":"","overlay-opacity":"","overlay-gradient":""},"mobile":{"background-color":"","background-image":"","background-repeat":"repeat","background-position":"center center","background-size":"auto","background-attachment":"scroll","background-type":"","background-media":"","overlay-type":"","overlay-color":"","overlay-opacity":"","overlay-gradient":""}},"ast-content-background-meta":{"desktop":{"background-color":"var(--ast-global-color-4)","background-image":"","background-repeat":"repeat","background-position":"center center","background-size":"auto","background-attachment":"scroll","background-type":"","background-media":"","overlay-type":"","overlay-color":"","overlay-opacity":"","overlay-gradient":""},"tablet":{"background-color":"var(--ast-global-color-4)","background-image":"","background-repeat":"repeat","background-position":"center center","background-size":"auto","background-attachment":"scroll","background-type":"","background-media":"","overlay-type":"","overlay-color":"","overlay-opacity":"","overlay-gradient":""},"mobile":{"background-color":"var(--ast-global-color-4)","background-image":"","background-repeat":"repeat","background-position":"center center","background-size":"auto","background-attachment":"scroll","background-type":"","background-media":"","overlay-type":"","overlay-color":"","overlay-opacity":"","overlay-gradient":""}},"_glsr_average":0,"_glsr_ranking":0,"_glsr_reviews":0},"product_brand":[],"product_cat":[168,18],"product_tag":[],"class_list":{"0":"post-3549","1":"product","2":"type-product","3":"status-publish","5":"product_cat-digital-book","6":"product_cat-uncategorized","7":"desktop-align-left","8":"tablet-align-left","9":"mobile-align-left","11":"first","12":"instock","13":"taxable","14":"shipping-taxable","15":"purchasable","16":"product-type-variable","17":"has-default-attributes"},"acf":[],"_links":{"self":[{"href":"https:\/\/mibooko.com\/pt_br\/wp-json\/wp\/v2\/product\/3549","targetHints":{"allow":["GET"]}}],"collection":[{"href":"https:\/\/mibooko.com\/pt_br\/wp-json\/wp\/v2\/product"}],"about":[{"href":"https:\/\/mibooko.com\/pt_br\/wp-json\/wp\/v2\/types\/product"}],"replies":[{"embeddable":true,"href":"https:\/\/mibooko.com\/pt_br\/wp-json\/wp\/v2\/comments?post=3549"}],"wp:attachment":[{"href":"https:\/\/mibooko.com\/pt_br\/wp-json\/wp\/v2\/media?parent=3549"}],"wp:term":[{"taxonomy":"product_brand","embeddable":true,"href":"https:\/\/mibooko.com\/pt_br\/wp-json\/wp\/v2\/product_brand?post=3549"},{"taxonomy":"product_cat","embeddable":true,"href":"https:\/\/mibooko.com\/pt_br\/wp-json\/wp\/v2\/product_cat?post=3549"},{"taxonomy":"product_tag","embeddable":true,"href":"https:\/\/mibooko.com\/pt_br\/wp-json\/wp\/v2\/product_tag?post=3549"}],"curies":[{"name":"wp","href":"https:\/\/api.w.org\/{rel}","templated":true}]}}